{"id":1795,"date":"2021-10-07T12:23:11","date_gmt":"2021-10-07T12:23:11","guid":{"rendered":"https:\/\/consol.earth\/?page_id=1795"},"modified":"2021-12-17T19:33:13","modified_gmt":"2021-12-17T19:33:13","slug":"kalendar","status":"publish","type":"page","link":"https:\/\/consol.earth\/index.php\/solutions\/kalendar\/","title":{"rendered":"Programm\u00fcbersicht &#038; Kalendar"},"content":{"rendered":"<div id=\"pl-1795\"  class=\"panel-layout\" ><div id=\"pg-1795-0\"  class=\"panel-grid panel-has-style\" ><div class=\"panel-row-style panel-row-style-for-1795-0\" ><div id=\"pgc-1795-0-0\"  class=\"panel-grid-cell\" ><div id=\"panel-1795-0-0-0\" class=\"so-panel widget widget_spacer panel-first-child\" data-index=\"0\" ><div\n\t\t\t\n\t\t\tclass=\"so-widget-spacer so-widget-spacer-spacer-style-d75171398898-1795\"\n\t\t\t\n\t\t>\r\n\r\n\r\n\r\n\r\n<div class=\"spacer\" style=\"height: 72px\">\r\n<\/div><\/div><\/div><div id=\"panel-1795-0-0-1\" class=\"so-panel widget widget_sow-headline panel-last-child\" data-index=\"1\" ><div\n\t\t\t\n\t\t\tclass=\"so-widget-sow-headline so-widget-sow-headline-default-eb58c90b4a68-1795\"\n\t\t\t\n\t\t><div class=\"sow-headline-container \">\n\t<h2 class='sow-headline'>Consciousness Solutions Programmkalender<\/h2>\t\t\t\t\t<div class=\"decoration\">\n\t\t\t\t\t\t<div class=\"decoration-inside\"><\/div>\n\t\t\t\t\t<\/div>\n\t\t\t\t\t<\/div><\/div><\/div><\/div><\/div><\/div><div id=\"pg-1795-1\"  class=\"panel-grid panel-no-style\" ><div id=\"pgc-1795-1-0\"  class=\"panel-grid-cell\" ><div id=\"panel-1795-1-0-0\" class=\"so-panel widget widget_sow-editor panel-first-child panel-last-child\" data-index=\"2\" ><div class=\"panel-widget-style panel-widget-style-for-1795-1-0-0\" ><div\n\t\t\t\n\t\t\tclass=\"so-widget-sow-editor so-widget-sow-editor-base\"\n\t\t\t\n\t\t>\n<div class=\"siteorigin-widget-tinymce textwidget\">\n\t\t\t<div class=\"wpfc-calendar-wrapper\"><form class=\"wpfc-calendar\" id=\"wpfc-calendar-16402\"><\/form><div class=\"wpfc-loading\"><\/div><\/div>\r\n\t\t<div class=\"wpfc-calendar-search\" style=\"display:none;\">\r\n\t\t\t<select  name='event-categories' id='event-categories' class='wpfc-taxonomy event-categories' >\n\t<option value='0' selected='selected'>Alle Veranstaltungskategorien<\/option>\n<option class=\"level-0\" value=\"18\">#0d46e2 - Spiritosophie<\/option><option class=\"level-0\" value=\"19\">#edc100 - Wachheit<\/option><option class=\"level-0\" value=\"21\">#c1b6a4 - Ordentliche Meditation<\/option><option class=\"level-0\" value=\"22\">#ea751c - Verbindung<\/option><option class=\"level-0\" value=\"24\">#dd0d0d - Wahrheit<\/option><option class=\"level-0\" value=\"27\">#1f5d2e - Leben<\/option><option class=\"level-0\" value=\"28\">#a5a2a0 - Meditationstraining<\/option><option class=\"level-0\" value=\"29\">#7f2379 - Elementarik<\/option><option class=\"level-0\" value=\"32\">#a8d144 - Spiritualit\u00e4t Einf\u00fchrung<\/option><option class=\"level-0\" value=\"33\">#81d644 - Mind<\/option><option class=\"level-1\" value=\"34\">&nbsp;&nbsp;&nbsp;#81d644 - Angst<\/option><option class=\"level-1\" value=\"36\">&nbsp;&nbsp;&nbsp;#2166ce - Gelassenheit<\/option><option class=\"level-1\" value=\"39\">&nbsp;&nbsp;&nbsp;#81d644 - Konzentration<\/option><option class=\"level-1\" value=\"40\">&nbsp;&nbsp;&nbsp;#81d644 - Gedankenlosigkeit<\/option><option class=\"level-0\" value=\"37\">#2166ce - Vergebung<\/option><option class=\"level-0\" value=\"41\">#098474 - meet up<\/option><option class=\"level-0\" value=\"42\">#001951 - Energiearbeit<\/option><option class=\"level-0\" value=\"43\">#1eed71 - Ego<\/option><option class=\"level-0\" value=\"44\">#b4a5ba - Offene Meditation<\/option><option class=\"level-0\" value=\"45\">#a8d144 - Intuition<\/option><option class=\"level-0\" value=\"46\">#a8d144 - Selbstentwicklung<\/option><option class=\"level-0\" value=\"47\">#2166ce - innere Ruhe<\/option><\/select>\n\t\t<\/div>\r\n\t\t<script type=\"text\/javascript\">\r\n\t\t\tWPFC.data = {\r\n\t\t\t\taction : 'WP_FullCalendar',\r\n\t\t\t\t'type' : 'event','month' : 4,'year' : 2026,\t\t\t };\r\n\t\t\tWPFC.month = 4;\r\n\t\t\tWPFC.year = 2026;\r\n\t\t<\/script>\r\n\t\t\n<\/div>\n<\/div><\/div><\/div><\/div><\/div><div id=\"pg-1795-2\"  class=\"panel-grid panel-has-style\" ><div class=\"panel-row-style panel-row-style-for-1795-2\" ><div id=\"pgc-1795-2-0\"  class=\"panel-grid-cell\" ><div id=\"panel-1795-2-0-0\" class=\"so-panel widget widget_sow-image panel-first-child panel-last-child\" data-index=\"3\" ><div class=\"panel-widget-style panel-widget-style-for-1795-2-0-0\" ><div\n\t\t\t\n\t\t\tclass=\"so-widget-sow-image so-widget-sow-image-default-17bc2272b535-1795\"\n\t\t\t\n\t\t>\n\n<div class=\"sow-image-container\">\n\t\t<img src=\"https:\/\/i0.wp.com\/consol.earth\/wp-content\/uploads\/2021\/10\/Elementarik.png?fit=300%2C300&amp;ssl=1\" width=\"300\" height=\"300\" srcset=\"https:\/\/i0.wp.com\/consol.earth\/wp-content\/uploads\/2021\/10\/Elementarik.png?w=1042&amp;ssl=1 1042w, https:\/\/i0.wp.com\/consol.earth\/wp-content\/uploads\/2021\/10\/Elementarik.png?resize=300%2C300&amp;ssl=1 300w, https:\/\/i0.wp.com\/consol.earth\/wp-content\/uploads\/2021\/10\/Elementarik.png?resize=1024%2C1024&amp;ssl=1 1024w, https:\/\/i0.wp.com\/consol.earth\/wp-content\/uploads\/2021\/10\/Elementarik.png?resize=150%2C150&amp;ssl=1 150w, https:\/\/i0.wp.com\/consol.earth\/wp-content\/uploads\/2021\/10\/Elementarik.png?resize=768%2C768&amp;ssl=1 768w\" alt=\"\" loading=\"lazy\" \t\tclass=\"so-widget-image\"\/>\n\t<\/div>\n\n<\/div><\/div><\/div><\/div><div id=\"pgc-1795-2-1\"  class=\"panel-grid-cell\" ><div id=\"panel-1795-2-1-0\" class=\"so-panel widget widget_sow-editor panel-first-child panel-last-child\" data-index=\"4\" ><div class=\"panel-widget-style panel-widget-style-for-1795-2-1-0\" ><div\n\t\t\t\n\t\t\tclass=\"so-widget-sow-editor so-widget-sow-editor-base\"\n\t\t\t\n\t\t>\n<div class=\"siteorigin-widget-tinymce textwidget\">\n\t<h4 style=\"text-align: left;\">\u00d6ffentliche Tempelzeiten<\/h4>\n<p style=\"text-align: left;\">Meditationsraum, Tempelbereich und Gartenareal sind au\u00dferhalb der Klassen- und Veranstaltungszeiten im <a href=\"https:\/\/consol.earth\/index.php\/solutions\/kalendar\/\">Kalender <\/a>f\u00fcr jeden frei f\u00fcr die pers\u00f6nliche Praxis nutzbar.<\/p>\n<p><strong><em>Bitte bringe dir in der kalten Jahreszeit w\u00e4rmende Kleidung mit, -im Tempelbereich ist die Luft teilweise erfrischend und k\u00fchl.<\/em><\/strong><\/p>\n<p style=\"text-align: left;\"><strong>Ganztags:<\/strong> Mittwochs: 6 bis 18 Uhr<\/p>\n<p style=\"text-align: left;\"><strong>Morgens:<\/strong>\u00a0 Mo, Di, Do &amp; Fr: 6 bis 9 Uhr<\/p>\n<p style=\"text-align: left;\"><strong>Mittags:<\/strong> Mo, Di, Do &amp; Fr: 11.30 bis 14.30 Uhr<\/p>\n<p style=\"text-align: left;\"><strong>Abends:<\/strong> Mo-Do: 20.00 bis 22.00 Uhr | So: 19.30 bis 22.00 Uhr<\/p>\n<p style=\"text-align: left;\">\n<\/div>\n<\/div><\/div><\/div><\/div><\/div><\/div><div id=\"pg-1795-3\"  class=\"panel-grid panel-no-style\" ><div id=\"pgc-1795-3-0\"  class=\"panel-grid-cell\" ><div id=\"panel-1795-3-0-0\" class=\"so-panel widget widget_sow-editor panel-first-child panel-last-child\" data-index=\"5\" ><div class=\"panel-widget-style panel-widget-style-for-1795-3-0-0\" ><div\n\t\t\t\n\t\t\tclass=\"so-widget-sow-editor so-widget-sow-editor-base\"\n\t\t\t\n\t\t>\n<div class=\"siteorigin-widget-tinymce textwidget\">\n\t<p style=\"text-align: center;\"><strong><em>Um Spiritualit\u00e4t und Kreativit\u00e4t f\u00fcr jeden und jede weiter zug\u00e4nglich zu machen, ist das B\u00fcrgli ein Ort der gemeinsamen Begegnung und Entdeckung der Stille und der Aktivit\u00e4t. Wir verstehen uns als Forum und Plattform f\u00fcr Inspiration, Dialog, Austausch und Umsetzung von Ideen aller Art und freuen uns daher \u00fcber Projektideen, Kursformate, Workshops oder Anl\u00e4sse, die gemeinsam erlebt, erdacht oder erm\u00f6glicht werden k\u00f6nnen.\u00a0<\/em><\/strong><\/p>\n<p style=\"text-align: center;\"><strong>Erreichbar sind wird per <a href=\"https:\/\/consol.earth\/index.php\/kontakt\/\">Kontaktformular<\/a>, Mail: hello@consol.earth, telefonisch: 076 229 89 50 oder im What's App oder Telegramm-Gruppenchat.<\/strong><\/p>\n<\/div>\n<\/div><\/div><\/div><\/div><\/div><\/div>","protected":false},"excerpt":{"rendered":"<p>Consciousness Solutions Programmkalender Alle Veranstaltungskategorien #0d46e2 &#8211; Spiritosophie#edc100 &#8211; Wachheit#c1b6a4 &#8211; Ordentliche Meditation#ea751c &#8211; Verbindung#dd0d0d &#8211; Wahrheit#1f5d2e &#8211; Leben#a5a2a0 &#8211; Meditationstraining#7f2379 &#8211; Elementarik#a8d144 &#8211; Spiritualit\u00e4t Einf\u00fchrung#81d644 &#8211; Mind&nbsp;&nbsp;&nbsp;#81d644 &#8211; Angst&nbsp;&nbsp;&nbsp;#2166ce &#8211; Gelassenheit&nbsp;&nbsp;&nbsp;#81d644 &#8211; Konzentration&nbsp;&nbsp;&nbsp;#81d644 &#8211; Gedankenlosigkeit#2166ce &#8211; Vergebung#098474 &#8211; meet up#001951 &#8211; Energiearbeit#1eed71 &#8211; Ego#b4a5ba &#8211; Offene Meditation#a8d144 &#8211; Intuition#a8d144 &#8211; Selbstentwicklung#2166ce &#8211; innere Ruhe [&hellip;]<\/p>\n","protected":false},"author":2,"featured_media":0,"parent":103,"menu_order":0,"comment_status":"closed","ping_status":"closed","template":"","meta":{"_monsterinsights_skip_tracking":false,"_monsterinsights_sitenote_active":false,"_monsterinsights_sitenote_note":"","_monsterinsights_sitenote_category":0,"jetpack_post_was_ever_published":false},"yoast_head":"<!-- This site is optimized with the Yoast SEO plugin v20.3 - https:\/\/yoast.com\/wordpress\/plugins\/seo\/ -->\n<title>Programm\u00fcbersicht &amp; Kalendar - Consciousness Solutions<\/title>\n<meta name=\"robots\" content=\"index, follow, max-snippet:-1, max-image-preview:large, max-video-preview:-1\" \/>\n<link rel=\"canonical\" href=\"https:\/\/consol.earth\/index.php\/solutions\/kalendar\/\" \/>\n<meta property=\"og:locale\" content=\"de_DE\" \/>\n<meta property=\"og:type\" content=\"article\" \/>\n<meta property=\"og:title\" content=\"Programm\u00fcbersicht &amp; Kalendar - Consciousness Solutions\" \/>\n<meta property=\"og:description\" content=\"Consciousness Solutions Programmkalender Alle Veranstaltungskategorien #0d46e2 - Spiritosophie#edc100 - Wachheit#c1b6a4 - Ordentliche Meditation#ea751c - Verbindung#dd0d0d - Wahrheit#1f5d2e - Leben#a5a2a0 - Meditationstraining#7f2379 - Elementarik#a8d144 - Spiritualit\u00e4t Einf\u00fchrung#81d644 - Mind&nbsp;&nbsp;&nbsp;#81d644 - Angst&nbsp;&nbsp;&nbsp;#2166ce - Gelassenheit&nbsp;&nbsp;&nbsp;#81d644 - Konzentration&nbsp;&nbsp;&nbsp;#81d644 - Gedankenlosigkeit#2166ce - Vergebung#098474 - meet up#001951 - Energiearbeit#1eed71 - Ego#b4a5ba - Offene Meditation#a8d144 - Intuition#a8d144 - Selbstentwicklung#2166ce - innere Ruhe [&hellip;]\" \/>\n<meta property=\"og:url\" content=\"https:\/\/consol.earth\/index.php\/solutions\/kalendar\/\" \/>\n<meta property=\"og:site_name\" content=\"Consciousness Solutions\" \/>\n<meta property=\"article:modified_time\" content=\"2021-12-17T19:33:13+00:00\" \/>\n<meta name=\"twitter:card\" content=\"summary_large_image\" \/>\n<meta name=\"twitter:label1\" content=\"Gesch\u00e4tzte Lesezeit\" \/>\n\t<meta name=\"twitter:data1\" content=\"1\u00a0Minute\" \/>\n<script type=\"application\/ld+json\" class=\"yoast-schema-graph\">{\"@context\":\"https:\/\/schema.org\",\"@graph\":[{\"@type\":\"WebPage\",\"@id\":\"https:\/\/consol.earth\/index.php\/solutions\/kalendar\/\",\"url\":\"https:\/\/consol.earth\/index.php\/solutions\/kalendar\/\",\"name\":\"Programm\u00fcbersicht & Kalendar - Consciousness Solutions\",\"isPartOf\":{\"@id\":\"https:\/\/consol.earth\/#website\"},\"datePublished\":\"2021-10-07T12:23:11+00:00\",\"dateModified\":\"2021-12-17T19:33:13+00:00\",\"breadcrumb\":{\"@id\":\"https:\/\/consol.earth\/index.php\/solutions\/kalendar\/#breadcrumb\"},\"inLanguage\":\"de\",\"potentialAction\":[{\"@type\":\"ReadAction\",\"target\":[\"https:\/\/consol.earth\/index.php\/solutions\/kalendar\/\"]}]},{\"@type\":\"BreadcrumbList\",\"@id\":\"https:\/\/consol.earth\/index.php\/solutions\/kalendar\/#breadcrumb\",\"itemListElement\":[{\"@type\":\"ListItem\",\"position\":1,\"name\":\"Startseite\",\"item\":\"https:\/\/consol.earth\/\"},{\"@type\":\"ListItem\",\"position\":2,\"name\":\"Solutions\",\"item\":\"https:\/\/consol.earth\/index.php\/solutions\/\"},{\"@type\":\"ListItem\",\"position\":3,\"name\":\"Programm\u00fcbersicht &#038; Kalendar\"}]},{\"@type\":\"WebSite\",\"@id\":\"https:\/\/consol.earth\/#website\",\"url\":\"https:\/\/consol.earth\/\",\"name\":\"Consciousness Solutions\",\"description\":\"Bewusstsein ist die Wachheit, die das Licht ist, die das Innere beleuchtet.\",\"publisher\":{\"@id\":\"https:\/\/consol.earth\/#organization\"},\"potentialAction\":[{\"@type\":\"SearchAction\",\"target\":{\"@type\":\"EntryPoint\",\"urlTemplate\":\"https:\/\/consol.earth\/?s={search_term_string}\"},\"query-input\":\"required name=search_term_string\"}],\"inLanguage\":\"de\"},{\"@type\":\"Organization\",\"@id\":\"https:\/\/consol.earth\/#organization\",\"name\":\"Consciousness Solutions\",\"url\":\"https:\/\/consol.earth\/\",\"logo\":{\"@type\":\"ImageObject\",\"inLanguage\":\"de\",\"@id\":\"https:\/\/consol.earth\/#\/schema\/logo\/image\/\",\"url\":\"https:\/\/i0.wp.com\/consol.earth\/wp-content\/uploads\/2021\/10\/ConSol_Logo_Rings_No_Black_Lines.png?fit=801%2C368&ssl=1\",\"contentUrl\":\"https:\/\/i0.wp.com\/consol.earth\/wp-content\/uploads\/2021\/10\/ConSol_Logo_Rings_No_Black_Lines.png?fit=801%2C368&ssl=1\",\"width\":801,\"height\":368,\"caption\":\"Consciousness Solutions\"},\"image\":{\"@id\":\"https:\/\/consol.earth\/#\/schema\/logo\/image\/\"}}]}<\/script>\n<!-- \/ Yoast SEO plugin. -->","yoast_head_json":{"title":"Programm\u00fcbersicht & Kalendar - Consciousness Solutions","robots":{"index":"index","follow":"follow","max-snippet":"max-snippet:-1","max-image-preview":"max-image-preview:large","max-video-preview":"max-video-preview:-1"},"canonical":"https:\/\/consol.earth\/index.php\/solutions\/kalendar\/","og_locale":"de_DE","og_type":"article","og_title":"Programm\u00fcbersicht & Kalendar - Consciousness Solutions","og_description":"Consciousness Solutions Programmkalender Alle Veranstaltungskategorien #0d46e2 - Spiritosophie#edc100 - Wachheit#c1b6a4 - Ordentliche Meditation#ea751c - Verbindung#dd0d0d - Wahrheit#1f5d2e - Leben#a5a2a0 - Meditationstraining#7f2379 - Elementarik#a8d144 - Spiritualit\u00e4t Einf\u00fchrung#81d644 - Mind&nbsp;&nbsp;&nbsp;#81d644 - Angst&nbsp;&nbsp;&nbsp;#2166ce - Gelassenheit&nbsp;&nbsp;&nbsp;#81d644 - Konzentration&nbsp;&nbsp;&nbsp;#81d644 - Gedankenlosigkeit#2166ce - Vergebung#098474 - meet up#001951 - Energiearbeit#1eed71 - Ego#b4a5ba - Offene Meditation#a8d144 - Intuition#a8d144 - Selbstentwicklung#2166ce - innere Ruhe [&hellip;]","og_url":"https:\/\/consol.earth\/index.php\/solutions\/kalendar\/","og_site_name":"Consciousness Solutions","article_modified_time":"2021-12-17T19:33:13+00:00","twitter_card":"summary_large_image","twitter_misc":{"Gesch\u00e4tzte Lesezeit":"1\u00a0Minute"},"schema":{"@context":"https:\/\/schema.org","@graph":[{"@type":"WebPage","@id":"https:\/\/consol.earth\/index.php\/solutions\/kalendar\/","url":"https:\/\/consol.earth\/index.php\/solutions\/kalendar\/","name":"Programm\u00fcbersicht & Kalendar - Consciousness Solutions","isPartOf":{"@id":"https:\/\/consol.earth\/#website"},"datePublished":"2021-10-07T12:23:11+00:00","dateModified":"2021-12-17T19:33:13+00:00","breadcrumb":{"@id":"https:\/\/consol.earth\/index.php\/solutions\/kalendar\/#breadcrumb"},"inLanguage":"de","potentialAction":[{"@type":"ReadAction","target":["https:\/\/consol.earth\/index.php\/solutions\/kalendar\/"]}]},{"@type":"BreadcrumbList","@id":"https:\/\/consol.earth\/index.php\/solutions\/kalendar\/#breadcrumb","itemListElement":[{"@type":"ListItem","position":1,"name":"Startseite","item":"https:\/\/consol.earth\/"},{"@type":"ListItem","position":2,"name":"Solutions","item":"https:\/\/consol.earth\/index.php\/solutions\/"},{"@type":"ListItem","position":3,"name":"Programm\u00fcbersicht &#038; Kalendar"}]},{"@type":"WebSite","@id":"https:\/\/consol.earth\/#website","url":"https:\/\/consol.earth\/","name":"Consciousness Solutions","description":"Bewusstsein ist die Wachheit, die das Licht ist, die das Innere beleuchtet.","publisher":{"@id":"https:\/\/consol.earth\/#organization"},"potentialAction":[{"@type":"SearchAction","target":{"@type":"EntryPoint","urlTemplate":"https:\/\/consol.earth\/?s={search_term_string}"},"query-input":"required name=search_term_string"}],"inLanguage":"de"},{"@type":"Organization","@id":"https:\/\/consol.earth\/#organization","name":"Consciousness Solutions","url":"https:\/\/consol.earth\/","logo":{"@type":"ImageObject","inLanguage":"de","@id":"https:\/\/consol.earth\/#\/schema\/logo\/image\/","url":"https:\/\/i0.wp.com\/consol.earth\/wp-content\/uploads\/2021\/10\/ConSol_Logo_Rings_No_Black_Lines.png?fit=801%2C368&ssl=1","contentUrl":"https:\/\/i0.wp.com\/consol.earth\/wp-content\/uploads\/2021\/10\/ConSol_Logo_Rings_No_Black_Lines.png?fit=801%2C368&ssl=1","width":801,"height":368,"caption":"Consciousness Solutions"},"image":{"@id":"https:\/\/consol.earth\/#\/schema\/logo\/image\/"}}]}},"jetpack_sharing_enabled":false,"jetpack_likes_enabled":false,"_links":{"self":[{"href":"https:\/\/consol.earth\/index.php\/wp-json\/wp\/v2\/pages\/1795"}],"collection":[{"href":"https:\/\/consol.earth\/index.php\/wp-json\/wp\/v2\/pages"}],"about":[{"href":"https:\/\/consol.earth\/index.php\/wp-json\/wp\/v2\/types\/page"}],"author":[{"embeddable":true,"href":"https:\/\/consol.earth\/index.php\/wp-json\/wp\/v2\/users\/2"}],"replies":[{"embeddable":true,"href":"https:\/\/consol.earth\/index.php\/wp-json\/wp\/v2\/comments?post=1795"}],"version-history":[{"count":98,"href":"https:\/\/consol.earth\/index.php\/wp-json\/wp\/v2\/pages\/1795\/revisions"}],"predecessor-version":[{"id":6379,"href":"https:\/\/consol.earth\/index.php\/wp-json\/wp\/v2\/pages\/1795\/revisions\/6379"}],"up":[{"embeddable":true,"href":"https:\/\/consol.earth\/index.php\/wp-json\/wp\/v2\/pages\/103"}],"wp:attachment":[{"href":"https:\/\/consol.earth\/index.php\/wp-json\/wp\/v2\/media?parent=1795"}],"curies":[{"name":"wp","href":"https:\/\/api.w.org\/{rel}","templated":true}]}}