{"id":2636,"date":"2021-10-08T10:54:02","date_gmt":"2021-10-08T10:54:02","guid":{"rendered":"https:\/\/consol.earth\/?page_id=2636"},"modified":"2022-01-11T16:10:51","modified_gmt":"2022-01-11T16:10:51","slug":"klasse-verbundenheit","status":"publish","type":"page","link":"https:\/\/consol.earth\/index.php\/klasse-verbundenheit\/","title":{"rendered":"Bewusstseinssprung Verbundenheit"},"content":{"rendered":"<div id=\"pl-2636\"  class=\"panel-layout\" ><div id=\"pg-2636-0\"  class=\"panel-grid panel-no-style\" ><div id=\"pgc-2636-0-0\"  class=\"panel-grid-cell\" ><div id=\"panel-2636-0-0-0\" class=\"so-panel widget widget_spacer panel-first-child\" data-index=\"0\" ><div\n\t\t\t\n\t\t\tclass=\"so-widget-spacer so-widget-spacer-spacer-style-d75171398898-2636\"\n\t\t\t\n\t\t>\r\n\r\n\r\n\r\n\r\n<div class=\"spacer\" style=\"height: 58px\">\r\n<\/div><\/div><\/div><div id=\"panel-2636-0-0-1\" class=\"so-panel widget widget_sow-image\" data-index=\"1\" ><div class=\" animated appear duration8 panel-widget-style panel-widget-style-for-2636-0-0-1\" ><div\n\t\t\t\n\t\t\tclass=\"so-widget-sow-image so-widget-sow-image-default-17bc2272b535-2636\"\n\t\t\t\n\t\t>\n\n<div class=\"sow-image-container\">\n\t\t<img src=\"https:\/\/i0.wp.com\/consol.earth\/wp-content\/uploads\/2021\/10\/Verbindungs-Klasse.png?fit=230%2C230&amp;ssl=1\" width=\"230\" height=\"230\" srcset=\"https:\/\/i0.wp.com\/consol.earth\/wp-content\/uploads\/2021\/10\/Verbindungs-Klasse.png?w=917&amp;ssl=1 917w, https:\/\/i0.wp.com\/consol.earth\/wp-content\/uploads\/2021\/10\/Verbindungs-Klasse.png?resize=300%2C300&amp;ssl=1 300w, https:\/\/i0.wp.com\/consol.earth\/wp-content\/uploads\/2021\/10\/Verbindungs-Klasse.png?resize=150%2C150&amp;ssl=1 150w, https:\/\/i0.wp.com\/consol.earth\/wp-content\/uploads\/2021\/10\/Verbindungs-Klasse.png?resize=768%2C768&amp;ssl=1 768w\" title=\"Verbindung Bewusstsein Klasse\" alt=\"\" loading=\"lazy\" \t\tclass=\"so-widget-image\"\/>\n\t<\/div>\n\n<\/div><\/div><\/div><div id=\"panel-2636-0-0-2\" class=\"so-panel widget widget_sow-headline panel-last-child\" data-index=\"2\" ><div class=\" panel-widget-style panel-widget-style-for-2636-0-0-2\" id=\"animatedzoomInduration16eds-on-scroll\" ><div\n\t\t\t\n\t\t\tclass=\"so-widget-sow-headline so-widget-sow-headline-default-a586199ec0be-2636\"\n\t\t\t\n\t\t><div class=\"sow-headline-container \">\n\t<h1 class='sow-headline'>Con\u2219Sol Bewusstseinssprung &amp; Technologie zu Verbundenheit<\/h1>\t\t\t\t\t<div class=\"decoration\">\n\t\t\t\t\t\t<div class=\"decoration-inside\"><\/div>\n\t\t\t\t\t<\/div>\n\t\t\t\t\t<\/div><\/div><\/div><\/div><\/div><\/div><div id=\"pg-2636-1\"  class=\"panel-grid panel-has-style\" ><div class=\"panel-row-style panel-row-style-for-2636-1\" ><div id=\"pgc-2636-1-0\"  class=\"panel-grid-cell\" ><div id=\"panel-2636-1-0-0\" class=\"so-panel widget widget_sow-image panel-first-child\" data-index=\"3\" ><div class=\"panel-widget-style panel-widget-style-for-2636-1-0-0\" ><div\n\t\t\t\n\t\t\tclass=\"so-widget-sow-image so-widget-sow-image-default-17bc2272b535-2636\"\n\t\t\t\n\t\t>\n\n<div class=\"sow-image-container\">\n\t\t<img src=\"https:\/\/i0.wp.com\/consol.earth\/wp-content\/uploads\/2021\/06\/front_page_perspective_and_atmosphere.jpg?fit=768%2C450&amp;ssl=1\" width=\"768\" height=\"450\" srcset=\"https:\/\/i0.wp.com\/consol.earth\/wp-content\/uploads\/2021\/06\/front_page_perspective_and_atmosphere.jpg?w=1024&amp;ssl=1 1024w, https:\/\/i0.wp.com\/consol.earth\/wp-content\/uploads\/2021\/06\/front_page_perspective_and_atmosphere.jpg?resize=300%2C176&amp;ssl=1 300w, https:\/\/i0.wp.com\/consol.earth\/wp-content\/uploads\/2021\/06\/front_page_perspective_and_atmosphere.jpg?resize=768%2C450&amp;ssl=1 768w\" alt=\"\" loading=\"lazy\" \t\tclass=\"so-widget-image\"\/>\n\t<\/div>\n\n<\/div><\/div><\/div><div id=\"panel-2636-1-0-1\" class=\"so-panel widget widget_sow-button panel-last-child\" data-index=\"4\" ><div class=\"panel-widget-style panel-widget-style-for-2636-1-0-1\" ><div\n\t\t\t\n\t\t\tclass=\"so-widget-sow-button so-widget-sow-button-wire-1f1fe14b09e3-2636\"\n\t\t\t\n\t\t><div class=\"ow-button-base ow-button-align-center\">\n\t<a href=\"https:\/\/consol.earth\/index.php\/solutions\/kalendar\/\" class=\"ow-icon-placement-left ow-button-hover\" target=\"_blank\" rel=\"noopener noreferrer\" \t\t>\n\t\t<span>\n\t\t\t\n\t\t\tKalender\t\t<\/span>\n\t<\/a>\n<\/div>\n<\/div><\/div><\/div><\/div><div id=\"pgc-2636-1-1\"  class=\"panel-grid-cell\" ><div id=\"panel-2636-1-1-0\" class=\"so-panel widget widget_sow-editor panel-first-child panel-last-child\" data-index=\"5\" ><div class=\"panel-widget-style panel-widget-style-for-2636-1-1-0\" ><div\n\t\t\t\n\t\t\tclass=\"so-widget-sow-editor so-widget-sow-editor-base\"\n\t\t\t\n\t\t>\n<div class=\"siteorigin-widget-tinymce textwidget\">\n\t<h3><span style=\"color: #000000;\">Technologie und Methodik zur Entfaltung des Bewusstseins der Verbundenheit<\/span><\/h3>\n<p><span style=\"color: #000000;\">Erlerne die Grundelemente und deren Zusammenh\u00e4nge zum Aufbl\u00fchen lassen der Verbundenheit.<\/span><\/p>\n<p><span style=\"color: #000000;\">In dieser Bewusstseinsl\u00f6sung geht es darum, die Bewusstseine, welche das bewusste Verbundensein erzeugen, einzeln und zusammenh\u00e4ngend zu erlernen. Sie werden als direkte Technik zug\u00e4nglich gemacht und philosophisch aufgebaut. Somit entsteht der Ansatz und das Erlebnis von innerem, direkten Wissen. Dieses kann weiterf\u00fchrend selbstst\u00e4ndig in eigener Meditationspraxis vertieft werden.<\/span><\/p>\n<p><span style=\"color: #000000;\">Die Verbundenheit ist das Bewusstsein, welches wir als den Zugang zu alle dem, das da ist, dem wir begegnen und das uns begegnet, mit uns in Existenz am Sein ist, erfahren. Die Verbundenheit ist die Tatsache, dass wir nicht alleine sind, sondern, dass unser Sein in Verbindung mit allen Wesen steht. Die Verbundenheit zu f\u00f6rdern, bewusst zu machen und zur Bl\u00fcte zu bringen, bedeutet offen im Sein zu sein, bewusst mit den Wesen, die mit uns sind und denen wir begegnen sein und letzten Endes, bewusst die ganze Existenz als verbunden mit sich zu empfinden.<\/span><\/p>\n<p style=\"padding-left: 40px;\"><span style=\"color: #000000;\">Die Bewusstseinsl\u00f6sung Verbundenheit bringt folgende Themen als resonierende und erweckende Bewusstseinstechniken bei:<\/span><br \/>\n<span style=\"color: #000000;\"><em>Intuition, Relation, Subjektivit\u00e4t, Sterblichkeit, Verbundenheit, Gedanken, das Zusammen, Fokus und das Ganze.<\/em><\/span><\/p>\n<blockquote>\n<p><span style=\"color: #000000;\">Wer Verbundenheit in sich zur Bl\u00fcte gebracht hat, ist nicht mehr verschlossen, entzieht sich nicht mehr von Verbindung und ist somit in Realit\u00e4t bewusst und verbunden.<\/span><\/p>\n<p><span style=\"color: #000000;\">Verbundener zu werden, als das, was einen trennt, ist Wieder-Verbindung.<\/span><\/p>\n<p><span style=\"color: #000000;\">Sich als Verbindung zu wissen, ist aus sich Selbst verbunden sein.<\/span><\/p>\n<p><span style=\"color: #000000;\">Aus sich Selbst verbunden sein, ist frei sein.<\/span><\/p>\n<p><span style=\"color: #000000;\">So ist der Bewusstseinsweg durch die Verbundenheit.<\/span><\/p>\n<\/blockquote>\n<\/div>\n<\/div><\/div><\/div><\/div><\/div><\/div><div id=\"pg-2636-2\"  class=\"panel-grid panel-no-style\" ><div id=\"pgc-2636-2-0\"  class=\"panel-grid-cell\" ><div id=\"panel-2636-2-0-0\" class=\"so-panel widget widget_sow-editor panel-first-child panel-last-child\" data-index=\"6\" ><div class=\"panel-widget-style panel-widget-style-for-2636-2-0-0\" ><div\n\t\t\t\n\t\t\tclass=\"so-widget-sow-editor so-widget-sow-editor-base\"\n\t\t\t\n\t\t>\n<div class=\"siteorigin-widget-tinymce textwidget\">\n\t<h4>Teilnahme<\/h4>\n<ul>\n<li>Wer alle 9 Elemente der Elementarik absolviert hat, kann an den darauf aufbauenden Bewusstseinsspr\u00fcnge der Wachheit, der Verbundenheit, der Wahrheit und des Lebens teilnehmen.<\/li>\n<li>Anmeldung und weitere Information per <a href=\"https:\/\/consol.earth\/index.php\/kontakt\/\">Kontaktformular<\/a>, Mail: hello@consol.earth oder telefonisch: 076 229 89 50.<\/li>\n<li>Maximal 5 Teilnehmer pro Bewusstseinssprung-Wochenende<\/li>\n<\/ul>\n<p><strong>Zeitraum:<\/strong><\/p>\n<ul>\n<li>Bewusstseinssprung-Wochenenden zur Verbundenheit finden aktuell nur nach pers\u00f6nlicher Absprache statt.<\/li>\n<\/ul>\n<\/div>\n<\/div><\/div><\/div><\/div><\/div><\/div>","protected":false},"excerpt":{"rendered":"<p>Technologie und Methodik zur Entfaltung des Bewusstseins der Verbundenheit Erlerne die Grundelemente und deren Zusammenh\u00e4nge zum Aufbl\u00fchen lassen der Verbundenheit. In dieser Bewusstseinsl\u00f6sung geht es darum, die Bewusstseine, welche das bewusste Verbundensein erzeugen, einzeln und zusammenh\u00e4ngend zu erlernen. Sie werden als direkte Technik zug\u00e4nglich gemacht und philosophisch aufgebaut. Somit entsteht der Ansatz und das Erlebnis [&hellip;]<\/p>\n","protected":false},"author":2,"featured_media":0,"parent":0,"menu_order":0,"comment_status":"closed","ping_status":"closed","template":"","meta":{"_monsterinsights_skip_tracking":false,"_monsterinsights_sitenote_active":false,"_monsterinsights_sitenote_note":"","_monsterinsights_sitenote_category":0,"jetpack_post_was_ever_published":false},"yoast_head":"<!-- This site is optimized with the Yoast SEO plugin v20.3 - https:\/\/yoast.com\/wordpress\/plugins\/seo\/ -->\n<title>Bewusstseinssprung Verbundenheit - Consciousness Solutions<\/title>\n<meta name=\"description\" content=\"Consciousness Solutions Klasse Verbundenheit: Das Bewusstsein, welches wir als den Zugang zu alle dem, das da ist, dem wir begegnen und das uns begegnet, mit uns in Existenz am Sein ist, erfahren. Die Verbundenheit zu f\u00f6rdern, bewusst zu machen bedeutet, offen im Sein zu sein und letzten Endes, bewusst das ganze Universum als verbunden mit sich zu empfinden.\" \/>\n<meta name=\"robots\" content=\"index, follow, max-snippet:-1, max-image-preview:large, max-video-preview:-1\" \/>\n<link rel=\"canonical\" href=\"https:\/\/consol.earth\/index.php\/klasse-verbundenheit\/\" \/>\n<meta property=\"og:locale\" content=\"de_DE\" \/>\n<meta property=\"og:type\" content=\"article\" \/>\n<meta property=\"og:title\" content=\"Bewusstseinssprung Verbundenheit - Consciousness Solutions\" \/>\n<meta property=\"og:description\" content=\"Consciousness Solutions Klasse Verbundenheit: Das Bewusstsein, welches wir als den Zugang zu alle dem, das da ist, dem wir begegnen und das uns begegnet, mit uns in Existenz am Sein ist, erfahren. Die Verbundenheit zu f\u00f6rdern, bewusst zu machen bedeutet, offen im Sein zu sein und letzten Endes, bewusst das ganze Universum als verbunden mit sich zu empfinden.\" \/>\n<meta property=\"og:url\" content=\"https:\/\/consol.earth\/index.php\/klasse-verbundenheit\/\" \/>\n<meta property=\"og:site_name\" content=\"Consciousness Solutions\" \/>\n<meta property=\"article:modified_time\" content=\"2022-01-11T16:10:51+00:00\" \/>\n<meta name=\"twitter:card\" content=\"summary_large_image\" \/>\n<meta name=\"twitter:label1\" content=\"Gesch\u00e4tzte Lesezeit\" \/>\n\t<meta name=\"twitter:data1\" content=\"2\u00a0Minuten\" \/>\n<script type=\"application\/ld+json\" class=\"yoast-schema-graph\">{\"@context\":\"https:\/\/schema.org\",\"@graph\":[{\"@type\":\"WebPage\",\"@id\":\"https:\/\/consol.earth\/index.php\/klasse-verbundenheit\/\",\"url\":\"https:\/\/consol.earth\/index.php\/klasse-verbundenheit\/\",\"name\":\"Bewusstseinssprung Verbundenheit - Consciousness Solutions\",\"isPartOf\":{\"@id\":\"https:\/\/consol.earth\/#website\"},\"datePublished\":\"2021-10-08T10:54:02+00:00\",\"dateModified\":\"2022-01-11T16:10:51+00:00\",\"description\":\"Consciousness Solutions Klasse Verbundenheit: Das Bewusstsein, welches wir als den Zugang zu alle dem, das da ist, dem wir begegnen und das uns begegnet, mit uns in Existenz am Sein ist, erfahren. Die Verbundenheit zu f\u00f6rdern, bewusst zu machen bedeutet, offen im Sein zu sein und letzten Endes, bewusst das ganze Universum als verbunden mit sich zu empfinden.\",\"breadcrumb\":{\"@id\":\"https:\/\/consol.earth\/index.php\/klasse-verbundenheit\/#breadcrumb\"},\"inLanguage\":\"de\",\"potentialAction\":[{\"@type\":\"ReadAction\",\"target\":[\"https:\/\/consol.earth\/index.php\/klasse-verbundenheit\/\"]}]},{\"@type\":\"BreadcrumbList\",\"@id\":\"https:\/\/consol.earth\/index.php\/klasse-verbundenheit\/#breadcrumb\",\"itemListElement\":[{\"@type\":\"ListItem\",\"position\":1,\"name\":\"Startseite\",\"item\":\"https:\/\/consol.earth\/\"},{\"@type\":\"ListItem\",\"position\":2,\"name\":\"Bewusstseinssprung Verbundenheit\"}]},{\"@type\":\"WebSite\",\"@id\":\"https:\/\/consol.earth\/#website\",\"url\":\"https:\/\/consol.earth\/\",\"name\":\"Consciousness Solutions\",\"description\":\"Bewusstsein ist die Wachheit, die das Licht ist, die das Innere beleuchtet.\",\"publisher\":{\"@id\":\"https:\/\/consol.earth\/#organization\"},\"potentialAction\":[{\"@type\":\"SearchAction\",\"target\":{\"@type\":\"EntryPoint\",\"urlTemplate\":\"https:\/\/consol.earth\/?s={search_term_string}\"},\"query-input\":\"required name=search_term_string\"}],\"inLanguage\":\"de\"},{\"@type\":\"Organization\",\"@id\":\"https:\/\/consol.earth\/#organization\",\"name\":\"Consciousness Solutions\",\"url\":\"https:\/\/consol.earth\/\",\"logo\":{\"@type\":\"ImageObject\",\"inLanguage\":\"de\",\"@id\":\"https:\/\/consol.earth\/#\/schema\/logo\/image\/\",\"url\":\"https:\/\/i0.wp.com\/consol.earth\/wp-content\/uploads\/2021\/10\/ConSol_Logo_Rings_No_Black_Lines.png?fit=801%2C368&ssl=1\",\"contentUrl\":\"https:\/\/i0.wp.com\/consol.earth\/wp-content\/uploads\/2021\/10\/ConSol_Logo_Rings_No_Black_Lines.png?fit=801%2C368&ssl=1\",\"width\":801,\"height\":368,\"caption\":\"Consciousness Solutions\"},\"image\":{\"@id\":\"https:\/\/consol.earth\/#\/schema\/logo\/image\/\"}}]}<\/script>\n<!-- \/ Yoast SEO plugin. -->","yoast_head_json":{"title":"Bewusstseinssprung Verbundenheit - Consciousness Solutions","description":"Consciousness Solutions Klasse Verbundenheit: Das Bewusstsein, welches wir als den Zugang zu alle dem, das da ist, dem wir begegnen und das uns begegnet, mit uns in Existenz am Sein ist, erfahren. Die Verbundenheit zu f\u00f6rdern, bewusst zu machen bedeutet, offen im Sein zu sein und letzten Endes, bewusst das ganze Universum als verbunden mit sich zu empfinden.","robots":{"index":"index","follow":"follow","max-snippet":"max-snippet:-1","max-image-preview":"max-image-preview:large","max-video-preview":"max-video-preview:-1"},"canonical":"https:\/\/consol.earth\/index.php\/klasse-verbundenheit\/","og_locale":"de_DE","og_type":"article","og_title":"Bewusstseinssprung Verbundenheit - Consciousness Solutions","og_description":"Consciousness Solutions Klasse Verbundenheit: Das Bewusstsein, welches wir als den Zugang zu alle dem, das da ist, dem wir begegnen und das uns begegnet, mit uns in Existenz am Sein ist, erfahren. Die Verbundenheit zu f\u00f6rdern, bewusst zu machen bedeutet, offen im Sein zu sein und letzten Endes, bewusst das ganze Universum als verbunden mit sich zu empfinden.","og_url":"https:\/\/consol.earth\/index.php\/klasse-verbundenheit\/","og_site_name":"Consciousness Solutions","article_modified_time":"2022-01-11T16:10:51+00:00","twitter_card":"summary_large_image","twitter_misc":{"Gesch\u00e4tzte Lesezeit":"2\u00a0Minuten"},"schema":{"@context":"https:\/\/schema.org","@graph":[{"@type":"WebPage","@id":"https:\/\/consol.earth\/index.php\/klasse-verbundenheit\/","url":"https:\/\/consol.earth\/index.php\/klasse-verbundenheit\/","name":"Bewusstseinssprung Verbundenheit - Consciousness Solutions","isPartOf":{"@id":"https:\/\/consol.earth\/#website"},"datePublished":"2021-10-08T10:54:02+00:00","dateModified":"2022-01-11T16:10:51+00:00","description":"Consciousness Solutions Klasse Verbundenheit: Das Bewusstsein, welches wir als den Zugang zu alle dem, das da ist, dem wir begegnen und das uns begegnet, mit uns in Existenz am Sein ist, erfahren. Die Verbundenheit zu f\u00f6rdern, bewusst zu machen bedeutet, offen im Sein zu sein und letzten Endes, bewusst das ganze Universum als verbunden mit sich zu empfinden.","breadcrumb":{"@id":"https:\/\/consol.earth\/index.php\/klasse-verbundenheit\/#breadcrumb"},"inLanguage":"de","potentialAction":[{"@type":"ReadAction","target":["https:\/\/consol.earth\/index.php\/klasse-verbundenheit\/"]}]},{"@type":"BreadcrumbList","@id":"https:\/\/consol.earth\/index.php\/klasse-verbundenheit\/#breadcrumb","itemListElement":[{"@type":"ListItem","position":1,"name":"Startseite","item":"https:\/\/consol.earth\/"},{"@type":"ListItem","position":2,"name":"Bewusstseinssprung Verbundenheit"}]},{"@type":"WebSite","@id":"https:\/\/consol.earth\/#website","url":"https:\/\/consol.earth\/","name":"Consciousness Solutions","description":"Bewusstsein ist die Wachheit, die das Licht ist, die das Innere beleuchtet.","publisher":{"@id":"https:\/\/consol.earth\/#organization"},"potentialAction":[{"@type":"SearchAction","target":{"@type":"EntryPoint","urlTemplate":"https:\/\/consol.earth\/?s={search_term_string}"},"query-input":"required name=search_term_string"}],"inLanguage":"de"},{"@type":"Organization","@id":"https:\/\/consol.earth\/#organization","name":"Consciousness Solutions","url":"https:\/\/consol.earth\/","logo":{"@type":"ImageObject","inLanguage":"de","@id":"https:\/\/consol.earth\/#\/schema\/logo\/image\/","url":"https:\/\/i0.wp.com\/consol.earth\/wp-content\/uploads\/2021\/10\/ConSol_Logo_Rings_No_Black_Lines.png?fit=801%2C368&ssl=1","contentUrl":"https:\/\/i0.wp.com\/consol.earth\/wp-content\/uploads\/2021\/10\/ConSol_Logo_Rings_No_Black_Lines.png?fit=801%2C368&ssl=1","width":801,"height":368,"caption":"Consciousness Solutions"},"image":{"@id":"https:\/\/consol.earth\/#\/schema\/logo\/image\/"}}]}},"jetpack_sharing_enabled":false,"jetpack_likes_enabled":false,"_links":{"self":[{"href":"https:\/\/consol.earth\/index.php\/wp-json\/wp\/v2\/pages\/2636"}],"collection":[{"href":"https:\/\/consol.earth\/index.php\/wp-json\/wp\/v2\/pages"}],"about":[{"href":"https:\/\/consol.earth\/index.php\/wp-json\/wp\/v2\/types\/page"}],"author":[{"embeddable":true,"href":"https:\/\/consol.earth\/index.php\/wp-json\/wp\/v2\/users\/2"}],"replies":[{"embeddable":true,"href":"https:\/\/consol.earth\/index.php\/wp-json\/wp\/v2\/comments?post=2636"}],"version-history":[{"count":110,"href":"https:\/\/consol.earth\/index.php\/wp-json\/wp\/v2\/pages\/2636\/revisions"}],"predecessor-version":[{"id":6601,"href":"https:\/\/consol.earth\/index.php\/wp-json\/wp\/v2\/pages\/2636\/revisions\/6601"}],"wp:attachment":[{"href":"https:\/\/consol.earth\/index.php\/wp-json\/wp\/v2\/media?parent=2636"}],"curies":[{"name":"wp","href":"https:\/\/api.w.org\/{rel}","templated":true}]}}