{"id":2714,"date":"2021-10-08T11:43:53","date_gmt":"2021-10-08T11:43:53","guid":{"rendered":"https:\/\/consol.earth\/?page_id=2714"},"modified":"2022-01-11T16:09:50","modified_gmt":"2022-01-11T16:09:50","slug":"klasse-wahrheit","status":"publish","type":"page","link":"https:\/\/consol.earth\/index.php\/klasse-wahrheit\/","title":{"rendered":"Bewusstseinssprung Wahrheit"},"content":{"rendered":"<div id=\"pl-2714\"  class=\"panel-layout\" ><div id=\"pg-2714-0\"  class=\"panel-grid panel-no-style\" ><div id=\"pgc-2714-0-0\"  class=\"panel-grid-cell\" ><div id=\"panel-2714-0-0-0\" class=\"so-panel widget widget_spacer panel-first-child\" data-index=\"0\" ><div\n\t\t\t\n\t\t\tclass=\"so-widget-spacer so-widget-spacer-spacer-style-d75171398898-2714\"\n\t\t\t\n\t\t>\r\n\r\n\r\n\r\n\r\n<div class=\"spacer\" style=\"height: 80px\">\r\n<\/div><\/div><\/div><div id=\"panel-2714-0-0-1\" class=\"so-panel widget widget_sow-image panel-last-child\" data-index=\"1\" ><div class=\" animated appear duration8 panel-widget-style panel-widget-style-for-2714-0-0-1\" ><div\n\t\t\t\n\t\t\tclass=\"so-widget-sow-image so-widget-sow-image-default-17bc2272b535-2714\"\n\t\t\t\n\t\t>\n\n<div class=\"sow-image-container\">\n\t\t<img src=\"https:\/\/i0.wp.com\/consol.earth\/wp-content\/uploads\/2021\/10\/WahrheitKlasse.png?fit=230%2C230&amp;ssl=1\" width=\"230\" height=\"230\" srcset=\"https:\/\/i0.wp.com\/consol.earth\/wp-content\/uploads\/2021\/10\/WahrheitKlasse.png?w=917&amp;ssl=1 917w, https:\/\/i0.wp.com\/consol.earth\/wp-content\/uploads\/2021\/10\/WahrheitKlasse.png?resize=300%2C300&amp;ssl=1 300w, https:\/\/i0.wp.com\/consol.earth\/wp-content\/uploads\/2021\/10\/WahrheitKlasse.png?resize=150%2C150&amp;ssl=1 150w, https:\/\/i0.wp.com\/consol.earth\/wp-content\/uploads\/2021\/10\/WahrheitKlasse.png?resize=768%2C768&amp;ssl=1 768w\" title=\"Wahrheit Klasse Bewusstsein\" alt=\"\" loading=\"lazy\" \t\tclass=\"so-widget-image\"\/>\n\t<\/div>\n\n<\/div><\/div><\/div><\/div><\/div><div id=\"pg-2714-1\"  class=\"panel-grid panel-no-style\" ><div id=\"pgc-2714-1-0\"  class=\"panel-grid-cell\" ><div id=\"panel-2714-1-0-0\" class=\"so-panel widget widget_sow-headline panel-first-child panel-last-child\" data-index=\"2\" ><div\n\t\t\t\n\t\t\tclass=\"so-widget-sow-headline so-widget-sow-headline-default-a586199ec0be-2714\"\n\t\t\t\n\t\t><div class=\"sow-headline-container \">\n\t<h1 class='sow-headline'>Con\u2219Sol Bewusstseinssprung zu Wahrheit<\/h1>\t\t\t\t\t<div class=\"decoration\">\n\t\t\t\t\t\t<div class=\"decoration-inside\"><\/div>\n\t\t\t\t\t<\/div>\n\t\t\t\t\t<\/div><\/div><\/div><\/div><\/div><div id=\"pg-2714-2\"  class=\"panel-grid panel-has-style\" ><div class=\"panel-row-style panel-row-style-for-2714-2\" ><div id=\"pgc-2714-2-0\"  class=\"panel-grid-cell\" ><div id=\"panel-2714-2-0-0\" class=\"so-panel widget widget_sow-image panel-first-child\" data-index=\"3\" ><div class=\"panel-widget-style panel-widget-style-for-2714-2-0-0\" ><div\n\t\t\t\n\t\t\tclass=\"so-widget-sow-image so-widget-sow-image-default-17bc2272b535-2714\"\n\t\t\t\n\t\t>\n\n<div class=\"sow-image-container\">\n\t\t<img src=\"https:\/\/i0.wp.com\/consol.earth\/wp-content\/uploads\/2021\/10\/landscapeIV.jpg?fit=768%2C512&amp;ssl=1\" width=\"768\" height=\"512\" srcset=\"https:\/\/i0.wp.com\/consol.earth\/wp-content\/uploads\/2021\/10\/landscapeIV.jpg?w=1500&amp;ssl=1 1500w, https:\/\/i0.wp.com\/consol.earth\/wp-content\/uploads\/2021\/10\/landscapeIV.jpg?resize=300%2C200&amp;ssl=1 300w, https:\/\/i0.wp.com\/consol.earth\/wp-content\/uploads\/2021\/10\/landscapeIV.jpg?resize=1024%2C683&amp;ssl=1 1024w, https:\/\/i0.wp.com\/consol.earth\/wp-content\/uploads\/2021\/10\/landscapeIV.jpg?resize=768%2C512&amp;ssl=1 768w, https:\/\/i0.wp.com\/consol.earth\/wp-content\/uploads\/2021\/10\/landscapeIV.jpg?resize=272%2C182&amp;ssl=1 272w\" title=\"autumn landscape with alone tree on mountain,coming home concept,illustration painting\" alt=\"\" loading=\"lazy\" \t\tclass=\"so-widget-image\"\/>\n\t<\/div>\n\n<\/div><\/div><\/div><div id=\"panel-2714-2-0-1\" class=\"so-panel widget widget_sow-button panel-last-child\" data-index=\"4\" ><div class=\"panel-widget-style panel-widget-style-for-2714-2-0-1\" ><div\n\t\t\t\n\t\t\tclass=\"so-widget-sow-button so-widget-sow-button-wire-766174ec290b-2714\"\n\t\t\t\n\t\t><div class=\"ow-button-base ow-button-align-center\">\n\t<a href=\"https:\/\/consol.earth\/index.php\/solutions\/kalendar\/\" class=\"ow-icon-placement-left ow-button-hover\" target=\"_blank\" rel=\"noopener noreferrer\" \t\t>\n\t\t<span>\n\t\t\t\n\t\t\tKalender\t\t<\/span>\n\t<\/a>\n<\/div>\n<\/div><\/div><\/div><\/div><div id=\"pgc-2714-2-1\"  class=\"panel-grid-cell\" ><div id=\"panel-2714-2-1-0\" class=\"so-panel widget widget_sow-editor panel-first-child panel-last-child\" data-index=\"5\" ><div class=\"panel-widget-style panel-widget-style-for-2714-2-1-0\" ><div\n\t\t\t\n\t\t\tclass=\"so-widget-sow-editor so-widget-sow-editor-base\"\n\t\t\t\n\t\t>\n<div class=\"siteorigin-widget-tinymce textwidget\">\n\t<h3>Technologie und Methodik zur Entfaltung des Bewusstseins der Wahrheit<\/h3>\n<p><span style=\"color: #000000;\">Erlerne die Grundtechniken zum Aufbl\u00fchen lassen der Wahrheit.<\/span><\/p>\n<p><span style=\"color: #000000;\">In dieser Bewusstseinsl\u00f6sung geht es darum, die Bewusstseine, welche das bewusste Wahrsein erzeugen, einzeln und zusammenh\u00e4ngend zu erlernen. Sie werden als direkte Technik zug\u00e4nglich gemacht und philosophisch aufgebaut. Somit entsteht der Ansatz und das Erlebnis von innerem, direkten Wissen. Dieses kann weiterf\u00fchrend selbstst\u00e4ndig sowie in in eigener Meditationspraxis vertieft und ge\u00fcbt werden.<\/span><\/p>\n<p><span style=\"color: #000000;\">Die Wahrheit ist das Bewusstsein, welches wir als den Zugang zu dem, was ohne Frage ist, was in sich ruhig und ohne Behauptung ist, was uns die Existenz ohne Schleier zeigt, erfahren. Das Bewusstsein der Wahrheit zu f\u00f6rdern, bewusst zu machen und zur Bl\u00fcte zu bringen, bedeutet Fragen und Zweifel abzulegen, ruhig und ohne Selbst-Trug zu werden und letzten Endes, das Universum und sich Selbst in seinem eigentlichen Licht zu blicken.<\/span><\/p>\n<p style=\"padding-left: 40px;\"><span style=\"color: #000000;\"><u>Die Bewusstseinsl\u00f6sung Wahrheit bringt folgende Themen als resonierende und erweckende Bewusstseinstechniken bei:<br \/>\n<\/u><strong><em>Finden, Antwort, Relativit\u00e4t, Aufh\u00f6ren, Realit\u00e4t, Reflektion, Akzeptanz, Determination und Balance.<\/em><\/strong><\/span><\/p>\n<p><span style=\"color: #000000;\">Wer das Bewusstsein der Wahrheit zur Bl\u00fcte gebracht hat, tr\u00fcgt sich nicht mehr Selbst, entzieht sich nicht von Wahrheit und ist somit in Realit\u00e4t bewusst und wahr.<\/span><\/p>\n<blockquote>\n<p><span style=\"color: #000000;\">Wahrer zu werden als das, was einen tr\u00fcbt, ist sein wahres Selbst zu werden.<\/span><\/p>\n<p><span style=\"color: #000000;\">Sein wahres Selbst zu wissen, ist aus sich Selbst wahr zu sein.<\/span><\/p>\n<p><span style=\"color: #000000;\">Aus sich Selbst wahr zu sein, ist frei zu sein.<\/span><\/p>\n<p><span style=\"color: #000000;\">So ist der Bewusstseinsweg durch die Wahrheit.<\/span><\/p>\n<\/blockquote>\n<\/div>\n<\/div><\/div><\/div><\/div><\/div><\/div><div id=\"pg-2714-3\"  class=\"panel-grid panel-has-style\" ><div class=\"panel-row-style panel-row-style-for-2714-3\" ><div id=\"pgc-2714-3-0\"  class=\"panel-grid-cell\" ><div id=\"panel-2714-3-0-0\" class=\"so-panel widget widget_sow-editor panel-first-child panel-last-child\" data-index=\"6\" ><div class=\"panel-widget-style panel-widget-style-for-2714-3-0-0\" ><div\n\t\t\t\n\t\t\tclass=\"so-widget-sow-editor so-widget-sow-editor-base\"\n\t\t\t\n\t\t>\n<div class=\"siteorigin-widget-tinymce textwidget\">\n\t<h4>Teilnahme<\/h4>\n<ul>\n<li>Wer alle 9 Elemente der Elementarik absolviert hat, kann an den darauf aufbauenden Bewusstseinsspr\u00fcnge der Wachheit, der Verbundenheit, der Wahrheit und des Lebens teilnehmen.<\/li>\n<li>Anmeldung und weitere Information per <a href=\"https:\/\/consol.earth\/index.php\/kontakt\/\">Kontaktformular<\/a>, Mail: hello@consol.earth oder telefonisch: 076 229 89 50.<\/li>\n<li>Maximal 5 Teilnehmer pro Bewusstseinssprung-Wochenende<\/li>\n<\/ul>\n<p><strong>Zeitraum:<\/strong><\/p>\n<ul>\n<li>Bewusstseinssprung-Wochenenden zur Wahrheit finden aktuell nur nach pers\u00f6nlicher Absprache statt.<\/li>\n<\/ul>\n<\/div>\n<\/div><\/div><\/div><\/div><\/div><\/div><\/div>","protected":false},"excerpt":{"rendered":"<p>Con\u2219Sol Bewusstseinssprung zu Wahrheit Kalender Technologie und Methodik zur Entfaltung des Bewusstseins der Wahrheit Erlerne die Grundtechniken zum Aufbl\u00fchen lassen der Wahrheit. In dieser Bewusstseinsl\u00f6sung geht es darum, die Bewusstseine, welche das bewusste Wahrsein erzeugen, einzeln und zusammenh\u00e4ngend zu erlernen. Sie werden als direkte Technik zug\u00e4nglich gemacht und philosophisch aufgebaut. Somit entsteht der Ansatz und [&hellip;]<\/p>\n","protected":false},"author":2,"featured_media":0,"parent":0,"menu_order":0,"comment_status":"closed","ping_status":"closed","template":"","meta":{"_monsterinsights_skip_tracking":false,"_monsterinsights_sitenote_active":false,"_monsterinsights_sitenote_note":"","_monsterinsights_sitenote_category":0,"jetpack_post_was_ever_published":false},"yoast_head":"<!-- This site is optimized with the Yoast SEO plugin v20.3 - https:\/\/yoast.com\/wordpress\/plugins\/seo\/ -->\n<title>Bewusstseinssprung Wahrheit - Consciousness Solutions<\/title>\n<meta name=\"robots\" content=\"index, follow, max-snippet:-1, max-image-preview:large, max-video-preview:-1\" \/>\n<link rel=\"canonical\" href=\"https:\/\/consol.earth\/index.php\/klasse-wahrheit\/\" \/>\n<meta property=\"og:locale\" content=\"de_DE\" \/>\n<meta property=\"og:type\" content=\"article\" \/>\n<meta property=\"og:title\" content=\"Bewusstseinssprung Wahrheit - Consciousness Solutions\" \/>\n<meta property=\"og:description\" content=\"Con\u2219Sol Bewusstseinssprung zu Wahrheit Kalender Technologie und Methodik zur Entfaltung des Bewusstseins der Wahrheit Erlerne die Grundtechniken zum Aufbl\u00fchen lassen der Wahrheit. In dieser Bewusstseinsl\u00f6sung geht es darum, die Bewusstseine, welche das bewusste Wahrsein erzeugen, einzeln und zusammenh\u00e4ngend zu erlernen. Sie werden als direkte Technik zug\u00e4nglich gemacht und philosophisch aufgebaut. Somit entsteht der Ansatz und [&hellip;]\" \/>\n<meta property=\"og:url\" content=\"https:\/\/consol.earth\/index.php\/klasse-wahrheit\/\" \/>\n<meta property=\"og:site_name\" content=\"Consciousness Solutions\" \/>\n<meta property=\"article:modified_time\" content=\"2022-01-11T16:09:50+00:00\" \/>\n<meta name=\"twitter:card\" content=\"summary_large_image\" \/>\n<meta name=\"twitter:label1\" content=\"Gesch\u00e4tzte Lesezeit\" \/>\n\t<meta name=\"twitter:data1\" content=\"2\u00a0Minuten\" \/>\n<script type=\"application\/ld+json\" class=\"yoast-schema-graph\">{\"@context\":\"https:\/\/schema.org\",\"@graph\":[{\"@type\":\"WebPage\",\"@id\":\"https:\/\/consol.earth\/index.php\/klasse-wahrheit\/\",\"url\":\"https:\/\/consol.earth\/index.php\/klasse-wahrheit\/\",\"name\":\"Bewusstseinssprung Wahrheit - Consciousness Solutions\",\"isPartOf\":{\"@id\":\"https:\/\/consol.earth\/#website\"},\"datePublished\":\"2021-10-08T11:43:53+00:00\",\"dateModified\":\"2022-01-11T16:09:50+00:00\",\"breadcrumb\":{\"@id\":\"https:\/\/consol.earth\/index.php\/klasse-wahrheit\/#breadcrumb\"},\"inLanguage\":\"de\",\"potentialAction\":[{\"@type\":\"ReadAction\",\"target\":[\"https:\/\/consol.earth\/index.php\/klasse-wahrheit\/\"]}]},{\"@type\":\"BreadcrumbList\",\"@id\":\"https:\/\/consol.earth\/index.php\/klasse-wahrheit\/#breadcrumb\",\"itemListElement\":[{\"@type\":\"ListItem\",\"position\":1,\"name\":\"Startseite\",\"item\":\"https:\/\/consol.earth\/\"},{\"@type\":\"ListItem\",\"position\":2,\"name\":\"Bewusstseinssprung Wahrheit\"}]},{\"@type\":\"WebSite\",\"@id\":\"https:\/\/consol.earth\/#website\",\"url\":\"https:\/\/consol.earth\/\",\"name\":\"Consciousness Solutions\",\"description\":\"Bewusstsein ist die Wachheit, die das Licht ist, die das Innere beleuchtet.\",\"publisher\":{\"@id\":\"https:\/\/consol.earth\/#organization\"},\"potentialAction\":[{\"@type\":\"SearchAction\",\"target\":{\"@type\":\"EntryPoint\",\"urlTemplate\":\"https:\/\/consol.earth\/?s={search_term_string}\"},\"query-input\":\"required name=search_term_string\"}],\"inLanguage\":\"de\"},{\"@type\":\"Organization\",\"@id\":\"https:\/\/consol.earth\/#organization\",\"name\":\"Consciousness Solutions\",\"url\":\"https:\/\/consol.earth\/\",\"logo\":{\"@type\":\"ImageObject\",\"inLanguage\":\"de\",\"@id\":\"https:\/\/consol.earth\/#\/schema\/logo\/image\/\",\"url\":\"https:\/\/i0.wp.com\/consol.earth\/wp-content\/uploads\/2021\/10\/ConSol_Logo_Rings_No_Black_Lines.png?fit=801%2C368&ssl=1\",\"contentUrl\":\"https:\/\/i0.wp.com\/consol.earth\/wp-content\/uploads\/2021\/10\/ConSol_Logo_Rings_No_Black_Lines.png?fit=801%2C368&ssl=1\",\"width\":801,\"height\":368,\"caption\":\"Consciousness Solutions\"},\"image\":{\"@id\":\"https:\/\/consol.earth\/#\/schema\/logo\/image\/\"}}]}<\/script>\n<!-- \/ Yoast SEO plugin. -->","yoast_head_json":{"title":"Bewusstseinssprung Wahrheit - Consciousness Solutions","robots":{"index":"index","follow":"follow","max-snippet":"max-snippet:-1","max-image-preview":"max-image-preview:large","max-video-preview":"max-video-preview:-1"},"canonical":"https:\/\/consol.earth\/index.php\/klasse-wahrheit\/","og_locale":"de_DE","og_type":"article","og_title":"Bewusstseinssprung Wahrheit - Consciousness Solutions","og_description":"Con\u2219Sol Bewusstseinssprung zu Wahrheit Kalender Technologie und Methodik zur Entfaltung des Bewusstseins der Wahrheit Erlerne die Grundtechniken zum Aufbl\u00fchen lassen der Wahrheit. In dieser Bewusstseinsl\u00f6sung geht es darum, die Bewusstseine, welche das bewusste Wahrsein erzeugen, einzeln und zusammenh\u00e4ngend zu erlernen. Sie werden als direkte Technik zug\u00e4nglich gemacht und philosophisch aufgebaut. Somit entsteht der Ansatz und [&hellip;]","og_url":"https:\/\/consol.earth\/index.php\/klasse-wahrheit\/","og_site_name":"Consciousness Solutions","article_modified_time":"2022-01-11T16:09:50+00:00","twitter_card":"summary_large_image","twitter_misc":{"Gesch\u00e4tzte Lesezeit":"2\u00a0Minuten"},"schema":{"@context":"https:\/\/schema.org","@graph":[{"@type":"WebPage","@id":"https:\/\/consol.earth\/index.php\/klasse-wahrheit\/","url":"https:\/\/consol.earth\/index.php\/klasse-wahrheit\/","name":"Bewusstseinssprung Wahrheit - Consciousness Solutions","isPartOf":{"@id":"https:\/\/consol.earth\/#website"},"datePublished":"2021-10-08T11:43:53+00:00","dateModified":"2022-01-11T16:09:50+00:00","breadcrumb":{"@id":"https:\/\/consol.earth\/index.php\/klasse-wahrheit\/#breadcrumb"},"inLanguage":"de","potentialAction":[{"@type":"ReadAction","target":["https:\/\/consol.earth\/index.php\/klasse-wahrheit\/"]}]},{"@type":"BreadcrumbList","@id":"https:\/\/consol.earth\/index.php\/klasse-wahrheit\/#breadcrumb","itemListElement":[{"@type":"ListItem","position":1,"name":"Startseite","item":"https:\/\/consol.earth\/"},{"@type":"ListItem","position":2,"name":"Bewusstseinssprung Wahrheit"}]},{"@type":"WebSite","@id":"https:\/\/consol.earth\/#website","url":"https:\/\/consol.earth\/","name":"Consciousness Solutions","description":"Bewusstsein ist die Wachheit, die das Licht ist, die das Innere beleuchtet.","publisher":{"@id":"https:\/\/consol.earth\/#organization"},"potentialAction":[{"@type":"SearchAction","target":{"@type":"EntryPoint","urlTemplate":"https:\/\/consol.earth\/?s={search_term_string}"},"query-input":"required name=search_term_string"}],"inLanguage":"de"},{"@type":"Organization","@id":"https:\/\/consol.earth\/#organization","name":"Consciousness Solutions","url":"https:\/\/consol.earth\/","logo":{"@type":"ImageObject","inLanguage":"de","@id":"https:\/\/consol.earth\/#\/schema\/logo\/image\/","url":"https:\/\/i0.wp.com\/consol.earth\/wp-content\/uploads\/2021\/10\/ConSol_Logo_Rings_No_Black_Lines.png?fit=801%2C368&ssl=1","contentUrl":"https:\/\/i0.wp.com\/consol.earth\/wp-content\/uploads\/2021\/10\/ConSol_Logo_Rings_No_Black_Lines.png?fit=801%2C368&ssl=1","width":801,"height":368,"caption":"Consciousness Solutions"},"image":{"@id":"https:\/\/consol.earth\/#\/schema\/logo\/image\/"}}]}},"jetpack_sharing_enabled":false,"jetpack_likes_enabled":false,"_links":{"self":[{"href":"https:\/\/consol.earth\/index.php\/wp-json\/wp\/v2\/pages\/2714"}],"collection":[{"href":"https:\/\/consol.earth\/index.php\/wp-json\/wp\/v2\/pages"}],"about":[{"href":"https:\/\/consol.earth\/index.php\/wp-json\/wp\/v2\/types\/page"}],"author":[{"embeddable":true,"href":"https:\/\/consol.earth\/index.php\/wp-json\/wp\/v2\/users\/2"}],"replies":[{"embeddable":true,"href":"https:\/\/consol.earth\/index.php\/wp-json\/wp\/v2\/comments?post=2714"}],"version-history":[{"count":64,"href":"https:\/\/consol.earth\/index.php\/wp-json\/wp\/v2\/pages\/2714\/revisions"}],"predecessor-version":[{"id":6600,"href":"https:\/\/consol.earth\/index.php\/wp-json\/wp\/v2\/pages\/2714\/revisions\/6600"}],"wp:attachment":[{"href":"https:\/\/consol.earth\/index.php\/wp-json\/wp\/v2\/media?parent=2714"}],"curies":[{"name":"wp","href":"https:\/\/api.w.org\/{rel}","templated":true}]}}