{"id":2723,"date":"2021-10-08T11:52:11","date_gmt":"2021-10-08T11:52:11","guid":{"rendered":"https:\/\/consol.earth\/?page_id=2723"},"modified":"2022-01-11T16:08:20","modified_gmt":"2022-01-11T16:08:20","slug":"leben","status":"publish","type":"page","link":"https:\/\/consol.earth\/index.php\/leben\/","title":{"rendered":"Bewusstseinssprung Leben"},"content":{"rendered":"<div id=\"pl-2723\"  class=\"panel-layout\" ><div id=\"pg-2723-0\"  class=\"panel-grid panel-no-style\" ><div id=\"pgc-2723-0-0\"  class=\"panel-grid-cell\" ><div id=\"panel-2723-0-0-0\" class=\"so-panel widget widget_spacer panel-first-child\" data-index=\"0\" ><div\n\t\t\t\n\t\t\tclass=\"so-widget-spacer so-widget-spacer-spacer-style-d75171398898-2723\"\n\t\t\t\n\t\t>\r\n\r\n\r\n\r\n\r\n<div class=\"spacer\" style=\"height: 80px\">\r\n<\/div><\/div><\/div><div id=\"panel-2723-0-0-1\" class=\"so-panel widget widget_sow-image panel-last-child\" data-index=\"1\" ><div class=\" animated appear duration8 panel-widget-style panel-widget-style-for-2723-0-0-1\" ><div\n\t\t\t\n\t\t\tclass=\"so-widget-sow-image so-widget-sow-image-default-17bc2272b535-2723\"\n\t\t\t\n\t\t>\n\n<div class=\"sow-image-container\">\n\t\t<img src=\"https:\/\/i0.wp.com\/consol.earth\/wp-content\/uploads\/2021\/10\/Leben-Klasse.png?fit=230%2C230&amp;ssl=1\" width=\"230\" height=\"230\" srcset=\"https:\/\/i0.wp.com\/consol.earth\/wp-content\/uploads\/2021\/10\/Leben-Klasse.png?w=917&amp;ssl=1 917w, https:\/\/i0.wp.com\/consol.earth\/wp-content\/uploads\/2021\/10\/Leben-Klasse.png?resize=300%2C300&amp;ssl=1 300w, https:\/\/i0.wp.com\/consol.earth\/wp-content\/uploads\/2021\/10\/Leben-Klasse.png?resize=150%2C150&amp;ssl=1 150w, https:\/\/i0.wp.com\/consol.earth\/wp-content\/uploads\/2021\/10\/Leben-Klasse.png?resize=768%2C768&amp;ssl=1 768w\" title=\"Leben Klasse Bewusstsein\" alt=\"\" loading=\"lazy\" \t\tclass=\"so-widget-image\"\/>\n\t<\/div>\n\n<\/div><\/div><\/div><\/div><\/div><div id=\"pg-2723-1\"  class=\"panel-grid panel-no-style\" ><div id=\"pgc-2723-1-0\"  class=\"panel-grid-cell\" ><div id=\"panel-2723-1-0-0\" class=\"so-panel widget widget_sow-headline panel-first-child panel-last-child\" data-index=\"2\" ><div\n\t\t\t\n\t\t\tclass=\"so-widget-sow-headline so-widget-sow-headline-default-a586199ec0be-2723\"\n\t\t\t\n\t\t><div class=\"sow-headline-container \">\n\t<h1 class='sow-headline'>Con\u2219Sol Technologie &amp; Bewusstseinssprung zu Leben<\/h1>\t\t\t\t\t<div class=\"decoration\">\n\t\t\t\t\t\t<div class=\"decoration-inside\"><\/div>\n\t\t\t\t\t<\/div>\n\t\t\t\t\t<\/div><\/div><\/div><\/div><\/div><div id=\"pg-2723-2\"  class=\"panel-grid panel-has-style\" ><div class=\"panel-row-style panel-row-style-for-2723-2\" ><div id=\"pgc-2723-2-0\"  class=\"panel-grid-cell\" ><div id=\"panel-2723-2-0-0\" class=\"so-panel widget widget_sow-image panel-first-child\" data-index=\"3\" ><div class=\"panel-widget-style panel-widget-style-for-2723-2-0-0\" ><div\n\t\t\t\n\t\t\tclass=\"so-widget-sow-image so-widget-sow-image-default-17bc2272b535-2723\"\n\t\t\t\n\t\t>\n\n<div class=\"sow-image-container\">\n\t\t<img src=\"https:\/\/i0.wp.com\/consol.earth\/wp-content\/uploads\/2020\/12\/berg-sonne-licht.jpg?fit=768%2C511&amp;ssl=1\" width=\"768\" height=\"511\" srcset=\"https:\/\/i0.wp.com\/consol.earth\/wp-content\/uploads\/2020\/12\/berg-sonne-licht.jpg?w=1920&amp;ssl=1 1920w, https:\/\/i0.wp.com\/consol.earth\/wp-content\/uploads\/2020\/12\/berg-sonne-licht.jpg?resize=300%2C200&amp;ssl=1 300w, https:\/\/i0.wp.com\/consol.earth\/wp-content\/uploads\/2020\/12\/berg-sonne-licht.jpg?resize=1024%2C681&amp;ssl=1 1024w, https:\/\/i0.wp.com\/consol.earth\/wp-content\/uploads\/2020\/12\/berg-sonne-licht.jpg?resize=768%2C511&amp;ssl=1 768w, https:\/\/i0.wp.com\/consol.earth\/wp-content\/uploads\/2020\/12\/berg-sonne-licht.jpg?resize=1536%2C1022&amp;ssl=1 1536w, https:\/\/i0.wp.com\/consol.earth\/wp-content\/uploads\/2020\/12\/berg-sonne-licht.jpg?resize=272%2C182&amp;ssl=1 272w\" title=\"berg sonne licht\" alt=\"\" loading=\"lazy\" \t\tclass=\"so-widget-image\"\/>\n\t<\/div>\n\n<\/div><\/div><\/div><div id=\"panel-2723-2-0-1\" class=\"so-panel widget widget_sow-button panel-last-child\" data-index=\"4\" ><div class=\"panel-widget-style panel-widget-style-for-2723-2-0-1\" ><div\n\t\t\t\n\t\t\tclass=\"so-widget-sow-button so-widget-sow-button-wire-766174ec290b-2723\"\n\t\t\t\n\t\t><div class=\"ow-button-base ow-button-align-center\">\n\t<a href=\"https:\/\/consol.earth\/index.php\/solutions\/kalendar\/\" class=\"ow-icon-placement-left ow-button-hover\" target=\"_blank\" rel=\"noopener noreferrer\" \t\t>\n\t\t<span>\n\t\t\t\n\t\t\tKalender\t\t<\/span>\n\t<\/a>\n<\/div>\n<\/div><\/div><\/div><\/div><div id=\"pgc-2723-2-1\"  class=\"panel-grid-cell\" ><div id=\"panel-2723-2-1-0\" class=\"so-panel widget widget_sow-editor panel-first-child panel-last-child\" data-index=\"5\" ><div class=\"panel-widget-style panel-widget-style-for-2723-2-1-0\" ><div\n\t\t\t\n\t\t\tclass=\"so-widget-sow-editor so-widget-sow-editor-base\"\n\t\t\t\n\t\t>\n<div class=\"siteorigin-widget-tinymce textwidget\">\n\t<h3><span style=\"color: #ffffff;\">Technologie und Methodik zur Entfaltung des Bewusstseins des Lebens<\/span><\/h3>\n<p><span style=\"color: #ffffff;\">Erlerne die Grundtechniken zum Aufbl\u00fchen lassen des Lebens.<\/span><\/p>\n<p><span style=\"color: #ffffff;\">In dieser Bewusstseinsl\u00f6sung geht es darum, die Bewusstseine, welche das bewusste Lebendigsein erzeugen, einzeln und zusammenh\u00e4ngend zu erlernen. Sie werden als direkte Technik zug\u00e4nglich gemacht und philosophisch aufgebaut. Somit entsteht der Ansatz und das Erlebnis von innerem, direkten Wissen. Dieses kann weiterf\u00fchrend selbstst\u00e4ndig in eigener Meditationspraxis vertieft und ge\u00fcbt werden.<\/span><\/p>\n<p><span style=\"color: #ffffff;\">Das Leben ist das Bewusstsein, welches wir als den Zugang zu allem, was erlebt ist, was gef\u00fchlt und gesp\u00fcrt wird, was die Existenz zu einem lebendigen Erlebnis macht, erfahren. Das Bewusstsein des Lebens zu f\u00f6rdern, bewusst zu machen und zur Bl\u00fcte zu bringen, bedeutet voll im Leben zu sein, in jedem Erlebnis, die Tiefen der F\u00fchl- und Sp\u00fcrbarkeit erleben zu k\u00f6nnen und letzten Endes, das Universum als lebendig zu erleben, als das eigene Leben.<\/span><\/p>\n<p style=\"padding-left: 40px;\"><span style=\"color: #ffffff;\"><u>Die Bewusstseinsl\u00f6sung Leben bringt folgende Themen als resonierende und erweckende Bewusstseinstechniken bei:<br \/>\n<\/u><strong><em>Das Am-Leben, Geist, Erstehen, Wiedergeburt, Belebung, Werte, Gelassenheit, Adaptivit\u00e4t und Erf\u00fcllung.<\/em><\/strong><\/span><\/p>\n<p><span style=\"color: #ffffff;\">Wer das Bewusstsein des Lebens zur Bl\u00fcte gebracht hat, verf\u00e4llt nicht mehr der Dunkelheit der Sterblichkeit, entzieht sich nicht vom Leben und ist somit in Realit\u00e4t bewusst und lebendig.<\/span><\/p>\n<blockquote><p><span style=\"color: #ffffff;\">Lebendiger zu werden als das, was einen an den Tod bindet, ist voll zu leben.<\/span><\/p>\n<p><span style=\"color: #ffffff;\">Sich als das Leben zu wissen, ist aus sich Selbst zu leben.<\/span><\/p>\n<p><span style=\"color: #ffffff;\">Aus sich Selbst zu leben, ist frei zu sein.<\/span><\/p>\n<p><span style=\"color: #ffffff;\">So ist der Bewusstseinsweg durch das Leben.<\/span><\/p><\/blockquote>\n<\/div>\n<\/div><\/div><\/div><\/div><\/div><\/div><div id=\"pg-2723-3\"  class=\"panel-grid panel-has-style\" ><div class=\"panel-row-style panel-row-style-for-2723-3\" ><div id=\"pgc-2723-3-0\"  class=\"panel-grid-cell\" ><div id=\"panel-2723-3-0-0\" class=\"so-panel widget widget_sow-editor panel-first-child panel-last-child\" data-index=\"6\" ><div class=\"panel-widget-style panel-widget-style-for-2723-3-0-0\" ><div\n\t\t\t\n\t\t\tclass=\"so-widget-sow-editor so-widget-sow-editor-base\"\n\t\t\t\n\t\t>\n<div class=\"siteorigin-widget-tinymce textwidget\">\n\t<h4>Teilnahme<\/h4>\n<ul>\n<li>Wer alle 9 Elemente der Elementarik absolviert hat, kann an den darauf aufbauenden Bewusstseinsspr\u00fcnge der Wachheit, der Verbundenheit, der Wahrheit und des Lebens teilnehmen.<\/li>\n<li>Anmeldung und weitere Information per <a href=\"https:\/\/consol.earth\/index.php\/kontakt\/\">Kontaktformular<\/a>, Mail: hello@consol.earth oder telefonisch: 076 229 89 50.<\/li>\n<li>Maximal 5 Teilnehmer pro Bewusstseinssprung-Wochenende<\/li>\n<\/ul>\n<p><strong>Zeitraum:<\/strong><\/p>\n<ul>\n<li>Bewusstseinssprung-Wochenenden zum Leben finden aktuell nur nach pers\u00f6nlicher Absprache statt.<\/li>\n<\/ul>\n<\/div>\n<\/div><\/div><\/div><\/div><\/div><\/div><\/div>","protected":false},"excerpt":{"rendered":"<p>Con\u2219Sol Technologie &amp; Bewusstseinssprung zu Leben Kalender Technologie und Methodik zur Entfaltung des Bewusstseins des Lebens Erlerne die Grundtechniken zum Aufbl\u00fchen lassen des Lebens. In dieser Bewusstseinsl\u00f6sung geht es darum, die Bewusstseine, welche das bewusste Lebendigsein erzeugen, einzeln und zusammenh\u00e4ngend zu erlernen. Sie werden als direkte Technik zug\u00e4nglich gemacht und philosophisch aufgebaut. Somit entsteht der [&hellip;]<\/p>\n","protected":false},"author":2,"featured_media":0,"parent":0,"menu_order":0,"comment_status":"closed","ping_status":"closed","template":"","meta":{"_monsterinsights_skip_tracking":false,"_monsterinsights_sitenote_active":false,"_monsterinsights_sitenote_note":"","_monsterinsights_sitenote_category":0,"jetpack_post_was_ever_published":false},"yoast_head":"<!-- This site is optimized with the Yoast SEO plugin v20.3 - https:\/\/yoast.com\/wordpress\/plugins\/seo\/ -->\n<title>Bewusstseinssprung Leben - Consciousness Solutions<\/title>\n<meta name=\"robots\" content=\"index, follow, max-snippet:-1, max-image-preview:large, max-video-preview:-1\" \/>\n<link rel=\"canonical\" href=\"https:\/\/consol.earth\/index.php\/leben\/\" \/>\n<meta property=\"og:locale\" content=\"de_DE\" \/>\n<meta property=\"og:type\" content=\"article\" \/>\n<meta property=\"og:title\" content=\"Bewusstseinssprung Leben - Consciousness Solutions\" \/>\n<meta property=\"og:description\" content=\"Con\u2219Sol Technologie &amp; Bewusstseinssprung zu Leben Kalender Technologie und Methodik zur Entfaltung des Bewusstseins des Lebens Erlerne die Grundtechniken zum Aufbl\u00fchen lassen des Lebens. In dieser Bewusstseinsl\u00f6sung geht es darum, die Bewusstseine, welche das bewusste Lebendigsein erzeugen, einzeln und zusammenh\u00e4ngend zu erlernen. Sie werden als direkte Technik zug\u00e4nglich gemacht und philosophisch aufgebaut. Somit entsteht der [&hellip;]\" \/>\n<meta property=\"og:url\" content=\"https:\/\/consol.earth\/index.php\/leben\/\" \/>\n<meta property=\"og:site_name\" content=\"Consciousness Solutions\" \/>\n<meta property=\"article:modified_time\" content=\"2022-01-11T16:08:20+00:00\" \/>\n<meta name=\"twitter:card\" content=\"summary_large_image\" \/>\n<meta name=\"twitter:label1\" content=\"Gesch\u00e4tzte Lesezeit\" \/>\n\t<meta name=\"twitter:data1\" content=\"2\u00a0Minuten\" \/>\n<script type=\"application\/ld+json\" class=\"yoast-schema-graph\">{\"@context\":\"https:\/\/schema.org\",\"@graph\":[{\"@type\":\"WebPage\",\"@id\":\"https:\/\/consol.earth\/index.php\/leben\/\",\"url\":\"https:\/\/consol.earth\/index.php\/leben\/\",\"name\":\"Bewusstseinssprung Leben - Consciousness Solutions\",\"isPartOf\":{\"@id\":\"https:\/\/consol.earth\/#website\"},\"datePublished\":\"2021-10-08T11:52:11+00:00\",\"dateModified\":\"2022-01-11T16:08:20+00:00\",\"breadcrumb\":{\"@id\":\"https:\/\/consol.earth\/index.php\/leben\/#breadcrumb\"},\"inLanguage\":\"de\",\"potentialAction\":[{\"@type\":\"ReadAction\",\"target\":[\"https:\/\/consol.earth\/index.php\/leben\/\"]}]},{\"@type\":\"BreadcrumbList\",\"@id\":\"https:\/\/consol.earth\/index.php\/leben\/#breadcrumb\",\"itemListElement\":[{\"@type\":\"ListItem\",\"position\":1,\"name\":\"Startseite\",\"item\":\"https:\/\/consol.earth\/\"},{\"@type\":\"ListItem\",\"position\":2,\"name\":\"Bewusstseinssprung Leben\"}]},{\"@type\":\"WebSite\",\"@id\":\"https:\/\/consol.earth\/#website\",\"url\":\"https:\/\/consol.earth\/\",\"name\":\"Consciousness Solutions\",\"description\":\"Bewusstsein ist die Wachheit, die das Licht ist, die das Innere beleuchtet.\",\"publisher\":{\"@id\":\"https:\/\/consol.earth\/#organization\"},\"potentialAction\":[{\"@type\":\"SearchAction\",\"target\":{\"@type\":\"EntryPoint\",\"urlTemplate\":\"https:\/\/consol.earth\/?s={search_term_string}\"},\"query-input\":\"required name=search_term_string\"}],\"inLanguage\":\"de\"},{\"@type\":\"Organization\",\"@id\":\"https:\/\/consol.earth\/#organization\",\"name\":\"Consciousness Solutions\",\"url\":\"https:\/\/consol.earth\/\",\"logo\":{\"@type\":\"ImageObject\",\"inLanguage\":\"de\",\"@id\":\"https:\/\/consol.earth\/#\/schema\/logo\/image\/\",\"url\":\"https:\/\/i0.wp.com\/consol.earth\/wp-content\/uploads\/2021\/10\/ConSol_Logo_Rings_No_Black_Lines.png?fit=801%2C368&ssl=1\",\"contentUrl\":\"https:\/\/i0.wp.com\/consol.earth\/wp-content\/uploads\/2021\/10\/ConSol_Logo_Rings_No_Black_Lines.png?fit=801%2C368&ssl=1\",\"width\":801,\"height\":368,\"caption\":\"Consciousness Solutions\"},\"image\":{\"@id\":\"https:\/\/consol.earth\/#\/schema\/logo\/image\/\"}}]}<\/script>\n<!-- \/ Yoast SEO plugin. -->","yoast_head_json":{"title":"Bewusstseinssprung Leben - Consciousness Solutions","robots":{"index":"index","follow":"follow","max-snippet":"max-snippet:-1","max-image-preview":"max-image-preview:large","max-video-preview":"max-video-preview:-1"},"canonical":"https:\/\/consol.earth\/index.php\/leben\/","og_locale":"de_DE","og_type":"article","og_title":"Bewusstseinssprung Leben - Consciousness Solutions","og_description":"Con\u2219Sol Technologie &amp; Bewusstseinssprung zu Leben Kalender Technologie und Methodik zur Entfaltung des Bewusstseins des Lebens Erlerne die Grundtechniken zum Aufbl\u00fchen lassen des Lebens. In dieser Bewusstseinsl\u00f6sung geht es darum, die Bewusstseine, welche das bewusste Lebendigsein erzeugen, einzeln und zusammenh\u00e4ngend zu erlernen. Sie werden als direkte Technik zug\u00e4nglich gemacht und philosophisch aufgebaut. Somit entsteht der [&hellip;]","og_url":"https:\/\/consol.earth\/index.php\/leben\/","og_site_name":"Consciousness Solutions","article_modified_time":"2022-01-11T16:08:20+00:00","twitter_card":"summary_large_image","twitter_misc":{"Gesch\u00e4tzte Lesezeit":"2\u00a0Minuten"},"schema":{"@context":"https:\/\/schema.org","@graph":[{"@type":"WebPage","@id":"https:\/\/consol.earth\/index.php\/leben\/","url":"https:\/\/consol.earth\/index.php\/leben\/","name":"Bewusstseinssprung Leben - Consciousness Solutions","isPartOf":{"@id":"https:\/\/consol.earth\/#website"},"datePublished":"2021-10-08T11:52:11+00:00","dateModified":"2022-01-11T16:08:20+00:00","breadcrumb":{"@id":"https:\/\/consol.earth\/index.php\/leben\/#breadcrumb"},"inLanguage":"de","potentialAction":[{"@type":"ReadAction","target":["https:\/\/consol.earth\/index.php\/leben\/"]}]},{"@type":"BreadcrumbList","@id":"https:\/\/consol.earth\/index.php\/leben\/#breadcrumb","itemListElement":[{"@type":"ListItem","position":1,"name":"Startseite","item":"https:\/\/consol.earth\/"},{"@type":"ListItem","position":2,"name":"Bewusstseinssprung Leben"}]},{"@type":"WebSite","@id":"https:\/\/consol.earth\/#website","url":"https:\/\/consol.earth\/","name":"Consciousness Solutions","description":"Bewusstsein ist die Wachheit, die das Licht ist, die das Innere beleuchtet.","publisher":{"@id":"https:\/\/consol.earth\/#organization"},"potentialAction":[{"@type":"SearchAction","target":{"@type":"EntryPoint","urlTemplate":"https:\/\/consol.earth\/?s={search_term_string}"},"query-input":"required name=search_term_string"}],"inLanguage":"de"},{"@type":"Organization","@id":"https:\/\/consol.earth\/#organization","name":"Consciousness Solutions","url":"https:\/\/consol.earth\/","logo":{"@type":"ImageObject","inLanguage":"de","@id":"https:\/\/consol.earth\/#\/schema\/logo\/image\/","url":"https:\/\/i0.wp.com\/consol.earth\/wp-content\/uploads\/2021\/10\/ConSol_Logo_Rings_No_Black_Lines.png?fit=801%2C368&ssl=1","contentUrl":"https:\/\/i0.wp.com\/consol.earth\/wp-content\/uploads\/2021\/10\/ConSol_Logo_Rings_No_Black_Lines.png?fit=801%2C368&ssl=1","width":801,"height":368,"caption":"Consciousness Solutions"},"image":{"@id":"https:\/\/consol.earth\/#\/schema\/logo\/image\/"}}]}},"jetpack_sharing_enabled":false,"jetpack_likes_enabled":false,"_links":{"self":[{"href":"https:\/\/consol.earth\/index.php\/wp-json\/wp\/v2\/pages\/2723"}],"collection":[{"href":"https:\/\/consol.earth\/index.php\/wp-json\/wp\/v2\/pages"}],"about":[{"href":"https:\/\/consol.earth\/index.php\/wp-json\/wp\/v2\/types\/page"}],"author":[{"embeddable":true,"href":"https:\/\/consol.earth\/index.php\/wp-json\/wp\/v2\/users\/2"}],"replies":[{"embeddable":true,"href":"https:\/\/consol.earth\/index.php\/wp-json\/wp\/v2\/comments?post=2723"}],"version-history":[{"count":79,"href":"https:\/\/consol.earth\/index.php\/wp-json\/wp\/v2\/pages\/2723\/revisions"}],"predecessor-version":[{"id":6597,"href":"https:\/\/consol.earth\/index.php\/wp-json\/wp\/v2\/pages\/2723\/revisions\/6597"}],"wp:attachment":[{"href":"https:\/\/consol.earth\/index.php\/wp-json\/wp\/v2\/media?parent=2723"}],"curies":[{"name":"wp","href":"https:\/\/api.w.org\/{rel}","templated":true}]}}