{"id":2828,"date":"2021-10-09T13:38:17","date_gmt":"2021-10-09T13:38:17","guid":{"rendered":"https:\/\/consol.earth\/?page_id=2828"},"modified":"2022-01-31T15:50:34","modified_gmt":"2022-01-31T15:50:34","slug":"klasse-elementarik","status":"publish","type":"page","link":"https:\/\/consol.earth\/index.php\/klasse-elementarik\/","title":{"rendered":"Elementarik"},"content":{"rendered":"<div id=\"pl-2828\"  class=\"panel-layout\" ><div id=\"pg-2828-0\"  class=\"panel-grid panel-no-style\" ><div id=\"pgc-2828-0-0\"  class=\"panel-grid-cell\" ><div id=\"panel-2828-0-0-0\" class=\"so-panel widget widget_spacer panel-first-child\" data-index=\"0\" ><div\n\t\t\t\n\t\t\tclass=\"so-widget-spacer so-widget-spacer-spacer-style-d75171398898-2828\"\n\t\t\t\n\t\t>\r\n\r\n\r\n\r\n\r\n<div class=\"spacer\" style=\"height: 80px\">\r\n<\/div><\/div><\/div><div id=\"panel-2828-0-0-1\" class=\"so-panel widget widget_sow-image panel-last-child\" data-index=\"1\" ><div class=\" animated appear duration8 panel-widget-style panel-widget-style-for-2828-0-0-1\" ><div\n\t\t\t\n\t\t\tclass=\"so-widget-sow-image so-widget-sow-image-default-17bc2272b535-2828\"\n\t\t\t\n\t\t>\n\n<div class=\"sow-image-container\">\n\t\t<img src=\"https:\/\/i0.wp.com\/consol.earth\/wp-content\/uploads\/2021\/10\/Elementarik2.png?fit=230%2C230&amp;ssl=1\" width=\"230\" height=\"230\" srcset=\"https:\/\/i0.wp.com\/consol.earth\/wp-content\/uploads\/2021\/10\/Elementarik2.png?w=1042&amp;ssl=1 1042w, https:\/\/i0.wp.com\/consol.earth\/wp-content\/uploads\/2021\/10\/Elementarik2.png?resize=300%2C300&amp;ssl=1 300w, https:\/\/i0.wp.com\/consol.earth\/wp-content\/uploads\/2021\/10\/Elementarik2.png?resize=1024%2C1024&amp;ssl=1 1024w, https:\/\/i0.wp.com\/consol.earth\/wp-content\/uploads\/2021\/10\/Elementarik2.png?resize=150%2C150&amp;ssl=1 150w, https:\/\/i0.wp.com\/consol.earth\/wp-content\/uploads\/2021\/10\/Elementarik2.png?resize=768%2C768&amp;ssl=1 768w\" alt=\"\" loading=\"lazy\" \t\tclass=\"so-widget-image\"\/>\n\t<\/div>\n\n<\/div><\/div><\/div><\/div><\/div><div id=\"pg-2828-1\"  class=\"panel-grid panel-no-style\" ><div id=\"pgc-2828-1-0\"  class=\"panel-grid-cell\" ><div id=\"panel-2828-1-0-0\" class=\"so-panel widget widget_sow-headline panel-first-child panel-last-child\" data-index=\"2\" ><div\n\t\t\t\n\t\t\tclass=\"so-widget-sow-headline so-widget-sow-headline-default-a586199ec0be-2828\"\n\t\t\t\n\t\t><div class=\"sow-headline-container \">\n\t<h1 class='sow-headline'>Con\u2219Sol Technologie &amp; Methodik \"Elementarik\"<\/h1>\t\t\t\t\t<div class=\"decoration\">\n\t\t\t\t\t\t<div class=\"decoration-inside\"><\/div>\n\t\t\t\t\t<\/div>\n\t\t\t\t\t<\/div><\/div><\/div><\/div><\/div><div id=\"pg-2828-2\"  class=\"panel-grid panel-has-style\" ><div class=\"panel-row-style panel-row-style-for-2828-2\" ><div id=\"pgc-2828-2-0\"  class=\"panel-grid-cell\" ><div id=\"panel-2828-2-0-0\" class=\"so-panel widget widget_sow-image panel-first-child\" data-index=\"3\" ><div class=\"panel-widget-style panel-widget-style-for-2828-2-0-0\" ><div\n\t\t\t\n\t\t\tclass=\"so-widget-sow-image so-widget-sow-image-default-d6014b76747a-2828\"\n\t\t\t\n\t\t>\n\n<div class=\"sow-image-container\">\n\t\t<img src=\"https:\/\/i0.wp.com\/consol.earth\/wp-content\/uploads\/2021\/09\/marek-piwnicki-S07d0_p_xag-unsplash.jpg?fit=768%2C480&amp;ssl=1\" width=\"768\" height=\"480\" srcset=\"https:\/\/i0.wp.com\/consol.earth\/wp-content\/uploads\/2021\/09\/marek-piwnicki-S07d0_p_xag-unsplash.jpg?w=1920&amp;ssl=1 1920w, https:\/\/i0.wp.com\/consol.earth\/wp-content\/uploads\/2021\/09\/marek-piwnicki-S07d0_p_xag-unsplash.jpg?resize=300%2C188&amp;ssl=1 300w, https:\/\/i0.wp.com\/consol.earth\/wp-content\/uploads\/2021\/09\/marek-piwnicki-S07d0_p_xag-unsplash.jpg?resize=1024%2C640&amp;ssl=1 1024w, https:\/\/i0.wp.com\/consol.earth\/wp-content\/uploads\/2021\/09\/marek-piwnicki-S07d0_p_xag-unsplash.jpg?resize=768%2C480&amp;ssl=1 768w, https:\/\/i0.wp.com\/consol.earth\/wp-content\/uploads\/2021\/09\/marek-piwnicki-S07d0_p_xag-unsplash.jpg?resize=1536%2C960&amp;ssl=1 1536w\" title=\"Sportliche Leistung durch Konzentration\" alt=\"Sportliche Leistung durch Konzentration\" loading=\"lazy\" \t\tclass=\"so-widget-image\"\/>\n\t<\/div>\n\n<\/div><\/div><\/div><div id=\"panel-2828-2-0-1\" class=\"so-panel widget widget_sow-button panel-last-child\" data-index=\"4\" ><div class=\"panel-widget-style panel-widget-style-for-2828-2-0-1\" ><div\n\t\t\t\n\t\t\tclass=\"so-widget-sow-button so-widget-sow-button-wire-30985d70c32e-2828\"\n\t\t\t\n\t\t><div class=\"ow-button-base ow-button-align-center\">\n\t<a href=\"https:\/\/consol.earth\/index.php\/solutions\/kalendar\/\" class=\"ow-icon-placement-left ow-button-hover\" target=\"_blank\" rel=\"noopener noreferrer\" \t\t>\n\t\t<span>\n\t\t\t\n\t\t\tKalender\t\t<\/span>\n\t<\/a>\n<\/div>\n<\/div><\/div><\/div><\/div><div id=\"pgc-2828-2-1\"  class=\"panel-grid-cell\" ><div id=\"panel-2828-2-1-0\" class=\"so-panel widget widget_sow-editor panel-first-child panel-last-child\" data-index=\"5\" ><div class=\"panel-widget-style panel-widget-style-for-2828-2-1-0\" ><div\n\t\t\t\n\t\t\tclass=\"so-widget-sow-editor so-widget-sow-editor-base\"\n\t\t\t\n\t\t>\n<div class=\"siteorigin-widget-tinymce textwidget\">\n\t<h3><span style=\"color: #000000;\">Bewusstseinselementarik<\/span><\/h3>\n<p><span style=\"color: #000000;\">Um Zugang zu unbegrenzt vielen Bewusstseinstechniken zu erlangen, liegt der Schl\u00fcssel im Kennenlernen und Vertiefen der grundlegenden Elemente des Bewusstseins.<\/span><br \/>\n<span style=\"color: #000000;\">Die Element des Bewusstseins sind die nicht weiter verfeinerbaren Grundsignaturen aller Bewusstseine. Sie stehen alle f\u00fcr ein \u00fcbergeordnetes Bewusstsein, welches in dem jeweiligen Element ganz enthalten, aber nicht in sich erwacht ist.<\/span><\/p>\n<p style=\"padding-left: 40px;\"><span style=\"color: #000000;\"><u>9 elementare Bewusstseine sind:<\/u><\/span><br \/>\n<span style=\"color: #000000;\"><strong>Selbst \u2013 Sein \u2013 Bedeutung \u2013 Aufl\u00f6sung \u2013 Natur \u2013 Form \u2013 Formlosigkeit \u2013 Essenz \u2013 Komplettheit<\/strong><\/span><\/p>\n<p style=\"padding-left: 40px;\"><span style=\"color: #000000;\"><u>Sie stehen f\u00fcr die \u00fcbergeordneten Bewusstseine:<\/u><\/span><br \/>\n<span style=\"color: #000000;\"><strong>Wachheit \u2013 Verbindung \u2013 Wahrheit \u2013 Leben \u2013 Metaphysik \u2013 Zeit \u2013 Ewigkeit \u2013 Weisheit \u2013 Sch\u00f6pfung<\/strong><\/span><\/p>\n<p><span style=\"color: #000000;\">Erlernt man die Elemente des Bewusstseins bewusst in das Bewusstsein zu holen, so l\u00e4sst sich jede reine Bewusstseinstechnik erzeugen und dadurch mit Klarheit erlernen.<\/span><\/p>\n<p><span style=\"color: #000000;\">Bewusstseinselemente sind der Zugang zum Erwachungsweg aus reinem Bewusstsein der ist: <\/span><em><span style=\"color: #000000;\">Allem im Bewusstsein als Bewusstsein bewusst zu sein.<\/span><\/em><\/p>\n<blockquote>\n<p><span style=\"color: #000000;\">Alle Con\u2022Sol L\u00f6sungen erstellen sich aus der Erforschung und der Kombination der Elemente des Bewusstseins. Mit dem inneren Wissen \u00fcber die Elemente k\u00f6nnen Techniken und Praktiken am direktesten und exaktesten angewandt werden.<\/span><\/p>\n<\/blockquote>\n<p><span style=\"color: #000000;\">Die Elemente bilden das Fundament des reinen Bewusstseinsweges.<\/span><br \/>\n<span style=\"color: #000000;\">Dennoch sind sie keine Voraussetzung f\u00fcr alle anderen Erwachungswege.<\/span><\/p>\n<\/div>\n<\/div><\/div><\/div><\/div><\/div><\/div><div id=\"pg-2828-3\"  class=\"panel-grid panel-has-style\" ><div class=\"panel-row-style panel-row-style-for-2828-3\" ><div id=\"pgc-2828-3-0\"  class=\"panel-grid-cell\" ><div id=\"panel-2828-3-0-0\" class=\"so-panel widget widget_sow-editor panel-first-child panel-last-child\" data-index=\"6\" ><div class=\"panel-widget-style panel-widget-style-for-2828-3-0-0\" ><div\n\t\t\t\n\t\t\tclass=\"so-widget-sow-editor so-widget-sow-editor-base\"\n\t\t\t\n\t\t>\n<div class=\"siteorigin-widget-tinymce textwidget\">\n\t<h3><strong>Teilnahme<\/strong><\/h3>\n<ul>\n<li>Anmeldung per <a href=\"https:\/\/consol.earth\/index.php\/kontakt\/\">Kontaktformular<\/a>, Mail: hello@consol.earth oder telefonisch: 076 229 89 50.<\/li>\n<\/ul>\n<p><strong>Zeitraum:<\/strong><\/p>\n<ul>\n<li>In jeder zweiten Woche des Monats findet ein Bewusstseinssprung-Wochenende zur Elementarik statt.<\/li>\n<li><b>Aktuelle Termine <\/b>im Kalender<\/li>\n<li>Samstag &amp; Sonntag von 10 bis 15.30 Uhr<\/li>\n<li>Es besteht die M\u00f6glichkeit, vor Ort im Retreat-Zimmer zu \u00fcbernachten<\/li>\n<\/ul>\n<p>&nbsp;<\/p>\n<p><strong>Individuelles Coaching:<\/strong><\/p>\n<ul>\n<li>95,- Fr im Einzelcoaching pro Stunde<\/li>\n<li>Individuelle Kurszeiten und Kombinationstarife f\u00fcr Einzel- oder Gruppencoachings auf Anfrage<\/li>\n<\/ul>\n<\/div>\n<\/div><\/div><\/div><\/div><\/div><\/div><\/div>","protected":false},"excerpt":{"rendered":"<p>Con\u2219Sol Technologie &amp; Methodik &#8222;Elementarik&#8220; Kalender Bewusstseinselementarik Um Zugang zu unbegrenzt vielen Bewusstseinstechniken zu erlangen, liegt der Schl\u00fcssel im Kennenlernen und Vertiefen der grundlegenden Elemente des Bewusstseins. Die Element des Bewusstseins sind die nicht weiter verfeinerbaren Grundsignaturen aller Bewusstseine. Sie stehen alle f\u00fcr ein \u00fcbergeordnetes Bewusstsein, welches in dem jeweiligen Element ganz enthalten, aber nicht [&hellip;]<\/p>\n","protected":false},"author":2,"featured_media":0,"parent":0,"menu_order":0,"comment_status":"closed","ping_status":"closed","template":"","meta":{"_monsterinsights_skip_tracking":false,"_monsterinsights_sitenote_active":false,"_monsterinsights_sitenote_note":"","_monsterinsights_sitenote_category":0,"jetpack_post_was_ever_published":false},"yoast_head":"<!-- This site is optimized with the Yoast SEO plugin v20.3 - https:\/\/yoast.com\/wordpress\/plugins\/seo\/ -->\n<title>Elementarik - Consciousness Solutions<\/title>\n<meta name=\"robots\" content=\"index, follow, max-snippet:-1, max-image-preview:large, max-video-preview:-1\" \/>\n<link rel=\"canonical\" href=\"https:\/\/consol.earth\/index.php\/klasse-elementarik\/\" \/>\n<meta property=\"og:locale\" content=\"de_DE\" \/>\n<meta property=\"og:type\" content=\"article\" \/>\n<meta property=\"og:title\" content=\"Elementarik - Consciousness Solutions\" \/>\n<meta property=\"og:description\" content=\"Con\u2219Sol Technologie &amp; Methodik &quot;Elementarik&quot; Kalender Bewusstseinselementarik Um Zugang zu unbegrenzt vielen Bewusstseinstechniken zu erlangen, liegt der Schl\u00fcssel im Kennenlernen und Vertiefen der grundlegenden Elemente des Bewusstseins. Die Element des Bewusstseins sind die nicht weiter verfeinerbaren Grundsignaturen aller Bewusstseine. Sie stehen alle f\u00fcr ein \u00fcbergeordnetes Bewusstsein, welches in dem jeweiligen Element ganz enthalten, aber nicht [&hellip;]\" \/>\n<meta property=\"og:url\" content=\"https:\/\/consol.earth\/index.php\/klasse-elementarik\/\" \/>\n<meta property=\"og:site_name\" content=\"Consciousness Solutions\" \/>\n<meta property=\"article:modified_time\" content=\"2022-01-31T15:50:34+00:00\" \/>\n<meta name=\"twitter:card\" content=\"summary_large_image\" \/>\n<meta name=\"twitter:label1\" content=\"Gesch\u00e4tzte Lesezeit\" \/>\n\t<meta name=\"twitter:data1\" content=\"2\u00a0Minuten\" \/>\n<script type=\"application\/ld+json\" class=\"yoast-schema-graph\">{\"@context\":\"https:\/\/schema.org\",\"@graph\":[{\"@type\":\"WebPage\",\"@id\":\"https:\/\/consol.earth\/index.php\/klasse-elementarik\/\",\"url\":\"https:\/\/consol.earth\/index.php\/klasse-elementarik\/\",\"name\":\"Elementarik - Consciousness Solutions\",\"isPartOf\":{\"@id\":\"https:\/\/consol.earth\/#website\"},\"datePublished\":\"2021-10-09T13:38:17+00:00\",\"dateModified\":\"2022-01-31T15:50:34+00:00\",\"breadcrumb\":{\"@id\":\"https:\/\/consol.earth\/index.php\/klasse-elementarik\/#breadcrumb\"},\"inLanguage\":\"de\",\"potentialAction\":[{\"@type\":\"ReadAction\",\"target\":[\"https:\/\/consol.earth\/index.php\/klasse-elementarik\/\"]}]},{\"@type\":\"BreadcrumbList\",\"@id\":\"https:\/\/consol.earth\/index.php\/klasse-elementarik\/#breadcrumb\",\"itemListElement\":[{\"@type\":\"ListItem\",\"position\":1,\"name\":\"Startseite\",\"item\":\"https:\/\/consol.earth\/\"},{\"@type\":\"ListItem\",\"position\":2,\"name\":\"Elementarik\"}]},{\"@type\":\"WebSite\",\"@id\":\"https:\/\/consol.earth\/#website\",\"url\":\"https:\/\/consol.earth\/\",\"name\":\"Consciousness Solutions\",\"description\":\"Bewusstsein ist die Wachheit, die das Licht ist, die das Innere beleuchtet.\",\"publisher\":{\"@id\":\"https:\/\/consol.earth\/#organization\"},\"potentialAction\":[{\"@type\":\"SearchAction\",\"target\":{\"@type\":\"EntryPoint\",\"urlTemplate\":\"https:\/\/consol.earth\/?s={search_term_string}\"},\"query-input\":\"required name=search_term_string\"}],\"inLanguage\":\"de\"},{\"@type\":\"Organization\",\"@id\":\"https:\/\/consol.earth\/#organization\",\"name\":\"Consciousness Solutions\",\"url\":\"https:\/\/consol.earth\/\",\"logo\":{\"@type\":\"ImageObject\",\"inLanguage\":\"de\",\"@id\":\"https:\/\/consol.earth\/#\/schema\/logo\/image\/\",\"url\":\"https:\/\/i0.wp.com\/consol.earth\/wp-content\/uploads\/2021\/10\/ConSol_Logo_Rings_No_Black_Lines.png?fit=801%2C368&ssl=1\",\"contentUrl\":\"https:\/\/i0.wp.com\/consol.earth\/wp-content\/uploads\/2021\/10\/ConSol_Logo_Rings_No_Black_Lines.png?fit=801%2C368&ssl=1\",\"width\":801,\"height\":368,\"caption\":\"Consciousness Solutions\"},\"image\":{\"@id\":\"https:\/\/consol.earth\/#\/schema\/logo\/image\/\"}}]}<\/script>\n<!-- \/ Yoast SEO plugin. -->","yoast_head_json":{"title":"Elementarik - Consciousness Solutions","robots":{"index":"index","follow":"follow","max-snippet":"max-snippet:-1","max-image-preview":"max-image-preview:large","max-video-preview":"max-video-preview:-1"},"canonical":"https:\/\/consol.earth\/index.php\/klasse-elementarik\/","og_locale":"de_DE","og_type":"article","og_title":"Elementarik - Consciousness Solutions","og_description":"Con\u2219Sol Technologie &amp; Methodik \"Elementarik\" Kalender Bewusstseinselementarik Um Zugang zu unbegrenzt vielen Bewusstseinstechniken zu erlangen, liegt der Schl\u00fcssel im Kennenlernen und Vertiefen der grundlegenden Elemente des Bewusstseins. Die Element des Bewusstseins sind die nicht weiter verfeinerbaren Grundsignaturen aller Bewusstseine. Sie stehen alle f\u00fcr ein \u00fcbergeordnetes Bewusstsein, welches in dem jeweiligen Element ganz enthalten, aber nicht [&hellip;]","og_url":"https:\/\/consol.earth\/index.php\/klasse-elementarik\/","og_site_name":"Consciousness Solutions","article_modified_time":"2022-01-31T15:50:34+00:00","twitter_card":"summary_large_image","twitter_misc":{"Gesch\u00e4tzte Lesezeit":"2\u00a0Minuten"},"schema":{"@context":"https:\/\/schema.org","@graph":[{"@type":"WebPage","@id":"https:\/\/consol.earth\/index.php\/klasse-elementarik\/","url":"https:\/\/consol.earth\/index.php\/klasse-elementarik\/","name":"Elementarik - Consciousness Solutions","isPartOf":{"@id":"https:\/\/consol.earth\/#website"},"datePublished":"2021-10-09T13:38:17+00:00","dateModified":"2022-01-31T15:50:34+00:00","breadcrumb":{"@id":"https:\/\/consol.earth\/index.php\/klasse-elementarik\/#breadcrumb"},"inLanguage":"de","potentialAction":[{"@type":"ReadAction","target":["https:\/\/consol.earth\/index.php\/klasse-elementarik\/"]}]},{"@type":"BreadcrumbList","@id":"https:\/\/consol.earth\/index.php\/klasse-elementarik\/#breadcrumb","itemListElement":[{"@type":"ListItem","position":1,"name":"Startseite","item":"https:\/\/consol.earth\/"},{"@type":"ListItem","position":2,"name":"Elementarik"}]},{"@type":"WebSite","@id":"https:\/\/consol.earth\/#website","url":"https:\/\/consol.earth\/","name":"Consciousness Solutions","description":"Bewusstsein ist die Wachheit, die das Licht ist, die das Innere beleuchtet.","publisher":{"@id":"https:\/\/consol.earth\/#organization"},"potentialAction":[{"@type":"SearchAction","target":{"@type":"EntryPoint","urlTemplate":"https:\/\/consol.earth\/?s={search_term_string}"},"query-input":"required name=search_term_string"}],"inLanguage":"de"},{"@type":"Organization","@id":"https:\/\/consol.earth\/#organization","name":"Consciousness Solutions","url":"https:\/\/consol.earth\/","logo":{"@type":"ImageObject","inLanguage":"de","@id":"https:\/\/consol.earth\/#\/schema\/logo\/image\/","url":"https:\/\/i0.wp.com\/consol.earth\/wp-content\/uploads\/2021\/10\/ConSol_Logo_Rings_No_Black_Lines.png?fit=801%2C368&ssl=1","contentUrl":"https:\/\/i0.wp.com\/consol.earth\/wp-content\/uploads\/2021\/10\/ConSol_Logo_Rings_No_Black_Lines.png?fit=801%2C368&ssl=1","width":801,"height":368,"caption":"Consciousness Solutions"},"image":{"@id":"https:\/\/consol.earth\/#\/schema\/logo\/image\/"}}]}},"jetpack_sharing_enabled":false,"jetpack_likes_enabled":false,"_links":{"self":[{"href":"https:\/\/consol.earth\/index.php\/wp-json\/wp\/v2\/pages\/2828"}],"collection":[{"href":"https:\/\/consol.earth\/index.php\/wp-json\/wp\/v2\/pages"}],"about":[{"href":"https:\/\/consol.earth\/index.php\/wp-json\/wp\/v2\/types\/page"}],"author":[{"embeddable":true,"href":"https:\/\/consol.earth\/index.php\/wp-json\/wp\/v2\/users\/2"}],"replies":[{"embeddable":true,"href":"https:\/\/consol.earth\/index.php\/wp-json\/wp\/v2\/comments?post=2828"}],"version-history":[{"count":74,"href":"https:\/\/consol.earth\/index.php\/wp-json\/wp\/v2\/pages\/2828\/revisions"}],"predecessor-version":[{"id":6719,"href":"https:\/\/consol.earth\/index.php\/wp-json\/wp\/v2\/pages\/2828\/revisions\/6719"}],"wp:attachment":[{"href":"https:\/\/consol.earth\/index.php\/wp-json\/wp\/v2\/media?parent=2828"}],"curies":[{"name":"wp","href":"https:\/\/api.w.org\/{rel}","templated":true}]}}