{"id":3953,"date":"2021-10-14T14:46:45","date_gmt":"2021-10-14T14:46:45","guid":{"rendered":"https:\/\/consol.earth\/?page_id=3953"},"modified":"2023-03-14T20:14:28","modified_gmt":"2023-03-14T20:14:28","slug":"mind","status":"publish","type":"page","link":"https:\/\/consol.earth\/index.php\/mind\/","title":{"rendered":"Mind &#8211; Solutions"},"content":{"rendered":"<div id=\"pl-3953\"  class=\"panel-layout\" ><div id=\"pg-3953-0\"  class=\"panel-grid panel-has-style\" ><div class=\"panel-row-style panel-row-style-for-3953-0\" ><div id=\"pgc-3953-0-0\"  class=\"panel-grid-cell\" ><div id=\"panel-3953-0-0-0\" class=\"so-panel widget widget_spacer panel-first-child panel-last-child\" data-index=\"0\" ><div\n\t\t\t\n\t\t\tclass=\"so-widget-spacer so-widget-spacer-spacer-style-d75171398898-3953\"\n\t\t\t\n\t\t>\r\n\r\n\r\n\r\n\r\n<div class=\"spacer\" style=\"height: 60px\">\r\n<\/div><\/div><\/div><\/div><\/div><\/div><div id=\"pg-3953-1\"  class=\"panel-grid panel-has-style\" ><div class=\"panel-row-style panel-row-style-for-3953-1\" ><div id=\"pgc-3953-1-0\"  class=\"panel-grid-cell\" ><div id=\"panel-3953-1-0-0\" class=\"so-panel widget widget_sow-headline panel-first-child panel-last-child\" data-index=\"1\" ><div class=\"panel-widget-style panel-widget-style-for-3953-1-0-0\" ><div\n\t\t\t\n\t\t\tclass=\"so-widget-sow-headline so-widget-sow-headline-default-43b097e84bc8-3953\"\n\t\t\t\n\t\t><div class=\"sow-headline-container \">\n\t<h1 class='sow-headline'>Con\u2219Sol Solutions -MIND-<\/h1>\t\t\t\t\t<div class=\"decoration\">\n\t\t\t\t\t\t<div class=\"decoration-inside\"><\/div>\n\t\t\t\t\t<\/div>\n\t\t\t\t\t<h3 class='sow-sub-headline'>Zufriedenheit, Klarsicht und Ruhe kommen nicht direkt aus Gedanken und Gef\u00fchlen, <br \/>sondern vielmehr aus der Selbst auferlegten Bedeutung, der Art und Weise, wie man sie h\u00e4lt und betrachtet.<\/h3><\/div><\/div><\/div><\/div><\/div><\/div><\/div><div id=\"pg-3953-2\"  class=\"panel-grid panel-has-style\" ><div class=\"panel-row-style panel-row-style-for-3953-2\" ><div id=\"pgc-3953-2-0\"  class=\"panel-grid-cell\" ><div id=\"panel-3953-2-0-0\" class=\"so-panel widget widget_sow-icon panel-first-child\" data-index=\"2\" ><div class=\"panel-widget-style panel-widget-style-for-3953-2-0-0\" ><div\n\t\t\t\n\t\t\tclass=\"so-widget-sow-icon so-widget-sow-icon-default-bc5824e73cfe-3953\"\n\t\t\t\n\t\t>\n<div class=\"sow-icon-container sow-icon\">\n\t\t\t<span class=\"sow-icon-fontawesome sow-far\" data-sow-icon=\"&#xf004;\"\n\t\t \n\t\taria-hidden=\"true\"><\/span>\t<\/div>\n<\/div><\/div><\/div><div id=\"panel-3953-2-0-1\" class=\"so-panel widget widget_sow-editor\" data-index=\"3\" ><div class=\"panel-widget-style panel-widget-style-for-3953-2-0-1\" ><div\n\t\t\t\n\t\t\tclass=\"so-widget-sow-editor so-widget-sow-editor-base\"\n\t\t\t\n\t\t>\n<div class=\"siteorigin-widget-tinymce textwidget\">\n\t<h3 class=\"q_team_name\" style=\"text-align: center;\"><span style=\"color: #000000;\">Vergebung<\/span><\/h3>\n<p style=\"text-align: center;\"><span style=\"color: #8a7b11;\"><strong>Vers\u00f6hnung kommt von unbedingter<br \/>\nIntegration aller Erfahrung.<\/strong><\/span><\/p>\n<p style=\"text-align: center;\"><span style=\"color: #8a7b11;\">Unabh\u00e4ngigkeit der Subjektivit\u00e4t verstehen \u2022 Bedingungen der Zufriedenheit ablegen \u2022 Bewertungen aufl\u00f6sen und in Klarheit ankommen<\/span><\/p>\n<\/div>\n<\/div><\/div><\/div><div id=\"panel-3953-2-0-2\" class=\"so-panel widget widget_sow-button\" data-index=\"4\" ><div class=\"panel-widget-style panel-widget-style-for-3953-2-0-2\" ><div\n\t\t\t\n\t\t\tclass=\"so-widget-sow-button so-widget-sow-button-wire-ae7243532521-3953\"\n\t\t\t\n\t\t><div class=\"ow-button-base ow-button-align-center\">\n\t<a href=\"https:\/\/consol.earth\/index.php\/solutions\/kalendar\/\" class=\"ow-icon-placement-left ow-button-hover\" \t\t>\n\t\t<span>\n\t\t\t\n\t\t\tKursbeschreibung\t\t<\/span>\n\t<\/a>\n<\/div>\n<\/div><\/div><\/div><div id=\"panel-3953-2-0-3\" class=\"so-panel widget widget_sow-button panel-last-child\" data-index=\"5\" ><div\n\t\t\t\n\t\t\tclass=\"so-widget-sow-button so-widget-sow-button-wire-ae7243532521-3953\"\n\t\t\t\n\t\t><div class=\"ow-button-base ow-button-align-center\">\n\t<a href=\"https:\/\/consol.earth\/index.php\/solutions\/kalendar\/\" class=\"ow-icon-placement-left ow-button-hover\" \t\t>\n\t\t<span>\n\t\t\t\n\t\t\tKalender\t\t<\/span>\n\t<\/a>\n<\/div>\n<\/div><\/div><\/div><div id=\"pgc-3953-2-1\"  class=\"panel-grid-cell\" ><div id=\"panel-3953-2-1-0\" class=\"so-panel widget widget_sow-icon panel-first-child\" data-index=\"6\" ><div class=\"panel-widget-style panel-widget-style-for-3953-2-1-0\" ><div\n\t\t\t\n\t\t\tclass=\"so-widget-sow-icon so-widget-sow-icon-default-bc5824e73cfe-3953\"\n\t\t\t\n\t\t>\n<div class=\"sow-icon-container sow-icon\">\n\t\t\t<span class=\"sow-icon-ionicons\" data-sow-icon=\"&#xf31a;\"\n\t\t \n\t\taria-hidden=\"true\"><\/span>\t<\/div>\n<\/div><\/div><\/div><div id=\"panel-3953-2-1-1\" class=\"so-panel widget widget_sow-editor\" data-index=\"7\" ><div class=\"panel-widget-style panel-widget-style-for-3953-2-1-1\" ><div\n\t\t\t\n\t\t\tclass=\"so-widget-sow-editor so-widget-sow-editor-base\"\n\t\t\t\n\t\t>\n<div class=\"siteorigin-widget-tinymce textwidget\">\n\t<h3 class=\"q_team_name\" style=\"text-align: center;\"><span style=\"color: #000000;\">Angst<\/span><\/h3>\n<p style=\"text-align: center;\"><span style=\"color: #8a7b11;\"><strong>Mentale Konstrukte sind die einzigen Schrecklichkeiten, die es gibt.<\/strong><\/span><\/p>\n<p style=\"text-align: center;\"><span style=\"color: #8a7b11;\">Projektionen durchschauen und durchschreiten \u2022 Identifikation erkennen und aufl\u00f6sen \u2022 Verbundenheit in sich aufgehen lassen<\/span><\/p>\n<\/div>\n<\/div><\/div><\/div><div id=\"panel-3953-2-1-2\" class=\"so-panel widget widget_sow-button\" data-index=\"8\" ><div class=\"panel-widget-style panel-widget-style-for-3953-2-1-2\" ><div\n\t\t\t\n\t\t\tclass=\"so-widget-sow-button so-widget-sow-button-wire-ae7243532521-3953\"\n\t\t\t\n\t\t><div class=\"ow-button-base ow-button-align-center\">\n\t<a href=\"https:\/\/consol.earth\/index.php\/angst\/\" class=\"ow-icon-placement-left ow-button-hover\" \t\t>\n\t\t<span>\n\t\t\t\n\t\t\tKursbeschreibung\t\t<\/span>\n\t<\/a>\n<\/div>\n<\/div><\/div><\/div><div id=\"panel-3953-2-1-3\" class=\"so-panel widget widget_sow-button panel-last-child\" data-index=\"9\" ><div\n\t\t\t\n\t\t\tclass=\"so-widget-sow-button so-widget-sow-button-wire-ae7243532521-3953\"\n\t\t\t\n\t\t><div class=\"ow-button-base ow-button-align-center\">\n\t<a href=\"https:\/\/consol.earth\/index.php\/solutions\/kalendar\/\" class=\"ow-icon-placement-left ow-button-hover\" \t\t>\n\t\t<span>\n\t\t\t\n\t\t\tKalender\t\t<\/span>\n\t<\/a>\n<\/div>\n<\/div><\/div><\/div><div id=\"pgc-3953-2-2\"  class=\"panel-grid-cell\" ><div id=\"panel-3953-2-2-0\" class=\"so-panel widget widget_sow-icon panel-first-child\" data-index=\"10\" ><div class=\"panel-widget-style panel-widget-style-for-3953-2-2-0\" ><div\n\t\t\t\n\t\t\tclass=\"so-widget-sow-icon so-widget-sow-icon-default-bc5824e73cfe-3953\"\n\t\t\t\n\t\t>\n<div class=\"sow-icon-container sow-icon\">\n\t\t\t<span class=\"sow-icon-ionicons\" data-sow-icon=\"&#xf1fd;\"\n\t\t \n\t\taria-hidden=\"true\"><\/span>\t<\/div>\n<\/div><\/div><\/div><div id=\"panel-3953-2-2-1\" class=\"so-panel widget widget_sow-editor\" data-index=\"11\" ><div class=\"panel-widget-style panel-widget-style-for-3953-2-2-1\" ><div\n\t\t\t\n\t\t\tclass=\"so-widget-sow-editor so-widget-sow-editor-base\"\n\t\t\t\n\t\t>\n<div class=\"siteorigin-widget-tinymce textwidget\">\n\t<h3 class=\"q_team_name\" style=\"text-align: center;\"><span style=\"color: #000000;\">Gelassenheit<\/span><\/h3>\n<p style=\"text-align: center;\"><span style=\"color: #8a7b11;\"><strong>Entspannung ist die Abwesenheit<br \/>\nder Bed\u00fcrfnisse nach Sicherheit.<\/strong><\/span><\/p>\n<p style=\"text-align: center;\"><span style=\"color: #8a7b11;\">Spannungen auffinden und l\u00f6sen \u2022 nat\u00fcrliche Unbetroffenheit erkennen \u2022 Kraft und Klarheit aus innerer Ruhe sch\u00f6pfen<\/span><\/p>\n<\/div>\n<\/div><\/div><\/div><div id=\"panel-3953-2-2-2\" class=\"so-panel widget widget_sow-button\" data-index=\"12\" ><div class=\"panel-widget-style panel-widget-style-for-3953-2-2-2\" ><div\n\t\t\t\n\t\t\tclass=\"so-widget-sow-button so-widget-sow-button-wire-ae7243532521-3953\"\n\t\t\t\n\t\t><div class=\"ow-button-base ow-button-align-center\">\n\t<a href=\"https:\/\/consol.earth\/index.php\/gelassenheit\/\" class=\"ow-icon-placement-left ow-button-hover\" \t\t>\n\t\t<span>\n\t\t\t\n\t\t\tKursbeschreibung\t\t<\/span>\n\t<\/a>\n<\/div>\n<\/div><\/div><\/div><div id=\"panel-3953-2-2-3\" class=\"so-panel widget widget_sow-button panel-last-child\" data-index=\"13\" ><div\n\t\t\t\n\t\t\tclass=\"so-widget-sow-button so-widget-sow-button-wire-ae7243532521-3953\"\n\t\t\t\n\t\t><div class=\"ow-button-base ow-button-align-center\">\n\t<a href=\"https:\/\/consol.earth\/index.php\/solutions\/kalendar\/\" class=\"ow-icon-placement-left ow-button-hover\" \t\t>\n\t\t<span>\n\t\t\t\n\t\t\tKalender\t\t<\/span>\n\t<\/a>\n<\/div>\n<\/div><\/div><\/div><\/div><\/div><div id=\"pg-3953-3\"  class=\"panel-grid panel-has-style\" ><div class=\"panel-row-style panel-row-style-for-3953-3\" ><div id=\"pgc-3953-3-0\"  class=\"panel-grid-cell\" ><div id=\"panel-3953-3-0-0\" class=\"so-panel widget widget_sow-icon panel-first-child\" data-index=\"14\" ><div\n\t\t\t\n\t\t\tclass=\"so-widget-sow-icon so-widget-sow-icon-default-bc5824e73cfe-3953\"\n\t\t\t\n\t\t>\n<div class=\"sow-icon-container sow-icon\">\n\t\t\t<span class=\"sow-icon-ionicons\" data-sow-icon=\"&#xf29c;\"\n\t\t \n\t\taria-hidden=\"true\"><\/span>\t<\/div>\n<\/div><\/div><div id=\"panel-3953-3-0-1\" class=\"so-panel widget widget_sow-editor\" data-index=\"15\" ><div class=\"panel-widget-style panel-widget-style-for-3953-3-0-1\" ><div\n\t\t\t\n\t\t\tclass=\"so-widget-sow-editor so-widget-sow-editor-base\"\n\t\t\t\n\t\t>\n<div class=\"siteorigin-widget-tinymce textwidget\">\n\t<h3 class=\"q_team_name\" style=\"text-align: center;\"><span style=\"color: #000000;\">Konzentration<\/span><\/h3>\n<p style=\"text-align: center;\"><strong><span style=\"color: #8a7b11;\">Ein sich tief konzentrierender Verstand<br \/>\nwirft Licht auf Alles.<\/span><\/strong><\/p>\n<p style=\"text-align: center;\"><span style=\"color: #8a7b11;\">\u00a0Unabgelenktheit erzeugen k\u00f6nnen \u2022 Oberfl\u00e4che von Bedeutungen durchblicken \u2022 Zugang zu allen M\u00f6glichkeiten in sich offen legen<\/span><\/p>\n<\/div>\n<\/div><\/div><\/div><div id=\"panel-3953-3-0-2\" class=\"so-panel widget widget_sow-button\" data-index=\"16\" ><div class=\"panel-widget-style panel-widget-style-for-3953-3-0-2\" ><div\n\t\t\t\n\t\t\tclass=\"so-widget-sow-button so-widget-sow-button-wire-ae7243532521-3953\"\n\t\t\t\n\t\t><div class=\"ow-button-base ow-button-align-center\">\n\t<a href=\"https:\/\/consol.earth\/index.php\/konzentration\/\" class=\"ow-icon-placement-left ow-button-hover\" \t\t>\n\t\t<span>\n\t\t\t\n\t\t\tKursbeschreibung\t\t<\/span>\n\t<\/a>\n<\/div>\n<\/div><\/div><\/div><div id=\"panel-3953-3-0-3\" class=\"so-panel widget widget_sow-button panel-last-child\" data-index=\"17\" ><div\n\t\t\t\n\t\t\tclass=\"so-widget-sow-button so-widget-sow-button-wire-ae7243532521-3953\"\n\t\t\t\n\t\t><div class=\"ow-button-base ow-button-align-center\">\n\t<a href=\"https:\/\/consol.earth\/index.php\/solutions\/kalendar\/\" class=\"ow-icon-placement-left ow-button-hover\" \t\t>\n\t\t<span>\n\t\t\t\n\t\t\tKalender\t\t<\/span>\n\t<\/a>\n<\/div>\n<\/div><\/div><\/div><div id=\"pgc-3953-3-1\"  class=\"panel-grid-cell\" ><div id=\"panel-3953-3-1-0\" class=\"so-panel widget widget_sow-image panel-first-child\" data-index=\"18\" ><div class=\"panel-widget-style panel-widget-style-for-3953-3-1-0\" ><div\n\t\t\t\n\t\t\tclass=\"so-widget-sow-image so-widget-sow-image-default-17bc2272b535-3953\"\n\t\t\t\n\t\t>\n\n<div class=\"sow-image-container\">\n\t\t<img src=\"https:\/\/i0.wp.com\/consol.earth\/wp-content\/uploads\/2021\/10\/Elementarik2.png?fit=300%2C300&amp;ssl=1\" width=\"300\" height=\"300\" srcset=\"https:\/\/i0.wp.com\/consol.earth\/wp-content\/uploads\/2021\/10\/Elementarik2.png?w=1042&amp;ssl=1 1042w, https:\/\/i0.wp.com\/consol.earth\/wp-content\/uploads\/2021\/10\/Elementarik2.png?resize=300%2C300&amp;ssl=1 300w, https:\/\/i0.wp.com\/consol.earth\/wp-content\/uploads\/2021\/10\/Elementarik2.png?resize=1024%2C1024&amp;ssl=1 1024w, https:\/\/i0.wp.com\/consol.earth\/wp-content\/uploads\/2021\/10\/Elementarik2.png?resize=150%2C150&amp;ssl=1 150w, https:\/\/i0.wp.com\/consol.earth\/wp-content\/uploads\/2021\/10\/Elementarik2.png?resize=768%2C768&amp;ssl=1 768w\" alt=\"\" loading=\"lazy\" \t\tclass=\"so-widget-image\"\/>\n\t<\/div>\n\n<\/div><\/div><\/div><div id=\"panel-3953-3-1-1\" class=\"so-panel widget widget_sow-headline\" data-index=\"19\" ><div\n\t\t\t\n\t\t\tclass=\"so-widget-sow-headline so-widget-sow-headline-default-43b097e84bc8-3953\"\n\t\t\t\n\t\t><div class=\"sow-headline-container \">\n\t<h1 class='sow-headline'>Con\u2219Sol Solutions <\/h1>\t\t\t\t\t<div class=\"decoration\">\n\t\t\t\t\t\t<div class=\"decoration-inside\"><\/div>\n\t\t\t\t\t<\/div>\n\t\t\t\t\t<h3 class='sow-sub-headline'>Weitere Themen<\/h3><\/div><\/div><\/div><div id=\"panel-3953-3-1-2\" class=\"so-panel widget widget_sow-button\" data-index=\"20\" ><div class=\"panel-widget-style panel-widget-style-for-3953-3-1-2\" ><div\n\t\t\t\n\t\t\tclass=\"so-widget-sow-button so-widget-sow-button-wire-95207adf62dc-3953\"\n\t\t\t\n\t\t><div class=\"ow-button-base ow-button-align-center\">\n\t<a href=\"https:\/\/consol.earth\/index.php\/consol-klassen\/\" class=\"ow-icon-placement-left ow-button-hover\" \t\t>\n\t\t<span>\n\t\t\t\n\t\t\tSpiritualit\u00e4t\t\t<\/span>\n\t<\/a>\n<\/div>\n<\/div><\/div><\/div><div id=\"panel-3953-3-1-3\" class=\"so-panel widget widget_sow-button panel-last-child\" data-index=\"21\" ><div class=\"panel-widget-style panel-widget-style-for-3953-3-1-3\" ><div\n\t\t\t\n\t\t\tclass=\"so-widget-sow-button so-widget-sow-button-wire-95207adf62dc-3953\"\n\t\t\t\n\t\t><div class=\"ow-button-base ow-button-align-center\">\n\t<a href=\"https:\/\/consol.earth\/index.php\/solutions-selbstentwicklung\/\" class=\"ow-icon-placement-left ow-button-hover\" \t\t>\n\t\t<span>\n\t\t\t\n\t\t\tSelbstentwicklung\t\t<\/span>\n\t<\/a>\n<\/div>\n<\/div><\/div><\/div><\/div><div id=\"pgc-3953-3-2\"  class=\"panel-grid-cell\" ><div id=\"panel-3953-3-2-0\" class=\"so-panel widget widget_sow-icon panel-first-child\" data-index=\"22\" ><div class=\"panel-widget-style panel-widget-style-for-3953-3-2-0\" ><div\n\t\t\t\n\t\t\tclass=\"so-widget-sow-icon so-widget-sow-icon-default-bc5824e73cfe-3953\"\n\t\t\t\n\t\t>\n<div class=\"sow-icon-container sow-icon\">\n\t\t\t<span class=\"sow-icon-icomoon\" data-sow-icon=\"&#xe982;\"\n\t\t \n\t\taria-hidden=\"true\"><\/span>\t<\/div>\n<\/div><\/div><\/div><div id=\"panel-3953-3-2-1\" class=\"so-panel widget widget_sow-editor\" data-index=\"23\" ><div class=\"panel-widget-style panel-widget-style-for-3953-3-2-1\" ><div\n\t\t\t\n\t\t\tclass=\"so-widget-sow-editor so-widget-sow-editor-base\"\n\t\t\t\n\t\t>\n<div class=\"siteorigin-widget-tinymce textwidget\">\n\t<h3 class=\"q_team_name\" style=\"text-align: center;\"><span style=\"color: #000000;\">Gedankenlosigkeit<\/span><\/h3>\n<p style=\"text-align: center;\"><span style=\"color: #8a7b11;\"><strong>Ein klarer Geist bringt wahrlich unbedingte Entscheidungen hervor.<\/strong><\/span><\/p>\n<p style=\"text-align: center;\"><span style=\"color: #8a7b11;\">Identifikation mit Gedanken verstehen und durchschauen \u2022 Gedankenkonstrukte, -muster und Kommentare bewusst aufl\u00f6sen \u2022 Pr\u00e4zisen Umgang mit Gedanken erlernen<\/span><\/p>\n<\/div>\n<\/div><\/div><\/div><div id=\"panel-3953-3-2-2\" class=\"so-panel widget widget_sow-button\" data-index=\"24\" ><div class=\"panel-widget-style panel-widget-style-for-3953-3-2-2\" ><div\n\t\t\t\n\t\t\tclass=\"so-widget-sow-button so-widget-sow-button-wire-ae7243532521-3953\"\n\t\t\t\n\t\t><div class=\"ow-button-base ow-button-align-center\">\n\t<a href=\"https:\/\/consol.earth\/index.php\/gedankenlosigkeit\/\" class=\"ow-icon-placement-left ow-button-hover\" \t\t>\n\t\t<span>\n\t\t\t\n\t\t\tKursbeschreibung\t\t<\/span>\n\t<\/a>\n<\/div>\n<\/div><\/div><\/div><div id=\"panel-3953-3-2-3\" class=\"so-panel widget widget_sow-button panel-last-child\" data-index=\"25\" ><div\n\t\t\t\n\t\t\tclass=\"so-widget-sow-button so-widget-sow-button-wire-ae7243532521-3953\"\n\t\t\t\n\t\t><div class=\"ow-button-base ow-button-align-center\">\n\t<a href=\"https:\/\/consol.earth\/index.php\/solutions\/kalendar\/\" class=\"ow-icon-placement-left ow-button-hover\" \t\t>\n\t\t<span>\n\t\t\t\n\t\t\tKalender\t\t<\/span>\n\t<\/a>\n<\/div>\n<\/div><\/div><\/div><\/div><\/div><div id=\"pg-3953-4\"  class=\"panel-grid panel-no-style\" ><div id=\"pgc-3953-4-0\"  class=\"panel-grid-cell\" ><div id=\"panel-3953-4-0-0\" class=\"so-panel widget widget_spacer panel-first-child panel-last-child\" data-index=\"26\" ><div\n\t\t\t\n\t\t\tclass=\"so-widget-spacer so-widget-spacer-spacer-style-d75171398898-3953\"\n\t\t\t\n\t\t>\r\n\r\n\r\n\r\n\r\n<div class=\"spacer\" style=\"height: 80px\">\r\n<\/div><\/div><\/div><\/div><\/div><\/div>","protected":false},"excerpt":{"rendered":"<p>Con\u2219Sol Solutions -MIND- Zufriedenheit, Klarsicht und Ruhe kommen nicht direkt aus Gedanken und Gef\u00fchlen, sondern vielmehr aus der Selbst auferlegten Bedeutung, der Art und Weise, wie man sie h\u00e4lt und betrachtet. Vergebung Vers\u00f6hnung kommt von unbedingter Integration aller Erfahrung. Unabh\u00e4ngigkeit der Subjektivit\u00e4t verstehen \u2022 Bedingungen der Zufriedenheit ablegen \u2022 Bewertungen aufl\u00f6sen und in Klarheit ankommen [&hellip;]<\/p>\n","protected":false},"author":2,"featured_media":0,"parent":0,"menu_order":0,"comment_status":"closed","ping_status":"closed","template":"","meta":{"_monsterinsights_skip_tracking":false,"_monsterinsights_sitenote_active":false,"_monsterinsights_sitenote_note":"","_monsterinsights_sitenote_category":0,"jetpack_post_was_ever_published":false},"yoast_head":"<!-- This site is optimized with the Yoast SEO plugin v20.3 - https:\/\/yoast.com\/wordpress\/plugins\/seo\/ -->\n<title>Mind - Solutions - Consciousness Solutions<\/title>\n<meta name=\"robots\" content=\"index, follow, max-snippet:-1, max-image-preview:large, max-video-preview:-1\" \/>\n<link rel=\"canonical\" href=\"https:\/\/consol.earth\/index.php\/mind\/\" \/>\n<meta property=\"og:locale\" content=\"de_DE\" \/>\n<meta property=\"og:type\" content=\"article\" \/>\n<meta property=\"og:title\" content=\"Mind - Solutions - Consciousness Solutions\" \/>\n<meta property=\"og:description\" content=\"Con\u2219Sol Solutions -MIND- Zufriedenheit, Klarsicht und Ruhe kommen nicht direkt aus Gedanken und Gef\u00fchlen, sondern vielmehr aus der Selbst auferlegten Bedeutung, der Art und Weise, wie man sie h\u00e4lt und betrachtet. Vergebung Vers\u00f6hnung kommt von unbedingter Integration aller Erfahrung. Unabh\u00e4ngigkeit der Subjektivit\u00e4t verstehen \u2022 Bedingungen der Zufriedenheit ablegen \u2022 Bewertungen aufl\u00f6sen und in Klarheit ankommen [&hellip;]\" \/>\n<meta property=\"og:url\" content=\"https:\/\/consol.earth\/index.php\/mind\/\" \/>\n<meta property=\"og:site_name\" content=\"Consciousness Solutions\" \/>\n<meta property=\"article:modified_time\" content=\"2023-03-14T20:14:28+00:00\" \/>\n<meta name=\"twitter:card\" content=\"summary_large_image\" \/>\n<meta name=\"twitter:label1\" content=\"Gesch\u00e4tzte Lesezeit\" \/>\n\t<meta name=\"twitter:data1\" content=\"2\u00a0Minuten\" \/>\n<script type=\"application\/ld+json\" class=\"yoast-schema-graph\">{\"@context\":\"https:\/\/schema.org\",\"@graph\":[{\"@type\":\"WebPage\",\"@id\":\"https:\/\/consol.earth\/index.php\/mind\/\",\"url\":\"https:\/\/consol.earth\/index.php\/mind\/\",\"name\":\"Mind - Solutions - Consciousness Solutions\",\"isPartOf\":{\"@id\":\"https:\/\/consol.earth\/#website\"},\"datePublished\":\"2021-10-14T14:46:45+00:00\",\"dateModified\":\"2023-03-14T20:14:28+00:00\",\"breadcrumb\":{\"@id\":\"https:\/\/consol.earth\/index.php\/mind\/#breadcrumb\"},\"inLanguage\":\"de\",\"potentialAction\":[{\"@type\":\"ReadAction\",\"target\":[\"https:\/\/consol.earth\/index.php\/mind\/\"]}]},{\"@type\":\"BreadcrumbList\",\"@id\":\"https:\/\/consol.earth\/index.php\/mind\/#breadcrumb\",\"itemListElement\":[{\"@type\":\"ListItem\",\"position\":1,\"name\":\"Startseite\",\"item\":\"https:\/\/consol.earth\/\"},{\"@type\":\"ListItem\",\"position\":2,\"name\":\"Mind &#8211; Solutions\"}]},{\"@type\":\"WebSite\",\"@id\":\"https:\/\/consol.earth\/#website\",\"url\":\"https:\/\/consol.earth\/\",\"name\":\"Consciousness Solutions\",\"description\":\"Bewusstsein ist die Wachheit, die das Licht ist, die das Innere beleuchtet.\",\"publisher\":{\"@id\":\"https:\/\/consol.earth\/#organization\"},\"potentialAction\":[{\"@type\":\"SearchAction\",\"target\":{\"@type\":\"EntryPoint\",\"urlTemplate\":\"https:\/\/consol.earth\/?s={search_term_string}\"},\"query-input\":\"required name=search_term_string\"}],\"inLanguage\":\"de\"},{\"@type\":\"Organization\",\"@id\":\"https:\/\/consol.earth\/#organization\",\"name\":\"Consciousness Solutions\",\"url\":\"https:\/\/consol.earth\/\",\"logo\":{\"@type\":\"ImageObject\",\"inLanguage\":\"de\",\"@id\":\"https:\/\/consol.earth\/#\/schema\/logo\/image\/\",\"url\":\"https:\/\/i0.wp.com\/consol.earth\/wp-content\/uploads\/2021\/10\/ConSol_Logo_Rings_No_Black_Lines.png?fit=801%2C368&ssl=1\",\"contentUrl\":\"https:\/\/i0.wp.com\/consol.earth\/wp-content\/uploads\/2021\/10\/ConSol_Logo_Rings_No_Black_Lines.png?fit=801%2C368&ssl=1\",\"width\":801,\"height\":368,\"caption\":\"Consciousness Solutions\"},\"image\":{\"@id\":\"https:\/\/consol.earth\/#\/schema\/logo\/image\/\"}}]}<\/script>\n<!-- \/ Yoast SEO plugin. -->","yoast_head_json":{"title":"Mind - Solutions - Consciousness Solutions","robots":{"index":"index","follow":"follow","max-snippet":"max-snippet:-1","max-image-preview":"max-image-preview:large","max-video-preview":"max-video-preview:-1"},"canonical":"https:\/\/consol.earth\/index.php\/mind\/","og_locale":"de_DE","og_type":"article","og_title":"Mind - Solutions - Consciousness Solutions","og_description":"Con\u2219Sol Solutions -MIND- Zufriedenheit, Klarsicht und Ruhe kommen nicht direkt aus Gedanken und Gef\u00fchlen, sondern vielmehr aus der Selbst auferlegten Bedeutung, der Art und Weise, wie man sie h\u00e4lt und betrachtet. Vergebung Vers\u00f6hnung kommt von unbedingter Integration aller Erfahrung. Unabh\u00e4ngigkeit der Subjektivit\u00e4t verstehen \u2022 Bedingungen der Zufriedenheit ablegen \u2022 Bewertungen aufl\u00f6sen und in Klarheit ankommen [&hellip;]","og_url":"https:\/\/consol.earth\/index.php\/mind\/","og_site_name":"Consciousness Solutions","article_modified_time":"2023-03-14T20:14:28+00:00","twitter_card":"summary_large_image","twitter_misc":{"Gesch\u00e4tzte Lesezeit":"2\u00a0Minuten"},"schema":{"@context":"https:\/\/schema.org","@graph":[{"@type":"WebPage","@id":"https:\/\/consol.earth\/index.php\/mind\/","url":"https:\/\/consol.earth\/index.php\/mind\/","name":"Mind - Solutions - Consciousness Solutions","isPartOf":{"@id":"https:\/\/consol.earth\/#website"},"datePublished":"2021-10-14T14:46:45+00:00","dateModified":"2023-03-14T20:14:28+00:00","breadcrumb":{"@id":"https:\/\/consol.earth\/index.php\/mind\/#breadcrumb"},"inLanguage":"de","potentialAction":[{"@type":"ReadAction","target":["https:\/\/consol.earth\/index.php\/mind\/"]}]},{"@type":"BreadcrumbList","@id":"https:\/\/consol.earth\/index.php\/mind\/#breadcrumb","itemListElement":[{"@type":"ListItem","position":1,"name":"Startseite","item":"https:\/\/consol.earth\/"},{"@type":"ListItem","position":2,"name":"Mind &#8211; Solutions"}]},{"@type":"WebSite","@id":"https:\/\/consol.earth\/#website","url":"https:\/\/consol.earth\/","name":"Consciousness Solutions","description":"Bewusstsein ist die Wachheit, die das Licht ist, die das Innere beleuchtet.","publisher":{"@id":"https:\/\/consol.earth\/#organization"},"potentialAction":[{"@type":"SearchAction","target":{"@type":"EntryPoint","urlTemplate":"https:\/\/consol.earth\/?s={search_term_string}"},"query-input":"required name=search_term_string"}],"inLanguage":"de"},{"@type":"Organization","@id":"https:\/\/consol.earth\/#organization","name":"Consciousness Solutions","url":"https:\/\/consol.earth\/","logo":{"@type":"ImageObject","inLanguage":"de","@id":"https:\/\/consol.earth\/#\/schema\/logo\/image\/","url":"https:\/\/i0.wp.com\/consol.earth\/wp-content\/uploads\/2021\/10\/ConSol_Logo_Rings_No_Black_Lines.png?fit=801%2C368&ssl=1","contentUrl":"https:\/\/i0.wp.com\/consol.earth\/wp-content\/uploads\/2021\/10\/ConSol_Logo_Rings_No_Black_Lines.png?fit=801%2C368&ssl=1","width":801,"height":368,"caption":"Consciousness Solutions"},"image":{"@id":"https:\/\/consol.earth\/#\/schema\/logo\/image\/"}}]}},"jetpack_sharing_enabled":false,"jetpack_likes_enabled":false,"_links":{"self":[{"href":"https:\/\/consol.earth\/index.php\/wp-json\/wp\/v2\/pages\/3953"}],"collection":[{"href":"https:\/\/consol.earth\/index.php\/wp-json\/wp\/v2\/pages"}],"about":[{"href":"https:\/\/consol.earth\/index.php\/wp-json\/wp\/v2\/types\/page"}],"author":[{"embeddable":true,"href":"https:\/\/consol.earth\/index.php\/wp-json\/wp\/v2\/users\/2"}],"replies":[{"embeddable":true,"href":"https:\/\/consol.earth\/index.php\/wp-json\/wp\/v2\/comments?post=3953"}],"version-history":[{"count":129,"href":"https:\/\/consol.earth\/index.php\/wp-json\/wp\/v2\/pages\/3953\/revisions"}],"predecessor-version":[{"id":7237,"href":"https:\/\/consol.earth\/index.php\/wp-json\/wp\/v2\/pages\/3953\/revisions\/7237"}],"wp:attachment":[{"href":"https:\/\/consol.earth\/index.php\/wp-json\/wp\/v2\/media?parent=3953"}],"curies":[{"name":"wp","href":"https:\/\/api.w.org\/{rel}","templated":true}]}}