{"id":4033,"date":"2021-10-14T16:53:51","date_gmt":"2021-10-14T16:53:51","guid":{"rendered":"https:\/\/consol.earth\/?page_id=4033"},"modified":"2021-12-17T15:13:51","modified_gmt":"2021-12-17T15:13:51","slug":"angst","status":"publish","type":"page","link":"https:\/\/consol.earth\/index.php\/angst\/","title":{"rendered":"Angst"},"content":{"rendered":"<div id=\"pl-4033\"  class=\"panel-layout\" ><div id=\"pg-4033-0\"  class=\"panel-grid panel-no-style\" ><div id=\"pgc-4033-0-0\"  class=\"panel-grid-cell\" ><div id=\"panel-4033-0-0-0\" class=\"so-panel widget widget_spacer panel-first-child panel-last-child\" data-index=\"0\" ><div\n\t\t\t\n\t\t\tclass=\"so-widget-spacer so-widget-spacer-spacer-style-d75171398898-4033\"\n\t\t\t\n\t\t>\r\n\r\n\r\n\r\n\r\n<div class=\"spacer\" style=\"height: 80px\">\r\n<\/div><\/div><\/div><\/div><\/div><div id=\"pg-4033-1\"  class=\"panel-grid panel-no-style\" ><div id=\"pgc-4033-1-0\"  class=\"panel-grid-cell\" ><div id=\"panel-4033-1-0-0\" class=\"so-panel widget widget_sow-icon panel-first-child\" data-index=\"1\" ><div\n\t\t\t\n\t\t\tclass=\"so-widget-sow-icon so-widget-sow-icon-default-8460aa7b2093-4033\"\n\t\t\t\n\t\t>\n<div class=\"sow-icon-container sow-icon\">\n\t\t\t<span class=\"sow-icon-ionicons\" data-sow-icon=\"&#xf31a;\"\n\t\t \n\t\taria-hidden=\"true\"><\/span>\t<\/div>\n<\/div><\/div><div id=\"panel-4033-1-0-1\" class=\"so-panel widget widget_sow-headline panel-last-child\" data-index=\"2\" ><div\n\t\t\t\n\t\t\tclass=\"so-widget-sow-headline so-widget-sow-headline-default-a586199ec0be-4033\"\n\t\t\t\n\t\t><div class=\"sow-headline-container \">\n\t<h1 class='sow-headline'>Con\u2219Sol Technologie &amp; Methodik \"ANGST\"<\/h1>\t\t\t\t\t<div class=\"decoration\">\n\t\t\t\t\t\t<div class=\"decoration-inside\"><\/div>\n\t\t\t\t\t<\/div>\n\t\t\t\t\t<\/div><\/div><\/div><\/div><\/div><div id=\"pg-4033-2\"  class=\"panel-grid panel-has-style\" ><div class=\"panel-row-style panel-row-style-for-4033-2\" ><div id=\"pgc-4033-2-0\"  class=\"panel-grid-cell\" ><div id=\"panel-4033-2-0-0\" class=\"so-panel widget widget_sow-editor panel-first-child panel-last-child\" data-index=\"3\" ><div class=\"panel-widget-style panel-widget-style-for-4033-2-0-0\" ><div\n\t\t\t\n\t\t\tclass=\"so-widget-sow-editor so-widget-sow-editor-base\"\n\t\t\t\n\t\t>\n<div class=\"siteorigin-widget-tinymce textwidget\">\n\t<h2 style=\"text-align: left;\">Durch Meditation \u00c4ngste aufl\u00f6sen: Meditationsinhalt und Technik zur Durchschauung und \u00dcberwindung von Angst und Grenzen<\/h2>\n<p align=\"justify\">Der Ausbruch aus der Beengtheit der Gef\u00fchle, das Absch\u00fctteln der selbst auferlegten Limitationen, das Entkommen aus der Wiederholung von Tr\u00fcbsal und Sinnlosigkeit, das Beenden von endlosem Zweifel und unaufhaltsamen Konsequenzendenken \u2013 das, was alle dem am meisten im Weg steht, ist die Angst.<\/p>\n<p align=\"justify\">Weil man die Angst nicht \u00fcberwindet, lernt man Freiheiten als unerreichbar kennen, bis man sich schlie\u00dflich an diese Unerreichbarkeit gew\u00f6hnt. In Selbstvertiefung den Blick gleich nach Innen zu richten und in Meditation \u00c4ngste aufl\u00f6sen zu lernen, liegt vielen zun\u00e4chst unerreichbar fern. Sieht man nach und nach weiter von der M\u00f6glichkeit ab, sich gegen diese Tatsache zu erheben, erlebt man in sich weiteres verschlossen und eingeschlossen sein. Man h\u00f6rt auf zu wachsen und Neues in sich und im Leben zu entdecken. So empfindet man das Leben immer mehr als eine Tortur, bis hin zu einem schrecklichen Erlebnis, was das in-sich-zur\u00fcckziehen weiter verst\u00e4rkt. Man leidet an der Leere und der Abgeschlossenheit und hat viel M\u00fche, ehrliche, heilsame Selbst-Liebe zu empfinden. Dann sind die \u00c4ngste zu Grenzen \u2013 Unzug\u00e4nglichkeiten \u2013 geworden.<\/p>\n<p align=\"justify\">Dieses Erlebnis ist so typisch f\u00fcr den Menschen, denn die Angst, wie wir sie kennen, hat uns die Evolution zur Erkennung von Gefahren und zum Meiden (lebens-)bedrohlicher Umst\u00e4nde eingepr\u00e4gt. Im gesellschaftlich \u00fcblichen Grundverst\u00e4ndnis ist die Angst das, was einen sch\u00fctzt und wird so oft mit dem Abhandensein von erstrebenswerter Sicherheit verwechselt.<\/p>\n<p>Ist der Verstand mit dem allgegenw\u00e4rtigen Charakter der Angst gef\u00fcllt, ist er kein gutes Instrument, um Wohl, Frieden, Gl\u00fcck und allgemeine Lebensqualit\u00e4t herbeizuf\u00fchren. Die Verstandesaktivit\u00e4ten formen sich zu zwanghaften Zyklen. Beginnt man daran zu leiden, in der Angst eingeschlossen zu sein, ist dies oft Anlass, sich gegen seine Grenzen aufzulehnen. Frustration folgt dem Erlebnis, sich die geistigen Z\u00e4hne auszubeissen und die F\u00e4uste blutig zu schlagen, denn unbewusst verh\u00e4rtet sich die Begrenzung im Widerstand.<\/p>\n<p>Auf eine gewisse Art und Weise ist es den meisten dennoch intuitiv bewusst, dass es m\u00f6glich ist, die eigenen \u00c4ngste zu durchschauen und zu durchdringen. Mut, Vertrauen, Klarheit, Zuversicht, Hingabe, Moralit\u00e4t, Kraft und Gemeinschaft sind nur ein paar Beispiele. Sie alle verbindet eines: der Glaube oder das Gewissen, dass das Leben gr\u00f6sser ist, als das Gef\u00e4ngnis in unserem Verstand.<\/p>\n<p>Das was es ben\u00f6tigt, um die \u00c4ngste und ihre projizierten Schreckens-Szenarien im Verstand zu durchschauen und schlie\u00dflich zu \u00fcberwinden, ist eine bewusste Dissoziation von ihnen und ein resolutes Da-Sein, inmitten ihrer Pr\u00e4senz.<\/p>\n<blockquote>\n<p><em>Angst bedeutet nur, dass man ein gewisses Unbekanntes als Risiko einstuft.<\/em><\/p>\n<\/blockquote>\n<p>Dadurch wird die Unaushaltbarkeit der Angst vor der Angst gebrochen und man kann auf direktem Weg Frieden in der Eingeschlossenheit anstreben, wodurch erst wirklich die Mauern um das Innere fallen. Denn die vermeintliche Kraft der Angst ist in Wahrheit die Illusion glauben zu wissen, was in Zukunft passiert.<\/p>\n<p>In Meditation ist dies bewusst umsetzbar. Im Bewusstsein sind sowohl die aufgebauten Grenzen, als auch die Angst im Inneren naheliegend und anschaubar. Durch Meditation er\u00f6ffnet sich in klarer Ruhe der Zugang zur Aufl\u00f6sung der bekannten \u00c4ngste und Angstbilder.<br \/>\nDie Techniken und Verst\u00e4ndnisse, welche in diesem Kurs geschult und er\u00fcbt werden, sind tief anwendbar und f\u00fchren auch hin zu einem gr\u00f6sseren Zugang zu langfristiger innerer Freiheit und Zufriedenheit.<\/p>\n<blockquote>\n<p><em>Kann das Leben in innerer Freiheit gelebt werden, wird davon auch die \u00e4ussere Freiheit erstehen.<\/em><\/p>\n<\/blockquote>\n<\/div>\n<\/div><\/div><\/div><\/div><\/div><\/div><div id=\"pg-4033-3\"  class=\"panel-grid panel-has-style\" ><div class=\"panel-row-style panel-row-style-for-4033-3\" ><div id=\"pgc-4033-3-0\"  class=\"panel-grid-cell\" ><div id=\"panel-4033-3-0-0\" class=\"so-panel widget widget_sow-button panel-first-child\" data-index=\"4\" ><div class=\"panel-widget-style panel-widget-style-for-4033-3-0-0\" ><div\n\t\t\t\n\t\t\tclass=\"so-widget-sow-button so-widget-sow-button-wire-1025c479d47f-4033\"\n\t\t\t\n\t\t><div class=\"ow-button-base ow-button-align-center\">\n\t<a href=\"https:\/\/consol.earth\/index.php\/solutions\/kalendar\/\" class=\"ow-icon-placement-left ow-button-hover\" target=\"_blank\" rel=\"noopener noreferrer\" \t\t>\n\t\t<span>\n\t\t\t\n\t\t\tKalender\t\t<\/span>\n\t<\/a>\n<\/div>\n<\/div><\/div><\/div><div id=\"panel-4033-3-0-1\" class=\"so-panel widget widget_sow-button panel-last-child\" data-index=\"5\" ><div class=\"panel-widget-style panel-widget-style-for-4033-3-0-1\" ><div\n\t\t\t\n\t\t\tclass=\"so-widget-sow-button so-widget-sow-button-wire-1025c479d47f-4033\"\n\t\t\t\n\t\t><div class=\"ow-button-base ow-button-align-center\">\n\t<a href=\"https:\/\/consol.earth\/index.php\/kontakt\/\" class=\"ow-icon-placement-left ow-button-hover\" target=\"_blank\" rel=\"noopener noreferrer\" \t\t>\n\t\t<span>\n\t\t\t\n\t\t\tKursanfrage\t\t<\/span>\n\t<\/a>\n<\/div>\n<\/div><\/div><\/div><\/div><div id=\"pgc-4033-3-1\"  class=\"panel-grid-cell\" ><div id=\"panel-4033-3-1-0\" class=\"so-panel widget widget_sow-editor panel-first-child panel-last-child\" data-index=\"6\" ><div class=\"panel-widget-style panel-widget-style-for-4033-3-1-0\" ><div\n\t\t\t\n\t\t\tclass=\"so-widget-sow-editor so-widget-sow-editor-base\"\n\t\t\t\n\t\t>\n<div class=\"siteorigin-widget-tinymce textwidget\">\n\t<p><strong>Teilnahme Grundlagenkurs:<\/strong><\/p>\n<ul>\n<li>2 h Angst Einf\u00fchrung, jeden ersten Donnerstag des Monats, 18 -20 Uhr, maximal 8 Teilnehmer<\/li>\n<li>80,- Fr pro Gruppenkursteilnehmer (f\u00fcr 2h)<\/li>\n<\/ul>\n<p><strong>Teilnahme ganztags Intensiv-Seminar:<\/strong><\/p>\n<ul>\n<li>1 Tag (8 Stunden), 9.30 bis 17.30 Uhr, maximal 8 Teilnehmer<\/li>\n<li>350.- Fr pro Gruppenkursteilnehmer<\/li>\n<li><em>Die n\u00e4chsten freien Seminartermine werden in K\u00fcrze bekannt gegeben. M\u00f6chtest Du direkt benachrichtigt werden, schreibe uns gerne kurz eine <a href=\"hello@consol.earth\">Mail<\/a> oder nutze das <a href=\"https:\/\/consol.earth\/index.php\/kontakt\/\">Kontaktformular<\/a>.<\/em><\/li>\n<\/ul>\n<p><strong>Individuelles Coaching<\/strong><\/p>\n<ul>\n<li>95,- Fr im Einzelcoaching pro Stunde<\/li>\n<li>individuelle Kurszeiten und Pakettarife f\u00fcr Einzel- oder Gruppencoachings auf Anfrage<\/li>\n<\/ul>\n<\/div>\n<\/div><\/div><\/div><\/div><\/div><\/div><\/div>","protected":false},"excerpt":{"rendered":"<p>Con\u2219Sol Technologie &amp; Methodik &#8222;ANGST&#8220; Durch Meditation \u00c4ngste aufl\u00f6sen: Meditationsinhalt und Technik zur Durchschauung und \u00dcberwindung von Angst und Grenzen Der Ausbruch aus der Beengtheit der Gef\u00fchle, das Absch\u00fctteln der selbst auferlegten Limitationen, das Entkommen aus der Wiederholung von Tr\u00fcbsal und Sinnlosigkeit, das Beenden von endlosem Zweifel und unaufhaltsamen Konsequenzendenken \u2013 das, was alle dem [&hellip;]<\/p>\n","protected":false},"author":2,"featured_media":0,"parent":0,"menu_order":0,"comment_status":"closed","ping_status":"closed","template":"","meta":{"_monsterinsights_skip_tracking":false,"_monsterinsights_sitenote_active":false,"_monsterinsights_sitenote_note":"","_monsterinsights_sitenote_category":0,"jetpack_post_was_ever_published":false},"yoast_head":"<!-- This site is optimized with the Yoast SEO plugin v20.3 - https:\/\/yoast.com\/wordpress\/plugins\/seo\/ -->\n<title>Angst - Consciousness Solutions<\/title>\n<meta name=\"description\" content=\"Consciousness Solutions Seminar: Durch Meditation \u00c4ngste aufl\u00f6sen -Meditation und Technik zur Durchschauung und \u00dcberwindung von Angst und Grenzen.\" \/>\n<meta name=\"robots\" content=\"index, follow, max-snippet:-1, max-image-preview:large, max-video-preview:-1\" \/>\n<link rel=\"canonical\" href=\"https:\/\/consol.earth\/index.php\/angst\/\" \/>\n<meta property=\"og:locale\" content=\"de_DE\" \/>\n<meta property=\"og:type\" content=\"article\" \/>\n<meta property=\"og:title\" content=\"Angst - Consciousness Solutions\" \/>\n<meta property=\"og:description\" content=\"Consciousness Solutions Seminar: Durch Meditation \u00c4ngste aufl\u00f6sen -Meditation und Technik zur Durchschauung und \u00dcberwindung von Angst und Grenzen.\" \/>\n<meta property=\"og:url\" content=\"https:\/\/consol.earth\/index.php\/angst\/\" \/>\n<meta property=\"og:site_name\" content=\"Consciousness Solutions\" \/>\n<meta property=\"article:modified_time\" content=\"2021-12-17T15:13:51+00:00\" \/>\n<meta name=\"twitter:card\" content=\"summary_large_image\" \/>\n<meta name=\"twitter:label1\" content=\"Gesch\u00e4tzte Lesezeit\" \/>\n\t<meta name=\"twitter:data1\" content=\"3\u00a0Minuten\" \/>\n<script type=\"application\/ld+json\" class=\"yoast-schema-graph\">{\"@context\":\"https:\/\/schema.org\",\"@graph\":[{\"@type\":\"WebPage\",\"@id\":\"https:\/\/consol.earth\/index.php\/angst\/\",\"url\":\"https:\/\/consol.earth\/index.php\/angst\/\",\"name\":\"Angst - Consciousness Solutions\",\"isPartOf\":{\"@id\":\"https:\/\/consol.earth\/#website\"},\"datePublished\":\"2021-10-14T16:53:51+00:00\",\"dateModified\":\"2021-12-17T15:13:51+00:00\",\"description\":\"Consciousness Solutions Seminar: Durch Meditation \u00c4ngste aufl\u00f6sen -Meditation und Technik zur Durchschauung und \u00dcberwindung von Angst und Grenzen.\",\"breadcrumb\":{\"@id\":\"https:\/\/consol.earth\/index.php\/angst\/#breadcrumb\"},\"inLanguage\":\"de\",\"potentialAction\":[{\"@type\":\"ReadAction\",\"target\":[\"https:\/\/consol.earth\/index.php\/angst\/\"]}]},{\"@type\":\"BreadcrumbList\",\"@id\":\"https:\/\/consol.earth\/index.php\/angst\/#breadcrumb\",\"itemListElement\":[{\"@type\":\"ListItem\",\"position\":1,\"name\":\"Startseite\",\"item\":\"https:\/\/consol.earth\/\"},{\"@type\":\"ListItem\",\"position\":2,\"name\":\"Angst\"}]},{\"@type\":\"WebSite\",\"@id\":\"https:\/\/consol.earth\/#website\",\"url\":\"https:\/\/consol.earth\/\",\"name\":\"Consciousness Solutions\",\"description\":\"Bewusstsein ist die Wachheit, die das Licht ist, die das Innere beleuchtet.\",\"publisher\":{\"@id\":\"https:\/\/consol.earth\/#organization\"},\"potentialAction\":[{\"@type\":\"SearchAction\",\"target\":{\"@type\":\"EntryPoint\",\"urlTemplate\":\"https:\/\/consol.earth\/?s={search_term_string}\"},\"query-input\":\"required name=search_term_string\"}],\"inLanguage\":\"de\"},{\"@type\":\"Organization\",\"@id\":\"https:\/\/consol.earth\/#organization\",\"name\":\"Consciousness Solutions\",\"url\":\"https:\/\/consol.earth\/\",\"logo\":{\"@type\":\"ImageObject\",\"inLanguage\":\"de\",\"@id\":\"https:\/\/consol.earth\/#\/schema\/logo\/image\/\",\"url\":\"https:\/\/i0.wp.com\/consol.earth\/wp-content\/uploads\/2021\/10\/ConSol_Logo_Rings_No_Black_Lines.png?fit=801%2C368&ssl=1\",\"contentUrl\":\"https:\/\/i0.wp.com\/consol.earth\/wp-content\/uploads\/2021\/10\/ConSol_Logo_Rings_No_Black_Lines.png?fit=801%2C368&ssl=1\",\"width\":801,\"height\":368,\"caption\":\"Consciousness Solutions\"},\"image\":{\"@id\":\"https:\/\/consol.earth\/#\/schema\/logo\/image\/\"}}]}<\/script>\n<!-- \/ Yoast SEO plugin. -->","yoast_head_json":{"title":"Angst - Consciousness Solutions","description":"Consciousness Solutions Seminar: Durch Meditation \u00c4ngste aufl\u00f6sen -Meditation und Technik zur Durchschauung und \u00dcberwindung von Angst und Grenzen.","robots":{"index":"index","follow":"follow","max-snippet":"max-snippet:-1","max-image-preview":"max-image-preview:large","max-video-preview":"max-video-preview:-1"},"canonical":"https:\/\/consol.earth\/index.php\/angst\/","og_locale":"de_DE","og_type":"article","og_title":"Angst - Consciousness Solutions","og_description":"Consciousness Solutions Seminar: Durch Meditation \u00c4ngste aufl\u00f6sen -Meditation und Technik zur Durchschauung und \u00dcberwindung von Angst und Grenzen.","og_url":"https:\/\/consol.earth\/index.php\/angst\/","og_site_name":"Consciousness Solutions","article_modified_time":"2021-12-17T15:13:51+00:00","twitter_card":"summary_large_image","twitter_misc":{"Gesch\u00e4tzte Lesezeit":"3\u00a0Minuten"},"schema":{"@context":"https:\/\/schema.org","@graph":[{"@type":"WebPage","@id":"https:\/\/consol.earth\/index.php\/angst\/","url":"https:\/\/consol.earth\/index.php\/angst\/","name":"Angst - Consciousness Solutions","isPartOf":{"@id":"https:\/\/consol.earth\/#website"},"datePublished":"2021-10-14T16:53:51+00:00","dateModified":"2021-12-17T15:13:51+00:00","description":"Consciousness Solutions Seminar: Durch Meditation \u00c4ngste aufl\u00f6sen -Meditation und Technik zur Durchschauung und \u00dcberwindung von Angst und Grenzen.","breadcrumb":{"@id":"https:\/\/consol.earth\/index.php\/angst\/#breadcrumb"},"inLanguage":"de","potentialAction":[{"@type":"ReadAction","target":["https:\/\/consol.earth\/index.php\/angst\/"]}]},{"@type":"BreadcrumbList","@id":"https:\/\/consol.earth\/index.php\/angst\/#breadcrumb","itemListElement":[{"@type":"ListItem","position":1,"name":"Startseite","item":"https:\/\/consol.earth\/"},{"@type":"ListItem","position":2,"name":"Angst"}]},{"@type":"WebSite","@id":"https:\/\/consol.earth\/#website","url":"https:\/\/consol.earth\/","name":"Consciousness Solutions","description":"Bewusstsein ist die Wachheit, die das Licht ist, die das Innere beleuchtet.","publisher":{"@id":"https:\/\/consol.earth\/#organization"},"potentialAction":[{"@type":"SearchAction","target":{"@type":"EntryPoint","urlTemplate":"https:\/\/consol.earth\/?s={search_term_string}"},"query-input":"required name=search_term_string"}],"inLanguage":"de"},{"@type":"Organization","@id":"https:\/\/consol.earth\/#organization","name":"Consciousness Solutions","url":"https:\/\/consol.earth\/","logo":{"@type":"ImageObject","inLanguage":"de","@id":"https:\/\/consol.earth\/#\/schema\/logo\/image\/","url":"https:\/\/i0.wp.com\/consol.earth\/wp-content\/uploads\/2021\/10\/ConSol_Logo_Rings_No_Black_Lines.png?fit=801%2C368&ssl=1","contentUrl":"https:\/\/i0.wp.com\/consol.earth\/wp-content\/uploads\/2021\/10\/ConSol_Logo_Rings_No_Black_Lines.png?fit=801%2C368&ssl=1","width":801,"height":368,"caption":"Consciousness Solutions"},"image":{"@id":"https:\/\/consol.earth\/#\/schema\/logo\/image\/"}}]}},"jetpack_sharing_enabled":false,"jetpack_likes_enabled":false,"_links":{"self":[{"href":"https:\/\/consol.earth\/index.php\/wp-json\/wp\/v2\/pages\/4033"}],"collection":[{"href":"https:\/\/consol.earth\/index.php\/wp-json\/wp\/v2\/pages"}],"about":[{"href":"https:\/\/consol.earth\/index.php\/wp-json\/wp\/v2\/types\/page"}],"author":[{"embeddable":true,"href":"https:\/\/consol.earth\/index.php\/wp-json\/wp\/v2\/users\/2"}],"replies":[{"embeddable":true,"href":"https:\/\/consol.earth\/index.php\/wp-json\/wp\/v2\/comments?post=4033"}],"version-history":[{"count":55,"href":"https:\/\/consol.earth\/index.php\/wp-json\/wp\/v2\/pages\/4033\/revisions"}],"predecessor-version":[{"id":6091,"href":"https:\/\/consol.earth\/index.php\/wp-json\/wp\/v2\/pages\/4033\/revisions\/6091"}],"wp:attachment":[{"href":"https:\/\/consol.earth\/index.php\/wp-json\/wp\/v2\/media?parent=4033"}],"curies":[{"name":"wp","href":"https:\/\/api.w.org\/{rel}","templated":true}]}}