{"id":4067,"date":"2021-10-15T11:28:51","date_gmt":"2021-10-15T11:28:51","guid":{"rendered":"https:\/\/consol.earth\/?page_id=4067"},"modified":"2021-12-17T15:15:48","modified_gmt":"2021-12-17T15:15:48","slug":"gelassenheit","status":"publish","type":"page","link":"https:\/\/consol.earth\/index.php\/gelassenheit\/","title":{"rendered":"Gelassenheit"},"content":{"rendered":"<div id=\"pl-4067\"  class=\"panel-layout\" ><div id=\"pg-4067-0\"  class=\"panel-grid panel-no-style\" ><div id=\"pgc-4067-0-0\"  class=\"panel-grid-cell\" ><div id=\"panel-4067-0-0-0\" class=\"so-panel widget widget_spacer panel-first-child panel-last-child\" data-index=\"0\" ><div\n\t\t\t\n\t\t\tclass=\"so-widget-spacer so-widget-spacer-spacer-style-d75171398898-4067\"\n\t\t\t\n\t\t>\r\n\r\n\r\n\r\n\r\n<div class=\"spacer\" style=\"height: 80px\">\r\n<\/div><\/div><\/div><\/div><\/div><div id=\"pg-4067-1\"  class=\"panel-grid panel-no-style\" ><div id=\"pgc-4067-1-0\"  class=\"panel-grid-cell\" ><div id=\"panel-4067-1-0-0\" class=\"so-panel widget widget_sow-icon panel-first-child\" data-index=\"1\" ><div class=\"panel-widget-style panel-widget-style-for-4067-1-0-0\" ><div\n\t\t\t\n\t\t\tclass=\"so-widget-sow-icon so-widget-sow-icon-default-8460aa7b2093-4067\"\n\t\t\t\n\t\t>\n<div class=\"sow-icon-container sow-icon\">\n\t\t\t<span class=\"sow-icon-ionicons\" data-sow-icon=\"&#xf1fd;\"\n\t\t \n\t\taria-hidden=\"true\"><\/span>\t<\/div>\n<\/div><\/div><\/div><div id=\"panel-4067-1-0-1\" class=\"so-panel widget widget_sow-headline panel-last-child\" data-index=\"2\" ><div class=\"panel-widget-style panel-widget-style-for-4067-1-0-1\" ><div\n\t\t\t\n\t\t\tclass=\"so-widget-sow-headline so-widget-sow-headline-default-a586199ec0be-4067\"\n\t\t\t\n\t\t><div class=\"sow-headline-container \">\n\t<h1 class='sow-headline'>Con\u2219Sol Technologie &amp; Methodik \"GELASSENHEIT\"<\/h1>\t\t\t\t\t<div class=\"decoration\">\n\t\t\t\t\t\t<div class=\"decoration-inside\"><\/div>\n\t\t\t\t\t<\/div>\n\t\t\t\t\t<\/div><\/div><\/div><\/div><\/div><\/div><div id=\"pg-4067-2\"  class=\"panel-grid panel-has-style\" ><div class=\"panel-row-style panel-row-style-for-4067-2\" ><div id=\"pgc-4067-2-0\"  class=\"panel-grid-cell\" ><div id=\"panel-4067-2-0-0\" class=\"so-panel widget widget_sow-editor panel-first-child panel-last-child\" data-index=\"3\" ><div class=\"panel-widget-style panel-widget-style-for-4067-2-0-0\" ><div\n\t\t\t\n\t\t\tclass=\"so-widget-sow-editor so-widget-sow-editor-base\"\n\t\t\t\n\t\t>\n<div class=\"siteorigin-widget-tinymce textwidget\">\n\t<h2 style=\"text-align: left;\">Meditation und Technik zur direkten Erzeugbarkeit und Erlebbarkeit von Gelassenheit<\/h2>\n<p>Die Frische des Lebens in jeder Zelle zu f\u00fchlen, pr\u00e4sent die Losgel\u00f6stheit von allen Umst\u00e4nden und Situationen wahrzunehmen, die Entspanntheit allen Wandels im Inneren und \u00c4usseren bewusst zu bemerken, das Wohlbefinden des eigenen Systems in jedem Atemzug zu sp\u00fcren \u2013 das findet in bewusster Gelassenheit mit uns Selbst, dem K\u00f6rper und der Welt statt.<\/p>\n<p>Im Leben gibt es viel zu Tun. Etwas umzusetzen bedeutet immer, etwas in Bewegung zu versetzten. Um eine Bewegung auszul\u00f6sen, geben wir eine spezifische Richtung vor und bilden eine Intention f\u00fcr die Umwandlung, die Ver\u00e4nderung der Gegebenheiten. Dazu stossen wir uns von etwas ab oder ziehen etwas anderes an. Um die n\u00f6tige Bewegungskraft aufzubringen und zu leiten, versetzen wir unser Inneres in Konzentration oder Spannung. Ist die Handlung fertig, l\u00f6st sich diese Spannung nat\u00fcrlicherweise wieder auf.<\/p>\n<p>In allen Handlungen die etwas bewegen, fliesst und konzentriert sich also Energie. Das Leben ist eine wahre Energiefluss-Symphonie - ein st\u00e4ndiges Anstauen, Anschwingen und Abklingen, ein Austauschen, ein Umherwirbeln. Dieser an sich in alle Richtungen offene Fluss kann jedoch schnell ins Stocken kommen. Ger\u00e4t es zu stark ins Stocken, ist er an zu vielen Stellen blockiert, muss es erst anhalten und die angestaute Spannung gehen lassen, damit es weitergehen kann. Das ist Ruhen. In der Ruhe lassen wir bewusst alle Spannung auf einmal los, halten an nichts fest und l\u00f6sen so tats\u00e4chlich alle Spannung ganz auf. Das ist auch der Grund, warum Schlaf f\u00fcr den K\u00f6rper so erholsam ist und wir energetisch morgens oft ein v\u00f6llig anderes Erlebnis haben, als abends.<\/p>\n<\/div>\n<\/div><\/div><\/div><\/div><\/div><\/div><div id=\"pg-4067-3\"  class=\"panel-grid panel-has-style\" ><div class=\"panel-row-style panel-row-style-for-4067-3\" ><div id=\"pgc-4067-3-0\"  class=\"panel-grid-cell\" ><div id=\"panel-4067-3-0-0\" class=\"so-panel widget widget_spacer panel-first-child panel-last-child\" data-index=\"4\" ><div class=\"panel-widget-style panel-widget-style-for-4067-3-0-0\" ><div\n\t\t\t\n\t\t\tclass=\"so-widget-spacer so-widget-spacer-spacer-style-d75171398898-4067\"\n\t\t\t\n\t\t>\r\n\r\n\r\n\r\n\r\n<div class=\"spacer\" style=\"height: 268px\">\r\n<\/div><\/div><\/div><\/div><\/div><\/div><\/div><div id=\"pg-4067-4\"  class=\"panel-grid panel-has-style\" ><div class=\"panel-row-style panel-row-style-for-4067-4\" ><div id=\"pgc-4067-4-0\"  class=\"panel-grid-cell\" ><div id=\"panel-4067-4-0-0\" class=\"so-panel widget widget_sow-editor panel-first-child panel-last-child\" data-index=\"5\" ><div class=\"panel-widget-style panel-widget-style-for-4067-4-0-0\" ><div\n\t\t\t\n\t\t\tclass=\"so-widget-sow-editor so-widget-sow-editor-base\"\n\t\t\t\n\t\t>\n<div class=\"siteorigin-widget-tinymce textwidget\">\n\t<p>Im Ablassen von Druck und Anspannung beginnt das Leben, sich zu regenerieren. Indem es wieder frei fliesst, fliesst es in alle Richtungen, ohne auf Blockaden und Widerst\u00e4nde zu treffen. Durch diese Entspanntheit ist auch der Zugang zu neuer Energie wieder ge\u00f6ffnet, denn nichts steht mehr im Wege. <em>In der Ruhe liegt demnach die Kraft<\/em>. Das Leben wird wieder als geschmeidig, offen und spannungslos erlebt.<\/p>\n<blockquote>\n<p>Die F\u00e4higkeit der kompletten Spannungsaufl\u00f6sung, des ganz Gehen-Lassens haben viele im Laufe des Lebens aktiv verlernt. Stattdessen h\u00e4lt man an der\u00a0 \u00dcberzeugung fest, das Leben auf eine bestimmte Art und Weise haben zu m\u00fcssen, um endlich in Frieden sein zu k\u00f6nnen.<\/p>\n<\/blockquote>\n<p>Das ist kein Wunder, denn der Verstand erzeugt zu jeder Handlung ein korrespondierendes Verstandesmuster, anhand dessem er die Energie konzentriert, ausrichtet und f\u00fcr den Zeitraum der Handlung fest, also in Spannung h\u00e4lt. Anstatt uns von diesen Mustern gleich nach der Handlung wieder abzul\u00f6sen und sie ganz aus dem Verstand gehen zu lassen, neigen wir dazu, kontrollieren zu wollen, ob die Umst\u00e4nde allzeit auch genau so eintreffen, wie wir es f\u00fcr richtig halten. Im Verstand h\u00e4lt sich so st\u00e4ndig die Vorstellung davon aufrecht, wie es sein muss und wie es nicht sein soll.<\/p>\n<p>\u00dcberzeugt davon, dass es ganz bestimmte Situationen zu erreichen, ganz bestimmte Art und Weisen zu sein gibt, die einem endlich das eigene Wohl bringen, empfinden wir uns st\u00e4ndig im Gef\u00fchl des Mangels. So wie es jetzt ist, wie wir jetzt gerade sind, empfinden wir als nicht gut. Dabei sind es erst die Ideen des werden-wollens und des \u00e4ndern-m\u00fcssens, die den Moment in unaufh\u00f6rliche Spannung versetzen, indem das ein bestimmtes Handlungsziel immer aufrecht erhalten und nie ganz aus dem Verstand losgelassen wird. Nach einiger Zeit wird so viel \u00fcberfl\u00fcssige Energie im System stecken bleiben und es f\u00e4llt zunehmend schwerer, sich auf etwas Neues mit ganzer Kraft zu konzentrieren. Man wird M\u00fcde, verspannt und f\u00fchlt sich beschwert.<\/p>\n<p>Um kraftvoll, energetisch und wach durchs Leben zu gehen, liegt der Schl\u00fcssel darin, bewusst innere Ruhe einleiten zu k\u00f6nnen und Handlungen in Ruhe zu vollziehen. So ist man bewusst ganz bei dem, was das Leben jetzt gerade an einen heran tr\u00e4gt, ohne an Altlasten und Vorstellungen fest zu halten, ohne sich selbst zu blockieren. Die Angespanntheit des Verstandes im Jetzt bewusst aufl\u00f6sen zu k\u00f6nnen und das Leben in einem unbedingten, ungezwungenen und so ungeformten Bewusstseinszustand zu erleben, ist Gelassenheit.<\/p>\n<p>In Meditation ist Gelassenheit praktisch erreichbar und einfach zug\u00e4nglich. Mit der \u00dcbung f\u00fchrt Gelassenheitspraxis rasch zu grunds\u00e4tzlich besserer Wahrnehmbarkeit von stetiger, bedingungsloser Gelassenheit und zunehmender Handlungsfreiheit. Da das Mittel der Meditation in jedem Fall die Wachheit ist, wird die F\u00fclle der positiven Wirkungen von Entspannung und Gelassenheit auf das System von K\u00f6rper, Verstand und Geist immer ausgepr\u00e4gter.<\/p>\n<p>Gelassenheit zu meditieren, l\u00e4sst das ganze Leben in einer weicher, runder und annehmbarer in der Wahrnehmung erscheinen. Das Gem\u00fct wird zunehmend leichter und freudiger und es f\u00e4llt nicht mehr schwer, sich auf mehr Unerwartetes und Spontanes einlassen. Der eigene seelische Prozess r\u00fcckt wieder n\u00e4her und wird immer mehr als Begleiter und des Lebens empfunden. Auch Schlafqualit\u00e4t, Empathie, Zufriedenheit, Kreativit\u00e4t und Leistungseffizienz verbessern sich merklich.<\/p>\n<blockquote>\n<p><em>In Gelassenheit wird das Leben nahbar, das Erlebnis erf\u00fcllter - ohne Widerstand flie\u00dft die Energie in unbeschr\u00e4nkter Lebendigkeit.<\/em><\/p>\n<\/blockquote>\n<\/div>\n<\/div><\/div><\/div><\/div><\/div><\/div><div id=\"pg-4067-5\"  class=\"panel-grid panel-has-style\" ><div class=\"panel-row-style panel-row-style-for-4067-5\" ><div id=\"pgc-4067-5-0\"  class=\"panel-grid-cell\" ><div id=\"panel-4067-5-0-0\" class=\"so-panel widget widget_sow-button panel-first-child\" data-index=\"6\" ><div class=\"panel-widget-style panel-widget-style-for-4067-5-0-0\" ><div\n\t\t\t\n\t\t\tclass=\"so-widget-sow-button so-widget-sow-button-wire-1025c479d47f-4067\"\n\t\t\t\n\t\t><div class=\"ow-button-base ow-button-align-center\">\n\t<a href=\"https:\/\/consol.earth\/index.php\/solutions\/kalendar\/\" class=\"ow-icon-placement-left ow-button-hover\" target=\"_blank\" rel=\"noopener noreferrer\" \t\t>\n\t\t<span>\n\t\t\t\n\t\t\tKalender\t\t<\/span>\n\t<\/a>\n<\/div>\n<\/div><\/div><\/div><div id=\"panel-4067-5-0-1\" class=\"so-panel widget widget_sow-button panel-last-child\" data-index=\"7\" ><div class=\"panel-widget-style panel-widget-style-for-4067-5-0-1\" ><div\n\t\t\t\n\t\t\tclass=\"so-widget-sow-button so-widget-sow-button-wire-1025c479d47f-4067\"\n\t\t\t\n\t\t><div class=\"ow-button-base ow-button-align-center\">\n\t<a href=\"https:\/\/consol.earth\/index.php\/kontakt\/\" class=\"ow-icon-placement-left ow-button-hover\" target=\"_blank\" rel=\"noopener noreferrer\" \t\t>\n\t\t<span>\n\t\t\t\n\t\t\tKursanfrage\t\t<\/span>\n\t<\/a>\n<\/div>\n<\/div><\/div><\/div><\/div><div id=\"pgc-4067-5-1\"  class=\"panel-grid-cell\" ><div id=\"panel-4067-5-1-0\" class=\"so-panel widget widget_sow-editor panel-first-child panel-last-child\" data-index=\"8\" ><div\n\t\t\t\n\t\t\tclass=\"so-widget-sow-editor so-widget-sow-editor-base\"\n\t\t\t\n\t\t>\n<div class=\"siteorigin-widget-tinymce textwidget\">\n\t<p><strong>Teilnahme Grundlagenkurs:<\/strong><\/p>\n<ul>\n<li>2 h Gelassenheit Einf\u00fchrung, jeden ersten Dienstag im Monat, 18-20 Uhr, maximal 10 Teilnehmer<\/li>\n<li>80,- Fr pro Gruppenkursteilnehmer (f\u00fcr 2h)<\/li>\n<\/ul>\n<p><strong>Teilnahme ganztags Intensiv-Seminar:<\/strong><\/p>\n<ul>\n<li>1 Tag (8 Stunden), 9.30 bis 17.30 Uhr, maximal 10 Teilnehmer<\/li>\n<li>350.- Fr pro Gruppenkursteilnehmer<\/li>\n<li><em>Die n\u00e4chsten freien Seminartermine werden in K\u00fcrze bekannt gegeben. M\u00f6chtest Du zu Neuigkeiten zum Thema Gelassenheit direkt benachrichtigt werden, schreibe uns gerne kurz eine <a href=\"hello@consol.earth\">Mail<\/a> oder nutze das <a href=\"https:\/\/consol.earth\/index.php\/kontakt\/\">Kontaktformular<\/a>.<\/em><\/li>\n<\/ul>\n<p><strong>Individuelles Coaching<\/strong><\/p>\n<ul>\n<li>95,- Fr im Einzelcoaching pro Stunde<\/li>\n<li>individuelle Kurszeiten und Pakettarife f\u00fcr Einzel- oder Gruppencoachings auf Anfrage<\/li>\n<\/ul>\n<\/div>\n<\/div><\/div><\/div><\/div><\/div><\/div>","protected":false},"excerpt":{"rendered":"<p>Con\u2219Sol Technologie &amp; Methodik &#8222;GELASSENHEIT&#8220; Meditation und Technik zur direkten Erzeugbarkeit und Erlebbarkeit von Gelassenheit Die Frische des Lebens in jeder Zelle zu f\u00fchlen, pr\u00e4sent die Losgel\u00f6stheit von allen Umst\u00e4nden und Situationen wahrzunehmen, die Entspanntheit allen Wandels im Inneren und \u00c4usseren bewusst zu bemerken, das Wohlbefinden des eigenen Systems in jedem Atemzug zu sp\u00fcren \u2013 [&hellip;]<\/p>\n","protected":false},"author":2,"featured_media":0,"parent":0,"menu_order":0,"comment_status":"closed","ping_status":"closed","template":"","meta":{"_monsterinsights_skip_tracking":false,"_monsterinsights_sitenote_active":false,"_monsterinsights_sitenote_note":"","_monsterinsights_sitenote_category":0,"jetpack_post_was_ever_published":false},"yoast_head":"<!-- This site is optimized with the Yoast SEO plugin v20.3 - https:\/\/yoast.com\/wordpress\/plugins\/seo\/ -->\n<title>Gelassenheit - Consciousness Solutions<\/title>\n<meta name=\"description\" content=\"Consciousness Solutions Seminar Gelassenheit: Meditation und Technik zur direkten Erzeugbarkeit und Erlebbarkeit von Gelassenheit, Entspannungsf\u00e4higkeit und innerer Zufriedenheit.\" \/>\n<meta name=\"robots\" content=\"index, follow, max-snippet:-1, max-image-preview:large, max-video-preview:-1\" \/>\n<link rel=\"canonical\" href=\"https:\/\/consol.earth\/index.php\/gelassenheit\/\" \/>\n<meta property=\"og:locale\" content=\"de_DE\" \/>\n<meta property=\"og:type\" content=\"article\" \/>\n<meta property=\"og:title\" content=\"Gelassenheit - Consciousness Solutions\" \/>\n<meta property=\"og:description\" content=\"Consciousness Solutions Seminar Gelassenheit: Meditation und Technik zur direkten Erzeugbarkeit und Erlebbarkeit von Gelassenheit, Entspannungsf\u00e4higkeit und innerer Zufriedenheit.\" \/>\n<meta property=\"og:url\" content=\"https:\/\/consol.earth\/index.php\/gelassenheit\/\" \/>\n<meta property=\"og:site_name\" content=\"Consciousness Solutions\" \/>\n<meta property=\"article:modified_time\" content=\"2021-12-17T15:15:48+00:00\" \/>\n<meta name=\"twitter:card\" content=\"summary_large_image\" \/>\n<meta name=\"twitter:label1\" content=\"Gesch\u00e4tzte Lesezeit\" \/>\n\t<meta name=\"twitter:data1\" content=\"4\u00a0Minuten\" \/>\n<script type=\"application\/ld+json\" class=\"yoast-schema-graph\">{\"@context\":\"https:\/\/schema.org\",\"@graph\":[{\"@type\":\"WebPage\",\"@id\":\"https:\/\/consol.earth\/index.php\/gelassenheit\/\",\"url\":\"https:\/\/consol.earth\/index.php\/gelassenheit\/\",\"name\":\"Gelassenheit - Consciousness Solutions\",\"isPartOf\":{\"@id\":\"https:\/\/consol.earth\/#website\"},\"datePublished\":\"2021-10-15T11:28:51+00:00\",\"dateModified\":\"2021-12-17T15:15:48+00:00\",\"description\":\"Consciousness Solutions Seminar Gelassenheit: Meditation und Technik zur direkten Erzeugbarkeit und Erlebbarkeit von Gelassenheit, Entspannungsf\u00e4higkeit und innerer Zufriedenheit.\",\"breadcrumb\":{\"@id\":\"https:\/\/consol.earth\/index.php\/gelassenheit\/#breadcrumb\"},\"inLanguage\":\"de\",\"potentialAction\":[{\"@type\":\"ReadAction\",\"target\":[\"https:\/\/consol.earth\/index.php\/gelassenheit\/\"]}]},{\"@type\":\"BreadcrumbList\",\"@id\":\"https:\/\/consol.earth\/index.php\/gelassenheit\/#breadcrumb\",\"itemListElement\":[{\"@type\":\"ListItem\",\"position\":1,\"name\":\"Startseite\",\"item\":\"https:\/\/consol.earth\/\"},{\"@type\":\"ListItem\",\"position\":2,\"name\":\"Gelassenheit\"}]},{\"@type\":\"WebSite\",\"@id\":\"https:\/\/consol.earth\/#website\",\"url\":\"https:\/\/consol.earth\/\",\"name\":\"Consciousness Solutions\",\"description\":\"Bewusstsein ist die Wachheit, die das Licht ist, die das Innere beleuchtet.\",\"publisher\":{\"@id\":\"https:\/\/consol.earth\/#organization\"},\"potentialAction\":[{\"@type\":\"SearchAction\",\"target\":{\"@type\":\"EntryPoint\",\"urlTemplate\":\"https:\/\/consol.earth\/?s={search_term_string}\"},\"query-input\":\"required name=search_term_string\"}],\"inLanguage\":\"de\"},{\"@type\":\"Organization\",\"@id\":\"https:\/\/consol.earth\/#organization\",\"name\":\"Consciousness Solutions\",\"url\":\"https:\/\/consol.earth\/\",\"logo\":{\"@type\":\"ImageObject\",\"inLanguage\":\"de\",\"@id\":\"https:\/\/consol.earth\/#\/schema\/logo\/image\/\",\"url\":\"https:\/\/i0.wp.com\/consol.earth\/wp-content\/uploads\/2021\/10\/ConSol_Logo_Rings_No_Black_Lines.png?fit=801%2C368&ssl=1\",\"contentUrl\":\"https:\/\/i0.wp.com\/consol.earth\/wp-content\/uploads\/2021\/10\/ConSol_Logo_Rings_No_Black_Lines.png?fit=801%2C368&ssl=1\",\"width\":801,\"height\":368,\"caption\":\"Consciousness Solutions\"},\"image\":{\"@id\":\"https:\/\/consol.earth\/#\/schema\/logo\/image\/\"}}]}<\/script>\n<!-- \/ Yoast SEO plugin. -->","yoast_head_json":{"title":"Gelassenheit - Consciousness Solutions","description":"Consciousness Solutions Seminar Gelassenheit: Meditation und Technik zur direkten Erzeugbarkeit und Erlebbarkeit von Gelassenheit, Entspannungsf\u00e4higkeit und innerer Zufriedenheit.","robots":{"index":"index","follow":"follow","max-snippet":"max-snippet:-1","max-image-preview":"max-image-preview:large","max-video-preview":"max-video-preview:-1"},"canonical":"https:\/\/consol.earth\/index.php\/gelassenheit\/","og_locale":"de_DE","og_type":"article","og_title":"Gelassenheit - Consciousness Solutions","og_description":"Consciousness Solutions Seminar Gelassenheit: Meditation und Technik zur direkten Erzeugbarkeit und Erlebbarkeit von Gelassenheit, Entspannungsf\u00e4higkeit und innerer Zufriedenheit.","og_url":"https:\/\/consol.earth\/index.php\/gelassenheit\/","og_site_name":"Consciousness Solutions","article_modified_time":"2021-12-17T15:15:48+00:00","twitter_card":"summary_large_image","twitter_misc":{"Gesch\u00e4tzte Lesezeit":"4\u00a0Minuten"},"schema":{"@context":"https:\/\/schema.org","@graph":[{"@type":"WebPage","@id":"https:\/\/consol.earth\/index.php\/gelassenheit\/","url":"https:\/\/consol.earth\/index.php\/gelassenheit\/","name":"Gelassenheit - Consciousness Solutions","isPartOf":{"@id":"https:\/\/consol.earth\/#website"},"datePublished":"2021-10-15T11:28:51+00:00","dateModified":"2021-12-17T15:15:48+00:00","description":"Consciousness Solutions Seminar Gelassenheit: Meditation und Technik zur direkten Erzeugbarkeit und Erlebbarkeit von Gelassenheit, Entspannungsf\u00e4higkeit und innerer Zufriedenheit.","breadcrumb":{"@id":"https:\/\/consol.earth\/index.php\/gelassenheit\/#breadcrumb"},"inLanguage":"de","potentialAction":[{"@type":"ReadAction","target":["https:\/\/consol.earth\/index.php\/gelassenheit\/"]}]},{"@type":"BreadcrumbList","@id":"https:\/\/consol.earth\/index.php\/gelassenheit\/#breadcrumb","itemListElement":[{"@type":"ListItem","position":1,"name":"Startseite","item":"https:\/\/consol.earth\/"},{"@type":"ListItem","position":2,"name":"Gelassenheit"}]},{"@type":"WebSite","@id":"https:\/\/consol.earth\/#website","url":"https:\/\/consol.earth\/","name":"Consciousness Solutions","description":"Bewusstsein ist die Wachheit, die das Licht ist, die das Innere beleuchtet.","publisher":{"@id":"https:\/\/consol.earth\/#organization"},"potentialAction":[{"@type":"SearchAction","target":{"@type":"EntryPoint","urlTemplate":"https:\/\/consol.earth\/?s={search_term_string}"},"query-input":"required name=search_term_string"}],"inLanguage":"de"},{"@type":"Organization","@id":"https:\/\/consol.earth\/#organization","name":"Consciousness Solutions","url":"https:\/\/consol.earth\/","logo":{"@type":"ImageObject","inLanguage":"de","@id":"https:\/\/consol.earth\/#\/schema\/logo\/image\/","url":"https:\/\/i0.wp.com\/consol.earth\/wp-content\/uploads\/2021\/10\/ConSol_Logo_Rings_No_Black_Lines.png?fit=801%2C368&ssl=1","contentUrl":"https:\/\/i0.wp.com\/consol.earth\/wp-content\/uploads\/2021\/10\/ConSol_Logo_Rings_No_Black_Lines.png?fit=801%2C368&ssl=1","width":801,"height":368,"caption":"Consciousness Solutions"},"image":{"@id":"https:\/\/consol.earth\/#\/schema\/logo\/image\/"}}]}},"jetpack_sharing_enabled":false,"jetpack_likes_enabled":false,"_links":{"self":[{"href":"https:\/\/consol.earth\/index.php\/wp-json\/wp\/v2\/pages\/4067"}],"collection":[{"href":"https:\/\/consol.earth\/index.php\/wp-json\/wp\/v2\/pages"}],"about":[{"href":"https:\/\/consol.earth\/index.php\/wp-json\/wp\/v2\/types\/page"}],"author":[{"embeddable":true,"href":"https:\/\/consol.earth\/index.php\/wp-json\/wp\/v2\/users\/2"}],"replies":[{"embeddable":true,"href":"https:\/\/consol.earth\/index.php\/wp-json\/wp\/v2\/comments?post=4067"}],"version-history":[{"count":70,"href":"https:\/\/consol.earth\/index.php\/wp-json\/wp\/v2\/pages\/4067\/revisions"}],"predecessor-version":[{"id":6095,"href":"https:\/\/consol.earth\/index.php\/wp-json\/wp\/v2\/pages\/4067\/revisions\/6095"}],"wp:attachment":[{"href":"https:\/\/consol.earth\/index.php\/wp-json\/wp\/v2\/media?parent=4067"}],"curies":[{"name":"wp","href":"https:\/\/api.w.org\/{rel}","templated":true}]}}