{"id":4095,"date":"2021-10-15T13:15:14","date_gmt":"2021-10-15T13:15:14","guid":{"rendered":"https:\/\/consol.earth\/?page_id=4095"},"modified":"2021-12-17T15:17:10","modified_gmt":"2021-12-17T15:17:10","slug":"vergebung-2","status":"publish","type":"page","link":"https:\/\/consol.earth\/index.php\/vergebung-2\/","title":{"rendered":"Vergebung"},"content":{"rendered":"<div id=\"pl-4095\"  class=\"panel-layout\" ><div id=\"pg-4095-0\"  class=\"panel-grid panel-no-style\" ><div id=\"pgc-4095-0-0\"  class=\"panel-grid-cell\" ><div id=\"panel-4095-0-0-0\" class=\"so-panel widget widget_spacer panel-first-child panel-last-child\" data-index=\"0\" ><div\n\t\t\t\n\t\t\tclass=\"so-widget-spacer so-widget-spacer-spacer-style-d75171398898-4095\"\n\t\t\t\n\t\t>\r\n\r\n\r\n\r\n\r\n<div class=\"spacer\" style=\"height: 80px\">\r\n<\/div><\/div><\/div><\/div><\/div><div id=\"pg-4095-1\"  class=\"panel-grid panel-no-style\" ><div id=\"pgc-4095-1-0\"  class=\"panel-grid-cell\" ><div id=\"panel-4095-1-0-0\" class=\"so-panel widget widget_sow-icon panel-first-child\" data-index=\"1\" ><div class=\"panel-widget-style panel-widget-style-for-4095-1-0-0\" ><div\n\t\t\t\n\t\t\tclass=\"so-widget-sow-icon so-widget-sow-icon-default-8460aa7b2093-4095\"\n\t\t\t\n\t\t>\n<div class=\"sow-icon-container sow-icon\">\n\t\t\t<span class=\"sow-icon-typicons\" data-sow-icon=\"&#xe087;\"\n\t\t \n\t\taria-hidden=\"true\"><\/span>\t<\/div>\n<\/div><\/div><\/div><div id=\"panel-4095-1-0-1\" class=\"so-panel widget widget_sow-headline panel-last-child\" data-index=\"2\" ><div class=\"panel-widget-style panel-widget-style-for-4095-1-0-1\" ><div\n\t\t\t\n\t\t\tclass=\"so-widget-sow-headline so-widget-sow-headline-default-a586199ec0be-4095\"\n\t\t\t\n\t\t><div class=\"sow-headline-container \">\n\t<h1 class='sow-headline'>Con\u2219Sol Technologie &amp; Methodik \"VERGEBUNG\"<\/h1>\t\t\t\t\t<div class=\"decoration\">\n\t\t\t\t\t\t<div class=\"decoration-inside\"><\/div>\n\t\t\t\t\t<\/div>\n\t\t\t\t\t<\/div><\/div><\/div><\/div><\/div><\/div><div id=\"pg-4095-2\"  class=\"panel-grid panel-has-style\" ><div class=\"panel-row-style panel-row-style-for-4095-2\" ><div id=\"pgc-4095-2-0\"  class=\"panel-grid-cell\" ><div id=\"panel-4095-2-0-0\" class=\"so-panel widget widget_sow-editor panel-first-child panel-last-child\" data-index=\"3\" ><div class=\"panel-widget-style panel-widget-style-for-4095-2-0-0\" ><div\n\t\t\t\n\t\t\tclass=\"so-widget-sow-editor so-widget-sow-editor-base\"\n\t\t\t\n\t\t>\n<div class=\"siteorigin-widget-tinymce textwidget\">\n\t<h2 style=\"text-align: left;\">Meditation und Technik zur Entwicklung und Anwendung von Selbst-Vergebung<\/h2>\n<p>Gewiss zu sein, dass alles gut ist, ohne sich gezwungen zu f\u00fchlen, etwas tun zu m\u00fcssen; frei von Reue zu leben, ohne eigene Taten als so schlimm zu empfinden, dass sie verdr\u00e4ngt werden m\u00fcssen; Gutm\u00fctigkeit im Leben und in sich Selbst zu wissen, auch im Angesicht der schmerzlichsten Erlebnisse; universeller Liebe als ewigem Geburtsgeschenk bewusst zu sein, frei von Gef\u00fchlen der Unw\u00fcrdigkeit und der Schuld \u2013das ist die Realit\u00e4t, die in Selbst-Vergebung erreicht wird und ist das, was die W\u00fcrde eines Menschenlebens ganz erstrahlen l\u00e4sst.<\/p>\n<blockquote>\n<p>Als Menschen kennen wir den tiefen Wunsch, mit uns selbst und der Existenz in Frieden und harmonischem Wechselwirken zu stehen. Tief im Inneren, auch wenn wir h\u00e4ufig nicht hinh\u00f6ren k\u00f6nnen, spricht es von grenzenloser F\u00fclle, Liebe und Verbundenheit, als die nat\u00fcrlichste, naheliegendste Lebensweise.<\/p>\n<\/blockquote>\n<p>Auf diese Stimme einzugehen ist nicht leicht. Tag f\u00fcr Tag sind wir umgeben, von so vielen zerst\u00f6rerischen, chaotischen und elenden Themen. Das, was in uns liegt, in uns hervor kommt, scheint so schrecklich, dass es unm\u00f6glich wird, uns im Ganzen akzeptieren zu k\u00f6nnen. Es scheint sogar vern\u00fcnftig, scheint uns gar erst liebenswert zu machen, wenn wir uns von dem Schrecklichen, dem Unansehnlichen in uns distanzieren und es verbergen. Dabei\u00a0 liegt es uns sogar nahe, die Schuld f\u00fcr unser Leiden bei uns Selbst zu sehen und uns daf\u00fcr noch zu verurteilen. Wir wissen uns als Ursache unserer Handlungen, Absichten und Gedanken und doch f\u00fchlen wir uns oft fremd gesteuert durch die Gef\u00fchle, Stimmungen und Gedanken, die immer wieder wie von selbst auftauchen und in denen wir immer wieder versinken. Die Verantwortung f\u00fcr unser Seelenwohl scheint somit nicht ganz in unseren H\u00e4nden zu liegen. Wir f\u00fchlen uns uns selbst ausgeliefert, beginnen, Angst vor dem eigenen Inneren zu entwickeln und stehen schlie\u00dflich im ewigen, erbitterten Kampf gegen uns selbst.<\/p>\n<p>Unter Seelenwohl verstehen wir dabei eigentlich etwas vermeintlich Simples: ein gl\u00fcckliches Leben zu leben. Wir erkl\u00e4ren uns, dass jede einzelne Handlung, jeder Gedanke darauf ausgerichtet ist, das Gl\u00fcck zu erreichen. Dabei passiert es leicht, dass wir uns im Streben nach Gl\u00fcck selbst verantwortlich machen, f\u00fcr das jetzt empfundene Ungl\u00fcck. Wir beginnen, uns daf\u00fcr zu verdammen, dass wir in uns selbst kein Wohl erzeugen k\u00f6nnen, keinen einzigen spannungsfreien Moment erleben k\u00f6nnen, beziehungsweise uns die kurzen Momente der Gl\u00fccklichkeit immer wieder zwischen den Fingern zu zerrinnen scheinen. Man beginnt, sich endlos ins Gericht zu nehmen, sich als schuldig zu erachten, weil man sein Gl\u00fcck nicht halten kann. Die Selbst-Verurteilung soll einen dazu antreiben, immer weiter zu suchen. Dabei l\u00e4sst sie den Kreislauf des erlebten Ungl\u00fccks eigentlich nur von neuem beginnen.<\/p>\n<p>Mit sich Selbst im Einklang zu sein, sich also ganz zu akzeptieren, ist beinahe unm\u00f6glich, wenn man sich Selber als seinen Gegner und Elendsbringer sieht. Man kann sich nicht mehr vertrauen und damit kann man die Chance f\u00fcr die Erreichung von Gl\u00fcckseligkeit in sich nicht mehr sehen. Man leidet daran, dass man keinen Ausweg aus dem Leiden, dem Ungl\u00fcck und der Selbst-Beschuldigung findet. Dies kann schnell dazu f\u00fchren, dass das Leben zunehmend grau und bitter wird. Die Existenz erscheint einem w\u00fcrdelos, in sich als fehlgeschlagen. Der Glaube an das Licht und die Heiligkeit wird aufgegeben oder gar als bittere Ironie, als manipulative L\u00fcge empfunden.<\/p>\n<blockquote>\n<p>Der sich selbst erzeugende Kreislauf von Schuldigkeit, Elendigkeit und Bitterkeit l\u00e4sst sich durch Selbst-Vergebung ganz l\u00e4utern. Der Teufelsspirale, die man in sich erzeugt hat, kann durch bedingungsloser Vergebung von sich Selbst Einhalt geboten werden. Die heilende nat\u00fcrliche Kraft, die im Herzen verschlossen ist, kann direkt herausgebracht werden und alle Schuld, die man an sich empfindet, l\u00f6sen.<\/p>\n<\/blockquote>\n<p>Das Leiden, welches das Herz und die Seele zuschn\u00fcrt, ist final nie so stark, wie das Licht, mit welchem wir nat\u00fcrlich geboren sind. Deshalb ist das Leiden um das Herzenswohl auch so schlimm. Gerade weil wir uns tief bewusst sind, dass es uns auch obdoch unsagbar intensivem Leiden gut gehen kann, ist die Kraft, die dieses nat\u00fcrliche, inerte Wissen einschlie\u00dft, gr\u00f6\u00dfer als das Leiden. Wird diese innere Kraft endlich wiedererkannt und freigesetzt, so kehren wir zur\u00fcck, in einen nat\u00fcrlichen reinen, liebevollen Zustand.<\/p>\n<p>In der Erkenntnis, dass es nichts in uns gibt, dass st\u00e4rker ist, als wir selber, liegt die F\u00e4higkeit, mit wirklich allem in Frieden sein zu k\u00f6nnen, was in uns aufkommt. Der Kampf endet, denn es gibt keinen Gegner, keine \u00dcbermacht mehr. Sich selbst immer klarer zu erkennen, immer besser zu verstehen, erzeugt innere Reife. Eine fundamental neue Zuversicht ins Leben etabliert sich, denn die Mauern, die ewig grau und undurchdringbar erschienen, halten einen nicht mehr. Zur\u00fcckhaltung und Beengtheit weichen dem Gef\u00fchl von Ungebundenheit.<\/p>\n<p>Die ewig reinigende Kraft, die in unserem Herzen verborgen liegt, ist immer erreichbar, noch so eingeschlossen sie sein mag. Sie ist ein Bewusstsein der Vergebbarkeit, ein Bewusstsein der immer-wieder-Liebbarkeit, ein Bewusstsein, dass jede Handlung und Bedeutung aufnimmt, ohne Unterschied. Sich in dieses Bewusstsein hineinzugeben und die Schrecklichkeit der Schuld durchschreiten zu k\u00f6nnen, ist in Meditation -durch die Nat\u00fcrlichkeit des Bewusstseins an keinen Formzustand gebunden zu sein-, feinf\u00fchlig und wirkungsvoll erreichbar.<\/p>\n<p>Mit dem wachen, bewussten Eintreten in das Bewusstsein der Vergebung wird der echte Vergebungsprozess von sich Selbst eingeleitet und kann, ohne dass der Blick vom Inneren abgewandt wird, komplett vollzogen werden. Dabei werden Frieden, Entlastung, Reinheit, Liebesw\u00fcrdigkeit und Gl\u00fcckseligkeit gleichzeitig als bewusste Ebenen der Wachheit erkannt und verinnerlicht.<\/p>\n<p><em>\u00d6ffnet sich das Herz obgleich aller Schmach, so fliesst die universelle Liebe erneut \u2013 so ist Vergebung.<\/em><\/p>\n<p><em>\u00a0<\/em><\/p>\n<\/div>\n<\/div><\/div><\/div><\/div><\/div><\/div><div id=\"pg-4095-3\"  class=\"panel-grid panel-no-style\" ><div id=\"pgc-4095-3-0\"  class=\"panel-grid-cell\" ><div id=\"panel-4095-3-0-0\" class=\"so-panel widget widget_sow-button panel-first-child\" data-index=\"4\" ><div class=\"panel-widget-style panel-widget-style-for-4095-3-0-0\" ><div\n\t\t\t\n\t\t\tclass=\"so-widget-sow-button so-widget-sow-button-wire-1025c479d47f-4095\"\n\t\t\t\n\t\t><div class=\"ow-button-base ow-button-align-center\">\n\t<a href=\"https:\/\/consol.earth\/index.php\/solutions\/kalendar\/\" class=\"ow-icon-placement-left ow-button-hover\" target=\"_blank\" rel=\"noopener noreferrer\" \t\t>\n\t\t<span>\n\t\t\t\n\t\t\tKalender\t\t<\/span>\n\t<\/a>\n<\/div>\n<\/div><\/div><\/div><div id=\"panel-4095-3-0-1\" class=\"so-panel widget widget_sow-button panel-last-child\" data-index=\"5\" ><div class=\"panel-widget-style panel-widget-style-for-4095-3-0-1\" ><div\n\t\t\t\n\t\t\tclass=\"so-widget-sow-button so-widget-sow-button-wire-1025c479d47f-4095\"\n\t\t\t\n\t\t><div class=\"ow-button-base ow-button-align-center\">\n\t<a href=\"https:\/\/consol.earth\/index.php\/kontakt\/\" class=\"ow-icon-placement-left ow-button-hover\" target=\"_blank\" rel=\"noopener noreferrer\" \t\t>\n\t\t<span>\n\t\t\t\n\t\t\tKursanfrage\t\t<\/span>\n\t<\/a>\n<\/div>\n<\/div><\/div><\/div><\/div><div id=\"pgc-4095-3-1\"  class=\"panel-grid-cell\" ><div id=\"panel-4095-3-1-0\" class=\"so-panel widget widget_sow-editor panel-first-child panel-last-child\" data-index=\"6\" ><div class=\"panel-widget-style panel-widget-style-for-4095-3-1-0\" ><div\n\t\t\t\n\t\t\tclass=\"so-widget-sow-editor so-widget-sow-editor-base\"\n\t\t\t\n\t\t>\n<div class=\"siteorigin-widget-tinymce textwidget\">\n\t<p><strong>Teilnahme Grundlagenkurs:<\/strong><\/p>\n<ul>\n<li>2 h Vergebung Einf\u00fchrung, jeden ersten Freitag des Monats, 18-20 Uhr, maximal 8 Teilnehmer<\/li>\n<li>80,- Fr pro Gruppenkursteilnehmer (f\u00fcr 2h)<\/li>\n<\/ul>\n<p><strong>Teilnahme ganztags Intensiv-Seminar:<\/strong><\/p>\n<ul>\n<li>1 Tag (8 Stunden), 9.30 bis 17.30 Uhr, maximal 8 Teilnehmer<\/li>\n<li>350.- Fr pro Gruppenkursteilnehmer<\/li>\n<li><em>Die n\u00e4chsten freien Seminartermine werden in K\u00fcrze bekannt gegeben. M\u00f6chtest Du zu Neuigkeiten zum Thema Vergebung direkt benachrichtigt werden, schreibe uns gerne kurz eine <a href=\"hello@consol.earth\">Mail<\/a> oder nutze das <a href=\"https:\/\/consol.earth\/index.php\/kontakt\/\">Kontaktformular<\/a>.<\/em><\/li>\n<\/ul>\n<p><strong>Individuelles Coaching<\/strong><\/p>\n<ul>\n<li>95,- Fr im Einzelcoaching pro Stunde<\/li>\n<li>individuelle Kurszeiten und Pakettarife f\u00fcr Einzel- oder Gruppencoachings auf Anfrage<\/li>\n<\/ul>\n<\/div>\n<\/div><\/div><\/div><\/div><\/div><\/div>","protected":false},"excerpt":{"rendered":"<p>Con\u2219Sol Technologie &amp; Methodik &#8222;VERGEBUNG&#8220; Meditation und Technik zur Entwicklung und Anwendung von Selbst-Vergebung Gewiss zu sein, dass alles gut ist, ohne sich gezwungen zu f\u00fchlen, etwas tun zu m\u00fcssen; frei von Reue zu leben, ohne eigene Taten als so schlimm zu empfinden, dass sie verdr\u00e4ngt werden m\u00fcssen; Gutm\u00fctigkeit im Leben und in sich Selbst [&hellip;]<\/p>\n","protected":false},"author":2,"featured_media":0,"parent":0,"menu_order":0,"comment_status":"closed","ping_status":"closed","template":"","meta":{"_monsterinsights_skip_tracking":false,"_monsterinsights_sitenote_active":false,"_monsterinsights_sitenote_note":"","_monsterinsights_sitenote_category":0,"jetpack_post_was_ever_published":false},"yoast_head":"<!-- This site is optimized with the Yoast SEO plugin v20.3 - https:\/\/yoast.com\/wordpress\/plugins\/seo\/ -->\n<title>Vergebung - Consciousness Solutions<\/title>\n<meta name=\"robots\" content=\"index, follow, max-snippet:-1, max-image-preview:large, max-video-preview:-1\" \/>\n<link rel=\"canonical\" href=\"https:\/\/consol.earth\/index.php\/vergebung-2\/\" \/>\n<meta property=\"og:locale\" content=\"de_DE\" \/>\n<meta property=\"og:type\" content=\"article\" \/>\n<meta property=\"og:title\" content=\"Vergebung - Consciousness Solutions\" \/>\n<meta property=\"og:description\" content=\"Con\u2219Sol Technologie &amp; Methodik &quot;VERGEBUNG&quot; Meditation und Technik zur Entwicklung und Anwendung von Selbst-Vergebung Gewiss zu sein, dass alles gut ist, ohne sich gezwungen zu f\u00fchlen, etwas tun zu m\u00fcssen; frei von Reue zu leben, ohne eigene Taten als so schlimm zu empfinden, dass sie verdr\u00e4ngt werden m\u00fcssen; Gutm\u00fctigkeit im Leben und in sich Selbst [&hellip;]\" \/>\n<meta property=\"og:url\" content=\"https:\/\/consol.earth\/index.php\/vergebung-2\/\" \/>\n<meta property=\"og:site_name\" content=\"Consciousness Solutions\" \/>\n<meta property=\"article:modified_time\" content=\"2021-12-17T15:17:10+00:00\" \/>\n<meta name=\"twitter:card\" content=\"summary_large_image\" \/>\n<meta name=\"twitter:label1\" content=\"Gesch\u00e4tzte Lesezeit\" \/>\n\t<meta name=\"twitter:data1\" content=\"5\u00a0Minuten\" \/>\n<script type=\"application\/ld+json\" class=\"yoast-schema-graph\">{\"@context\":\"https:\/\/schema.org\",\"@graph\":[{\"@type\":\"WebPage\",\"@id\":\"https:\/\/consol.earth\/index.php\/vergebung-2\/\",\"url\":\"https:\/\/consol.earth\/index.php\/vergebung-2\/\",\"name\":\"Vergebung - Consciousness Solutions\",\"isPartOf\":{\"@id\":\"https:\/\/consol.earth\/#website\"},\"datePublished\":\"2021-10-15T13:15:14+00:00\",\"dateModified\":\"2021-12-17T15:17:10+00:00\",\"breadcrumb\":{\"@id\":\"https:\/\/consol.earth\/index.php\/vergebung-2\/#breadcrumb\"},\"inLanguage\":\"de\",\"potentialAction\":[{\"@type\":\"ReadAction\",\"target\":[\"https:\/\/consol.earth\/index.php\/vergebung-2\/\"]}]},{\"@type\":\"BreadcrumbList\",\"@id\":\"https:\/\/consol.earth\/index.php\/vergebung-2\/#breadcrumb\",\"itemListElement\":[{\"@type\":\"ListItem\",\"position\":1,\"name\":\"Startseite\",\"item\":\"https:\/\/consol.earth\/\"},{\"@type\":\"ListItem\",\"position\":2,\"name\":\"Vergebung\"}]},{\"@type\":\"WebSite\",\"@id\":\"https:\/\/consol.earth\/#website\",\"url\":\"https:\/\/consol.earth\/\",\"name\":\"Consciousness Solutions\",\"description\":\"Bewusstsein ist die Wachheit, die das Licht ist, die das Innere beleuchtet.\",\"publisher\":{\"@id\":\"https:\/\/consol.earth\/#organization\"},\"potentialAction\":[{\"@type\":\"SearchAction\",\"target\":{\"@type\":\"EntryPoint\",\"urlTemplate\":\"https:\/\/consol.earth\/?s={search_term_string}\"},\"query-input\":\"required name=search_term_string\"}],\"inLanguage\":\"de\"},{\"@type\":\"Organization\",\"@id\":\"https:\/\/consol.earth\/#organization\",\"name\":\"Consciousness Solutions\",\"url\":\"https:\/\/consol.earth\/\",\"logo\":{\"@type\":\"ImageObject\",\"inLanguage\":\"de\",\"@id\":\"https:\/\/consol.earth\/#\/schema\/logo\/image\/\",\"url\":\"https:\/\/i0.wp.com\/consol.earth\/wp-content\/uploads\/2021\/10\/ConSol_Logo_Rings_No_Black_Lines.png?fit=801%2C368&ssl=1\",\"contentUrl\":\"https:\/\/i0.wp.com\/consol.earth\/wp-content\/uploads\/2021\/10\/ConSol_Logo_Rings_No_Black_Lines.png?fit=801%2C368&ssl=1\",\"width\":801,\"height\":368,\"caption\":\"Consciousness Solutions\"},\"image\":{\"@id\":\"https:\/\/consol.earth\/#\/schema\/logo\/image\/\"}}]}<\/script>\n<!-- \/ Yoast SEO plugin. -->","yoast_head_json":{"title":"Vergebung - Consciousness Solutions","robots":{"index":"index","follow":"follow","max-snippet":"max-snippet:-1","max-image-preview":"max-image-preview:large","max-video-preview":"max-video-preview:-1"},"canonical":"https:\/\/consol.earth\/index.php\/vergebung-2\/","og_locale":"de_DE","og_type":"article","og_title":"Vergebung - Consciousness Solutions","og_description":"Con\u2219Sol Technologie &amp; Methodik \"VERGEBUNG\" Meditation und Technik zur Entwicklung und Anwendung von Selbst-Vergebung Gewiss zu sein, dass alles gut ist, ohne sich gezwungen zu f\u00fchlen, etwas tun zu m\u00fcssen; frei von Reue zu leben, ohne eigene Taten als so schlimm zu empfinden, dass sie verdr\u00e4ngt werden m\u00fcssen; Gutm\u00fctigkeit im Leben und in sich Selbst [&hellip;]","og_url":"https:\/\/consol.earth\/index.php\/vergebung-2\/","og_site_name":"Consciousness Solutions","article_modified_time":"2021-12-17T15:17:10+00:00","twitter_card":"summary_large_image","twitter_misc":{"Gesch\u00e4tzte Lesezeit":"5\u00a0Minuten"},"schema":{"@context":"https:\/\/schema.org","@graph":[{"@type":"WebPage","@id":"https:\/\/consol.earth\/index.php\/vergebung-2\/","url":"https:\/\/consol.earth\/index.php\/vergebung-2\/","name":"Vergebung - Consciousness Solutions","isPartOf":{"@id":"https:\/\/consol.earth\/#website"},"datePublished":"2021-10-15T13:15:14+00:00","dateModified":"2021-12-17T15:17:10+00:00","breadcrumb":{"@id":"https:\/\/consol.earth\/index.php\/vergebung-2\/#breadcrumb"},"inLanguage":"de","potentialAction":[{"@type":"ReadAction","target":["https:\/\/consol.earth\/index.php\/vergebung-2\/"]}]},{"@type":"BreadcrumbList","@id":"https:\/\/consol.earth\/index.php\/vergebung-2\/#breadcrumb","itemListElement":[{"@type":"ListItem","position":1,"name":"Startseite","item":"https:\/\/consol.earth\/"},{"@type":"ListItem","position":2,"name":"Vergebung"}]},{"@type":"WebSite","@id":"https:\/\/consol.earth\/#website","url":"https:\/\/consol.earth\/","name":"Consciousness Solutions","description":"Bewusstsein ist die Wachheit, die das Licht ist, die das Innere beleuchtet.","publisher":{"@id":"https:\/\/consol.earth\/#organization"},"potentialAction":[{"@type":"SearchAction","target":{"@type":"EntryPoint","urlTemplate":"https:\/\/consol.earth\/?s={search_term_string}"},"query-input":"required name=search_term_string"}],"inLanguage":"de"},{"@type":"Organization","@id":"https:\/\/consol.earth\/#organization","name":"Consciousness Solutions","url":"https:\/\/consol.earth\/","logo":{"@type":"ImageObject","inLanguage":"de","@id":"https:\/\/consol.earth\/#\/schema\/logo\/image\/","url":"https:\/\/i0.wp.com\/consol.earth\/wp-content\/uploads\/2021\/10\/ConSol_Logo_Rings_No_Black_Lines.png?fit=801%2C368&ssl=1","contentUrl":"https:\/\/i0.wp.com\/consol.earth\/wp-content\/uploads\/2021\/10\/ConSol_Logo_Rings_No_Black_Lines.png?fit=801%2C368&ssl=1","width":801,"height":368,"caption":"Consciousness Solutions"},"image":{"@id":"https:\/\/consol.earth\/#\/schema\/logo\/image\/"}}]}},"jetpack_sharing_enabled":false,"jetpack_likes_enabled":false,"_links":{"self":[{"href":"https:\/\/consol.earth\/index.php\/wp-json\/wp\/v2\/pages\/4095"}],"collection":[{"href":"https:\/\/consol.earth\/index.php\/wp-json\/wp\/v2\/pages"}],"about":[{"href":"https:\/\/consol.earth\/index.php\/wp-json\/wp\/v2\/types\/page"}],"author":[{"embeddable":true,"href":"https:\/\/consol.earth\/index.php\/wp-json\/wp\/v2\/users\/2"}],"replies":[{"embeddable":true,"href":"https:\/\/consol.earth\/index.php\/wp-json\/wp\/v2\/comments?post=4095"}],"version-history":[{"count":35,"href":"https:\/\/consol.earth\/index.php\/wp-json\/wp\/v2\/pages\/4095\/revisions"}],"predecessor-version":[{"id":6099,"href":"https:\/\/consol.earth\/index.php\/wp-json\/wp\/v2\/pages\/4095\/revisions\/6099"}],"wp:attachment":[{"href":"https:\/\/consol.earth\/index.php\/wp-json\/wp\/v2\/media?parent=4095"}],"curies":[{"name":"wp","href":"https:\/\/api.w.org\/{rel}","templated":true}]}}