{"id":4114,"date":"2021-10-15T15:52:19","date_gmt":"2021-10-15T15:52:19","guid":{"rendered":"https:\/\/consol.earth\/?page_id=4114"},"modified":"2021-12-17T15:16:19","modified_gmt":"2021-12-17T15:16:19","slug":"konzentration","status":"publish","type":"page","link":"https:\/\/consol.earth\/index.php\/konzentration\/","title":{"rendered":"Konzentration"},"content":{"rendered":"<div id=\"pl-4114\"  class=\"panel-layout\" ><div id=\"pg-4114-0\"  class=\"panel-grid panel-no-style\" ><div id=\"pgc-4114-0-0\"  class=\"panel-grid-cell\" ><div id=\"panel-4114-0-0-0\" class=\"so-panel widget widget_spacer panel-first-child panel-last-child\" data-index=\"0\" ><div\n\t\t\t\n\t\t\tclass=\"so-widget-spacer so-widget-spacer-spacer-style-d75171398898-4114\"\n\t\t\t\n\t\t>\r\n\r\n\r\n\r\n\r\n<div class=\"spacer\" style=\"height: 80px\">\r\n<\/div><\/div><\/div><\/div><\/div><div id=\"pg-4114-1\"  class=\"panel-grid panel-no-style\" ><div id=\"pgc-4114-1-0\"  class=\"panel-grid-cell\" ><div id=\"panel-4114-1-0-0\" class=\"so-panel widget widget_sow-icon panel-first-child\" data-index=\"1\" ><div class=\"panel-widget-style panel-widget-style-for-4114-1-0-0\" ><div\n\t\t\t\n\t\t\tclass=\"so-widget-sow-icon so-widget-sow-icon-default-8460aa7b2093-4114\"\n\t\t\t\n\t\t>\n<div class=\"sow-icon-container sow-icon\">\n\t\t\t<span class=\"sow-icon-icomoon\" data-sow-icon=\"&#xe982;\"\n\t\t \n\t\taria-hidden=\"true\"><\/span>\t<\/div>\n<\/div><\/div><\/div><div id=\"panel-4114-1-0-1\" class=\"so-panel widget widget_sow-headline panel-last-child\" data-index=\"2\" ><div class=\"panel-widget-style panel-widget-style-for-4114-1-0-1\" ><div\n\t\t\t\n\t\t\tclass=\"so-widget-sow-headline so-widget-sow-headline-default-a586199ec0be-4114\"\n\t\t\t\n\t\t><div class=\"sow-headline-container \">\n\t<h1 class='sow-headline'>Con\u2219Sol Technologie &amp; Methodik \"KONZENTRATION\"<\/h1>\t\t\t\t\t<div class=\"decoration\">\n\t\t\t\t\t\t<div class=\"decoration-inside\"><\/div>\n\t\t\t\t\t<\/div>\n\t\t\t\t\t<\/div><\/div><\/div><\/div><\/div><\/div><div id=\"pg-4114-2\"  class=\"panel-grid panel-has-style\" ><div class=\"panel-row-style panel-row-style-for-4114-2\" ><div id=\"pgc-4114-2-0\"  class=\"panel-grid-cell\" ><div id=\"panel-4114-2-0-0\" class=\"so-panel widget widget_sow-editor panel-first-child panel-last-child\" data-index=\"3\" ><div class=\"panel-widget-style panel-widget-style-for-4114-2-0-0\" ><div\n\t\t\t\n\t\t\tclass=\"so-widget-sow-editor so-widget-sow-editor-base\"\n\t\t\t\n\t\t>\n<div class=\"siteorigin-widget-tinymce textwidget\">\n\t<h2 style=\"text-align: left;\">Konzentration steigern: Meditation und Technik zur direkten Steigerbarkeit der Konzentrationsf\u00e4higkeit und Ablenkungsfreiheit<\/h2>\n<p>Das vollst\u00e4ndig Gesammelt-Sein in einem Punkt, eine bewusste, feinf\u00fchlig und universell anwendbare Fokussiertheit, eine Scharfsinnigkeit, die jedes mentale Konstrukt durchschneidet, das Geb\u00fcndelt-Sein der gesamten Wachheit auf ein Thema oder eine Handlung \u2013 das ist, wie die Konzentrationsf\u00e4higkeit herbeigef\u00fchrt durch Meditation ist.<\/p>\n<p>Der Verstand bringt die gesamte empfangene Information \u00fcber die In- und Umwelt in ein koh\u00e4rentes, einheitliches Gef\u00fcge, welches wir als die Ebene unserer mentalen Wachheit in der Welt wahrnehmen. Verkn\u00fcpfung, Evaluation, Einstufung, Abw\u00e4gung und \u00dcbersichtsgewinnung finden auf dieser Ebene stetig statt. Unser Mental liefert aber nicht nur Informationen zur Realit\u00e4t, sondern filtert diese zus\u00e4tzlich anhand der eigenen Erfahrung, des Wissens, der Neigungen, der Selbst-Befundungen und des Emotionalit\u00e4tszustandes und -verhaltens. Daraus resultiert die st\u00e4ndige Generierung einer aktiv teilnehmenden Pers\u00f6nlichkeit. Die \u00dcberlagerung dieser Pers\u00f6nlichkeit mit dem Strom der Information \u00fcber die Realit\u00e4t durch die \u00e4usseren und inneren Sinne ergibt die gewohnte Mentalit\u00e4t von \u201emir und meiner Wahrnehmung in meinem Verstand\u201c.<\/p>\n<p>Stellt sich im Verstand durch enormes Interesse, hohe Klarheit, akute Lebensbedrohtheit oder erlebte Selbstlosigkeit ein Gef\u00fcge ein, in welchem auf die aktive Identifizierung mit dem Verstand verzichtet wird, so wird eine enorme Konzentration im Verstand erreicht. Dies ist ein bekanntes Erlebnis von Konzentration und Fokus, bei dem man sich Selbst kaum bis gar nicht mehr wahrnimmt und nur noch bei der exakten Ausf\u00fchrung von Handlung ist. Erinnerungsbildung und Selbst-Assoziation sind dabei vermindert oder abwesend. Die Wachheit ist konstant hoch und nicht unmittelbar begrenzt. Alle M\u00f6glichkeiten liegen offen. Konzentration steigern hei\u00dft: Die Verwendung von Intuition, einge\u00fcbtem Wissen, Reflexen, Scharfsinn und Spontanit\u00e4t ist verst\u00e4rkt. Der Bewusstseinszustand derartiger funktionaler Konzentration kann problemlos auch den als \u201eFlow\u201c bekannten erzeugen. Solch hohe, klare Konzentration wird gehalten, bis man sich wieder den begrenzenden Selbst-Bildern widmet.<\/p>\n<p>Die wenigsten Menschen erleben diese Art von Konzentration regelm\u00e4ssig in ihrem allt\u00e4glichen Tun und noch weniger wissen, sie bewusst zu aktivieren und f\u00fcr ihre eigenen Zwecke zu verwenden. St\u00e4ndiges Abgelenkt-Sein kann ohne weiteres vom Verstand normalisiert werden, bis hin zur chronischen Verfehlung von echter Konzentration. Ein derartiges Selbsterlebnis f\u00f6rdert \u00fcberm\u00e4ssiges konzeptualisieren von Selbstbildern. Wohl bekannte und dadurch fest etablierte Selbstbilder wollen vom Verstand stetig aufrecht erhalten werden. Die Gedanken beginnen, um das Selbst zu kreisen, um sicher zu stellen, dass keines der Selbstbilder auf irgend eine Art und Weise bedroht ist. Das Denken \u00fcber was die Bedeutung von allem in Bezug auf sich Selbst ist, artet aus und verliert sich in endlosen Schleifen. St\u00e4ndig ist die Fokussiertheit zerstreut. Dadurch wird das gewohnte Grundgef\u00fcge des Verstandes immer durchflossener, mit \u00fcberfl\u00fcssigen In-Szene-Setzungen von sich Selbst. Man verliert die \u00dcbersicht, \u00fcber was real und was konstruiert ist, \u00fcber was wirklich wichtig und was nur projizierte Bedeutung ist. Beginnt, sich allm\u00e4hlich zu verlieren im Verstand, alleine wegen der Abwesenheit von Konzentration.<\/p>\n<p>Konzentration steigern bedeutet; Wer fokussiert ist, ist exakt genau da, wo der Fokus ist und nur da. Auch wenn eine Neigung der Pers\u00f6nlichkeit aufkommt, ein Selbstbild, dass sich bedroht f\u00fchlt die Konzentriertheit zu zerstreuen beginnt, so durchdringt der starke Fokus dies mit Leichtigkeit und fokussiert sich dadurch noch mehr. Somit f\u00f6rdert Fokus nicht nur die direkte Leistungsf\u00e4higkeit genau jetzt, sondern erzeugt auch stetig ein langfristigeres Verstandesgef\u00fcge, in welchem der Zugang zu Konzentration und Unabgelenktheit immer klarer und offener wird.<\/p>\n<p>In Meditation ist es nicht nur m\u00f6glich direkt das Bewusstsein von Fokussiertheit und Konzentriertheit in sich offen zu legen und hervorzubringen, sondern auch praktisch die eigene Tendenz, an seinen Selbstbildern festzuhalten, zu umgehen. Dadurch f\u00f6rdert akute Konzentrationspraktik langfristige Konzentrationsf\u00e4higkeit, sowie auch geistige Selbstregulationsf\u00e4higkeit. Fokus ist mit Meditation sehr einfach zu \u00fcben und hat unz\u00e4hlige Anwendungsr\u00e4ume im \u00c4usseren, Inneren und im Geistigen.<\/p>\n<blockquote>\n<p><em>Wer das Leben und die M\u00f6glichkeiten in den eigenen H\u00e4nden wissen will, der entwickle Konzentration.<\/em><\/p>\n<\/blockquote>\n<\/div>\n<\/div><\/div><\/div><\/div><\/div><\/div><div id=\"pg-4114-3\"  class=\"panel-grid panel-has-style\" ><div class=\"panel-row-style panel-row-style-for-4114-3\" ><div id=\"pgc-4114-3-0\"  class=\"panel-grid-cell\" ><div id=\"panel-4114-3-0-0\" class=\"so-panel widget widget_sow-button panel-first-child\" data-index=\"4\" ><div class=\"panel-widget-style panel-widget-style-for-4114-3-0-0\" ><div\n\t\t\t\n\t\t\tclass=\"so-widget-sow-button so-widget-sow-button-wire-1025c479d47f-4114\"\n\t\t\t\n\t\t><div class=\"ow-button-base ow-button-align-center\">\n\t<a href=\"https:\/\/consol.earth\/index.php\/kontakt\/\" class=\"ow-icon-placement-left ow-button-hover\" target=\"_blank\" rel=\"noopener noreferrer\" \t\t>\n\t\t<span>\n\t\t\t\n\t\t\tKursanfrage\t\t<\/span>\n\t<\/a>\n<\/div>\n<\/div><\/div><\/div><div id=\"panel-4114-3-0-1\" class=\"so-panel widget widget_sow-button panel-last-child\" data-index=\"5\" ><div class=\"panel-widget-style panel-widget-style-for-4114-3-0-1\" ><div\n\t\t\t\n\t\t\tclass=\"so-widget-sow-button so-widget-sow-button-wire-1025c479d47f-4114\"\n\t\t\t\n\t\t><div class=\"ow-button-base ow-button-align-center\">\n\t<a href=\"https:\/\/consol.earth\/index.php\/solutions\/kalendar\/\" class=\"ow-icon-placement-left ow-button-hover\" target=\"_blank\" rel=\"noopener noreferrer\" \t\t>\n\t\t<span>\n\t\t\t\n\t\t\tKalender\t\t<\/span>\n\t<\/a>\n<\/div>\n<\/div><\/div><\/div><\/div><div id=\"pgc-4114-3-1\"  class=\"panel-grid-cell\" ><div id=\"panel-4114-3-1-0\" class=\"so-panel widget widget_sow-editor panel-first-child panel-last-child\" data-index=\"6\" ><div class=\"panel-widget-style panel-widget-style-for-4114-3-1-0\" ><div\n\t\t\t\n\t\t\tclass=\"so-widget-sow-editor so-widget-sow-editor-base\"\n\t\t\t\n\t\t>\n<div class=\"siteorigin-widget-tinymce textwidget\">\n\t<p><strong>Teilnahme Grundlagenkurs:<\/strong><\/p>\n<ul>\n<li>2 h Konzentration Einf\u00fchrung, jeden ersten Montag des Monats, 18-20 Uhr, maximal 10 Teilnehmer<\/li>\n<li>80,- Fr pro Gruppenkursteilnehmer (f\u00fcr 2h)<\/li>\n<\/ul>\n<p><strong>Teilnahme ganztags Intensiv-Seminar:<\/strong><\/p>\n<ul>\n<li>1 Tag (8 Stunden), 9.30 bis 17.30 Uhr, maximal 10 Teilnehmer<\/li>\n<li>350.- Fr pro Gruppenkursteilnehmer<\/li>\n<li><em>Die n\u00e4chsten freien Seminartermine werden in K\u00fcrze bekannt gegeben. M\u00f6chtest Du zu Neuigkeiten zum Thema Konzentration direkt benachrichtigt werden, schreibe uns gerne kurz eine <a href=\"hello@consol.earth\">Mail<\/a> oder nutze das <a href=\"https:\/\/consol.earth\/index.php\/kontakt\/\">Kontaktformular<\/a>.<\/em><\/li>\n<\/ul>\n<p><strong>Individuelles Coaching<\/strong><\/p>\n<ul>\n<li>95,- Fr im Einzelcoaching pro Stunde<\/li>\n<li>individuelle Kurszeiten und Pakettarife f\u00fcr Einzel- oder Gruppencoachings auf Anfrage<\/li>\n<\/ul>\n<\/div>\n<\/div><\/div><\/div><\/div><\/div><\/div><\/div>","protected":false},"excerpt":{"rendered":"<p>Con\u2219Sol Technologie &amp; Methodik &#8222;KONZENTRATION&#8220; Konzentration steigern: Meditation und Technik zur direkten Steigerbarkeit der Konzentrationsf\u00e4higkeit und Ablenkungsfreiheit Das vollst\u00e4ndig Gesammelt-Sein in einem Punkt, eine bewusste, feinf\u00fchlig und universell anwendbare Fokussiertheit, eine Scharfsinnigkeit, die jedes mentale Konstrukt durchschneidet, das Geb\u00fcndelt-Sein der gesamten Wachheit auf ein Thema oder eine Handlung \u2013 das ist, wie die Konzentrationsf\u00e4higkeit herbeigef\u00fchrt [&hellip;]<\/p>\n","protected":false},"author":2,"featured_media":0,"parent":0,"menu_order":0,"comment_status":"closed","ping_status":"closed","template":"","meta":{"_monsterinsights_skip_tracking":false,"_monsterinsights_sitenote_active":false,"_monsterinsights_sitenote_note":"","_monsterinsights_sitenote_category":0,"jetpack_post_was_ever_published":false},"yoast_head":"<!-- This site is optimized with the Yoast SEO plugin v20.3 - https:\/\/yoast.com\/wordpress\/plugins\/seo\/ -->\n<title>Konzentration - Consciousness Solutions<\/title>\n<meta name=\"description\" content=\"Consciousness Solutions Seminar: Konzentration steigern - Meditation und Technik zur direkten Steigerbarkeit der Konzentrationsf\u00e4higkeit und Ablenkungsfreiheit.\" \/>\n<meta name=\"robots\" content=\"index, follow, max-snippet:-1, max-image-preview:large, max-video-preview:-1\" \/>\n<link rel=\"canonical\" href=\"https:\/\/consol.earth\/index.php\/konzentration\/\" \/>\n<meta property=\"og:locale\" content=\"de_DE\" \/>\n<meta property=\"og:type\" content=\"article\" \/>\n<meta property=\"og:title\" content=\"Konzentration - Consciousness Solutions\" \/>\n<meta property=\"og:description\" content=\"Consciousness Solutions Seminar: Konzentration steigern - Meditation und Technik zur direkten Steigerbarkeit der Konzentrationsf\u00e4higkeit und Ablenkungsfreiheit.\" \/>\n<meta property=\"og:url\" content=\"https:\/\/consol.earth\/index.php\/konzentration\/\" \/>\n<meta property=\"og:site_name\" content=\"Consciousness Solutions\" \/>\n<meta property=\"article:modified_time\" content=\"2021-12-17T15:16:19+00:00\" \/>\n<meta name=\"twitter:card\" content=\"summary_large_image\" \/>\n<meta name=\"twitter:label1\" content=\"Gesch\u00e4tzte Lesezeit\" \/>\n\t<meta name=\"twitter:data1\" content=\"4\u00a0Minuten\" \/>\n<script type=\"application\/ld+json\" class=\"yoast-schema-graph\">{\"@context\":\"https:\/\/schema.org\",\"@graph\":[{\"@type\":\"WebPage\",\"@id\":\"https:\/\/consol.earth\/index.php\/konzentration\/\",\"url\":\"https:\/\/consol.earth\/index.php\/konzentration\/\",\"name\":\"Konzentration - Consciousness Solutions\",\"isPartOf\":{\"@id\":\"https:\/\/consol.earth\/#website\"},\"datePublished\":\"2021-10-15T15:52:19+00:00\",\"dateModified\":\"2021-12-17T15:16:19+00:00\",\"description\":\"Consciousness Solutions Seminar: Konzentration steigern - Meditation und Technik zur direkten Steigerbarkeit der Konzentrationsf\u00e4higkeit und Ablenkungsfreiheit.\",\"breadcrumb\":{\"@id\":\"https:\/\/consol.earth\/index.php\/konzentration\/#breadcrumb\"},\"inLanguage\":\"de\",\"potentialAction\":[{\"@type\":\"ReadAction\",\"target\":[\"https:\/\/consol.earth\/index.php\/konzentration\/\"]}]},{\"@type\":\"BreadcrumbList\",\"@id\":\"https:\/\/consol.earth\/index.php\/konzentration\/#breadcrumb\",\"itemListElement\":[{\"@type\":\"ListItem\",\"position\":1,\"name\":\"Startseite\",\"item\":\"https:\/\/consol.earth\/\"},{\"@type\":\"ListItem\",\"position\":2,\"name\":\"Konzentration\"}]},{\"@type\":\"WebSite\",\"@id\":\"https:\/\/consol.earth\/#website\",\"url\":\"https:\/\/consol.earth\/\",\"name\":\"Consciousness Solutions\",\"description\":\"Bewusstsein ist die Wachheit, die das Licht ist, die das Innere beleuchtet.\",\"publisher\":{\"@id\":\"https:\/\/consol.earth\/#organization\"},\"potentialAction\":[{\"@type\":\"SearchAction\",\"target\":{\"@type\":\"EntryPoint\",\"urlTemplate\":\"https:\/\/consol.earth\/?s={search_term_string}\"},\"query-input\":\"required name=search_term_string\"}],\"inLanguage\":\"de\"},{\"@type\":\"Organization\",\"@id\":\"https:\/\/consol.earth\/#organization\",\"name\":\"Consciousness Solutions\",\"url\":\"https:\/\/consol.earth\/\",\"logo\":{\"@type\":\"ImageObject\",\"inLanguage\":\"de\",\"@id\":\"https:\/\/consol.earth\/#\/schema\/logo\/image\/\",\"url\":\"https:\/\/i0.wp.com\/consol.earth\/wp-content\/uploads\/2021\/10\/ConSol_Logo_Rings_No_Black_Lines.png?fit=801%2C368&ssl=1\",\"contentUrl\":\"https:\/\/i0.wp.com\/consol.earth\/wp-content\/uploads\/2021\/10\/ConSol_Logo_Rings_No_Black_Lines.png?fit=801%2C368&ssl=1\",\"width\":801,\"height\":368,\"caption\":\"Consciousness Solutions\"},\"image\":{\"@id\":\"https:\/\/consol.earth\/#\/schema\/logo\/image\/\"}}]}<\/script>\n<!-- \/ Yoast SEO plugin. -->","yoast_head_json":{"title":"Konzentration - Consciousness Solutions","description":"Consciousness Solutions Seminar: Konzentration steigern - Meditation und Technik zur direkten Steigerbarkeit der Konzentrationsf\u00e4higkeit und Ablenkungsfreiheit.","robots":{"index":"index","follow":"follow","max-snippet":"max-snippet:-1","max-image-preview":"max-image-preview:large","max-video-preview":"max-video-preview:-1"},"canonical":"https:\/\/consol.earth\/index.php\/konzentration\/","og_locale":"de_DE","og_type":"article","og_title":"Konzentration - Consciousness Solutions","og_description":"Consciousness Solutions Seminar: Konzentration steigern - Meditation und Technik zur direkten Steigerbarkeit der Konzentrationsf\u00e4higkeit und Ablenkungsfreiheit.","og_url":"https:\/\/consol.earth\/index.php\/konzentration\/","og_site_name":"Consciousness Solutions","article_modified_time":"2021-12-17T15:16:19+00:00","twitter_card":"summary_large_image","twitter_misc":{"Gesch\u00e4tzte Lesezeit":"4\u00a0Minuten"},"schema":{"@context":"https:\/\/schema.org","@graph":[{"@type":"WebPage","@id":"https:\/\/consol.earth\/index.php\/konzentration\/","url":"https:\/\/consol.earth\/index.php\/konzentration\/","name":"Konzentration - Consciousness Solutions","isPartOf":{"@id":"https:\/\/consol.earth\/#website"},"datePublished":"2021-10-15T15:52:19+00:00","dateModified":"2021-12-17T15:16:19+00:00","description":"Consciousness Solutions Seminar: Konzentration steigern - Meditation und Technik zur direkten Steigerbarkeit der Konzentrationsf\u00e4higkeit und Ablenkungsfreiheit.","breadcrumb":{"@id":"https:\/\/consol.earth\/index.php\/konzentration\/#breadcrumb"},"inLanguage":"de","potentialAction":[{"@type":"ReadAction","target":["https:\/\/consol.earth\/index.php\/konzentration\/"]}]},{"@type":"BreadcrumbList","@id":"https:\/\/consol.earth\/index.php\/konzentration\/#breadcrumb","itemListElement":[{"@type":"ListItem","position":1,"name":"Startseite","item":"https:\/\/consol.earth\/"},{"@type":"ListItem","position":2,"name":"Konzentration"}]},{"@type":"WebSite","@id":"https:\/\/consol.earth\/#website","url":"https:\/\/consol.earth\/","name":"Consciousness Solutions","description":"Bewusstsein ist die Wachheit, die das Licht ist, die das Innere beleuchtet.","publisher":{"@id":"https:\/\/consol.earth\/#organization"},"potentialAction":[{"@type":"SearchAction","target":{"@type":"EntryPoint","urlTemplate":"https:\/\/consol.earth\/?s={search_term_string}"},"query-input":"required name=search_term_string"}],"inLanguage":"de"},{"@type":"Organization","@id":"https:\/\/consol.earth\/#organization","name":"Consciousness Solutions","url":"https:\/\/consol.earth\/","logo":{"@type":"ImageObject","inLanguage":"de","@id":"https:\/\/consol.earth\/#\/schema\/logo\/image\/","url":"https:\/\/i0.wp.com\/consol.earth\/wp-content\/uploads\/2021\/10\/ConSol_Logo_Rings_No_Black_Lines.png?fit=801%2C368&ssl=1","contentUrl":"https:\/\/i0.wp.com\/consol.earth\/wp-content\/uploads\/2021\/10\/ConSol_Logo_Rings_No_Black_Lines.png?fit=801%2C368&ssl=1","width":801,"height":368,"caption":"Consciousness Solutions"},"image":{"@id":"https:\/\/consol.earth\/#\/schema\/logo\/image\/"}}]}},"jetpack_sharing_enabled":false,"jetpack_likes_enabled":false,"_links":{"self":[{"href":"https:\/\/consol.earth\/index.php\/wp-json\/wp\/v2\/pages\/4114"}],"collection":[{"href":"https:\/\/consol.earth\/index.php\/wp-json\/wp\/v2\/pages"}],"about":[{"href":"https:\/\/consol.earth\/index.php\/wp-json\/wp\/v2\/types\/page"}],"author":[{"embeddable":true,"href":"https:\/\/consol.earth\/index.php\/wp-json\/wp\/v2\/users\/2"}],"replies":[{"embeddable":true,"href":"https:\/\/consol.earth\/index.php\/wp-json\/wp\/v2\/comments?post=4114"}],"version-history":[{"count":37,"href":"https:\/\/consol.earth\/index.php\/wp-json\/wp\/v2\/pages\/4114\/revisions"}],"predecessor-version":[{"id":6097,"href":"https:\/\/consol.earth\/index.php\/wp-json\/wp\/v2\/pages\/4114\/revisions\/6097"}],"wp:attachment":[{"href":"https:\/\/consol.earth\/index.php\/wp-json\/wp\/v2\/media?parent=4114"}],"curies":[{"name":"wp","href":"https:\/\/api.w.org\/{rel}","templated":true}]}}