{"id":4518,"date":"2021-10-18T19:50:30","date_gmt":"2021-10-18T19:50:30","guid":{"rendered":"https:\/\/consol.earth\/?page_id=4518"},"modified":"2023-03-14T20:23:41","modified_gmt":"2023-03-14T20:23:41","slug":"spiritosophie","status":"publish","type":"page","link":"https:\/\/consol.earth\/index.php\/spiritosophie\/","title":{"rendered":"Spiritosophie"},"content":{"rendered":"<div id=\"pl-4518\"  class=\"panel-layout\" ><div id=\"pg-4518-0\"  class=\"panel-grid panel-no-style\" ><div id=\"pgc-4518-0-0\"  class=\"panel-grid-cell\" ><div id=\"panel-4518-0-0-0\" class=\"so-panel widget widget_spacer panel-first-child panel-last-child\" data-index=\"0\" ><div\n\t\t\t\n\t\t\tclass=\"so-widget-spacer so-widget-spacer-spacer-style-d75171398898-4518\"\n\t\t\t\n\t\t>\r\n\r\n\r\n\r\n\r\n<div class=\"spacer\" style=\"height: 80px\">\r\n<\/div><\/div><\/div><\/div><\/div><div id=\"pg-4518-1\"  class=\"panel-grid panel-no-style\" ><div id=\"pgc-4518-1-0\"  class=\"panel-grid-cell\" ><div id=\"panel-4518-1-0-0\" class=\"so-panel widget widget_sow-icon panel-first-child\" data-index=\"1\" ><div class=\"panel-widget-style panel-widget-style-for-4518-1-0-0\" ><div\n\t\t\t\n\t\t\tclass=\"so-widget-sow-icon so-widget-sow-icon-default-8460aa7b2093-4518\"\n\t\t\t\n\t\t>\n<div class=\"sow-icon-container sow-icon\">\n\t\t\t<span class=\"sow-icon-icomoon\" data-sow-icon=\"&#xe983;\"\n\t\t \n\t\taria-hidden=\"true\"><\/span>\t<\/div>\n<\/div><\/div><\/div><div id=\"panel-4518-1-0-1\" class=\"so-panel widget widget_sow-headline panel-last-child\" data-index=\"2\" ><div class=\"panel-widget-style panel-widget-style-for-4518-1-0-1\" ><div\n\t\t\t\n\t\t\tclass=\"so-widget-sow-headline so-widget-sow-headline-default-a586199ec0be-4518\"\n\t\t\t\n\t\t><div class=\"sow-headline-container \">\n\t<h1 class='sow-headline'>SPIRITOSOPHIE<\/h1>\t\t\t\t\t<div class=\"decoration\">\n\t\t\t\t\t\t<div class=\"decoration-inside\"><\/div>\n\t\t\t\t\t<\/div>\n\t\t\t\t\t<\/div><\/div><\/div><\/div><\/div><\/div><div id=\"pg-4518-2\"  class=\"panel-grid panel-has-style\" ><div class=\"panel-row-style panel-row-style-for-4518-2\" ><div id=\"pgc-4518-2-0\"  class=\"panel-grid-cell\" ><div id=\"panel-4518-2-0-0\" class=\"so-panel widget widget_sow-image panel-first-child\" data-index=\"3\" ><div class=\"panel-widget-style panel-widget-style-for-4518-2-0-0\" ><div\n\t\t\t\n\t\t\tclass=\"so-widget-sow-image so-widget-sow-image-default-17bc2272b535-4518\"\n\t\t\t\n\t\t>\n\n<div class=\"sow-image-container\">\n\t\t<img src=\"https:\/\/i0.wp.com\/consol.earth\/wp-content\/uploads\/2021\/05\/greg-rakozy-oMpAz-DN-9I-unsplash.jpg?fit=2400%2C1600&amp;ssl=1\" width=\"2400\" height=\"1600\" srcset=\"https:\/\/i0.wp.com\/consol.earth\/wp-content\/uploads\/2021\/05\/greg-rakozy-oMpAz-DN-9I-unsplash.jpg?w=2400&amp;ssl=1 2400w, https:\/\/i0.wp.com\/consol.earth\/wp-content\/uploads\/2021\/05\/greg-rakozy-oMpAz-DN-9I-unsplash.jpg?resize=300%2C200&amp;ssl=1 300w, https:\/\/i0.wp.com\/consol.earth\/wp-content\/uploads\/2021\/05\/greg-rakozy-oMpAz-DN-9I-unsplash.jpg?resize=1024%2C683&amp;ssl=1 1024w, https:\/\/i0.wp.com\/consol.earth\/wp-content\/uploads\/2021\/05\/greg-rakozy-oMpAz-DN-9I-unsplash.jpg?resize=768%2C512&amp;ssl=1 768w, https:\/\/i0.wp.com\/consol.earth\/wp-content\/uploads\/2021\/05\/greg-rakozy-oMpAz-DN-9I-unsplash.jpg?resize=1536%2C1024&amp;ssl=1 1536w, https:\/\/i0.wp.com\/consol.earth\/wp-content\/uploads\/2021\/05\/greg-rakozy-oMpAz-DN-9I-unsplash.jpg?resize=2048%2C1365&amp;ssl=1 2048w, https:\/\/i0.wp.com\/consol.earth\/wp-content\/uploads\/2021\/05\/greg-rakozy-oMpAz-DN-9I-unsplash.jpg?resize=272%2C182&amp;ssl=1 272w\" title=\"space person\" alt=\"\" loading=\"lazy\" \t\tclass=\"so-widget-image\"\/>\n\t<\/div>\n\n<\/div><\/div><\/div><div id=\"panel-4518-2-0-1\" class=\"so-panel widget widget_sow-editor\" data-index=\"4\" ><div class=\"panel-widget-style panel-widget-style-for-4518-2-0-1\" ><div\n\t\t\t\n\t\t\tclass=\"so-widget-sow-editor so-widget-sow-editor-base\"\n\t\t\t\n\t\t>\n<div class=\"siteorigin-widget-tinymce textwidget\">\n\t<p><strong>Dialogzeiten:<\/strong><\/p>\n<ul>\n<li>2-3 h, immer Sonntags, 11:00 \u2013 13:30 im B\u00fcrgli (Russikon). Hier kannst du auch online teilnehmen, f\u00fcr den LogIn Link, melde dich kurz bei uns.<\/li>\n<li>Jeden 2. und 4. Mittwoch im Monat von 18:15 \u2013 20:00 an der \u00ab<a href=\"https:\/\/www.nhk.ch\/campus\/service\/kontakt\">NHK Z\u00fcrich<\/a>\u00bb<\/li>\n<li>G\u00e4ste und Fragen aller Art sind immer herzlich willkommen<\/li>\n<\/ul>\n<p><strong>Preis:<\/strong><\/p>\n<ul>\n<li>Die Teilnahme ist offen f\u00fcr alle und beruht sich auf freiwilliger Spendenbasis.<\/li>\n<\/ul>\n<\/div>\n<\/div><\/div><\/div><div id=\"panel-4518-2-0-2\" class=\"so-panel widget widget_sow-button\" data-index=\"5\" ><div class=\"panel-widget-style panel-widget-style-for-4518-2-0-2\" ><div\n\t\t\t\n\t\t\tclass=\"so-widget-sow-button so-widget-sow-button-wire-1025c479d47f-4518\"\n\t\t\t\n\t\t><div class=\"ow-button-base ow-button-align-center\">\n\t<a href=\"https:\/\/consol.earth\/index.php\/kontakt\/\" class=\"ow-icon-placement-left ow-button-hover\" target=\"_blank\" rel=\"noopener noreferrer\" \t\t>\n\t\t<span>\n\t\t\t\n\t\t\tKontakt\t\t<\/span>\n\t<\/a>\n<\/div>\n<\/div><\/div><\/div><div id=\"panel-4518-2-0-3\" class=\"so-panel widget widget_sow-button panel-last-child\" data-index=\"6\" ><div class=\"panel-widget-style panel-widget-style-for-4518-2-0-3\" ><div\n\t\t\t\n\t\t\tclass=\"so-widget-sow-button so-widget-sow-button-wire-1025c479d47f-4518\"\n\t\t\t\n\t\t><div class=\"ow-button-base ow-button-align-center\">\n\t<a href=\"https:\/\/consol.earth\/index.php\/solutions\/kalendar\/\" class=\"ow-icon-placement-left ow-button-hover\" target=\"_blank\" rel=\"noopener noreferrer\" \t\t>\n\t\t<span>\n\t\t\t\n\t\t\tKalender\t\t<\/span>\n\t<\/a>\n<\/div>\n<\/div><\/div><\/div><\/div><div id=\"pgc-4518-2-1\"  class=\"panel-grid-cell\" ><div id=\"panel-4518-2-1-0\" class=\"so-panel widget widget_sow-editor panel-first-child panel-last-child\" data-index=\"7\" ><div class=\"panel-widget-style panel-widget-style-for-4518-2-1-0\" ><div\n\t\t\t\n\t\t\tclass=\"so-widget-sow-editor so-widget-sow-editor-base\"\n\t\t\t\n\t\t>\n<div class=\"siteorigin-widget-tinymce textwidget\">\n\t<h2 style=\"text-align: left;\">Spiritosophie ist die Verbindung von Spiritualit\u00e4t und Philosophie.<\/h2>\n<p>Jeder ist auf dem Erkenntnisweg, sucht Wissen und Weisheit, Einsicht und Einf\u00fchlsamkeit, F\u00fclle und Tiefe. Der Weg zu Verst\u00e4ndnis, Wohlergehen, Gl\u00fcck und Verbundenheit f\u00fchrt durch die Erkennung von sich Selbst und seiner wahren Natur, bis hin zur tiefen Bedeutung von sich selbst in der Welt. Es geht um den Ursprung des Da-Seins, die Ergr\u00fcndung des Sch\u00f6nen und des Unerkl\u00e4rlichen, um das Entdecken der vollen geistigen M\u00f6glichkeiten, um die Gewissheit der Unbedingtheit der Zugeh\u00f6rigkeit und um die spirituelle Verbundenheit allen Lebens an sich.<\/p>\n<p>Kommt man der Wahrheit um sich selbst n\u00e4her, so f\u00e4llt es zunehmend leichter, sich mit sich im Reinen zu f\u00fchlen, jegliche Gef\u00fchle und Gedanken zulassen zu k\u00f6nnen und sich in harmonischer Resonanz mit allen Personen, Beziehungen, Situationen und Erfahrungen zu erleben. Jeder, der das versp\u00fcrt wird aufmerksam, dass das Leben an sich vielmehr in Verbundenheit und Grenzenlosigkeit existiert, als in scharfen Trennungen aus Problemen, Zw\u00e4ngen, Urteilen oder Bewertungen.<\/p>\n<p>Diesen Weg geht man prinzipiell nur mit sich. Doch immer wieder trifft man auf Menschen mit Anschauungen, Erkenntnissen, Fragen oder Antworten, die einem das Gehen erleichtern und weitere Zug\u00e4nge und Tore er\u00f6ffnen. Bringen wir unsere echten Gef\u00fchle und Eindr\u00fccke zur Selbsterkenntnis zusammen, dann entsteht eine Verbindung, die uns alle wacher macht. Jeder Weg durch sich Selbst, ist ein Weg, der gegangen und somit bewusst zug\u00e4nglich ist. Jeder und jede f\u00fcr sich und alle zusammen. Im Dialog wird es so f\u00fcr alle einfacher und nat\u00fcrlicher, weiter zu gehen und sich klarer zu erkennen.<\/p>\n<p>Durch den Austausch der inneren Erkenntniswege ger\u00e4t das innere Licht st\u00e4rker in die Aufmerksamkeit und wird so leichter zug\u00e4nglich. Durch den aktiven Ausdruck dessen, was uns zueinander offener und verbundener sein l\u00e4sst, sprechen wir direkt das nat\u00fcrliche, tiefste Erlebnis der eigenen Menschlichkeit und des inerten Mitgef\u00fchls an. So ist das Gehen und das Mitteilen des individuellen Weges, das was die Wachheit an sich und so in allen f\u00f6rdert.<\/p>\n<p>In <em>Spiritosophischen Dialogen<\/em> treffen sich Menschen, die in sich bemerkt haben, dass das Leben, das Sein und das <em>Ich<\/em> vertieft werden k\u00f6nnen und das diese Erfahrung eine universelle, lebensnahe ist. Die Dialoge sind offene Gespr\u00e4chs-, Austausch- und Meditationsanl\u00e4sse, die von den Con\u2219Sol Gr\u00fcndern Patrick und Tamara moderiert werden. Begleitende Meditationen, komplementieren die besprochenen Themen und vertiefen so die Verbindung aus Philosophie und Spiritualit\u00e4t im direkten Erlebnis. Spiritosophische Treffen haben immer auch einen pers\u00f6nlichen Aspekt, denn man ist selbst aktiv Teil der Gestaltung. In den Dialogen kann man auf Menschen, die tiefere Erfahrungen zum Bewusstsein und dem Leben machen treffen und gemeinsam Lebensnahes, Spirituelles, Philosophisches und Ehrliches aussprechen. Die Gespr\u00e4che und Austausche die dabei entstehen, sind immer neu und es gibt f\u00fcr jeden und jede immer viel zum Mitnehmen.<\/p>\n<p>Das Ziel ist es, dass sich Menschen mit dem Bewusstsein, dass das Innere aufgeschlossen, das Wissen und die Weisheiten \u00fcber das Leben zusammen offengelegt und das Erlebnis des Geistigen erweitert werden soll, sich treffen, verbinden und weiterbringen k\u00f6nnen.<\/p>\n<\/div>\n<\/div><\/div><\/div><\/div><\/div><\/div><div id=\"pg-4518-3\"  class=\"panel-grid panel-no-style\" ><div id=\"pgc-4518-3-0\"  class=\"panel-grid-cell\" ><div id=\"panel-4518-3-0-0\" class=\"so-panel widget widget_sow-icon panel-first-child\" data-index=\"8\" ><div class=\"panel-widget-style panel-widget-style-for-4518-3-0-0\" ><div\n\t\t\t\n\t\t\tclass=\"so-widget-sow-icon so-widget-sow-icon-default-8460aa7b2093-4518\"\n\t\t\t\n\t\t>\n<div class=\"sow-icon-container sow-icon\">\n\t\t\t<span class=\"sow-icon-icomoon\" data-sow-icon=\"&#xe983;\"\n\t\t \n\t\taria-hidden=\"true\"><\/span>\t<\/div>\n<\/div><\/div><\/div><div id=\"panel-4518-3-0-1\" class=\"so-panel widget widget_sow-editor\" data-index=\"9\" ><div class=\"panel-widget-style panel-widget-style-for-4518-3-0-1\" ><div\n\t\t\t\n\t\t\tclass=\"so-widget-sow-editor so-widget-sow-editor-base\"\n\t\t\t\n\t\t>\n<div class=\"siteorigin-widget-tinymce textwidget\">\n\t<h1 style=\"text-align: center;\">Jetzt neu: Spiritosophie als privater Anlass,<br \/>\nzur Vertiefung von Freundschaft &amp; gemeinsamer Offenheit<\/h1>\n<p style=\"text-align: center;\">Du und 2 bis 12 Freunde sammelt zusammen oder jeder f\u00fcr sich alle spirituelle Themen und Fragen, die euch interessieren und reicht sie uns vorab ein.<\/p>\n<p style=\"text-align: center;\">Wir vereinbaren einen Termin, bei euch zu hause, oder bei uns im Bewusstseinszentrum B\u00fcrgli, der etwa Raum f\u00fcr 3 Stunden bietet.<\/p>\n<p style=\"text-align: center;\">Wir veranstalten ein einzigartiges Erlebnis, aus philosophischen Diskussionen, gemeinsamer Meditation und neuen Perspektiven auf sich Selbst und das Zusammensein.<\/p>\n<p style=\"text-align: center;\">Du erf\u00e4hrst, was dich im Umgang mit dir und in Beziehung mit den anderen zur\u00fcck h\u00e4lt, was dich triggert und wie du mehr das machen kannst, was du wirklich willst.<\/p>\n<\/div>\n<\/div><\/div><\/div><div id=\"panel-4518-3-0-2\" class=\"so-panel widget widget_sow-button panel-last-child\" data-index=\"10\" ><div class=\"panel-widget-style panel-widget-style-for-4518-3-0-2\" ><div\n\t\t\t\n\t\t\tclass=\"so-widget-sow-button so-widget-sow-button-wire-1025c479d47f-4518\"\n\t\t\t\n\t\t><div class=\"ow-button-base ow-button-align-center\">\n\t<a href=\"https:\/\/consol.earth\/index.php\/kontakt\/\" class=\"ow-icon-placement-left ow-button-hover\" target=\"_blank\" rel=\"noopener noreferrer\" \t\t>\n\t\t<span>\n\t\t\t\n\t\t\tKontakt\t\t<\/span>\n\t<\/a>\n<\/div>\n<\/div><\/div><\/div><\/div><\/div><div id=\"pg-4518-4\"  class=\"panel-grid panel-has-style\" ><div class=\"panel-row-style panel-row-style-for-4518-4\" ><div id=\"pgc-4518-4-0\"  class=\"panel-grid-cell\" ><div id=\"panel-4518-4-0-0\" class=\"so-panel widget widget_spacer panel-first-child panel-last-child\" data-index=\"11\" ><div\n\t\t\t\n\t\t\tclass=\"so-widget-spacer so-widget-spacer-spacer-style-d75171398898-4518\"\n\t\t\t\n\t\t>\r\n\r\n\r\n\r\n\r\n<div class=\"spacer\" style=\"height: 80px\">\r\n<\/div><\/div><\/div><\/div><\/div><\/div><\/div>","protected":false},"excerpt":{"rendered":"<p>SPIRITOSOPHIE Dialogzeiten: 2-3 h, immer Sonntags, 11:00 \u2013 13:30 im B\u00fcrgli (Russikon). Hier kannst du auch online teilnehmen, f\u00fcr den LogIn Link, melde dich kurz bei uns. Jeden 2. und 4. Mittwoch im Monat von 18:15 \u2013 20:00 an der \u00abNHK Z\u00fcrich\u00bb G\u00e4ste und Fragen aller Art sind immer herzlich willkommen Preis: Die Teilnahme ist [&hellip;]<\/p>\n","protected":false},"author":2,"featured_media":0,"parent":0,"menu_order":0,"comment_status":"closed","ping_status":"closed","template":"","meta":{"_monsterinsights_skip_tracking":false,"_monsterinsights_sitenote_active":false,"_monsterinsights_sitenote_note":"","_monsterinsights_sitenote_category":0,"jetpack_post_was_ever_published":false},"yoast_head":"<!-- This site is optimized with the Yoast SEO plugin v20.3 - https:\/\/yoast.com\/wordpress\/plugins\/seo\/ -->\n<title>Spiritosophie - Consciousness Solutions<\/title>\n<meta name=\"robots\" content=\"index, follow, max-snippet:-1, max-image-preview:large, max-video-preview:-1\" \/>\n<link rel=\"canonical\" href=\"https:\/\/consol.earth\/index.php\/spiritosophie\/\" \/>\n<meta property=\"og:locale\" content=\"de_DE\" \/>\n<meta property=\"og:type\" content=\"article\" \/>\n<meta property=\"og:title\" content=\"Spiritosophie - Consciousness Solutions\" \/>\n<meta property=\"og:description\" content=\"SPIRITOSOPHIE Dialogzeiten: 2-3 h, immer Sonntags, 11:00 \u2013 13:30 im B\u00fcrgli (Russikon). Hier kannst du auch online teilnehmen, f\u00fcr den LogIn Link, melde dich kurz bei uns. Jeden 2. und 4. Mittwoch im Monat von 18:15 \u2013 20:00 an der \u00abNHK Z\u00fcrich\u00bb G\u00e4ste und Fragen aller Art sind immer herzlich willkommen Preis: Die Teilnahme ist [&hellip;]\" \/>\n<meta property=\"og:url\" content=\"https:\/\/consol.earth\/index.php\/spiritosophie\/\" \/>\n<meta property=\"og:site_name\" content=\"Consciousness Solutions\" \/>\n<meta property=\"article:modified_time\" content=\"2023-03-14T20:23:41+00:00\" \/>\n<meta name=\"twitter:card\" content=\"summary_large_image\" \/>\n<meta name=\"twitter:label1\" content=\"Gesch\u00e4tzte Lesezeit\" \/>\n\t<meta name=\"twitter:data1\" content=\"4\u00a0Minuten\" \/>\n<script type=\"application\/ld+json\" class=\"yoast-schema-graph\">{\"@context\":\"https:\/\/schema.org\",\"@graph\":[{\"@type\":\"WebPage\",\"@id\":\"https:\/\/consol.earth\/index.php\/spiritosophie\/\",\"url\":\"https:\/\/consol.earth\/index.php\/spiritosophie\/\",\"name\":\"Spiritosophie - Consciousness Solutions\",\"isPartOf\":{\"@id\":\"https:\/\/consol.earth\/#website\"},\"datePublished\":\"2021-10-18T19:50:30+00:00\",\"dateModified\":\"2023-03-14T20:23:41+00:00\",\"breadcrumb\":{\"@id\":\"https:\/\/consol.earth\/index.php\/spiritosophie\/#breadcrumb\"},\"inLanguage\":\"de\",\"potentialAction\":[{\"@type\":\"ReadAction\",\"target\":[\"https:\/\/consol.earth\/index.php\/spiritosophie\/\"]}]},{\"@type\":\"BreadcrumbList\",\"@id\":\"https:\/\/consol.earth\/index.php\/spiritosophie\/#breadcrumb\",\"itemListElement\":[{\"@type\":\"ListItem\",\"position\":1,\"name\":\"Startseite\",\"item\":\"https:\/\/consol.earth\/\"},{\"@type\":\"ListItem\",\"position\":2,\"name\":\"Spiritosophie\"}]},{\"@type\":\"WebSite\",\"@id\":\"https:\/\/consol.earth\/#website\",\"url\":\"https:\/\/consol.earth\/\",\"name\":\"Consciousness Solutions\",\"description\":\"Bewusstsein ist die Wachheit, die das Licht ist, die das Innere beleuchtet.\",\"publisher\":{\"@id\":\"https:\/\/consol.earth\/#organization\"},\"potentialAction\":[{\"@type\":\"SearchAction\",\"target\":{\"@type\":\"EntryPoint\",\"urlTemplate\":\"https:\/\/consol.earth\/?s={search_term_string}\"},\"query-input\":\"required name=search_term_string\"}],\"inLanguage\":\"de\"},{\"@type\":\"Organization\",\"@id\":\"https:\/\/consol.earth\/#organization\",\"name\":\"Consciousness Solutions\",\"url\":\"https:\/\/consol.earth\/\",\"logo\":{\"@type\":\"ImageObject\",\"inLanguage\":\"de\",\"@id\":\"https:\/\/consol.earth\/#\/schema\/logo\/image\/\",\"url\":\"https:\/\/i0.wp.com\/consol.earth\/wp-content\/uploads\/2021\/10\/ConSol_Logo_Rings_No_Black_Lines.png?fit=801%2C368&ssl=1\",\"contentUrl\":\"https:\/\/i0.wp.com\/consol.earth\/wp-content\/uploads\/2021\/10\/ConSol_Logo_Rings_No_Black_Lines.png?fit=801%2C368&ssl=1\",\"width\":801,\"height\":368,\"caption\":\"Consciousness Solutions\"},\"image\":{\"@id\":\"https:\/\/consol.earth\/#\/schema\/logo\/image\/\"}}]}<\/script>\n<!-- \/ Yoast SEO plugin. -->","yoast_head_json":{"title":"Spiritosophie - Consciousness Solutions","robots":{"index":"index","follow":"follow","max-snippet":"max-snippet:-1","max-image-preview":"max-image-preview:large","max-video-preview":"max-video-preview:-1"},"canonical":"https:\/\/consol.earth\/index.php\/spiritosophie\/","og_locale":"de_DE","og_type":"article","og_title":"Spiritosophie - Consciousness Solutions","og_description":"SPIRITOSOPHIE Dialogzeiten: 2-3 h, immer Sonntags, 11:00 \u2013 13:30 im B\u00fcrgli (Russikon). Hier kannst du auch online teilnehmen, f\u00fcr den LogIn Link, melde dich kurz bei uns. Jeden 2. und 4. Mittwoch im Monat von 18:15 \u2013 20:00 an der \u00abNHK Z\u00fcrich\u00bb G\u00e4ste und Fragen aller Art sind immer herzlich willkommen Preis: Die Teilnahme ist [&hellip;]","og_url":"https:\/\/consol.earth\/index.php\/spiritosophie\/","og_site_name":"Consciousness Solutions","article_modified_time":"2023-03-14T20:23:41+00:00","twitter_card":"summary_large_image","twitter_misc":{"Gesch\u00e4tzte Lesezeit":"4\u00a0Minuten"},"schema":{"@context":"https:\/\/schema.org","@graph":[{"@type":"WebPage","@id":"https:\/\/consol.earth\/index.php\/spiritosophie\/","url":"https:\/\/consol.earth\/index.php\/spiritosophie\/","name":"Spiritosophie - Consciousness Solutions","isPartOf":{"@id":"https:\/\/consol.earth\/#website"},"datePublished":"2021-10-18T19:50:30+00:00","dateModified":"2023-03-14T20:23:41+00:00","breadcrumb":{"@id":"https:\/\/consol.earth\/index.php\/spiritosophie\/#breadcrumb"},"inLanguage":"de","potentialAction":[{"@type":"ReadAction","target":["https:\/\/consol.earth\/index.php\/spiritosophie\/"]}]},{"@type":"BreadcrumbList","@id":"https:\/\/consol.earth\/index.php\/spiritosophie\/#breadcrumb","itemListElement":[{"@type":"ListItem","position":1,"name":"Startseite","item":"https:\/\/consol.earth\/"},{"@type":"ListItem","position":2,"name":"Spiritosophie"}]},{"@type":"WebSite","@id":"https:\/\/consol.earth\/#website","url":"https:\/\/consol.earth\/","name":"Consciousness Solutions","description":"Bewusstsein ist die Wachheit, die das Licht ist, die das Innere beleuchtet.","publisher":{"@id":"https:\/\/consol.earth\/#organization"},"potentialAction":[{"@type":"SearchAction","target":{"@type":"EntryPoint","urlTemplate":"https:\/\/consol.earth\/?s={search_term_string}"},"query-input":"required name=search_term_string"}],"inLanguage":"de"},{"@type":"Organization","@id":"https:\/\/consol.earth\/#organization","name":"Consciousness Solutions","url":"https:\/\/consol.earth\/","logo":{"@type":"ImageObject","inLanguage":"de","@id":"https:\/\/consol.earth\/#\/schema\/logo\/image\/","url":"https:\/\/i0.wp.com\/consol.earth\/wp-content\/uploads\/2021\/10\/ConSol_Logo_Rings_No_Black_Lines.png?fit=801%2C368&ssl=1","contentUrl":"https:\/\/i0.wp.com\/consol.earth\/wp-content\/uploads\/2021\/10\/ConSol_Logo_Rings_No_Black_Lines.png?fit=801%2C368&ssl=1","width":801,"height":368,"caption":"Consciousness Solutions"},"image":{"@id":"https:\/\/consol.earth\/#\/schema\/logo\/image\/"}}]}},"jetpack_sharing_enabled":false,"jetpack_likes_enabled":false,"_links":{"self":[{"href":"https:\/\/consol.earth\/index.php\/wp-json\/wp\/v2\/pages\/4518"}],"collection":[{"href":"https:\/\/consol.earth\/index.php\/wp-json\/wp\/v2\/pages"}],"about":[{"href":"https:\/\/consol.earth\/index.php\/wp-json\/wp\/v2\/types\/page"}],"author":[{"embeddable":true,"href":"https:\/\/consol.earth\/index.php\/wp-json\/wp\/v2\/users\/2"}],"replies":[{"embeddable":true,"href":"https:\/\/consol.earth\/index.php\/wp-json\/wp\/v2\/comments?post=4518"}],"version-history":[{"count":61,"href":"https:\/\/consol.earth\/index.php\/wp-json\/wp\/v2\/pages\/4518\/revisions"}],"predecessor-version":[{"id":7245,"href":"https:\/\/consol.earth\/index.php\/wp-json\/wp\/v2\/pages\/4518\/revisions\/7245"}],"wp:attachment":[{"href":"https:\/\/consol.earth\/index.php\/wp-json\/wp\/v2\/media?parent=4518"}],"curies":[{"name":"wp","href":"https:\/\/api.w.org\/{rel}","templated":true}]}}