{"id":4857,"date":"2021-10-19T20:01:06","date_gmt":"2021-10-19T20:01:06","guid":{"rendered":"https:\/\/consol.earth\/?page_id=4857"},"modified":"2021-12-17T15:13:04","modified_gmt":"2021-12-17T15:13:04","slug":"gedankenlosigkeit","status":"publish","type":"page","link":"https:\/\/consol.earth\/index.php\/gedankenlosigkeit\/","title":{"rendered":"Gedankenlosigkeit"},"content":{"rendered":"<div id=\"pl-4857\"  class=\"panel-layout\" ><div id=\"pg-4857-0\"  class=\"panel-grid panel-no-style\" ><div id=\"pgc-4857-0-0\"  class=\"panel-grid-cell\" ><div id=\"panel-4857-0-0-0\" class=\"so-panel widget widget_spacer panel-first-child panel-last-child\" data-index=\"0\" ><div\n\t\t\t\n\t\t\tclass=\"so-widget-spacer so-widget-spacer-spacer-style-d75171398898-4857\"\n\t\t\t\n\t\t>\r\n\r\n\r\n\r\n\r\n<div class=\"spacer\" style=\"height: 80px\">\r\n<\/div><\/div><\/div><\/div><\/div><div id=\"pg-4857-1\"  class=\"panel-grid panel-no-style\" ><div id=\"pgc-4857-1-0\"  class=\"panel-grid-cell\" ><div id=\"panel-4857-1-0-0\" class=\"so-panel widget widget_sow-icon panel-first-child\" data-index=\"1\" ><div class=\"panel-widget-style panel-widget-style-for-4857-1-0-0\" ><div\n\t\t\t\n\t\t\tclass=\"so-widget-sow-icon so-widget-sow-icon-default-8460aa7b2093-4857\"\n\t\t\t\n\t\t>\n<div class=\"sow-icon-container sow-icon\">\n\t\t\t<span class=\"sow-icon-icomoon\" data-sow-icon=\"&#xe97b;\"\n\t\t \n\t\taria-hidden=\"true\"><\/span>\t<\/div>\n<\/div><\/div><\/div><div id=\"panel-4857-1-0-1\" class=\"so-panel widget widget_sow-headline panel-last-child\" data-index=\"2\" ><div class=\"panel-widget-style panel-widget-style-for-4857-1-0-1\" ><div\n\t\t\t\n\t\t\tclass=\"so-widget-sow-headline so-widget-sow-headline-default-a586199ec0be-4857\"\n\t\t\t\n\t\t><div class=\"sow-headline-container \">\n\t<h1 class='sow-headline'>Con\u2219Sol Technologie &amp; Methodik \"GEDANKENLOSIGKEIT\"<\/h1>\t\t\t\t\t<div class=\"decoration\">\n\t\t\t\t\t\t<div class=\"decoration-inside\"><\/div>\n\t\t\t\t\t<\/div>\n\t\t\t\t\t<\/div><\/div><\/div><\/div><\/div><\/div><div id=\"pg-4857-2\"  class=\"panel-grid panel-has-style\" ><div class=\"panel-row-style panel-row-style-for-4857-2\" ><div id=\"pgc-4857-2-0\"  class=\"panel-grid-cell\" ><div id=\"panel-4857-2-0-0\" class=\"so-panel widget widget_sow-editor panel-first-child panel-last-child\" data-index=\"3\" ><div class=\"panel-widget-style panel-widget-style-for-4857-2-0-0\" ><div\n\t\t\t\n\t\t\tclass=\"so-widget-sow-editor so-widget-sow-editor-base\"\n\t\t\t\n\t\t>\n<div class=\"siteorigin-widget-tinymce textwidget\">\n\t<h2>Durch Meditation Gedanken beruhigen und in Stille ankommen<\/h2>\n<p>Zu sehen ohne zu kommentieren, zu f\u00fchlen ohne zu interpretieren, zu empfinden ohne abzuw\u00e4gen, zu beobachten ohne zu urteilen, zu sprechen ohne Zwiesp\u00e4ltigkeit, zu wissen ohne zu hinterfragen \u2013 so ist es, wenn man Gedanken beruhigt und zum schweigen gebracht hat.<\/p>\n<p>Gedanken werden angeregt, gedacht, und sind dann fertiggedacht. Jedoch hat es sich der Mensch meist so eingerichtet, dass Gedanken immer wieder zu mehr Gedanken f\u00fchren. Sei es aus Intellektualit\u00e4t oder Neurose, es ist eine Falle. Ohne sich dar\u00fcber im Klaren zu sein, wohin all die Gedanken f\u00fchren, was sie wirklich sind und wof\u00fcr sie tats\u00e4chlich stehen, wirft sich der Mensch in endloses Denken. In Selbsteinkehr und kontemplativer Meditation Gedanken im Bewusstsein einmal aufmerksam zu betrachten und ihre Natur zu ergr\u00fcnden ist f\u00fcr viele eine unbekannte Erfahrung.<\/p>\n<p>Gedanken \u00fcber Gedanken, die zu weiteren Gedanken f\u00fchren, sind hingegen normal. Der Verstand kann unendlich viele Gedanken kompilieren. Unklar \u00fcber Zusammenh\u00e4nge, Herkunft und Ziel der Gedanken versinkt man leicht in ihnen und verliert die \u00dcbersicht.<\/p>\n<blockquote>\n<p>Alsbald weiss man nicht mehr, ob man selber denkt, oder sich die Gedanken selber denken.<\/p>\n<\/blockquote>\n<p>Sich vom \u00fcberm\u00e4ssigen Denken zu entw\u00f6hnen, erscheint einem nicht erstrebenswert, gar riskant und be\u00e4ngstigend. Nichts liegt ferner, als der Gedanke, nicht mehr zu denken. So ist die g\u00e4ngige Meinung, dass es gar nicht m\u00f6glich sei, die Gedanken enden und schweigen zu lassen. Selbst das spontane Erlebnis von Gedankenlosigkeit wird prompt unterbrochen, mit dem Gedanken sich vergewissern zu wollen, on man wirklich gedankenlos war und der Zyklus beginnt von neuem. So sind Ruhe und Klarheit im Kopf wahrlich nicht selbstverst\u00e4ndlich.<\/p>\n<p>Nicht \u00fcber Gedanken nachzudenken, funktioniert im Ansatz, denn es bel\u00e4sst die Gedanken f\u00fcr sich, ohne zwanghaft folgenden Kommentar. Bei einigen Achtsamkeits- und Mindfulness-Meditationsweisen geht man \u00e4hnlich vor: Man positioniert sich nur als der Beobachter der Gedanken und kann sich so leichter vom Denken dissoziieren, denn man ist ja der, der Beobachtet. Dabei enth\u00e4lt man sich dem Denken jedoch in G\u00e4nze. Kaum wird man unachtsam, \u00fcbernehmen die Gedanken wieder mit ihrem Rauschen und man erlebt sich schnell wieder in neuen Denkmustern, ohne es anf\u00e4nglich zu bemerken. So wird die Gedankenlosigkeit abh\u00e4ngig von der Achtsamkeitsf\u00e4higkeit anstatt aus freiem Willen erreichbar.<\/p>\n<p>Einen kurzen Eindruck von Gedankenlosigkeit haben viele bereits kennen gelernt. So kann man die Gedanken beispielsweise ignorieren, sodass sie kurzfristig distanzierter erscheinen. Man kann sie auch vergessen und f\u00fcr einen Moment nicht bei ihnen sein. Unterdr\u00fcckt man sie, kommen sie zu einem sp\u00e4teren Zeitpunkt wieder hervor und f\u00fchren in der Regel zu pers\u00f6nlichen Unwohl, oder sogar zu Krankheit. Verflucht man die Gedanken, artet man in einen Kampf mit sich aus und verflucht sich schnell selbst.<\/p>\n<p>Gedanken loswerden wollen, durch Druck, Zwang, Urteil oder Willk\u00fcr bringt keine Ruhe im Kopf hervor. Im Gegenteil: Alle Versuche f\u00fchren erst recht zu heftigen Gedankenwirbeln und so zur direkten Einsicht \u00fcber die tats\u00e4chliche Wirksamkeit dieser Wege.<\/p>\n<p>Die Obsession mit den eigenen Gedanken geht oft so weit, dass man meint, ohne Gedanken w\u00fcrde man sich verlieren oder nicht mehr sich selbst sein. Die empfundene Wichtigkeit artet nicht selten in Verherrlichung des Denkens aus: au\u00dfer der eigenen Gedankenwelt scheint es keine vertrauensw\u00fcrdige Wahrheit von sich selbst zu geben. Dabei \u00fcbersieht man, dass solange man die Gedankenlosigkeit nicht erlebt hat, man keiner klaren Einsicht, keiner Gewissheit folgt, sondern lediglich eine erdachte Vorstellung.<\/p>\n<p>Nur in Gedanken scheint es logisch und ohne Frage, dass alles, worum es geht, gewusst werden kann. Der Verstand erachtet sich selbst als komplett, ohne sich jemals komplett zu f\u00fchlen. Die M\u00f6glichkeit, sich selbst nicht \u00fcbersteigen zu k\u00f6nnen, wird nicht in Betracht gezogen. Die erdachte Komplettheit des Systems ist somit nur in Gedanken komplett, nicht in Wahrheit. In Gedanken ist das Erlebnis der Komplettheit immer mindestens noch einen Gedanken entfernt. Wahrlich komplett und ohne Wunsch oder Bed\u00fcrfnis ist man in Gedanken n\u00e4mlich nie. Der Denkprozess erh\u00e4lt und bedingt sich endlos selbst.<\/p>\n<blockquote>\n<p>Gedanken \u00fcber Gedanken, die \u00fcber Gedanken hinausf\u00fchren, sind kaum vorhanden.<\/p>\n<\/blockquote>\n<p>Die Tatsache, dass ich denke ist kein Gedanke. Somit ist die Tatsache von \u00abich denke nicht\u00bb auch kein Gedanke. Also ist es komplett nutzlos, sich Gedanken um das Nicht-Denken zu machen. Es wird nie funktionieren, dass man sich in Gedanken denkt, dass man aufh\u00f6ren zu denken kann. Stattdessen muss man es tun, ohne zu schauen, ohne zu \u00fcberpr\u00fcfen, ob man noch denkt<\/p>\n<p>Indem drei Dinge gewusst, zwei Handlungen vollzogen und eine Haltung standhaft eingenommen wird, k\u00f6nnen in Meditation Gedanken ausgeschaltet werden.<\/p>\n<p style=\"padding-left: 40px;\"><u>Zu wissen gibt es:<\/u><br \/>\n1. Ich bin nicht die Gedanken, ich bin ich.<br \/>\n2. Die Gedanken denken sich nicht selbst, ich denke.<br \/>\n3. Die Gedanken sind die Formulierung meines Seins. Nicht mein effektives Sein.<br \/>\n<u>Zu tun gibt es:<\/u><br \/>\n1. Ich bin bewusst das Bewusstsein.<br \/>\n2. Alle Gedanken betrachte ich als irrelevant.<br \/>\n<u>Als innere Haltung gilt:<\/u><br \/>\n1. Jeder Gedanke ist inkomplett. Gedanken f\u00fchren immer wieder zu Gedanken.<\/p>\n<p>Dies f\u00fchrt unmittelbar zu bewusster Gedankenaufl\u00f6sung. Man ist wach, sich klar bewusst, und die Gedanken versiegen. Sie geben den Raum, den sie \u00fcberfluteten, frei und Klarheit ist bemerkbar. Als bald ist man ohne Gedanken, bei klarem Bewusstsein und regt keine neuen Gedanken mehr an. Man hat aufgeh\u00f6rt, zu denken.<br \/>\n\u00dcbt man sich darin, so gewinnt man die F\u00e4higkeit willentlich und bewusst die Gedanken auszustellen, denn man gew\u00f6hnt sich an das Bewusstsein in Gedankenlosigkeit und Wachheit.<\/p>\n<p>Die inneren Ebenen auf denen Gedankenlosigkeit nat\u00fcrlich stattfindet, durch welche man noch weiter in die Tiefe von sich absinkt, sind in der Meditationspraxis schnell erreichbar. Ein Selbst-verst\u00e4ndlicher Umgang mit Klarheit, sich wach zu wissen, ohne Gedankeninhalt halten zu m\u00fcssen und in Ruhe eine genaue Haltung annehmen zu k\u00f6nnen, sind die einzigen Voraussetzungen zur Erreichung von Gedankenlosigkeit.<\/p>\n<\/div>\n<\/div><\/div><\/div><\/div><\/div><\/div><div id=\"pg-4857-3\"  class=\"panel-grid panel-has-style\" ><div class=\"panel-row-style panel-row-style-for-4857-3\" ><div id=\"pgc-4857-3-0\"  class=\"panel-grid-cell\" ><div id=\"panel-4857-3-0-0\" class=\"so-panel widget widget_sow-button panel-first-child\" data-index=\"4\" ><div class=\"panel-widget-style panel-widget-style-for-4857-3-0-0\" ><div\n\t\t\t\n\t\t\tclass=\"so-widget-sow-button so-widget-sow-button-wire-1025c479d47f-4857\"\n\t\t\t\n\t\t><div class=\"ow-button-base ow-button-align-center\">\n\t<a href=\"https:\/\/consol.earth\/index.php\/kontakt\/\" class=\"ow-icon-placement-left ow-button-hover\" target=\"_blank\" rel=\"noopener noreferrer\" \t\t>\n\t\t<span>\n\t\t\t\n\t\t\tKursanfrage\t\t<\/span>\n\t<\/a>\n<\/div>\n<\/div><\/div><\/div><div id=\"panel-4857-3-0-1\" class=\"so-panel widget widget_sow-button panel-last-child\" data-index=\"5\" ><div class=\"panel-widget-style panel-widget-style-for-4857-3-0-1\" ><div\n\t\t\t\n\t\t\tclass=\"so-widget-sow-button so-widget-sow-button-wire-1025c479d47f-4857\"\n\t\t\t\n\t\t><div class=\"ow-button-base ow-button-align-center\">\n\t<a href=\"https:\/\/consol.earth\/index.php\/solutions\/kalendar\/\" class=\"ow-icon-placement-left ow-button-hover\" target=\"_blank\" rel=\"noopener noreferrer\" \t\t>\n\t\t<span>\n\t\t\t\n\t\t\tKalender\t\t<\/span>\n\t<\/a>\n<\/div>\n<\/div><\/div><\/div><\/div><div id=\"pgc-4857-3-1\"  class=\"panel-grid-cell\" ><div id=\"panel-4857-3-1-0\" class=\"so-panel widget widget_sow-editor panel-first-child panel-last-child\" data-index=\"6\" ><div class=\"panel-widget-style panel-widget-style-for-4857-3-1-0\" ><div\n\t\t\t\n\t\t\tclass=\"so-widget-sow-editor so-widget-sow-editor-base\"\n\t\t\t\n\t\t>\n<div class=\"siteorigin-widget-tinymce textwidget\">\n\t<p><strong>Teilnahme Grundlagenkurs:<\/strong><\/p>\n<ul>\n<li>2 h Gedankenlosigkeit Einf\u00fchrung, jeden ersten Donnerstag im Monat, 18 -20 Uhr, maximal 10 Teilnehmer<\/li>\n<li>80,- Fr pro Gruppenkursteilnehmer (f\u00fcr 2h)<\/li>\n<\/ul>\n<p><strong>Teilnahme ganztags Intensiv-Seminar:<\/strong><\/p>\n<ul>\n<li>1 Tag (8 Stunden), 9.30 bis 17.30 Uhr, maximal 10 Teilnehmer<\/li>\n<li>350.- Fr pro Gruppenkursteilnehmer<\/li>\n<li><em>Die n\u00e4chsten freien Seminartermine werden in K\u00fcrze bekannt gegeben. M\u00f6chtest Du direkt benachrichtigt werden, wenn es Neuigkeiten zu Gedankenlosigkeit gibt, schreibe uns gerne kurz eine <a href=\"hello@consol.earth\">Mail<\/a> oder nutze das <a href=\"https:\/\/consol.earth\/index.php\/kontakt\/\">Kontaktformular<\/a>.<\/em><\/li>\n<\/ul>\n<p><strong>Individuelles Coaching<\/strong><\/p>\n<ul>\n<li>95,- Fr im Einzelcoaching pro Stunde<\/li>\n<li>individuelle Kurszeiten und Pakettarife f\u00fcr Einzel- oder Gruppencoachings auf Anfrage<\/li>\n<\/ul>\n<\/div>\n<\/div><\/div><\/div><\/div><\/div><\/div><\/div>","protected":false},"excerpt":{"rendered":"<p>Con\u2219Sol Technologie &amp; Methodik &#8222;GEDANKENLOSIGKEIT&#8220; Durch Meditation Gedanken beruhigen und in Stille ankommen Zu sehen ohne zu kommentieren, zu f\u00fchlen ohne zu interpretieren, zu empfinden ohne abzuw\u00e4gen, zu beobachten ohne zu urteilen, zu sprechen ohne Zwiesp\u00e4ltigkeit, zu wissen ohne zu hinterfragen \u2013 so ist es, wenn man Gedanken beruhigt und zum schweigen gebracht hat. Gedanken [&hellip;]<\/p>\n","protected":false},"author":2,"featured_media":0,"parent":0,"menu_order":0,"comment_status":"closed","ping_status":"closed","template":"","meta":{"_monsterinsights_skip_tracking":false,"_monsterinsights_sitenote_active":false,"_monsterinsights_sitenote_note":"","_monsterinsights_sitenote_category":0,"jetpack_post_was_ever_published":false},"yoast_head":"<!-- This site is optimized with the Yoast SEO plugin v20.3 - https:\/\/yoast.com\/wordpress\/plugins\/seo\/ -->\n<title>Gedankenlosigkeit - Consciousness Solutions<\/title>\n<meta name=\"description\" content=\"Consciousness Solutions Seminar: Durch Meditation Gedanken beruhigen und stillen - meditativer Zugang, Bewusstseins-Technik und direktes Selbsterlebnis.\" \/>\n<meta name=\"robots\" content=\"index, follow, max-snippet:-1, max-image-preview:large, max-video-preview:-1\" \/>\n<link rel=\"canonical\" href=\"https:\/\/consol.earth\/index.php\/gedankenlosigkeit\/\" \/>\n<meta property=\"og:locale\" content=\"de_DE\" \/>\n<meta property=\"og:type\" content=\"article\" \/>\n<meta property=\"og:title\" content=\"Gedankenlosigkeit - Consciousness Solutions\" \/>\n<meta property=\"og:description\" content=\"Consciousness Solutions Seminar: Durch Meditation Gedanken beruhigen und stillen - meditativer Zugang, Bewusstseins-Technik und direktes Selbsterlebnis.\" \/>\n<meta property=\"og:url\" content=\"https:\/\/consol.earth\/index.php\/gedankenlosigkeit\/\" \/>\n<meta property=\"og:site_name\" content=\"Consciousness Solutions\" \/>\n<meta property=\"article:modified_time\" content=\"2021-12-17T15:13:04+00:00\" \/>\n<meta name=\"twitter:card\" content=\"summary_large_image\" \/>\n<meta name=\"twitter:label1\" content=\"Gesch\u00e4tzte Lesezeit\" \/>\n\t<meta name=\"twitter:data1\" content=\"5\u00a0Minuten\" \/>\n<script type=\"application\/ld+json\" class=\"yoast-schema-graph\">{\"@context\":\"https:\/\/schema.org\",\"@graph\":[{\"@type\":\"WebPage\",\"@id\":\"https:\/\/consol.earth\/index.php\/gedankenlosigkeit\/\",\"url\":\"https:\/\/consol.earth\/index.php\/gedankenlosigkeit\/\",\"name\":\"Gedankenlosigkeit - Consciousness Solutions\",\"isPartOf\":{\"@id\":\"https:\/\/consol.earth\/#website\"},\"datePublished\":\"2021-10-19T20:01:06+00:00\",\"dateModified\":\"2021-12-17T15:13:04+00:00\",\"description\":\"Consciousness Solutions Seminar: Durch Meditation Gedanken beruhigen und stillen - meditativer Zugang, Bewusstseins-Technik und direktes Selbsterlebnis.\",\"breadcrumb\":{\"@id\":\"https:\/\/consol.earth\/index.php\/gedankenlosigkeit\/#breadcrumb\"},\"inLanguage\":\"de\",\"potentialAction\":[{\"@type\":\"ReadAction\",\"target\":[\"https:\/\/consol.earth\/index.php\/gedankenlosigkeit\/\"]}]},{\"@type\":\"BreadcrumbList\",\"@id\":\"https:\/\/consol.earth\/index.php\/gedankenlosigkeit\/#breadcrumb\",\"itemListElement\":[{\"@type\":\"ListItem\",\"position\":1,\"name\":\"Startseite\",\"item\":\"https:\/\/consol.earth\/\"},{\"@type\":\"ListItem\",\"position\":2,\"name\":\"Gedankenlosigkeit\"}]},{\"@type\":\"WebSite\",\"@id\":\"https:\/\/consol.earth\/#website\",\"url\":\"https:\/\/consol.earth\/\",\"name\":\"Consciousness Solutions\",\"description\":\"Bewusstsein ist die Wachheit, die das Licht ist, die das Innere beleuchtet.\",\"publisher\":{\"@id\":\"https:\/\/consol.earth\/#organization\"},\"potentialAction\":[{\"@type\":\"SearchAction\",\"target\":{\"@type\":\"EntryPoint\",\"urlTemplate\":\"https:\/\/consol.earth\/?s={search_term_string}\"},\"query-input\":\"required name=search_term_string\"}],\"inLanguage\":\"de\"},{\"@type\":\"Organization\",\"@id\":\"https:\/\/consol.earth\/#organization\",\"name\":\"Consciousness Solutions\",\"url\":\"https:\/\/consol.earth\/\",\"logo\":{\"@type\":\"ImageObject\",\"inLanguage\":\"de\",\"@id\":\"https:\/\/consol.earth\/#\/schema\/logo\/image\/\",\"url\":\"https:\/\/i0.wp.com\/consol.earth\/wp-content\/uploads\/2021\/10\/ConSol_Logo_Rings_No_Black_Lines.png?fit=801%2C368&ssl=1\",\"contentUrl\":\"https:\/\/i0.wp.com\/consol.earth\/wp-content\/uploads\/2021\/10\/ConSol_Logo_Rings_No_Black_Lines.png?fit=801%2C368&ssl=1\",\"width\":801,\"height\":368,\"caption\":\"Consciousness Solutions\"},\"image\":{\"@id\":\"https:\/\/consol.earth\/#\/schema\/logo\/image\/\"}}]}<\/script>\n<!-- \/ Yoast SEO plugin. -->","yoast_head_json":{"title":"Gedankenlosigkeit - Consciousness Solutions","description":"Consciousness Solutions Seminar: Durch Meditation Gedanken beruhigen und stillen - meditativer Zugang, Bewusstseins-Technik und direktes Selbsterlebnis.","robots":{"index":"index","follow":"follow","max-snippet":"max-snippet:-1","max-image-preview":"max-image-preview:large","max-video-preview":"max-video-preview:-1"},"canonical":"https:\/\/consol.earth\/index.php\/gedankenlosigkeit\/","og_locale":"de_DE","og_type":"article","og_title":"Gedankenlosigkeit - Consciousness Solutions","og_description":"Consciousness Solutions Seminar: Durch Meditation Gedanken beruhigen und stillen - meditativer Zugang, Bewusstseins-Technik und direktes Selbsterlebnis.","og_url":"https:\/\/consol.earth\/index.php\/gedankenlosigkeit\/","og_site_name":"Consciousness Solutions","article_modified_time":"2021-12-17T15:13:04+00:00","twitter_card":"summary_large_image","twitter_misc":{"Gesch\u00e4tzte Lesezeit":"5\u00a0Minuten"},"schema":{"@context":"https:\/\/schema.org","@graph":[{"@type":"WebPage","@id":"https:\/\/consol.earth\/index.php\/gedankenlosigkeit\/","url":"https:\/\/consol.earth\/index.php\/gedankenlosigkeit\/","name":"Gedankenlosigkeit - Consciousness Solutions","isPartOf":{"@id":"https:\/\/consol.earth\/#website"},"datePublished":"2021-10-19T20:01:06+00:00","dateModified":"2021-12-17T15:13:04+00:00","description":"Consciousness Solutions Seminar: Durch Meditation Gedanken beruhigen und stillen - meditativer Zugang, Bewusstseins-Technik und direktes Selbsterlebnis.","breadcrumb":{"@id":"https:\/\/consol.earth\/index.php\/gedankenlosigkeit\/#breadcrumb"},"inLanguage":"de","potentialAction":[{"@type":"ReadAction","target":["https:\/\/consol.earth\/index.php\/gedankenlosigkeit\/"]}]},{"@type":"BreadcrumbList","@id":"https:\/\/consol.earth\/index.php\/gedankenlosigkeit\/#breadcrumb","itemListElement":[{"@type":"ListItem","position":1,"name":"Startseite","item":"https:\/\/consol.earth\/"},{"@type":"ListItem","position":2,"name":"Gedankenlosigkeit"}]},{"@type":"WebSite","@id":"https:\/\/consol.earth\/#website","url":"https:\/\/consol.earth\/","name":"Consciousness Solutions","description":"Bewusstsein ist die Wachheit, die das Licht ist, die das Innere beleuchtet.","publisher":{"@id":"https:\/\/consol.earth\/#organization"},"potentialAction":[{"@type":"SearchAction","target":{"@type":"EntryPoint","urlTemplate":"https:\/\/consol.earth\/?s={search_term_string}"},"query-input":"required name=search_term_string"}],"inLanguage":"de"},{"@type":"Organization","@id":"https:\/\/consol.earth\/#organization","name":"Consciousness Solutions","url":"https:\/\/consol.earth\/","logo":{"@type":"ImageObject","inLanguage":"de","@id":"https:\/\/consol.earth\/#\/schema\/logo\/image\/","url":"https:\/\/i0.wp.com\/consol.earth\/wp-content\/uploads\/2021\/10\/ConSol_Logo_Rings_No_Black_Lines.png?fit=801%2C368&ssl=1","contentUrl":"https:\/\/i0.wp.com\/consol.earth\/wp-content\/uploads\/2021\/10\/ConSol_Logo_Rings_No_Black_Lines.png?fit=801%2C368&ssl=1","width":801,"height":368,"caption":"Consciousness Solutions"},"image":{"@id":"https:\/\/consol.earth\/#\/schema\/logo\/image\/"}}]}},"jetpack_sharing_enabled":false,"jetpack_likes_enabled":false,"_links":{"self":[{"href":"https:\/\/consol.earth\/index.php\/wp-json\/wp\/v2\/pages\/4857"}],"collection":[{"href":"https:\/\/consol.earth\/index.php\/wp-json\/wp\/v2\/pages"}],"about":[{"href":"https:\/\/consol.earth\/index.php\/wp-json\/wp\/v2\/types\/page"}],"author":[{"embeddable":true,"href":"https:\/\/consol.earth\/index.php\/wp-json\/wp\/v2\/users\/2"}],"replies":[{"embeddable":true,"href":"https:\/\/consol.earth\/index.php\/wp-json\/wp\/v2\/comments?post=4857"}],"version-history":[{"count":32,"href":"https:\/\/consol.earth\/index.php\/wp-json\/wp\/v2\/pages\/4857\/revisions"}],"predecessor-version":[{"id":6089,"href":"https:\/\/consol.earth\/index.php\/wp-json\/wp\/v2\/pages\/4857\/revisions\/6089"}],"wp:attachment":[{"href":"https:\/\/consol.earth\/index.php\/wp-json\/wp\/v2\/media?parent=4857"}],"curies":[{"name":"wp","href":"https:\/\/api.w.org\/{rel}","templated":true}]}}