{"id":5545,"date":"2021-12-15T13:50:20","date_gmt":"2021-12-15T13:50:20","guid":{"rendered":"https:\/\/consol.earth\/?page_id=5545"},"modified":"2021-12-17T15:28:11","modified_gmt":"2021-12-17T15:28:11","slug":"ego","status":"publish","type":"page","link":"https:\/\/consol.earth\/index.php\/ego\/","title":{"rendered":"Ego"},"content":{"rendered":"<div id=\"pl-5545\"  class=\"panel-layout\" ><div id=\"pg-5545-0\"  class=\"panel-grid panel-no-style\" ><div id=\"pgc-5545-0-0\"  class=\"panel-grid-cell\" ><div id=\"panel-5545-0-0-0\" class=\"so-panel widget widget_spacer panel-first-child panel-last-child\" data-index=\"0\" ><div\n\t\t\t\n\t\t\tclass=\"so-widget-spacer so-widget-spacer-spacer-style-d75171398898-5545\"\n\t\t\t\n\t\t>\r\n\r\n\r\n\r\n\r\n<div class=\"spacer\" style=\"height: 80px\">\r\n<\/div><\/div><\/div><\/div><\/div><div id=\"pg-5545-1\"  class=\"panel-grid panel-no-style\" ><div id=\"pgc-5545-1-0\"  class=\"panel-grid-cell\" ><div id=\"panel-5545-1-0-0\" class=\"so-panel widget widget_sow-icon panel-first-child\" data-index=\"1\" ><div class=\"panel-widget-style panel-widget-style-for-5545-1-0-0\" ><div\n\t\t\t\n\t\t\tclass=\"so-widget-sow-icon so-widget-sow-icon-default-8460aa7b2093-5545\"\n\t\t\t\n\t\t>\n<div class=\"sow-icon-container sow-icon\">\n\t\t\t<span class=\"sow-icon-ionicons\" data-sow-icon=\"&#xf2d8;\"\n\t\t \n\t\taria-hidden=\"true\"><\/span>\t<\/div>\n<\/div><\/div><\/div><div id=\"panel-5545-1-0-1\" class=\"so-panel widget widget_sow-headline panel-last-child\" data-index=\"2\" ><div class=\"panel-widget-style panel-widget-style-for-5545-1-0-1\" ><div\n\t\t\t\n\t\t\tclass=\"so-widget-sow-headline so-widget-sow-headline-default-a586199ec0be-5545\"\n\t\t\t\n\t\t><div class=\"sow-headline-container \">\n\t<h1 class='sow-headline'>Con\u2219Sol Technologie &amp; Methodik \"EGO\"<\/h1>\t\t\t\t\t<div class=\"decoration\">\n\t\t\t\t\t\t<div class=\"decoration-inside\"><\/div>\n\t\t\t\t\t<\/div>\n\t\t\t\t\t<\/div><\/div><\/div><\/div><\/div><\/div><div id=\"pg-5545-2\"  class=\"panel-grid panel-has-style\" ><div class=\"panel-row-style panel-row-style-for-5545-2\" ><div id=\"pgc-5545-2-0\"  class=\"panel-grid-cell\" ><div id=\"panel-5545-2-0-0\" class=\"so-panel widget widget_sow-editor panel-first-child panel-last-child\" data-index=\"3\" ><div class=\"panel-widget-style panel-widget-style-for-5545-2-0-0\" ><div\n\t\t\t\n\t\t\tclass=\"so-widget-sow-editor so-widget-sow-editor-base\"\n\t\t\t\n\t\t>\n<div class=\"siteorigin-widget-tinymce textwidget\">\n\t<h2 style=\"text-align: left;\">Meditation und Technik zur direkten Erkenntnis und Abl\u00f6sung von Ego<\/h2>\n<p>Ego ist die nat\u00fcrliche Folge aus Identifikation mit beengenden Gef\u00fchlen der Zur\u00fcckhaltung und der Verschlossenheit gegen\u00fcber den Ver\u00e4nderungen und dem nat\u00fcrlichen Wandel des Lebens. Jeder, der sein beobachtendes, empfindendes, differenziertes Selbst bemerkt, ist dazu veranlagt, das Leben in sich festhalten und anhand bestimmter Konditionen kontrollieren und dirigieren zu wollen. So erzeugt sich Ego.<\/p>\n<p>Um in der eigenen Entfaltung voranzukommen und das Wohlbefinden von Bedingungen zu entbinden, liegt der Schl\u00fcssel darin, das Ego zu durchdringen und schliesslich hinter sich zu lassen. Je weiter man das Ego in sich aufgel\u00f6st und losgelassen hat, desto nat\u00fcrlicher wird man zu einem integralen, unabh\u00e4ngigen Wesen.<\/p>\n<p>Davon steigen das Mitgef\u00fchl und die allgemeine Lebensf\u00e4higkeit an und werden gross genug, um f\u00fcr sich selbst und f\u00fcr das Miteinander ein sch\u00f6nes, bereicherndes, harmonisches Leben aufzubauen.<\/p>\n<\/div>\n<\/div><\/div><\/div><\/div><\/div><\/div><div id=\"pg-5545-3\"  class=\"panel-grid panel-has-style\" ><div class=\"panel-row-style panel-row-style-for-5545-3\" ><div id=\"pgc-5545-3-0\"  class=\"panel-grid-cell\" ><div id=\"panel-5545-3-0-0\" class=\"so-panel widget widget_spacer panel-first-child panel-last-child\" data-index=\"4\" ><div class=\"panel-widget-style panel-widget-style-for-5545-3-0-0\" ><div\n\t\t\t\n\t\t\tclass=\"so-widget-spacer so-widget-spacer-spacer-style-d75171398898-5545\"\n\t\t\t\n\t\t>\r\n\r\n\r\n\r\n\r\n<div class=\"spacer\" style=\"height: 268px\">\r\n<\/div><\/div><\/div><\/div><\/div><\/div><\/div><div id=\"pg-5545-4\"  class=\"panel-grid panel-has-style\" ><div class=\"panel-row-style panel-row-style-for-5545-4\" ><div id=\"pgc-5545-4-0\"  class=\"panel-grid-cell\" ><div id=\"panel-5545-4-0-0\" class=\"so-panel widget widget_sow-editor panel-first-child panel-last-child\" data-index=\"5\" ><div class=\"panel-widget-style panel-widget-style-for-5545-4-0-0\" ><div\n\t\t\t\n\t\t\tclass=\"so-widget-sow-editor so-widget-sow-editor-base\"\n\t\t\t\n\t\t>\n<div class=\"siteorigin-widget-tinymce textwidget\">\n\t<p><strong>Folgende Inhalte bilden das Themenspektrum \"Ego\":<\/strong><\/p>\n<ul>\n<li>Verst\u00e4ndnis der Grunds\u00e4tze von Ego-Aufbau und Wirkungsweise<\/li>\n<li>Das Selbst als die Ausgangslage f\u00fcr Egogenerierung<\/li>\n<li>Zusammenh\u00e4nge von Ego und Unbewusstheit<\/li>\n<li>Problemkreisl\u00e4ufe und Muster basierend auf Ego<\/li>\n<li>Blockierung der Spiritualit\u00e4t und Gebundenheit durch Egoperspektiven<\/li>\n<li>Prinzipien der Aufdeckung von Ego<\/li>\n<li>Grunds\u00e4tze der \u00dcberwindung von Ego<\/li>\n<li>Zielsetzungsverl\u00e4ufe der \u00dcberwindungsbestrebungen<\/li>\n<li>Wirksamkeit und Nachhaltigkeit der \u00dcberwindung von Ego<\/li>\n<li>Spirituelles Entfalten durch Ablassen von Ego<\/li>\n<li>M\u00f6glichkeiten der Erreichung von Egolosigkeit<\/li>\n<li>Universelle Betrachtungen der Egolosigkeit und der Moralit\u00e4t<\/li>\n<li>Erweckung und Harmonieerzeugung durch Egolosigkeit<\/li>\n<li>Egolosigkeit als Wohl- und Chancenbringer f\u00fcr das Umfeld<\/li>\n<li>Mitgef\u00fchls- und Egoreduktionsmeditationstechniken<\/li>\n<\/ul>\n<p><em>ConSol<\/em> Seminare und Kurse zum Thema Ego zielen auf die Vermittlung des Wissens und der Grunderfahrungen zu diesen Inhalten und zeigen dabei insbesondere Trainingsm\u00f6glichkeiten zur Erreichung von eigenst\u00e4ndiger Egovermindertheit bis hin zur Egolosigkeit auf. Die Inhalte sind vor allem auf das Erkennen der zentralen Themen an sich selbst und den Aufbau eines zur Egodurchdringung wirksamen Ph\u00e4nomenverst\u00e4ndnisses und \u00dcbungsrepertoirs ausgelegt.<\/p>\n<\/div>\n<\/div><\/div><\/div><\/div><\/div><\/div><div id=\"pg-5545-5\"  class=\"panel-grid panel-has-style\" ><div class=\"panel-row-style panel-row-style-for-5545-5\" ><div id=\"pgc-5545-5-0\"  class=\"panel-grid-cell\" ><div id=\"panel-5545-5-0-0\" class=\"so-panel widget widget_sow-button panel-first-child\" data-index=\"6\" ><div class=\"panel-widget-style panel-widget-style-for-5545-5-0-0\" ><div\n\t\t\t\n\t\t\tclass=\"so-widget-sow-button so-widget-sow-button-wire-1025c479d47f-5545\"\n\t\t\t\n\t\t><div class=\"ow-button-base ow-button-align-center\">\n\t<a href=\"https:\/\/consol.earth\/index.php\/solutions\/kalendar\/\" class=\"ow-icon-placement-left ow-button-hover\" target=\"_blank\" rel=\"noopener noreferrer\" \t\t>\n\t\t<span>\n\t\t\t\n\t\t\tKalender\t\t<\/span>\n\t<\/a>\n<\/div>\n<\/div><\/div><\/div><div id=\"panel-5545-5-0-1\" class=\"so-panel widget widget_sow-button panel-last-child\" data-index=\"7\" ><div class=\"panel-widget-style panel-widget-style-for-5545-5-0-1\" ><div\n\t\t\t\n\t\t\tclass=\"so-widget-sow-button so-widget-sow-button-wire-1025c479d47f-5545\"\n\t\t\t\n\t\t><div class=\"ow-button-base ow-button-align-center\">\n\t<a href=\"https:\/\/consol.earth\/index.php\/kontakt\/\" class=\"ow-icon-placement-left ow-button-hover\" target=\"_blank\" rel=\"noopener noreferrer\" \t\t>\n\t\t<span>\n\t\t\t\n\t\t\tKursanfrage\t\t<\/span>\n\t<\/a>\n<\/div>\n<\/div><\/div><\/div><\/div><div id=\"pgc-5545-5-1\"  class=\"panel-grid-cell\" ><div id=\"panel-5545-5-1-0\" class=\"so-panel widget widget_sow-editor panel-first-child panel-last-child\" data-index=\"8\" ><div\n\t\t\t\n\t\t\tclass=\"so-widget-sow-editor so-widget-sow-editor-base\"\n\t\t\t\n\t\t>\n<div class=\"siteorigin-widget-tinymce textwidget\">\n\t<p><strong>Teilnahme Grundlagenkurs:<\/strong><\/p>\n<ul>\n<li>Inhalte:\u00a0Verst\u00e4ndnis der Grunds\u00e4tze von Ego-Aufbau und Wirkungsweise,\u00a0Zusammenh\u00e4nge von Ego und Unbewusstheit,\u00a0Blockierung der Spiritualit\u00e4t und Gebundenheit durch Egoperspektiven, Prinzipien der Aufdeckung und \u00dcberwindung von Ego, Spirituelles Entfalten durch Ablassen von Ego, M\u00f6glichkeiten der Erreichung von Egolosigkeit<\/li>\n<li>2 h Ego Einf\u00fchrung, jeden ersten Montag des Monats, 18-20 Uhr, maximal 10 Teilnehmer<\/li>\n<li>80,- Fr pro Gruppenkursteilnehmer (f\u00fcr 2h)<\/li>\n<\/ul>\n<p><strong>Teilnahme ganztags Intensiv-Seminar:<\/strong><\/p>\n<ul>\n<li>1 Tag (8 Stunden), 9.30 bis 17.30 Uhr, maximal 10 Teilnehmer<\/li>\n<li>350.- Fr pro Gruppenkursteilnehmer<\/li>\n<li><em>Die n\u00e4chsten freien Seminartermine werden in K\u00fcrze bekannt gegeben. M\u00f6chtest Du zu Neuigkeiten zum Thema Ego direkt benachrichtigt werden, schreibe uns gerne kurz eine <a href=\"https:\/\/consol.earth\/index.php\/konzentration\/hello@consol.earth\">Mail<\/a>\u00a0oder nutze das\u00a0<a href=\"https:\/\/consol.earth\/index.php\/kontakt\/\">Kontaktformular<\/a>.<\/em><\/li>\n<\/ul>\n<p><strong>Individuelles Coaching<\/strong><\/p>\n<ul>\n<li>95,- Fr im Einzelcoaching pro Stunde<\/li>\n<li>individuelle Kurszeiten und Pakettarife f\u00fcr Einzel- oder Gruppencoachings auf Anfrage<\/li>\n<\/ul>\n<\/div>\n<\/div><\/div><\/div><\/div><\/div><\/div>","protected":false},"excerpt":{"rendered":"<p>Con\u2219Sol Technologie &amp; Methodik &#8222;EGO&#8220; Meditation und Technik zur direkten Erkenntnis und Abl\u00f6sung von Ego Ego ist die nat\u00fcrliche Folge aus Identifikation mit beengenden Gef\u00fchlen der Zur\u00fcckhaltung und der Verschlossenheit gegen\u00fcber den Ver\u00e4nderungen und dem nat\u00fcrlichen Wandel des Lebens. Jeder, der sein beobachtendes, empfindendes, differenziertes Selbst bemerkt, ist dazu veranlagt, das Leben in sich festhalten [&hellip;]<\/p>\n","protected":false},"author":2,"featured_media":0,"parent":0,"menu_order":0,"comment_status":"closed","ping_status":"closed","template":"","meta":{"_monsterinsights_skip_tracking":false,"_monsterinsights_sitenote_active":false,"_monsterinsights_sitenote_note":"","_monsterinsights_sitenote_category":0,"jetpack_post_was_ever_published":false},"yoast_head":"<!-- This site is optimized with the Yoast SEO plugin v20.3 - https:\/\/yoast.com\/wordpress\/plugins\/seo\/ -->\n<title>Ego - Consciousness Solutions<\/title>\n<meta name=\"robots\" content=\"index, follow, max-snippet:-1, max-image-preview:large, max-video-preview:-1\" \/>\n<link rel=\"canonical\" href=\"https:\/\/consol.earth\/index.php\/ego\/\" \/>\n<meta property=\"og:locale\" content=\"de_DE\" \/>\n<meta property=\"og:type\" content=\"article\" \/>\n<meta property=\"og:title\" content=\"Ego - Consciousness Solutions\" \/>\n<meta property=\"og:description\" content=\"Con\u2219Sol Technologie &amp; Methodik &quot;EGO&quot; Meditation und Technik zur direkten Erkenntnis und Abl\u00f6sung von Ego Ego ist die nat\u00fcrliche Folge aus Identifikation mit beengenden Gef\u00fchlen der Zur\u00fcckhaltung und der Verschlossenheit gegen\u00fcber den Ver\u00e4nderungen und dem nat\u00fcrlichen Wandel des Lebens. Jeder, der sein beobachtendes, empfindendes, differenziertes Selbst bemerkt, ist dazu veranlagt, das Leben in sich festhalten [&hellip;]\" \/>\n<meta property=\"og:url\" content=\"https:\/\/consol.earth\/index.php\/ego\/\" \/>\n<meta property=\"og:site_name\" content=\"Consciousness Solutions\" \/>\n<meta property=\"article:modified_time\" content=\"2021-12-17T15:28:11+00:00\" \/>\n<meta name=\"twitter:card\" content=\"summary_large_image\" \/>\n<meta name=\"twitter:label1\" content=\"Gesch\u00e4tzte Lesezeit\" \/>\n\t<meta name=\"twitter:data1\" content=\"2\u00a0Minuten\" \/>\n<script type=\"application\/ld+json\" class=\"yoast-schema-graph\">{\"@context\":\"https:\/\/schema.org\",\"@graph\":[{\"@type\":\"WebPage\",\"@id\":\"https:\/\/consol.earth\/index.php\/ego\/\",\"url\":\"https:\/\/consol.earth\/index.php\/ego\/\",\"name\":\"Ego - Consciousness Solutions\",\"isPartOf\":{\"@id\":\"https:\/\/consol.earth\/#website\"},\"datePublished\":\"2021-12-15T13:50:20+00:00\",\"dateModified\":\"2021-12-17T15:28:11+00:00\",\"breadcrumb\":{\"@id\":\"https:\/\/consol.earth\/index.php\/ego\/#breadcrumb\"},\"inLanguage\":\"de\",\"potentialAction\":[{\"@type\":\"ReadAction\",\"target\":[\"https:\/\/consol.earth\/index.php\/ego\/\"]}]},{\"@type\":\"BreadcrumbList\",\"@id\":\"https:\/\/consol.earth\/index.php\/ego\/#breadcrumb\",\"itemListElement\":[{\"@type\":\"ListItem\",\"position\":1,\"name\":\"Startseite\",\"item\":\"https:\/\/consol.earth\/\"},{\"@type\":\"ListItem\",\"position\":2,\"name\":\"Ego\"}]},{\"@type\":\"WebSite\",\"@id\":\"https:\/\/consol.earth\/#website\",\"url\":\"https:\/\/consol.earth\/\",\"name\":\"Consciousness Solutions\",\"description\":\"Bewusstsein ist die Wachheit, die das Licht ist, die das Innere beleuchtet.\",\"publisher\":{\"@id\":\"https:\/\/consol.earth\/#organization\"},\"potentialAction\":[{\"@type\":\"SearchAction\",\"target\":{\"@type\":\"EntryPoint\",\"urlTemplate\":\"https:\/\/consol.earth\/?s={search_term_string}\"},\"query-input\":\"required name=search_term_string\"}],\"inLanguage\":\"de\"},{\"@type\":\"Organization\",\"@id\":\"https:\/\/consol.earth\/#organization\",\"name\":\"Consciousness Solutions\",\"url\":\"https:\/\/consol.earth\/\",\"logo\":{\"@type\":\"ImageObject\",\"inLanguage\":\"de\",\"@id\":\"https:\/\/consol.earth\/#\/schema\/logo\/image\/\",\"url\":\"https:\/\/i0.wp.com\/consol.earth\/wp-content\/uploads\/2021\/10\/ConSol_Logo_Rings_No_Black_Lines.png?fit=801%2C368&ssl=1\",\"contentUrl\":\"https:\/\/i0.wp.com\/consol.earth\/wp-content\/uploads\/2021\/10\/ConSol_Logo_Rings_No_Black_Lines.png?fit=801%2C368&ssl=1\",\"width\":801,\"height\":368,\"caption\":\"Consciousness Solutions\"},\"image\":{\"@id\":\"https:\/\/consol.earth\/#\/schema\/logo\/image\/\"}}]}<\/script>\n<!-- \/ Yoast SEO plugin. -->","yoast_head_json":{"title":"Ego - Consciousness Solutions","robots":{"index":"index","follow":"follow","max-snippet":"max-snippet:-1","max-image-preview":"max-image-preview:large","max-video-preview":"max-video-preview:-1"},"canonical":"https:\/\/consol.earth\/index.php\/ego\/","og_locale":"de_DE","og_type":"article","og_title":"Ego - Consciousness Solutions","og_description":"Con\u2219Sol Technologie &amp; Methodik \"EGO\" Meditation und Technik zur direkten Erkenntnis und Abl\u00f6sung von Ego Ego ist die nat\u00fcrliche Folge aus Identifikation mit beengenden Gef\u00fchlen der Zur\u00fcckhaltung und der Verschlossenheit gegen\u00fcber den Ver\u00e4nderungen und dem nat\u00fcrlichen Wandel des Lebens. Jeder, der sein beobachtendes, empfindendes, differenziertes Selbst bemerkt, ist dazu veranlagt, das Leben in sich festhalten [&hellip;]","og_url":"https:\/\/consol.earth\/index.php\/ego\/","og_site_name":"Consciousness Solutions","article_modified_time":"2021-12-17T15:28:11+00:00","twitter_card":"summary_large_image","twitter_misc":{"Gesch\u00e4tzte Lesezeit":"2\u00a0Minuten"},"schema":{"@context":"https:\/\/schema.org","@graph":[{"@type":"WebPage","@id":"https:\/\/consol.earth\/index.php\/ego\/","url":"https:\/\/consol.earth\/index.php\/ego\/","name":"Ego - Consciousness Solutions","isPartOf":{"@id":"https:\/\/consol.earth\/#website"},"datePublished":"2021-12-15T13:50:20+00:00","dateModified":"2021-12-17T15:28:11+00:00","breadcrumb":{"@id":"https:\/\/consol.earth\/index.php\/ego\/#breadcrumb"},"inLanguage":"de","potentialAction":[{"@type":"ReadAction","target":["https:\/\/consol.earth\/index.php\/ego\/"]}]},{"@type":"BreadcrumbList","@id":"https:\/\/consol.earth\/index.php\/ego\/#breadcrumb","itemListElement":[{"@type":"ListItem","position":1,"name":"Startseite","item":"https:\/\/consol.earth\/"},{"@type":"ListItem","position":2,"name":"Ego"}]},{"@type":"WebSite","@id":"https:\/\/consol.earth\/#website","url":"https:\/\/consol.earth\/","name":"Consciousness Solutions","description":"Bewusstsein ist die Wachheit, die das Licht ist, die das Innere beleuchtet.","publisher":{"@id":"https:\/\/consol.earth\/#organization"},"potentialAction":[{"@type":"SearchAction","target":{"@type":"EntryPoint","urlTemplate":"https:\/\/consol.earth\/?s={search_term_string}"},"query-input":"required name=search_term_string"}],"inLanguage":"de"},{"@type":"Organization","@id":"https:\/\/consol.earth\/#organization","name":"Consciousness Solutions","url":"https:\/\/consol.earth\/","logo":{"@type":"ImageObject","inLanguage":"de","@id":"https:\/\/consol.earth\/#\/schema\/logo\/image\/","url":"https:\/\/i0.wp.com\/consol.earth\/wp-content\/uploads\/2021\/10\/ConSol_Logo_Rings_No_Black_Lines.png?fit=801%2C368&ssl=1","contentUrl":"https:\/\/i0.wp.com\/consol.earth\/wp-content\/uploads\/2021\/10\/ConSol_Logo_Rings_No_Black_Lines.png?fit=801%2C368&ssl=1","width":801,"height":368,"caption":"Consciousness Solutions"},"image":{"@id":"https:\/\/consol.earth\/#\/schema\/logo\/image\/"}}]}},"jetpack_sharing_enabled":false,"jetpack_likes_enabled":false,"_links":{"self":[{"href":"https:\/\/consol.earth\/index.php\/wp-json\/wp\/v2\/pages\/5545"}],"collection":[{"href":"https:\/\/consol.earth\/index.php\/wp-json\/wp\/v2\/pages"}],"about":[{"href":"https:\/\/consol.earth\/index.php\/wp-json\/wp\/v2\/types\/page"}],"author":[{"embeddable":true,"href":"https:\/\/consol.earth\/index.php\/wp-json\/wp\/v2\/users\/2"}],"replies":[{"embeddable":true,"href":"https:\/\/consol.earth\/index.php\/wp-json\/wp\/v2\/comments?post=5545"}],"version-history":[{"count":19,"href":"https:\/\/consol.earth\/index.php\/wp-json\/wp\/v2\/pages\/5545\/revisions"}],"predecessor-version":[{"id":6108,"href":"https:\/\/consol.earth\/index.php\/wp-json\/wp\/v2\/pages\/5545\/revisions\/6108"}],"wp:attachment":[{"href":"https:\/\/consol.earth\/index.php\/wp-json\/wp\/v2\/media?parent=5545"}],"curies":[{"name":"wp","href":"https:\/\/api.w.org\/{rel}","templated":true}]}}