{"id":5578,"date":"2021-12-15T14:20:20","date_gmt":"2021-12-15T14:20:20","guid":{"rendered":"https:\/\/consol.earth\/?page_id=5578"},"modified":"2021-12-17T15:47:33","modified_gmt":"2021-12-17T15:47:33","slug":"energiearbeit","status":"publish","type":"page","link":"https:\/\/consol.earth\/index.php\/energiearbeit\/","title":{"rendered":"Energiearbeit"},"content":{"rendered":"<div id=\"pl-5578\"  class=\"panel-layout\" ><div id=\"pg-5578-0\"  class=\"panel-grid panel-no-style\" ><div id=\"pgc-5578-0-0\"  class=\"panel-grid-cell\" ><div id=\"panel-5578-0-0-0\" class=\"so-panel widget widget_spacer panel-first-child panel-last-child\" data-index=\"0\" ><div\n\t\t\t\n\t\t\tclass=\"so-widget-spacer so-widget-spacer-spacer-style-d75171398898-5578\"\n\t\t\t\n\t\t>\r\n\r\n\r\n\r\n\r\n<div class=\"spacer\" style=\"height: 80px\">\r\n<\/div><\/div><\/div><\/div><\/div><div id=\"pg-5578-1\"  class=\"panel-grid panel-no-style\" ><div id=\"pgc-5578-1-0\"  class=\"panel-grid-cell\" ><div id=\"panel-5578-1-0-0\" class=\"so-panel widget widget_sow-icon panel-first-child\" data-index=\"1\" ><div class=\"panel-widget-style panel-widget-style-for-5578-1-0-0\" ><div\n\t\t\t\n\t\t\tclass=\"so-widget-sow-icon so-widget-sow-icon-default-8460aa7b2093-5578\"\n\t\t\t\n\t\t>\n<div class=\"sow-icon-container sow-icon\">\n\t\t\t<span class=\"sow-icon-ionicons\" data-sow-icon=\"&#xf3b0;\"\n\t\t \n\t\taria-hidden=\"true\"><\/span>\t<\/div>\n<\/div><\/div><\/div><div id=\"panel-5578-1-0-1\" class=\"so-panel widget widget_sow-headline panel-last-child\" data-index=\"2\" ><div class=\"panel-widget-style panel-widget-style-for-5578-1-0-1\" ><div\n\t\t\t\n\t\t\tclass=\"so-widget-sow-headline so-widget-sow-headline-default-a586199ec0be-5578\"\n\t\t\t\n\t\t><div class=\"sow-headline-container \">\n\t<h1 class='sow-headline'>Con\u2219Sol Technologie &amp; Methodik \"ENERGIEARBEIT\"<\/h1>\t\t\t\t\t<div class=\"decoration\">\n\t\t\t\t\t\t<div class=\"decoration-inside\"><\/div>\n\t\t\t\t\t<\/div>\n\t\t\t\t\t<\/div><\/div><\/div><\/div><\/div><\/div><div id=\"pg-5578-2\"  class=\"panel-grid panel-has-style\" ><div class=\"panel-row-style panel-row-style-for-5578-2\" ><div id=\"pgc-5578-2-0\"  class=\"panel-grid-cell\" ><div id=\"panel-5578-2-0-0\" class=\"so-panel widget widget_sow-editor panel-first-child panel-last-child\" data-index=\"3\" ><div class=\"panel-widget-style panel-widget-style-for-5578-2-0-0\" ><div\n\t\t\t\n\t\t\tclass=\"so-widget-sow-editor so-widget-sow-editor-base\"\n\t\t\t\n\t\t>\n<div class=\"siteorigin-widget-tinymce textwidget\">\n\t<h2 style=\"text-align: left;\">Meditation und Technik zur direkten Erkenntnis und Anwendung von Energiearbeit<\/h2>\n<p>Energie umgibt alles, das in Bewegung ist. Jedes System, das in einem Schwingungsmuster verl\u00e4uft, wird manifestiert, durch den zyklischen Fluss von Energie. Alle bewussten Wesen sind nat\u00fcrlich sensibel auf die Intensit\u00e4t und die Vibrationen der Energiefelder, die sie umgeben. Die Energien k\u00f6nnen aktiv und bewusst zum Fliessen, Transformieren und Wirken gebracht werden \u2013 das ist Energiearbeit.<br \/>\nMit Energie arbeiten zu k\u00f6nnen, ist erlern- und selbstst\u00e4ndig ausbaubar. Mit ausreichend Grundwissen und vielseitiger Experimentiererfahrung erzeugt sich rasch eine Intuition f\u00fcr die M\u00f6glichkeiten von Energiearbeit.<br \/>\nDiese Inhalte werden wir in einem achtst\u00fcndigen Seminar zusammen erarbeiten und verstehen lernen.<\/p>\n<\/div>\n<\/div><\/div><\/div><\/div><\/div><\/div><div id=\"pg-5578-3\"  class=\"panel-grid panel-has-style\" ><div class=\"panel-row-style panel-row-style-for-5578-3\" ><div id=\"pgc-5578-3-0\"  class=\"panel-grid-cell\" ><div id=\"panel-5578-3-0-0\" class=\"so-panel widget widget_spacer panel-first-child panel-last-child\" data-index=\"4\" ><div\n\t\t\t\n\t\t\tclass=\"so-widget-spacer so-widget-spacer-spacer-style-d75171398898-5578\"\n\t\t\t\n\t\t>\r\n\r\n\r\n\r\n\r\n<div class=\"spacer\" style=\"height: 264px\">\r\n<\/div><\/div><\/div><\/div><\/div><\/div><div id=\"pg-5578-4\"  class=\"panel-grid panel-has-style\" ><div class=\"panel-row-style panel-row-style-for-5578-4\" ><div id=\"pgc-5578-4-0\"  class=\"panel-grid-cell\" ><div id=\"panel-5578-4-0-0\" class=\"so-panel widget widget_sow-editor panel-first-child panel-last-child\" data-index=\"5\" ><div class=\"panel-widget-style panel-widget-style-for-5578-4-0-0\" ><div\n\t\t\t\n\t\t\tclass=\"so-widget-sow-editor so-widget-sow-editor-base\"\n\t\t\t\n\t\t>\n<div class=\"siteorigin-widget-tinymce textwidget\">\n\t<p><strong>Folgende Inhalte bilden das Themenspektrum \"Energiearbeit\":<\/strong><\/p>\n<h2><\/h2>\n<p style=\"padding-left: 40px;\">\uf0a5 Initiation in Energiefluss<br \/>\n\uf0a5 Grund\u00fcbungen, Trainingsformen, fundamentale Experimente<br \/>\n\uf0a5 Grundverst\u00e4ndnis des Zusammenhangs von Energie und Bewusstsein<br \/>\n\uf0a5 Manipulation der Energiedichte, des Flussmusters, der Ausstrahlung<br \/>\n\uf0a5 Erkennung von energetischen Signaturen, F\u00e4rbungen, Aufladungen<br \/>\n\uf0a5 Simple Reinigungstechniken<br \/>\n\uf0a5 R\u00e4umliche Ausdehnung des k\u00f6rpereigenen Energiefeldes<br \/>\n\uf0a5 Er\u00f6ffnungshaltungen zur Aufnahme von Energien<br \/>\n\uf0a5 Harmonisierung von Energien und Schwingungsmustern<br \/>\n\uf0a5 Analyse der Energieflussartigkeit mit dem dritten Auge<br \/>\n\uf0a5 Erkennung der Energien der sieben Hauptchakren<br \/>\n\uf0a5 Erkennung der Energien von Organen und Geweben<br \/>\n\uf0a5 Energieheilungsprinzipien und Integration in alternative Therapieformen<br \/>\n\uf0a5 Komplexe, vertiefende \u00dcbungen<br \/>\n\uf0a5 Praktische Anwendungen<br \/>\n\uf0a5 Nachhaltiger Umgang<br \/>\n\uf0a5 Entwicklungstipps f\u00fcr einen eigenen Stil<br \/>\n\uf0a5 Zugang zu Energiequellen<br \/>\n\uf0a5 Energiemeditation<\/p>\n<p><em>ConSol<\/em> Seminare und Kurse zum Thema Energiearbeit zielen auf die auf die Vermittlung des Wissens und der Grunderfahrungen aller relevanten Inhalte und zeigek weitere Trainingsm\u00f6glichkeiten zum Aufbau einer nachhaltigen Energiearbeitsf\u00e4higkeits auf. Der Aufbau ist vor allem experimentell gestaltet, damit direkte Erfahrung durch \u00dcbung gesammelt werden kann und das Verst\u00e4ndnis durch eigene Erfahrungsanalyse entsteht.<\/p>\n<\/div>\n<\/div><\/div><\/div><\/div><\/div><\/div><div id=\"pg-5578-5\"  class=\"panel-grid panel-has-style\" ><div class=\"panel-row-style panel-row-style-for-5578-5\" ><div id=\"pgc-5578-5-0\"  class=\"panel-grid-cell\" ><div id=\"panel-5578-5-0-0\" class=\"so-panel widget widget_sow-button panel-first-child\" data-index=\"6\" ><div class=\"panel-widget-style panel-widget-style-for-5578-5-0-0\" ><div\n\t\t\t\n\t\t\tclass=\"so-widget-sow-button so-widget-sow-button-wire-1025c479d47f-5578\"\n\t\t\t\n\t\t><div class=\"ow-button-base ow-button-align-center\">\n\t<a href=\"https:\/\/consol.earth\/index.php\/solutions\/kalendar\/\" class=\"ow-icon-placement-left ow-button-hover\" target=\"_blank\" rel=\"noopener noreferrer\" \t\t>\n\t\t<span>\n\t\t\t\n\t\t\tKalender\t\t<\/span>\n\t<\/a>\n<\/div>\n<\/div><\/div><\/div><div id=\"panel-5578-5-0-1\" class=\"so-panel widget widget_sow-button panel-last-child\" data-index=\"7\" ><div class=\"panel-widget-style panel-widget-style-for-5578-5-0-1\" ><div\n\t\t\t\n\t\t\tclass=\"so-widget-sow-button so-widget-sow-button-wire-1025c479d47f-5578\"\n\t\t\t\n\t\t><div class=\"ow-button-base ow-button-align-center\">\n\t<a href=\"https:\/\/consol.earth\/index.php\/kontakt\/\" class=\"ow-icon-placement-left ow-button-hover\" target=\"_blank\" rel=\"noopener noreferrer\" \t\t>\n\t\t<span>\n\t\t\t\n\t\t\tKursanfrage\t\t<\/span>\n\t<\/a>\n<\/div>\n<\/div><\/div><\/div><\/div><div id=\"pgc-5578-5-1\"  class=\"panel-grid-cell\" ><div id=\"panel-5578-5-1-0\" class=\"so-panel widget widget_sow-editor panel-first-child panel-last-child\" data-index=\"8\" ><div\n\t\t\t\n\t\t\tclass=\"so-widget-sow-editor so-widget-sow-editor-base\"\n\t\t\t\n\t\t>\n<div class=\"siteorigin-widget-tinymce textwidget\">\n\t<p><strong>Teilnahme Grundlagenkurs:<\/strong><\/p>\n<ul>\n<li>Inhalte: Initiation in Energiefluss, Grund\u00fcbungen, Trainingsformen, fundamentale Experimente, Grundverst\u00e4ndnis des Zusammenhangs von Energie und Bewusstsein, Manipulation der Energiedichte, des Flussmusters, der Ausstrahlung, Erkennung von energetischen Signaturen, F\u00e4rbungen, Aufladungen, Simple Reinigungstechniken, Er\u00f6ffnungshaltungen zur Aufnahme von Energien, Harmonisierung von Energien und Schwingungsmustern, Praktische Anwendungen, Entwicklungstipps f\u00fcr einen eigenen Stil,\u00a0Zugang zu Energiequellen<\/li>\n<li>2 h, jeden ersten Dienstag im Monat, 18-20 Uhr, maximal 10 Teilnehmer<\/li>\n<li>80,- Fr pro Gruppenkursteilnehmer (f\u00fcr 2h)<\/li>\n<\/ul>\n<p><strong>Teilnahme ganztags Intensiv-Seminar:<\/strong><\/p>\n<ul>\n<li>1 Tag (8 Stunden), 9.30 bis 17.30 Uhr, maximal 10 Teilnehmer<\/li>\n<li>350.- Fr pro Gruppenkursteilnehmer<\/li>\n<li><em>Die n\u00e4chsten freien Seminartermine werden in K\u00fcrze bekannt gegeben. M\u00f6chtest Du benachrichtigt werden, sobald es Neues zum Thema Energiearbeit gibt, schreibe uns gerne kurz eine <a href=\"hello@consol.earth\">Mail<\/a> oder nutze das <a href=\"https:\/\/consol.earth\/index.php\/kontakt\/\">Kontaktformular<\/a>.<\/em><\/li>\n<\/ul>\n<p><strong>Individuelles Coaching<\/strong><\/p>\n<ul>\n<li>95,- Fr im Einzelcoaching pro Stunde<\/li>\n<li>individuelle Kurszeiten und Pakettarife f\u00fcr Einzel- oder Gruppencoachings auf Anfrage<\/li>\n<\/ul>\n<\/div>\n<\/div><\/div><\/div><\/div><\/div><\/div>","protected":false},"excerpt":{"rendered":"<p>Con\u2219Sol Technologie &amp; Methodik &#8222;ENERGIEARBEIT&#8220; Meditation und Technik zur direkten Erkenntnis und Anwendung von Energiearbeit Energie umgibt alles, das in Bewegung ist. Jedes System, das in einem Schwingungsmuster verl\u00e4uft, wird manifestiert, durch den zyklischen Fluss von Energie. Alle bewussten Wesen sind nat\u00fcrlich sensibel auf die Intensit\u00e4t und die Vibrationen der Energiefelder, die sie umgeben. Die [&hellip;]<\/p>\n","protected":false},"author":2,"featured_media":0,"parent":0,"menu_order":0,"comment_status":"closed","ping_status":"closed","template":"","meta":{"_monsterinsights_skip_tracking":false,"_monsterinsights_sitenote_active":false,"_monsterinsights_sitenote_note":"","_monsterinsights_sitenote_category":0,"jetpack_post_was_ever_published":false},"yoast_head":"<!-- This site is optimized with the Yoast SEO plugin v20.3 - https:\/\/yoast.com\/wordpress\/plugins\/seo\/ -->\n<title>Energiearbeit - Consciousness Solutions<\/title>\n<meta name=\"robots\" content=\"index, follow, max-snippet:-1, max-image-preview:large, max-video-preview:-1\" \/>\n<link rel=\"canonical\" href=\"https:\/\/consol.earth\/index.php\/energiearbeit\/\" \/>\n<meta property=\"og:locale\" content=\"de_DE\" \/>\n<meta property=\"og:type\" content=\"article\" \/>\n<meta property=\"og:title\" content=\"Energiearbeit - Consciousness Solutions\" \/>\n<meta property=\"og:description\" content=\"Con\u2219Sol Technologie &amp; Methodik &quot;ENERGIEARBEIT&quot; Meditation und Technik zur direkten Erkenntnis und Anwendung von Energiearbeit Energie umgibt alles, das in Bewegung ist. Jedes System, das in einem Schwingungsmuster verl\u00e4uft, wird manifestiert, durch den zyklischen Fluss von Energie. Alle bewussten Wesen sind nat\u00fcrlich sensibel auf die Intensit\u00e4t und die Vibrationen der Energiefelder, die sie umgeben. Die [&hellip;]\" \/>\n<meta property=\"og:url\" content=\"https:\/\/consol.earth\/index.php\/energiearbeit\/\" \/>\n<meta property=\"og:site_name\" content=\"Consciousness Solutions\" \/>\n<meta property=\"article:modified_time\" content=\"2021-12-17T15:47:33+00:00\" \/>\n<meta name=\"twitter:card\" content=\"summary_large_image\" \/>\n<meta name=\"twitter:label1\" content=\"Gesch\u00e4tzte Lesezeit\" \/>\n\t<meta name=\"twitter:data1\" content=\"2\u00a0Minuten\" \/>\n<script type=\"application\/ld+json\" class=\"yoast-schema-graph\">{\"@context\":\"https:\/\/schema.org\",\"@graph\":[{\"@type\":\"WebPage\",\"@id\":\"https:\/\/consol.earth\/index.php\/energiearbeit\/\",\"url\":\"https:\/\/consol.earth\/index.php\/energiearbeit\/\",\"name\":\"Energiearbeit - Consciousness Solutions\",\"isPartOf\":{\"@id\":\"https:\/\/consol.earth\/#website\"},\"datePublished\":\"2021-12-15T14:20:20+00:00\",\"dateModified\":\"2021-12-17T15:47:33+00:00\",\"breadcrumb\":{\"@id\":\"https:\/\/consol.earth\/index.php\/energiearbeit\/#breadcrumb\"},\"inLanguage\":\"de\",\"potentialAction\":[{\"@type\":\"ReadAction\",\"target\":[\"https:\/\/consol.earth\/index.php\/energiearbeit\/\"]}]},{\"@type\":\"BreadcrumbList\",\"@id\":\"https:\/\/consol.earth\/index.php\/energiearbeit\/#breadcrumb\",\"itemListElement\":[{\"@type\":\"ListItem\",\"position\":1,\"name\":\"Startseite\",\"item\":\"https:\/\/consol.earth\/\"},{\"@type\":\"ListItem\",\"position\":2,\"name\":\"Energiearbeit\"}]},{\"@type\":\"WebSite\",\"@id\":\"https:\/\/consol.earth\/#website\",\"url\":\"https:\/\/consol.earth\/\",\"name\":\"Consciousness Solutions\",\"description\":\"Bewusstsein ist die Wachheit, die das Licht ist, die das Innere beleuchtet.\",\"publisher\":{\"@id\":\"https:\/\/consol.earth\/#organization\"},\"potentialAction\":[{\"@type\":\"SearchAction\",\"target\":{\"@type\":\"EntryPoint\",\"urlTemplate\":\"https:\/\/consol.earth\/?s={search_term_string}\"},\"query-input\":\"required name=search_term_string\"}],\"inLanguage\":\"de\"},{\"@type\":\"Organization\",\"@id\":\"https:\/\/consol.earth\/#organization\",\"name\":\"Consciousness Solutions\",\"url\":\"https:\/\/consol.earth\/\",\"logo\":{\"@type\":\"ImageObject\",\"inLanguage\":\"de\",\"@id\":\"https:\/\/consol.earth\/#\/schema\/logo\/image\/\",\"url\":\"https:\/\/i0.wp.com\/consol.earth\/wp-content\/uploads\/2021\/10\/ConSol_Logo_Rings_No_Black_Lines.png?fit=801%2C368&ssl=1\",\"contentUrl\":\"https:\/\/i0.wp.com\/consol.earth\/wp-content\/uploads\/2021\/10\/ConSol_Logo_Rings_No_Black_Lines.png?fit=801%2C368&ssl=1\",\"width\":801,\"height\":368,\"caption\":\"Consciousness Solutions\"},\"image\":{\"@id\":\"https:\/\/consol.earth\/#\/schema\/logo\/image\/\"}}]}<\/script>\n<!-- \/ Yoast SEO plugin. -->","yoast_head_json":{"title":"Energiearbeit - Consciousness Solutions","robots":{"index":"index","follow":"follow","max-snippet":"max-snippet:-1","max-image-preview":"max-image-preview:large","max-video-preview":"max-video-preview:-1"},"canonical":"https:\/\/consol.earth\/index.php\/energiearbeit\/","og_locale":"de_DE","og_type":"article","og_title":"Energiearbeit - Consciousness Solutions","og_description":"Con\u2219Sol Technologie &amp; Methodik \"ENERGIEARBEIT\" Meditation und Technik zur direkten Erkenntnis und Anwendung von Energiearbeit Energie umgibt alles, das in Bewegung ist. Jedes System, das in einem Schwingungsmuster verl\u00e4uft, wird manifestiert, durch den zyklischen Fluss von Energie. Alle bewussten Wesen sind nat\u00fcrlich sensibel auf die Intensit\u00e4t und die Vibrationen der Energiefelder, die sie umgeben. Die [&hellip;]","og_url":"https:\/\/consol.earth\/index.php\/energiearbeit\/","og_site_name":"Consciousness Solutions","article_modified_time":"2021-12-17T15:47:33+00:00","twitter_card":"summary_large_image","twitter_misc":{"Gesch\u00e4tzte Lesezeit":"2\u00a0Minuten"},"schema":{"@context":"https:\/\/schema.org","@graph":[{"@type":"WebPage","@id":"https:\/\/consol.earth\/index.php\/energiearbeit\/","url":"https:\/\/consol.earth\/index.php\/energiearbeit\/","name":"Energiearbeit - Consciousness Solutions","isPartOf":{"@id":"https:\/\/consol.earth\/#website"},"datePublished":"2021-12-15T14:20:20+00:00","dateModified":"2021-12-17T15:47:33+00:00","breadcrumb":{"@id":"https:\/\/consol.earth\/index.php\/energiearbeit\/#breadcrumb"},"inLanguage":"de","potentialAction":[{"@type":"ReadAction","target":["https:\/\/consol.earth\/index.php\/energiearbeit\/"]}]},{"@type":"BreadcrumbList","@id":"https:\/\/consol.earth\/index.php\/energiearbeit\/#breadcrumb","itemListElement":[{"@type":"ListItem","position":1,"name":"Startseite","item":"https:\/\/consol.earth\/"},{"@type":"ListItem","position":2,"name":"Energiearbeit"}]},{"@type":"WebSite","@id":"https:\/\/consol.earth\/#website","url":"https:\/\/consol.earth\/","name":"Consciousness Solutions","description":"Bewusstsein ist die Wachheit, die das Licht ist, die das Innere beleuchtet.","publisher":{"@id":"https:\/\/consol.earth\/#organization"},"potentialAction":[{"@type":"SearchAction","target":{"@type":"EntryPoint","urlTemplate":"https:\/\/consol.earth\/?s={search_term_string}"},"query-input":"required name=search_term_string"}],"inLanguage":"de"},{"@type":"Organization","@id":"https:\/\/consol.earth\/#organization","name":"Consciousness Solutions","url":"https:\/\/consol.earth\/","logo":{"@type":"ImageObject","inLanguage":"de","@id":"https:\/\/consol.earth\/#\/schema\/logo\/image\/","url":"https:\/\/i0.wp.com\/consol.earth\/wp-content\/uploads\/2021\/10\/ConSol_Logo_Rings_No_Black_Lines.png?fit=801%2C368&ssl=1","contentUrl":"https:\/\/i0.wp.com\/consol.earth\/wp-content\/uploads\/2021\/10\/ConSol_Logo_Rings_No_Black_Lines.png?fit=801%2C368&ssl=1","width":801,"height":368,"caption":"Consciousness Solutions"},"image":{"@id":"https:\/\/consol.earth\/#\/schema\/logo\/image\/"}}]}},"jetpack_sharing_enabled":false,"jetpack_likes_enabled":false,"_links":{"self":[{"href":"https:\/\/consol.earth\/index.php\/wp-json\/wp\/v2\/pages\/5578"}],"collection":[{"href":"https:\/\/consol.earth\/index.php\/wp-json\/wp\/v2\/pages"}],"about":[{"href":"https:\/\/consol.earth\/index.php\/wp-json\/wp\/v2\/types\/page"}],"author":[{"embeddable":true,"href":"https:\/\/consol.earth\/index.php\/wp-json\/wp\/v2\/users\/2"}],"replies":[{"embeddable":true,"href":"https:\/\/consol.earth\/index.php\/wp-json\/wp\/v2\/comments?post=5578"}],"version-history":[{"count":17,"href":"https:\/\/consol.earth\/index.php\/wp-json\/wp\/v2\/pages\/5578\/revisions"}],"predecessor-version":[{"id":6113,"href":"https:\/\/consol.earth\/index.php\/wp-json\/wp\/v2\/pages\/5578\/revisions\/6113"}],"wp:attachment":[{"href":"https:\/\/consol.earth\/index.php\/wp-json\/wp\/v2\/media?parent=5578"}],"curies":[{"name":"wp","href":"https:\/\/api.w.org\/{rel}","templated":true}]}}