{"id":6546,"date":"2022-01-06T16:59:38","date_gmt":"2022-01-06T16:59:38","guid":{"rendered":"https:\/\/consol.earth\/?page_id=6546"},"modified":"2023-03-14T20:19:41","modified_gmt":"2023-03-14T20:19:41","slug":"solutions-selbstentwicklung","status":"publish","type":"page","link":"https:\/\/consol.earth\/index.php\/solutions-selbstentwicklung\/","title":{"rendered":"Solutions &#8211; Selbstentwicklung"},"content":{"rendered":"<div id=\"pl-6546\"  class=\"panel-layout\" ><div id=\"pg-6546-0\"  class=\"panel-grid panel-has-style\" ><div class=\"panel-row-style panel-row-style-for-6546-0\" ><div id=\"pgc-6546-0-0\"  class=\"panel-grid-cell\" ><div id=\"panel-6546-0-0-0\" class=\"so-panel widget widget_spacer panel-first-child panel-last-child\" data-index=\"0\" ><div\n\t\t\t\n\t\t\tclass=\"so-widget-spacer so-widget-spacer-spacer-style-d75171398898-6546\"\n\t\t\t\n\t\t>\r\n\r\n\r\n\r\n\r\n<div class=\"spacer\" style=\"height: 60px\">\r\n<\/div><\/div><\/div><\/div><\/div><\/div><div id=\"pg-6546-1\"  class=\"panel-grid panel-has-style\" ><div class=\"panel-row-style panel-row-style-for-6546-1\" ><div id=\"pgc-6546-1-0\"  class=\"panel-grid-cell\" ><div id=\"panel-6546-1-0-0\" class=\"so-panel widget widget_sow-headline panel-first-child panel-last-child\" data-index=\"1\" ><div class=\"panel-widget-style panel-widget-style-for-6546-1-0-0\" ><div\n\t\t\t\n\t\t\tclass=\"so-widget-sow-headline so-widget-sow-headline-default-43b097e84bc8-6546\"\n\t\t\t\n\t\t><div class=\"sow-headline-container \">\n\t<h1 class='sow-headline'>Con\u2219Sol Solutions -SELBSTENTWICKLUNG-<\/h1>\t\t\t\t\t<div class=\"decoration\">\n\t\t\t\t\t\t<div class=\"decoration-inside\"><\/div>\n\t\t\t\t\t<\/div>\n\t\t\t\t\t<h3 class='sow-sub-headline'>Erkenne Dich Selbst <br \/>\u00d6ffne das Tor zu vollem Potential. <\/h3><\/div><\/div><\/div><\/div><\/div><\/div><\/div><div id=\"pg-6546-2\"  class=\"panel-grid panel-has-style\" ><div class=\"panel-row-style panel-row-style-for-6546-2\" ><div id=\"pgc-6546-2-0\"  class=\"panel-grid-cell panel-grid-cell-empty\" ><\/div><\/div><\/div><div id=\"pg-6546-3\"  class=\"panel-grid panel-has-style\" ><div class=\"panel-row-style panel-row-style-for-6546-3\" ><div id=\"pgc-6546-3-0\"  class=\"panel-grid-cell\" ><div id=\"panel-6546-3-0-0\" class=\"so-panel widget widget_sow-icon panel-first-child\" data-index=\"2\" ><div class=\"panel-widget-style panel-widget-style-for-6546-3-0-0\" ><div\n\t\t\t\n\t\t\tclass=\"so-widget-sow-icon so-widget-sow-icon-default-bc5824e73cfe-6546\"\n\t\t\t\n\t\t>\n<div class=\"sow-icon-container sow-icon\">\n\t\t\t<span class=\"sow-icon-fontawesome sow-fas\" data-sow-icon=\"&#xf665;\"\n\t\t \n\t\taria-hidden=\"true\"><\/span>\t<\/div>\n<\/div><\/div><\/div><div id=\"panel-6546-3-0-1\" class=\"so-panel widget widget_sow-editor\" data-index=\"3\" ><div class=\"panel-widget-style panel-widget-style-for-6546-3-0-1\" ><div\n\t\t\t\n\t\t\tclass=\"so-widget-sow-editor so-widget-sow-editor-base\"\n\t\t\t\n\t\t>\n<div class=\"siteorigin-widget-tinymce textwidget\">\n\t<h3 class=\"q_team_name\" style=\"text-align: center;\"><span style=\"color: #000000;\">Intuition<\/span><\/h3>\n<p style=\"text-align: center;\"><span style=\"color: #8a7b11;\"><strong>Ber\u00fchrungsfl\u00e4che von Innenwelt und Umwelt<\/strong><\/span><\/p>\n<p style=\"text-align: center;\"><span style=\"color: #8a7b11;\">Verbindung zum gro\u00dfen Gef\u00fcge des Seins \u2022 Erkennung der hohen all-umgebenden Intelligenz \u2022 Wirkungsprinzipien von Eingebungen<\/span><\/p>\n<\/div>\n<\/div><\/div><\/div><div id=\"panel-6546-3-0-2\" class=\"so-panel widget widget_sow-button\" data-index=\"4\" ><div class=\"panel-widget-style panel-widget-style-for-6546-3-0-2\" ><div\n\t\t\t\n\t\t\tclass=\"so-widget-sow-button so-widget-sow-button-wire-ae7243532521-6546\"\n\t\t\t\n\t\t><div class=\"ow-button-base ow-button-align-center\">\n\t<a href=\"https:\/\/consol.earth\/index.php\/intuition\/\" class=\"ow-icon-placement-left ow-button-hover\" \t\t>\n\t\t<span>\n\t\t\t\n\t\t\tKursbeschreibung\t\t<\/span>\n\t<\/a>\n<\/div>\n<\/div><\/div><\/div><div id=\"panel-6546-3-0-3\" class=\"so-panel widget widget_sow-button panel-last-child\" data-index=\"5\" ><div\n\t\t\t\n\t\t\tclass=\"so-widget-sow-button so-widget-sow-button-wire-ae7243532521-6546\"\n\t\t\t\n\t\t><div class=\"ow-button-base ow-button-align-center\">\n\t<a href=\"https:\/\/consol.earth\/index.php\/solutions\/kalendar\/\" class=\"ow-icon-placement-left ow-button-hover\" \t\t>\n\t\t<span>\n\t\t\t\n\t\t\tKalender\t\t<\/span>\n\t<\/a>\n<\/div>\n<\/div><\/div><\/div><div id=\"pgc-6546-3-1\"  class=\"panel-grid-cell\" ><div id=\"panel-6546-3-1-0\" class=\"so-panel widget widget_sow-icon panel-first-child\" data-index=\"6\" ><div class=\"panel-widget-style panel-widget-style-for-6546-3-1-0\" ><div\n\t\t\t\n\t\t\tclass=\"so-widget-sow-icon so-widget-sow-icon-default-bc5824e73cfe-6546\"\n\t\t\t\n\t\t>\n<div class=\"sow-icon-container sow-icon\">\n\t\t\t<span class=\"sow-icon-fontawesome sow-fas\" data-sow-icon=\"&#xf21d;\"\n\t\t \n\t\taria-hidden=\"true\"><\/span>\t<\/div>\n<\/div><\/div><\/div><div id=\"panel-6546-3-1-1\" class=\"so-panel widget widget_sow-editor\" data-index=\"7\" ><div class=\"panel-widget-style panel-widget-style-for-6546-3-1-1\" ><div\n\t\t\t\n\t\t\tclass=\"so-widget-sow-editor so-widget-sow-editor-base\"\n\t\t\t\n\t\t>\n<div class=\"siteorigin-widget-tinymce textwidget\">\n\t<h3 class=\"q_team_name\" style=\"text-align: center;\"><span style=\"color: #000000;\">Selbstentwicklung &amp; Potentialentfaltung<\/span><\/h3>\n<p style=\"text-align: center;\"><span style=\"color: #8a7b11;\"><strong>Der nat\u00fcrliche Prozess der Erweiterung des umsetzbaren Potentials.<\/strong><\/span><\/p>\n<p style=\"text-align: center;\"><span style=\"color: #8a7b11;\">Selbstentwicklung durch Bewusstseinsverst\u00e4ndnis \u2022 Entbindung von identifizierten Mentalit\u00e4ten \u2022 Totalit\u00e4t und Wirklichkeit des inneren Potentials<\/span><\/p>\n<\/div>\n<\/div><\/div><\/div><div id=\"panel-6546-3-1-2\" class=\"so-panel widget widget_sow-button\" data-index=\"8\" ><div class=\"panel-widget-style panel-widget-style-for-6546-3-1-2\" ><div\n\t\t\t\n\t\t\tclass=\"so-widget-sow-button so-widget-sow-button-wire-ae7243532521-6546\"\n\t\t\t\n\t\t><div class=\"ow-button-base ow-button-align-center\">\n\t<a href=\"https:\/\/consol.earth\/index.php\/selbstentwicklung\/\" class=\"ow-icon-placement-left ow-button-hover\" \t\t>\n\t\t<span>\n\t\t\t\n\t\t\tKursbeschreibung\t\t<\/span>\n\t<\/a>\n<\/div>\n<\/div><\/div><\/div><div id=\"panel-6546-3-1-3\" class=\"so-panel widget widget_sow-button panel-last-child\" data-index=\"9\" ><div\n\t\t\t\n\t\t\tclass=\"so-widget-sow-button so-widget-sow-button-wire-ae7243532521-6546\"\n\t\t\t\n\t\t><div class=\"ow-button-base ow-button-align-center\">\n\t<a href=\"https:\/\/consol.earth\/index.php\/solutions\/kalendar\/\" class=\"ow-icon-placement-left ow-button-hover\" \t\t>\n\t\t<span>\n\t\t\t\n\t\t\tKalender\t\t<\/span>\n\t<\/a>\n<\/div>\n<\/div><\/div><\/div><div id=\"pgc-6546-3-2\"  class=\"panel-grid-cell\" ><div id=\"panel-6546-3-2-0\" class=\"so-panel widget widget_sow-icon panel-first-child\" data-index=\"10\" ><div class=\"panel-widget-style panel-widget-style-for-6546-3-2-0\" ><div\n\t\t\t\n\t\t\tclass=\"so-widget-sow-icon so-widget-sow-icon-default-bc5824e73cfe-6546\"\n\t\t\t\n\t\t>\n<div class=\"sow-icon-container sow-icon\">\n\t\t\t<span class=\"sow-icon-icomoon\" data-sow-icon=\"&#xe97a;\"\n\t\t \n\t\taria-hidden=\"true\"><\/span>\t<\/div>\n<\/div><\/div><\/div><div id=\"panel-6546-3-2-1\" class=\"so-panel widget widget_sow-editor\" data-index=\"11\" ><div class=\"panel-widget-style panel-widget-style-for-6546-3-2-1\" ><div\n\t\t\t\n\t\t\tclass=\"so-widget-sow-editor so-widget-sow-editor-base\"\n\t\t\t\n\t\t>\n<div class=\"siteorigin-widget-tinymce textwidget\">\n\t<h3 class=\"q_team_name\" style=\"text-align: center;\"><span style=\"color: #000000;\">Der eigene Weg<\/span><\/h3>\n<p style=\"text-align: center;\"><span style=\"color: #8a7b11;\"><b>Die Chance zur Erkennung &amp; Vollendung<br \/>\nvon sich Selbst liegt im Inneren<\/b><\/span><\/p>\n<p style=\"text-align: center;\"><span style=\"color: #8a7b11;\">Er\u00f6ffnung der eigenen intuitiven Intelligenz \u2022 Erkennung der Artigkeit eigener Tendenzen \u2022 Harmonisierung mit hohem Selbstbewusstsein und Vertrauen<\/span><\/p>\n<\/div>\n<\/div><\/div><\/div><div id=\"panel-6546-3-2-2\" class=\"so-panel widget widget_sow-button\" data-index=\"12\" ><div class=\"panel-widget-style panel-widget-style-for-6546-3-2-2\" ><div\n\t\t\t\n\t\t\tclass=\"so-widget-sow-button so-widget-sow-button-wire-ae7243532521-6546\"\n\t\t\t\n\t\t><div class=\"ow-button-base ow-button-align-center\">\n\t<a href=\"https:\/\/consol.earth\/index.php\/der-eigene-weg\/\" class=\"ow-icon-placement-left ow-button-hover\" \t\t>\n\t\t<span>\n\t\t\t\n\t\t\tKursbeschreibung\t\t<\/span>\n\t<\/a>\n<\/div>\n<\/div><\/div><\/div><div id=\"panel-6546-3-2-3\" class=\"so-panel widget widget_sow-button panel-last-child\" data-index=\"13\" ><div\n\t\t\t\n\t\t\tclass=\"so-widget-sow-button so-widget-sow-button-wire-ae7243532521-6546\"\n\t\t\t\n\t\t><div class=\"ow-button-base ow-button-align-center\">\n\t<a href=\"https:\/\/consol.earth\/index.php\/solutions\/kalendar\/\" class=\"ow-icon-placement-left ow-button-hover\" \t\t>\n\t\t<span>\n\t\t\t\n\t\t\tKalender\t\t<\/span>\n\t<\/a>\n<\/div>\n<\/div><\/div><\/div><\/div><\/div><div id=\"pg-6546-4\"  class=\"panel-grid panel-no-style\" ><div id=\"pgc-6546-4-0\"  class=\"panel-grid-cell\" ><div id=\"panel-6546-4-0-0\" class=\"so-panel widget widget_sow-headline panel-first-child\" data-index=\"14\" ><div class=\"panel-widget-style panel-widget-style-for-6546-4-0-0\" ><div\n\t\t\t\n\t\t\tclass=\"so-widget-sow-headline so-widget-sow-headline-default-43b097e84bc8-6546\"\n\t\t\t\n\t\t><div class=\"sow-headline-container \">\n\t<h1 class='sow-headline'>Con\u2219Sol Solutions: vertiefende Themen<\/h1>\t\t\t\t\t<div class=\"decoration\">\n\t\t\t\t\t\t<div class=\"decoration-inside\"><\/div>\n\t\t\t\t\t<\/div>\n\t\t\t\t\t<\/div><\/div><\/div><\/div><div id=\"panel-6546-4-0-1\" class=\"so-panel widget widget_sow-button\" data-index=\"15\" ><div\n\t\t\t\n\t\t\tclass=\"so-widget-sow-button so-widget-sow-button-wire-05aa9a56d864-6546\"\n\t\t\t\n\t\t><div class=\"ow-button-base ow-button-align-center\">\n\t<a href=\"https:\/\/consol.earth\/index.php\/mind\/\" class=\"ow-icon-placement-left ow-button-hover\" \t\t>\n\t\t<span>\n\t\t\t\n\t\t\tMind\t\t<\/span>\n\t<\/a>\n<\/div>\n<\/div><\/div><div id=\"panel-6546-4-0-2\" class=\"so-panel widget widget_sow-button\" data-index=\"16\" ><div\n\t\t\t\n\t\t\tclass=\"so-widget-sow-button so-widget-sow-button-wire-05aa9a56d864-6546\"\n\t\t\t\n\t\t><div class=\"ow-button-base ow-button-align-center\">\n\t<a href=\"https:\/\/consol.earth\/index.php\/consol-klassen\/\" class=\"ow-icon-placement-left ow-button-hover\" \t\t>\n\t\t<span>\n\t\t\t\n\t\t\tSpiritualit\u00e4t\t\t<\/span>\n\t<\/a>\n<\/div>\n<\/div><\/div><div id=\"panel-6546-4-0-3\" class=\"so-panel widget widget_spacer panel-last-child\" data-index=\"17\" ><div\n\t\t\t\n\t\t\tclass=\"so-widget-spacer so-widget-spacer-spacer-style-d75171398898-6546\"\n\t\t\t\n\t\t>\r\n\r\n\r\n\r\n\r\n<div class=\"spacer\" style=\"height: 80px\">\r\n<\/div><\/div><\/div><\/div><\/div><\/div>","protected":false},"excerpt":{"rendered":"<p>Con\u2219Sol Solutions -SELBSTENTWICKLUNG- Erkenne Dich Selbst \u00d6ffne das Tor zu vollem Potential. Intuition Ber\u00fchrungsfl\u00e4che von Innenwelt und Umwelt Verbindung zum gro\u00dfen Gef\u00fcge des Seins \u2022 Erkennung der hohen all-umgebenden Intelligenz \u2022 Wirkungsprinzipien von Eingebungen Kursbeschreibung Kalender Selbstentwicklung &amp; Potentialentfaltung Der nat\u00fcrliche Prozess der Erweiterung des umsetzbaren Potentials. Selbstentwicklung durch Bewusstseinsverst\u00e4ndnis \u2022 Entbindung von identifizierten Mentalit\u00e4ten [&hellip;]<\/p>\n","protected":false},"author":2,"featured_media":0,"parent":0,"menu_order":0,"comment_status":"closed","ping_status":"closed","template":"","meta":{"_monsterinsights_skip_tracking":false,"_monsterinsights_sitenote_active":false,"_monsterinsights_sitenote_note":"","_monsterinsights_sitenote_category":0,"jetpack_post_was_ever_published":false},"yoast_head":"<!-- This site is optimized with the Yoast SEO plugin v20.3 - https:\/\/yoast.com\/wordpress\/plugins\/seo\/ -->\n<title>Solutions - Selbstentwicklung - Consciousness Solutions<\/title>\n<meta name=\"robots\" content=\"index, follow, max-snippet:-1, max-image-preview:large, max-video-preview:-1\" \/>\n<link rel=\"canonical\" href=\"https:\/\/consol.earth\/index.php\/solutions-selbstentwicklung\/\" \/>\n<meta property=\"og:locale\" content=\"de_DE\" \/>\n<meta property=\"og:type\" content=\"article\" \/>\n<meta property=\"og:title\" content=\"Solutions - Selbstentwicklung - Consciousness Solutions\" \/>\n<meta property=\"og:description\" content=\"Con\u2219Sol Solutions -SELBSTENTWICKLUNG- Erkenne Dich Selbst \u00d6ffne das Tor zu vollem Potential. Intuition Ber\u00fchrungsfl\u00e4che von Innenwelt und Umwelt Verbindung zum gro\u00dfen Gef\u00fcge des Seins \u2022 Erkennung der hohen all-umgebenden Intelligenz \u2022 Wirkungsprinzipien von Eingebungen Kursbeschreibung Kalender Selbstentwicklung &amp; Potentialentfaltung Der nat\u00fcrliche Prozess der Erweiterung des umsetzbaren Potentials. Selbstentwicklung durch Bewusstseinsverst\u00e4ndnis \u2022 Entbindung von identifizierten Mentalit\u00e4ten [&hellip;]\" \/>\n<meta property=\"og:url\" content=\"https:\/\/consol.earth\/index.php\/solutions-selbstentwicklung\/\" \/>\n<meta property=\"og:site_name\" content=\"Consciousness Solutions\" \/>\n<meta property=\"article:modified_time\" content=\"2023-03-14T20:19:41+00:00\" \/>\n<meta name=\"twitter:card\" content=\"summary_large_image\" \/>\n<meta name=\"twitter:label1\" content=\"Gesch\u00e4tzte Lesezeit\" \/>\n\t<meta name=\"twitter:data1\" content=\"1\u00a0Minute\" \/>\n<script type=\"application\/ld+json\" class=\"yoast-schema-graph\">{\"@context\":\"https:\/\/schema.org\",\"@graph\":[{\"@type\":\"WebPage\",\"@id\":\"https:\/\/consol.earth\/index.php\/solutions-selbstentwicklung\/\",\"url\":\"https:\/\/consol.earth\/index.php\/solutions-selbstentwicklung\/\",\"name\":\"Solutions - Selbstentwicklung - Consciousness Solutions\",\"isPartOf\":{\"@id\":\"https:\/\/consol.earth\/#website\"},\"datePublished\":\"2022-01-06T16:59:38+00:00\",\"dateModified\":\"2023-03-14T20:19:41+00:00\",\"breadcrumb\":{\"@id\":\"https:\/\/consol.earth\/index.php\/solutions-selbstentwicklung\/#breadcrumb\"},\"inLanguage\":\"de\",\"potentialAction\":[{\"@type\":\"ReadAction\",\"target\":[\"https:\/\/consol.earth\/index.php\/solutions-selbstentwicklung\/\"]}]},{\"@type\":\"BreadcrumbList\",\"@id\":\"https:\/\/consol.earth\/index.php\/solutions-selbstentwicklung\/#breadcrumb\",\"itemListElement\":[{\"@type\":\"ListItem\",\"position\":1,\"name\":\"Startseite\",\"item\":\"https:\/\/consol.earth\/\"},{\"@type\":\"ListItem\",\"position\":2,\"name\":\"Solutions &#8211; Selbstentwicklung\"}]},{\"@type\":\"WebSite\",\"@id\":\"https:\/\/consol.earth\/#website\",\"url\":\"https:\/\/consol.earth\/\",\"name\":\"Consciousness Solutions\",\"description\":\"Bewusstsein ist die Wachheit, die das Licht ist, die das Innere beleuchtet.\",\"publisher\":{\"@id\":\"https:\/\/consol.earth\/#organization\"},\"potentialAction\":[{\"@type\":\"SearchAction\",\"target\":{\"@type\":\"EntryPoint\",\"urlTemplate\":\"https:\/\/consol.earth\/?s={search_term_string}\"},\"query-input\":\"required name=search_term_string\"}],\"inLanguage\":\"de\"},{\"@type\":\"Organization\",\"@id\":\"https:\/\/consol.earth\/#organization\",\"name\":\"Consciousness Solutions\",\"url\":\"https:\/\/consol.earth\/\",\"logo\":{\"@type\":\"ImageObject\",\"inLanguage\":\"de\",\"@id\":\"https:\/\/consol.earth\/#\/schema\/logo\/image\/\",\"url\":\"https:\/\/i0.wp.com\/consol.earth\/wp-content\/uploads\/2021\/10\/ConSol_Logo_Rings_No_Black_Lines.png?fit=801%2C368&ssl=1\",\"contentUrl\":\"https:\/\/i0.wp.com\/consol.earth\/wp-content\/uploads\/2021\/10\/ConSol_Logo_Rings_No_Black_Lines.png?fit=801%2C368&ssl=1\",\"width\":801,\"height\":368,\"caption\":\"Consciousness Solutions\"},\"image\":{\"@id\":\"https:\/\/consol.earth\/#\/schema\/logo\/image\/\"}}]}<\/script>\n<!-- \/ Yoast SEO plugin. -->","yoast_head_json":{"title":"Solutions - Selbstentwicklung - Consciousness Solutions","robots":{"index":"index","follow":"follow","max-snippet":"max-snippet:-1","max-image-preview":"max-image-preview:large","max-video-preview":"max-video-preview:-1"},"canonical":"https:\/\/consol.earth\/index.php\/solutions-selbstentwicklung\/","og_locale":"de_DE","og_type":"article","og_title":"Solutions - Selbstentwicklung - Consciousness Solutions","og_description":"Con\u2219Sol Solutions -SELBSTENTWICKLUNG- Erkenne Dich Selbst \u00d6ffne das Tor zu vollem Potential. Intuition Ber\u00fchrungsfl\u00e4che von Innenwelt und Umwelt Verbindung zum gro\u00dfen Gef\u00fcge des Seins \u2022 Erkennung der hohen all-umgebenden Intelligenz \u2022 Wirkungsprinzipien von Eingebungen Kursbeschreibung Kalender Selbstentwicklung &amp; Potentialentfaltung Der nat\u00fcrliche Prozess der Erweiterung des umsetzbaren Potentials. Selbstentwicklung durch Bewusstseinsverst\u00e4ndnis \u2022 Entbindung von identifizierten Mentalit\u00e4ten [&hellip;]","og_url":"https:\/\/consol.earth\/index.php\/solutions-selbstentwicklung\/","og_site_name":"Consciousness Solutions","article_modified_time":"2023-03-14T20:19:41+00:00","twitter_card":"summary_large_image","twitter_misc":{"Gesch\u00e4tzte Lesezeit":"1\u00a0Minute"},"schema":{"@context":"https:\/\/schema.org","@graph":[{"@type":"WebPage","@id":"https:\/\/consol.earth\/index.php\/solutions-selbstentwicklung\/","url":"https:\/\/consol.earth\/index.php\/solutions-selbstentwicklung\/","name":"Solutions - Selbstentwicklung - Consciousness Solutions","isPartOf":{"@id":"https:\/\/consol.earth\/#website"},"datePublished":"2022-01-06T16:59:38+00:00","dateModified":"2023-03-14T20:19:41+00:00","breadcrumb":{"@id":"https:\/\/consol.earth\/index.php\/solutions-selbstentwicklung\/#breadcrumb"},"inLanguage":"de","potentialAction":[{"@type":"ReadAction","target":["https:\/\/consol.earth\/index.php\/solutions-selbstentwicklung\/"]}]},{"@type":"BreadcrumbList","@id":"https:\/\/consol.earth\/index.php\/solutions-selbstentwicklung\/#breadcrumb","itemListElement":[{"@type":"ListItem","position":1,"name":"Startseite","item":"https:\/\/consol.earth\/"},{"@type":"ListItem","position":2,"name":"Solutions &#8211; Selbstentwicklung"}]},{"@type":"WebSite","@id":"https:\/\/consol.earth\/#website","url":"https:\/\/consol.earth\/","name":"Consciousness Solutions","description":"Bewusstsein ist die Wachheit, die das Licht ist, die das Innere beleuchtet.","publisher":{"@id":"https:\/\/consol.earth\/#organization"},"potentialAction":[{"@type":"SearchAction","target":{"@type":"EntryPoint","urlTemplate":"https:\/\/consol.earth\/?s={search_term_string}"},"query-input":"required name=search_term_string"}],"inLanguage":"de"},{"@type":"Organization","@id":"https:\/\/consol.earth\/#organization","name":"Consciousness Solutions","url":"https:\/\/consol.earth\/","logo":{"@type":"ImageObject","inLanguage":"de","@id":"https:\/\/consol.earth\/#\/schema\/logo\/image\/","url":"https:\/\/i0.wp.com\/consol.earth\/wp-content\/uploads\/2021\/10\/ConSol_Logo_Rings_No_Black_Lines.png?fit=801%2C368&ssl=1","contentUrl":"https:\/\/i0.wp.com\/consol.earth\/wp-content\/uploads\/2021\/10\/ConSol_Logo_Rings_No_Black_Lines.png?fit=801%2C368&ssl=1","width":801,"height":368,"caption":"Consciousness Solutions"},"image":{"@id":"https:\/\/consol.earth\/#\/schema\/logo\/image\/"}}]}},"jetpack_sharing_enabled":false,"jetpack_likes_enabled":false,"_links":{"self":[{"href":"https:\/\/consol.earth\/index.php\/wp-json\/wp\/v2\/pages\/6546"}],"collection":[{"href":"https:\/\/consol.earth\/index.php\/wp-json\/wp\/v2\/pages"}],"about":[{"href":"https:\/\/consol.earth\/index.php\/wp-json\/wp\/v2\/types\/page"}],"author":[{"embeddable":true,"href":"https:\/\/consol.earth\/index.php\/wp-json\/wp\/v2\/users\/2"}],"replies":[{"embeddable":true,"href":"https:\/\/consol.earth\/index.php\/wp-json\/wp\/v2\/comments?post=6546"}],"version-history":[{"count":15,"href":"https:\/\/consol.earth\/index.php\/wp-json\/wp\/v2\/pages\/6546\/revisions"}],"predecessor-version":[{"id":7241,"href":"https:\/\/consol.earth\/index.php\/wp-json\/wp\/v2\/pages\/6546\/revisions\/7241"}],"wp:attachment":[{"href":"https:\/\/consol.earth\/index.php\/wp-json\/wp\/v2\/media?parent=6546"}],"curies":[{"name":"wp","href":"https:\/\/api.w.org\/{rel}","templated":true}]}}