{"id":6554,"date":"2022-01-06T16:01:49","date_gmt":"2022-01-06T16:01:49","guid":{"rendered":"https:\/\/consol.earth\/?page_id=6554"},"modified":"2022-01-06T16:02:26","modified_gmt":"2022-01-06T16:02:26","slug":"einstieg-in-meditation","status":"publish","type":"page","link":"https:\/\/consol.earth\/index.php\/einstieg-in-meditation\/","title":{"rendered":"Einstieg in Meditation"},"content":{"rendered":"<div id=\"pl-6554\"  class=\"panel-layout\" ><div id=\"pg-6554-0\"  class=\"panel-grid panel-no-style\" ><div id=\"pgc-6554-0-0\"  class=\"panel-grid-cell\" ><div id=\"panel-6554-0-0-0\" class=\"so-panel widget widget_spacer panel-first-child panel-last-child\" data-index=\"0\" ><div\n\t\t\t\n\t\t\tclass=\"so-widget-spacer so-widget-spacer-spacer-style-d75171398898-6554\"\n\t\t\t\n\t\t>\r\n\r\n\r\n\r\n\r\n<div class=\"spacer\" style=\"height: 80px\">\r\n<\/div><\/div><\/div><\/div><\/div><div id=\"pg-6554-1\"  class=\"panel-grid panel-no-style\" ><div id=\"pgc-6554-1-0\"  class=\"panel-grid-cell\" ><div id=\"panel-6554-1-0-0\" class=\"so-panel widget widget_sow-icon panel-first-child\" data-index=\"1\" ><div class=\"panel-widget-style panel-widget-style-for-6554-1-0-0\" ><div\n\t\t\t\n\t\t\tclass=\"so-widget-sow-icon so-widget-sow-icon-default-8460aa7b2093-6554\"\n\t\t\t\n\t\t>\n<div class=\"sow-icon-container sow-icon\">\n\t\t\t<span class=\"sow-icon-fontawesome sow-fas\" data-sow-icon=\"&#xf192;\"\n\t\t \n\t\taria-hidden=\"true\"><\/span>\t<\/div>\n<\/div><\/div><\/div><div id=\"panel-6554-1-0-1\" class=\"so-panel widget widget_sow-headline panel-last-child\" data-index=\"2\" ><div class=\"panel-widget-style panel-widget-style-for-6554-1-0-1\" ><div\n\t\t\t\n\t\t\tclass=\"so-widget-sow-headline so-widget-sow-headline-default-a586199ec0be-6554\"\n\t\t\t\n\t\t><div class=\"sow-headline-container \">\n\t<h1 class='sow-headline'>Con\u2219Sol Technologie &amp; Methodik \"Vollst\u00e4ndiger Einstieg in Meditation\"<\/h1>\t\t\t\t\t<div class=\"decoration\">\n\t\t\t\t\t\t<div class=\"decoration-inside\"><\/div>\n\t\t\t\t\t<\/div>\n\t\t\t\t\t<\/div><\/div><\/div><\/div><\/div><\/div><div id=\"pg-6554-2\"  class=\"panel-grid panel-has-style\" ><div class=\"panel-row-style panel-row-style-for-6554-2\" ><div id=\"pgc-6554-2-0\"  class=\"panel-grid-cell\" ><div id=\"panel-6554-2-0-0\" class=\"so-panel widget widget_sow-editor panel-first-child panel-last-child\" data-index=\"3\" ><div class=\"panel-widget-style panel-widget-style-for-6554-2-0-0\" ><div\n\t\t\t\n\t\t\tclass=\"so-widget-sow-editor so-widget-sow-editor-base\"\n\t\t\t\n\t\t>\n<div class=\"siteorigin-widget-tinymce textwidget\">\n\t<h2 style=\"text-align: left;\">Meditation und Technik zur direkten Erkenntnis und Vertiefung von Meditation<\/h2>\n<p>Das Meditieren ist eine der grundlegendsten F\u00e4higkeiten jedes Menschen. Trainiert und verfeinert man sie, entfaltet sich das wahre inneliegende, bewusstseinserweiternde K\u00f6nnen.<\/p>\n<p>Der erste Schritt zur Entwicklung der meditativen F\u00e4higkeiten ist das eigene Feingef\u00fchl. Wer dem Innersten nachgeht, sagt alsbald zu sich: \u201eIch lebe mein Leben wohl nicht zu dessen vollen Potential.\u201c So bildet sich die wache, inspirative Bereitschaft f\u00fcr Ver\u00e4nderung auf den inneren Ebenen. Dies ist der selbsterkannte Einstieg ins Meditieren und die eigene Vertiefung.<\/p>\n<\/div>\n<\/div><\/div><\/div><\/div><\/div><\/div><div id=\"pg-6554-3\"  class=\"panel-grid panel-has-style\" ><div class=\"panel-row-style panel-row-style-for-6554-3\" ><div id=\"pgc-6554-3-0\"  class=\"panel-grid-cell\" ><div id=\"panel-6554-3-0-0\" class=\"so-panel widget widget_spacer panel-first-child panel-last-child\" data-index=\"4\" ><div\n\t\t\t\n\t\t\tclass=\"so-widget-spacer so-widget-spacer-spacer-style-d75171398898-6554\"\n\t\t\t\n\t\t>\r\n\r\n\r\n\r\n\r\n<div class=\"spacer\" style=\"height: 264px\">\r\n<\/div><\/div><\/div><\/div><\/div><\/div><div id=\"pg-6554-4\"  class=\"panel-grid panel-has-style\" ><div class=\"panel-row-style panel-row-style-for-6554-4\" ><div id=\"pgc-6554-4-0\"  class=\"panel-grid-cell\" ><div id=\"panel-6554-4-0-0\" class=\"so-panel widget widget_sow-editor panel-first-child panel-last-child\" data-index=\"5\" ><div class=\"panel-widget-style panel-widget-style-for-6554-4-0-0\" ><div\n\t\t\t\n\t\t\tclass=\"so-widget-sow-editor so-widget-sow-editor-base\"\n\t\t\t\n\t\t>\n<div class=\"siteorigin-widget-tinymce textwidget\">\n\t<p>Die innere Haltung und das akutes Weltverst\u00e4ndnis entscheiden \u00fcber die Qualit\u00e4t der Handlungen des Menschen. Wer einen Weg hat, diese nachhaltig von unabsichtlich angelegter, erlernter oder erfahrener Disharmonie und Ignoranz zu befreien, erlebt sich immer freier, von subjektiven, egoistischen und zwanghaften Z\u00fcgen.<\/p>\n<p>Lernt man zu meditieren, bemerkt man bald, dass das Leben um viel mehr als sich selbst und die eigenen Bed\u00fcrfnisse geht. \u00dcber kurz oder lang verliert man die in-sich-Gekehrtheit und Einsamkeit und ger\u00e4t in Verbindung. Man legt bewusst Verhalten wie \u00dcberdr\u00f6hnung seelischer Zust\u00e4nde und st\u00e4ndige Flucht in ablenkende, repetitive Aktivit\u00e4ten ab. Ein inklusives, offenes und herzliches Lebensgef\u00fchl stellt sich ein. Man f\u00fchl sich verbundener, mit etwas H\u00f6herem und gleichzeitig Grundlegenderem.<\/p>\n<p>Meditation bietet also einen direkten Weg f\u00fcr jeden, hinaus \u00fcber die Grenzen im Verstand, die Schmerzbehaftetheit des K\u00f6rpers und die Vernebelung des Geistes.<\/p>\n<p>Richtig gelenkt, bringt Meditation einen in jeden Winkel des Bewusstseins und der inneren Welt. Entlastung, Klarheit, Ruhe, Wachheit, Harmonie und Einsicht sind die ersten Schritte des Weges. Hat man erst mal f\u00fcr sich selbst erkannt, wie man genau funktioniert, so erschliessen sich die tieferen Zug\u00e4nge zur Selbst-Transformation.<\/p>\n<h3><u>Seminare zum vollst\u00e4ndigen Einstieg in Meditation bestehen aus folgenden Inhalten<\/u>:<\/h3>\n<ul>\n<li>Grundlegende Aussagen \u00fcber Meditation<\/li>\n<li>Historische Gedanken zu Meditation und Relevanz im 21. Jahrhundert<\/li>\n<li>Zusammenh\u00e4nge: K\u00f6rper, Verstand und Geist mit Meditation<\/li>\n<li>Aufbau von Meditation und Einstiegssequenz<\/li>\n<li>Eintritt in ordentliche Meditation<\/li>\n<li>Verwendung und Trainingsprinzipien<\/li>\n<li>Meditationsarbeit:\n<ul>\n<li>Anschauen ohne Interagieren<\/li>\n<li>Befreiung von beengenden Haltungen<\/li>\n<li>\u00dcberwindung von illusion\u00e4ren Limitationen<\/li>\n<\/ul>\n<\/li>\n<li>Anwendung von klassischen Meditationsmethoden:\n<ul>\n<li>Liebevolles Mitgef\u00fchl<\/li>\n<li>Mutige Hingabe in die Unbestimmtheit<\/li>\n<li>Konzentration<\/li>\n<\/ul>\n<\/li>\n<\/ul>\n<ul>\n<li>Erl\u00e4uterung von Erleuchtung:\n<ul>\n<li>Reines Bewusstsein &amp; Selbstlosigkeit<\/li>\n<li>Mokscha<\/li>\n<li>Boddhi<\/li>\n<li>Himmel<\/li>\n<li>Erkenntnis<\/li>\n<li>Nichts<\/li>\n<\/ul>\n<\/li>\n<\/ul>\n<\/div>\n<\/div><\/div><\/div><\/div><\/div><\/div><div id=\"pg-6554-5\"  class=\"panel-grid panel-has-style\" ><div class=\"panel-row-style panel-row-style-for-6554-5\" ><div id=\"pgc-6554-5-0\"  class=\"panel-grid-cell\" ><div id=\"panel-6554-5-0-0\" class=\"so-panel widget widget_sow-button panel-first-child\" data-index=\"6\" ><div class=\"panel-widget-style panel-widget-style-for-6554-5-0-0\" ><div\n\t\t\t\n\t\t\tclass=\"so-widget-sow-button so-widget-sow-button-wire-1025c479d47f-6554\"\n\t\t\t\n\t\t><div class=\"ow-button-base ow-button-align-center\">\n\t<a href=\"https:\/\/consol.earth\/index.php\/solutions\/kalendar\/\" class=\"ow-icon-placement-left ow-button-hover\" target=\"_blank\" rel=\"noopener noreferrer\" \t\t>\n\t\t<span>\n\t\t\t\n\t\t\tKalender\t\t<\/span>\n\t<\/a>\n<\/div>\n<\/div><\/div><\/div><div id=\"panel-6554-5-0-1\" class=\"so-panel widget widget_sow-button panel-last-child\" data-index=\"7\" ><div class=\"panel-widget-style panel-widget-style-for-6554-5-0-1\" ><div\n\t\t\t\n\t\t\tclass=\"so-widget-sow-button so-widget-sow-button-wire-1025c479d47f-6554\"\n\t\t\t\n\t\t><div class=\"ow-button-base ow-button-align-center\">\n\t<a href=\"https:\/\/consol.earth\/index.php\/kontakt\/\" class=\"ow-icon-placement-left ow-button-hover\" target=\"_blank\" rel=\"noopener noreferrer\" \t\t>\n\t\t<span>\n\t\t\t\n\t\t\tKursanfrage\t\t<\/span>\n\t<\/a>\n<\/div>\n<\/div><\/div><\/div><\/div><div id=\"pgc-6554-5-1\"  class=\"panel-grid-cell\" ><div id=\"panel-6554-5-1-0\" class=\"so-panel widget widget_sow-editor panel-first-child panel-last-child\" data-index=\"8\" ><div\n\t\t\t\n\t\t\tclass=\"so-widget-sow-editor so-widget-sow-editor-base\"\n\t\t\t\n\t\t>\n<div class=\"siteorigin-widget-tinymce textwidget\">\n\t<p><strong>Teilnahme Intensiv-Seminar:<\/strong><\/p>\n<ul>\n<li>3,5 h, maximal 10 Teilnehmer<\/li>\n<li>180.- Fr pro Gruppenkursteilnehmer<\/li>\n<li><em>Die n\u00e4chsten freien Seminarpl\u00e4tze findest Du im Kalender.<\/em><\/li>\n<li><em> M\u00f6chtest Du benachrichtigt werden, sobald es Neues zum Thema Energiearbeit gibt, schreibe uns gerne kurz eine <a href=\"hello@consol.earth\">Mail<\/a> oder nutze das <a href=\"https:\/\/consol.earth\/index.php\/kontakt\/\">Kontaktformular<\/a>.<\/em><\/li>\n<\/ul>\n<p><strong>Individuelles Coaching<\/strong><\/p>\n<ul>\n<li>95,- Fr im Einzelcoaching pro Stunde<\/li>\n<li>individuelle Kurszeiten und Pakettarife f\u00fcr Einzel- oder Gruppencoachings auf Anfrage<\/li>\n<\/ul>\n<\/div>\n<\/div><\/div><\/div><\/div><\/div><\/div>","protected":false},"excerpt":{"rendered":"<p>Con\u2219Sol Technologie &amp; Methodik &#8222;Vollst\u00e4ndiger Einstieg in Meditation&#8220; Meditation und Technik zur direkten Erkenntnis und Vertiefung von Meditation Das Meditieren ist eine der grundlegendsten F\u00e4higkeiten jedes Menschen. Trainiert und verfeinert man sie, entfaltet sich das wahre inneliegende, bewusstseinserweiternde K\u00f6nnen. Der erste Schritt zur Entwicklung der meditativen F\u00e4higkeiten ist das eigene Feingef\u00fchl. Wer dem Innersten nachgeht, [&hellip;]<\/p>\n","protected":false},"author":2,"featured_media":0,"parent":0,"menu_order":0,"comment_status":"closed","ping_status":"closed","template":"","meta":{"_monsterinsights_skip_tracking":false,"_monsterinsights_sitenote_active":false,"_monsterinsights_sitenote_note":"","_monsterinsights_sitenote_category":0,"jetpack_post_was_ever_published":false},"yoast_head":"<!-- This site is optimized with the Yoast SEO plugin v20.3 - https:\/\/yoast.com\/wordpress\/plugins\/seo\/ -->\n<title>Einstieg in Meditation - Consciousness Solutions<\/title>\n<meta name=\"description\" content=\"Das Meditieren ist eine der grundlegendsten F\u00e4higkeiten jedes Menschen. Trainiert man sie, entfaltet sich das wahre inneliegende K\u00f6nnen.\" \/>\n<meta name=\"robots\" content=\"index, follow, max-snippet:-1, max-image-preview:large, max-video-preview:-1\" \/>\n<link rel=\"canonical\" href=\"https:\/\/consol.earth\/index.php\/einstieg-in-meditation\/\" \/>\n<meta property=\"og:locale\" content=\"de_DE\" \/>\n<meta property=\"og:type\" content=\"article\" \/>\n<meta property=\"og:title\" content=\"Einstieg in Meditation - Consciousness Solutions\" \/>\n<meta property=\"og:description\" content=\"Das Meditieren ist eine der grundlegendsten F\u00e4higkeiten jedes Menschen. Trainiert man sie, entfaltet sich das wahre inneliegende K\u00f6nnen.\" \/>\n<meta property=\"og:url\" content=\"https:\/\/consol.earth\/index.php\/einstieg-in-meditation\/\" \/>\n<meta property=\"og:site_name\" content=\"Consciousness Solutions\" \/>\n<meta property=\"article:modified_time\" content=\"2022-01-06T16:02:26+00:00\" \/>\n<meta name=\"twitter:card\" content=\"summary_large_image\" \/>\n<meta name=\"twitter:label1\" content=\"Gesch\u00e4tzte Lesezeit\" \/>\n\t<meta name=\"twitter:data1\" content=\"2\u00a0Minuten\" \/>\n<script type=\"application\/ld+json\" class=\"yoast-schema-graph\">{\"@context\":\"https:\/\/schema.org\",\"@graph\":[{\"@type\":\"WebPage\",\"@id\":\"https:\/\/consol.earth\/index.php\/einstieg-in-meditation\/\",\"url\":\"https:\/\/consol.earth\/index.php\/einstieg-in-meditation\/\",\"name\":\"Einstieg in Meditation - Consciousness Solutions\",\"isPartOf\":{\"@id\":\"https:\/\/consol.earth\/#website\"},\"datePublished\":\"2022-01-06T16:01:49+00:00\",\"dateModified\":\"2022-01-06T16:02:26+00:00\",\"description\":\"Das Meditieren ist eine der grundlegendsten F\u00e4higkeiten jedes Menschen. Trainiert man sie, entfaltet sich das wahre inneliegende K\u00f6nnen.\",\"breadcrumb\":{\"@id\":\"https:\/\/consol.earth\/index.php\/einstieg-in-meditation\/#breadcrumb\"},\"inLanguage\":\"de\",\"potentialAction\":[{\"@type\":\"ReadAction\",\"target\":[\"https:\/\/consol.earth\/index.php\/einstieg-in-meditation\/\"]}]},{\"@type\":\"BreadcrumbList\",\"@id\":\"https:\/\/consol.earth\/index.php\/einstieg-in-meditation\/#breadcrumb\",\"itemListElement\":[{\"@type\":\"ListItem\",\"position\":1,\"name\":\"Startseite\",\"item\":\"https:\/\/consol.earth\/\"},{\"@type\":\"ListItem\",\"position\":2,\"name\":\"Einstieg in Meditation\"}]},{\"@type\":\"WebSite\",\"@id\":\"https:\/\/consol.earth\/#website\",\"url\":\"https:\/\/consol.earth\/\",\"name\":\"Consciousness Solutions\",\"description\":\"Bewusstsein ist die Wachheit, die das Licht ist, die das Innere beleuchtet.\",\"publisher\":{\"@id\":\"https:\/\/consol.earth\/#organization\"},\"potentialAction\":[{\"@type\":\"SearchAction\",\"target\":{\"@type\":\"EntryPoint\",\"urlTemplate\":\"https:\/\/consol.earth\/?s={search_term_string}\"},\"query-input\":\"required name=search_term_string\"}],\"inLanguage\":\"de\"},{\"@type\":\"Organization\",\"@id\":\"https:\/\/consol.earth\/#organization\",\"name\":\"Consciousness Solutions\",\"url\":\"https:\/\/consol.earth\/\",\"logo\":{\"@type\":\"ImageObject\",\"inLanguage\":\"de\",\"@id\":\"https:\/\/consol.earth\/#\/schema\/logo\/image\/\",\"url\":\"https:\/\/i0.wp.com\/consol.earth\/wp-content\/uploads\/2021\/10\/ConSol_Logo_Rings_No_Black_Lines.png?fit=801%2C368&ssl=1\",\"contentUrl\":\"https:\/\/i0.wp.com\/consol.earth\/wp-content\/uploads\/2021\/10\/ConSol_Logo_Rings_No_Black_Lines.png?fit=801%2C368&ssl=1\",\"width\":801,\"height\":368,\"caption\":\"Consciousness Solutions\"},\"image\":{\"@id\":\"https:\/\/consol.earth\/#\/schema\/logo\/image\/\"}}]}<\/script>\n<!-- \/ Yoast SEO plugin. -->","yoast_head_json":{"title":"Einstieg in Meditation - Consciousness Solutions","description":"Das Meditieren ist eine der grundlegendsten F\u00e4higkeiten jedes Menschen. Trainiert man sie, entfaltet sich das wahre inneliegende K\u00f6nnen.","robots":{"index":"index","follow":"follow","max-snippet":"max-snippet:-1","max-image-preview":"max-image-preview:large","max-video-preview":"max-video-preview:-1"},"canonical":"https:\/\/consol.earth\/index.php\/einstieg-in-meditation\/","og_locale":"de_DE","og_type":"article","og_title":"Einstieg in Meditation - Consciousness Solutions","og_description":"Das Meditieren ist eine der grundlegendsten F\u00e4higkeiten jedes Menschen. Trainiert man sie, entfaltet sich das wahre inneliegende K\u00f6nnen.","og_url":"https:\/\/consol.earth\/index.php\/einstieg-in-meditation\/","og_site_name":"Consciousness Solutions","article_modified_time":"2022-01-06T16:02:26+00:00","twitter_card":"summary_large_image","twitter_misc":{"Gesch\u00e4tzte Lesezeit":"2\u00a0Minuten"},"schema":{"@context":"https:\/\/schema.org","@graph":[{"@type":"WebPage","@id":"https:\/\/consol.earth\/index.php\/einstieg-in-meditation\/","url":"https:\/\/consol.earth\/index.php\/einstieg-in-meditation\/","name":"Einstieg in Meditation - Consciousness Solutions","isPartOf":{"@id":"https:\/\/consol.earth\/#website"},"datePublished":"2022-01-06T16:01:49+00:00","dateModified":"2022-01-06T16:02:26+00:00","description":"Das Meditieren ist eine der grundlegendsten F\u00e4higkeiten jedes Menschen. Trainiert man sie, entfaltet sich das wahre inneliegende K\u00f6nnen.","breadcrumb":{"@id":"https:\/\/consol.earth\/index.php\/einstieg-in-meditation\/#breadcrumb"},"inLanguage":"de","potentialAction":[{"@type":"ReadAction","target":["https:\/\/consol.earth\/index.php\/einstieg-in-meditation\/"]}]},{"@type":"BreadcrumbList","@id":"https:\/\/consol.earth\/index.php\/einstieg-in-meditation\/#breadcrumb","itemListElement":[{"@type":"ListItem","position":1,"name":"Startseite","item":"https:\/\/consol.earth\/"},{"@type":"ListItem","position":2,"name":"Einstieg in Meditation"}]},{"@type":"WebSite","@id":"https:\/\/consol.earth\/#website","url":"https:\/\/consol.earth\/","name":"Consciousness Solutions","description":"Bewusstsein ist die Wachheit, die das Licht ist, die das Innere beleuchtet.","publisher":{"@id":"https:\/\/consol.earth\/#organization"},"potentialAction":[{"@type":"SearchAction","target":{"@type":"EntryPoint","urlTemplate":"https:\/\/consol.earth\/?s={search_term_string}"},"query-input":"required name=search_term_string"}],"inLanguage":"de"},{"@type":"Organization","@id":"https:\/\/consol.earth\/#organization","name":"Consciousness Solutions","url":"https:\/\/consol.earth\/","logo":{"@type":"ImageObject","inLanguage":"de","@id":"https:\/\/consol.earth\/#\/schema\/logo\/image\/","url":"https:\/\/i0.wp.com\/consol.earth\/wp-content\/uploads\/2021\/10\/ConSol_Logo_Rings_No_Black_Lines.png?fit=801%2C368&ssl=1","contentUrl":"https:\/\/i0.wp.com\/consol.earth\/wp-content\/uploads\/2021\/10\/ConSol_Logo_Rings_No_Black_Lines.png?fit=801%2C368&ssl=1","width":801,"height":368,"caption":"Consciousness Solutions"},"image":{"@id":"https:\/\/consol.earth\/#\/schema\/logo\/image\/"}}]}},"jetpack_sharing_enabled":false,"jetpack_likes_enabled":false,"_links":{"self":[{"href":"https:\/\/consol.earth\/index.php\/wp-json\/wp\/v2\/pages\/6554"}],"collection":[{"href":"https:\/\/consol.earth\/index.php\/wp-json\/wp\/v2\/pages"}],"about":[{"href":"https:\/\/consol.earth\/index.php\/wp-json\/wp\/v2\/types\/page"}],"author":[{"embeddable":true,"href":"https:\/\/consol.earth\/index.php\/wp-json\/wp\/v2\/users\/2"}],"replies":[{"embeddable":true,"href":"https:\/\/consol.earth\/index.php\/wp-json\/wp\/v2\/comments?post=6554"}],"version-history":[{"count":3,"href":"https:\/\/consol.earth\/index.php\/wp-json\/wp\/v2\/pages\/6554\/revisions"}],"predecessor-version":[{"id":6557,"href":"https:\/\/consol.earth\/index.php\/wp-json\/wp\/v2\/pages\/6554\/revisions\/6557"}],"wp:attachment":[{"href":"https:\/\/consol.earth\/index.php\/wp-json\/wp\/v2\/media?parent=6554"}],"curies":[{"name":"wp","href":"https:\/\/api.w.org\/{rel}","templated":true}]}}