{"id":6558,"date":"2022-01-06T16:07:25","date_gmt":"2022-01-06T16:07:25","guid":{"rendered":"https:\/\/consol.earth\/?page_id=6558"},"modified":"2022-01-06T16:07:26","modified_gmt":"2022-01-06T16:07:26","slug":"der-eigene-weg","status":"publish","type":"page","link":"https:\/\/consol.earth\/index.php\/der-eigene-weg\/","title":{"rendered":"Der eigene Weg"},"content":{"rendered":"<div id=\"pl-6558\"  class=\"panel-layout\" ><div id=\"pg-6558-0\"  class=\"panel-grid panel-no-style\" ><div id=\"pgc-6558-0-0\"  class=\"panel-grid-cell\" ><div id=\"panel-6558-0-0-0\" class=\"so-panel widget widget_spacer panel-first-child panel-last-child\" data-index=\"0\" ><div\n\t\t\t\n\t\t\tclass=\"so-widget-spacer so-widget-spacer-spacer-style-d75171398898-6558\"\n\t\t\t\n\t\t>\r\n\r\n\r\n\r\n\r\n<div class=\"spacer\" style=\"height: 80px\">\r\n<\/div><\/div><\/div><\/div><\/div><div id=\"pg-6558-1\"  class=\"panel-grid panel-no-style\" ><div id=\"pgc-6558-1-0\"  class=\"panel-grid-cell\" ><div id=\"panel-6558-1-0-0\" class=\"so-panel widget widget_sow-icon panel-first-child\" data-index=\"1\" ><div class=\"panel-widget-style panel-widget-style-for-6558-1-0-0\" ><div\n\t\t\t\n\t\t\tclass=\"so-widget-sow-icon so-widget-sow-icon-default-8460aa7b2093-6558\"\n\t\t\t\n\t\t>\n<div class=\"sow-icon-container sow-icon\">\n\t\t\t<span class=\"sow-icon-icomoon\" data-sow-icon=\"&#xe97a;\"\n\t\t \n\t\taria-hidden=\"true\"><\/span>\t<\/div>\n<\/div><\/div><\/div><div id=\"panel-6558-1-0-1\" class=\"so-panel widget widget_sow-headline panel-last-child\" data-index=\"2\" ><div class=\"panel-widget-style panel-widget-style-for-6558-1-0-1\" ><div\n\t\t\t\n\t\t\tclass=\"so-widget-sow-headline so-widget-sow-headline-default-a586199ec0be-6558\"\n\t\t\t\n\t\t><div class=\"sow-headline-container \">\n\t<h1 class='sow-headline'>Con\u2219Sol Technologie &amp; Methodik \"Der eigene Weg\"<\/h1>\t\t\t\t\t<div class=\"decoration\">\n\t\t\t\t\t\t<div class=\"decoration-inside\"><\/div>\n\t\t\t\t\t<\/div>\n\t\t\t\t\t<\/div><\/div><\/div><\/div><\/div><\/div><div id=\"pg-6558-2\"  class=\"panel-grid panel-has-style\" ><div class=\"panel-row-style panel-row-style-for-6558-2\" ><div id=\"pgc-6558-2-0\"  class=\"panel-grid-cell\" ><div id=\"panel-6558-2-0-0\" class=\"so-panel widget widget_sow-editor panel-first-child panel-last-child\" data-index=\"3\" ><div class=\"panel-widget-style panel-widget-style-for-6558-2-0-0\" ><div\n\t\t\t\n\t\t\tclass=\"so-widget-sow-editor so-widget-sow-editor-base\"\n\t\t\t\n\t\t>\n<div class=\"siteorigin-widget-tinymce textwidget\">\n\t<h2 style=\"text-align: left;\">Meditation und Technik zur direkten Erkenntnis und Vertiefung des eigenen Weges<\/h2>\n<p>einem inne liegt. Auf der Suche nach der idealen Gestaltung des eigenen Lebens bleibt jedoch das tiefe Gef\u00fchl, nie wirklich in sich Selbst ganz angekommen zu sein, sein wahres Selbst nie ganz gefunden zu haben.<\/p>\n<p>Die Fragen: \u201eWas ist meine Aufgabe im Leben? Was ist mein Lebensweg?\u201c kommen in jedem Menschen immer wieder nat\u00fcrlich auf. Sie verweisen auf eine urspr\u00fcngliche Weise, das eigene Leben bewusst anzugehen. Daf\u00fcr liegt im Inneren eines jeden Wesens die F\u00e4higkeit, zu gleichen Teilen die Disharmonie des Herzens zu l\u00e4utern, das eigene Potential freizusetzen und sich Selbst ganz zu kennen.<\/p>\n<p>Da jeder Mensch sich in gewissen Aspekten, Tendenzen und Feineinstellungen unterscheidet, gibt es f\u00fcr jeden und jede einen ganz eigenen Weg, um mit sich Selbst in wahrlich konstruktive Harmonie und mit dem Leben in Resonanz zu geraten.<\/p>\n<p>In einem liegt nicht nur die Chance zur Vollendung von sich selbst, sondern auch die intuitive Intelligenz, den eigenen Weg zu entdecken und diesen bewusst zu gehen.<\/p>\n<\/div>\n<\/div><\/div><\/div><\/div><\/div><\/div><div id=\"pg-6558-3\"  class=\"panel-grid panel-has-style\" ><div class=\"panel-row-style panel-row-style-for-6558-3\" ><div id=\"pgc-6558-3-0\"  class=\"panel-grid-cell\" ><div id=\"panel-6558-3-0-0\" class=\"so-panel widget widget_spacer panel-first-child panel-last-child\" data-index=\"4\" ><div\n\t\t\t\n\t\t\tclass=\"so-widget-spacer so-widget-spacer-spacer-style-d75171398898-6558\"\n\t\t\t\n\t\t>\r\n\r\n\r\n\r\n\r\n<div class=\"spacer\" style=\"height: 264px\">\r\n<\/div><\/div><\/div><\/div><\/div><\/div><div id=\"pg-6558-4\"  class=\"panel-grid panel-has-style\" ><div class=\"panel-row-style panel-row-style-for-6558-4\" ><div id=\"pgc-6558-4-0\"  class=\"panel-grid-cell\" ><div id=\"panel-6558-4-0-0\" class=\"so-panel widget widget_sow-editor panel-first-child panel-last-child\" data-index=\"5\" ><div class=\"panel-widget-style panel-widget-style-for-6558-4-0-0\" ><div\n\t\t\t\n\t\t\tclass=\"so-widget-sow-editor so-widget-sow-editor-base\"\n\t\t\t\n\t\t>\n<div class=\"siteorigin-widget-tinymce textwidget\">\n\t<p>Der Zugang zum eigenen Weg zeigt sich, wenn man versteht, wie das Leben mit einem wechselwirkt. Lernen wir, in uns das Harmonieempfinden mit unserem wahren Selbst anzuregen und uns bewusst dem Wissen, das an uns herangetragen wird, zu \u00f6ffnen, so beginnt sich das Verst\u00e4ndnis zum eigenen Weg in uns zu erzeugen.<\/p>\n<p>Den eigenen Weg dann zu gehen, bedeutet sich vollkommen zu entschliessen, wirklich sich selbst zu sein und ein konstruktiv-sch\u00f6pferisches Leben zu leben. Auf diese Weise erzeugen sich in einem grosse Kr\u00e4fte, die Hingabe und Aktivit\u00e4t leicht werden lassen. Die Erf\u00fcllung durch das Leben wird einem gewiss, man begibt sich an sein Lebenswerk und handelt den eigentlichen inneren Zielen und W\u00fcnschen nach.<\/p>\n<h3><u>Seminare zum eigenen Weg bestehen aus folgenden Inhalten<\/u>:<\/h3>\n<ul>\n<li>Grundlegende Aussagen \u00fcber den eigenen Weg<\/li>\n<li>Nat\u00fcrlichkeit der eigenen Tendenzen, den eigenen Weg aufzuzeigen<\/li>\n<li>Zusammenh\u00e4nge der Gl\u00fccklichkeit und der Resonanz\n<ul>\n<li>Unbewusstes Vorhandensein des h\u00f6heren Selbst<\/li>\n<li>Intuition zur Vollkommenheit<\/li>\n<\/ul>\n<\/li>\n<li>Grundlage der Verwirrung \u00fcber den eigenen Weg\n<ul>\n<li>Suche des Gl\u00fccks<\/li>\n<li>Abh\u00e4ngigkeit der \u00e4usseren Erscheinungen<\/li>\n<li>Notwendigkeit des Bewusstseinswegs<\/li>\n<\/ul>\n<\/li>\n<li>Grundprinzipien der Artigkeit des eigenen Weges\n<ul>\n<li>Veredelung des Selbst<\/li>\n<li>Finden in sich<\/li>\n<li>Realisation der Vollkommenheit von sich<\/li>\n<\/ul>\n<\/li>\n<li>Meditation zur Gewinnung von Wissen \u00fcber den eigenen Weg\n<ul>\n<li>Harmonisierung mit dem hohen Selbstbewusstsein<\/li>\n<li>Inneres Schweigen zur Realit\u00e4t des eigenen Wegs<\/li>\n<li>Abl\u00f6sung der Vorstellungen, die den eigenen Weg versperren<\/li>\n<li>Vertrauen ins Leben<\/li>\n<\/ul>\n<\/li>\n<li>Realit\u00e4t der Erreichung von Wissen \u00fcber den eigenen Weg\n<ul>\n<li>Entwicklung des Willens zum Gehen des eigenen Wegs<\/li>\n<li>Erkenntnisstufen auf dem eigenen Weg<\/li>\n<\/ul>\n<\/li>\n<\/ul>\n<\/div>\n<\/div><\/div><\/div><\/div><\/div><\/div><div id=\"pg-6558-5\"  class=\"panel-grid panel-has-style\" ><div class=\"panel-row-style panel-row-style-for-6558-5\" ><div id=\"pgc-6558-5-0\"  class=\"panel-grid-cell\" ><div id=\"panel-6558-5-0-0\" class=\"so-panel widget widget_sow-button panel-first-child\" data-index=\"6\" ><div class=\"panel-widget-style panel-widget-style-for-6558-5-0-0\" ><div\n\t\t\t\n\t\t\tclass=\"so-widget-sow-button so-widget-sow-button-wire-1025c479d47f-6558\"\n\t\t\t\n\t\t><div class=\"ow-button-base ow-button-align-center\">\n\t<a href=\"https:\/\/consol.earth\/index.php\/solutions\/kalendar\/\" class=\"ow-icon-placement-left ow-button-hover\" target=\"_blank\" rel=\"noopener noreferrer\" \t\t>\n\t\t<span>\n\t\t\t\n\t\t\tKalender\t\t<\/span>\n\t<\/a>\n<\/div>\n<\/div><\/div><\/div><div id=\"panel-6558-5-0-1\" class=\"so-panel widget widget_sow-button panel-last-child\" data-index=\"7\" ><div class=\"panel-widget-style panel-widget-style-for-6558-5-0-1\" ><div\n\t\t\t\n\t\t\tclass=\"so-widget-sow-button so-widget-sow-button-wire-1025c479d47f-6558\"\n\t\t\t\n\t\t><div class=\"ow-button-base ow-button-align-center\">\n\t<a href=\"https:\/\/consol.earth\/index.php\/kontakt\/\" class=\"ow-icon-placement-left ow-button-hover\" target=\"_blank\" rel=\"noopener noreferrer\" \t\t>\n\t\t<span>\n\t\t\t\n\t\t\tKursanfrage\t\t<\/span>\n\t<\/a>\n<\/div>\n<\/div><\/div><\/div><\/div><div id=\"pgc-6558-5-1\"  class=\"panel-grid-cell\" ><div id=\"panel-6558-5-1-0\" class=\"so-panel widget widget_sow-editor panel-first-child panel-last-child\" data-index=\"8\" ><div\n\t\t\t\n\t\t\tclass=\"so-widget-sow-editor so-widget-sow-editor-base\"\n\t\t\t\n\t\t>\n<div class=\"siteorigin-widget-tinymce textwidget\">\n\t<p><strong>Teilnahme Intensiv-Seminar:<\/strong><\/p>\n<ul>\n<li>4 h, maximal 10 Teilnehmer<\/li>\n<li>200.- Fr pro Gruppenkursteilnehmer<\/li>\n<li><em>Die n\u00e4chsten freien Seminarpl\u00e4tze findest Du im Kalender.<\/em><\/li>\n<li><em> M\u00f6chtest Du benachrichtigt werden, sobald es Neues zum Thema Energiearbeit gibt, schreibe uns gerne kurz eine <a href=\"hello@consol.earth\">Mail<\/a> oder nutze das <a href=\"https:\/\/consol.earth\/index.php\/kontakt\/\">Kontaktformular<\/a>.<\/em><\/li>\n<\/ul>\n<p><strong>Individuelles Coaching<\/strong><\/p>\n<ul>\n<li>95,- Fr im Einzelcoaching pro Stunde<\/li>\n<li>individuelle Kurszeiten und Pakettarife f\u00fcr Einzel- oder Gruppencoachings auf Anfrage<\/li>\n<\/ul>\n<\/div>\n<\/div><\/div><\/div><\/div><\/div><\/div>","protected":false},"excerpt":{"rendered":"<p>Con\u2219Sol Technologie &amp; Methodik &#8222;Der eigene Weg&#8220; Meditation und Technik zur direkten Erkenntnis und Vertiefung des eigenen Weges einem inne liegt. Auf der Suche nach der idealen Gestaltung des eigenen Lebens bleibt jedoch das tiefe Gef\u00fchl, nie wirklich in sich Selbst ganz angekommen zu sein, sein wahres Selbst nie ganz gefunden zu haben. Die Fragen: [&hellip;]<\/p>\n","protected":false},"author":2,"featured_media":0,"parent":0,"menu_order":0,"comment_status":"closed","ping_status":"closed","template":"","meta":{"_monsterinsights_skip_tracking":false,"_monsterinsights_sitenote_active":false,"_monsterinsights_sitenote_note":"","_monsterinsights_sitenote_category":0,"jetpack_post_was_ever_published":false},"yoast_head":"<!-- This site is optimized with the Yoast SEO plugin v20.3 - https:\/\/yoast.com\/wordpress\/plugins\/seo\/ -->\n<title>Der eigene Weg - Consciousness Solutions<\/title>\n<meta name=\"description\" content=\"Jeder Mensch ist sich selbst ein grosses Mysterium. Dabei sp\u00fcrt und weiss man schon intuitiv, wie gross das Potential ist, welches einem inne liegt.\" \/>\n<meta name=\"robots\" content=\"index, follow, max-snippet:-1, max-image-preview:large, max-video-preview:-1\" \/>\n<link rel=\"canonical\" href=\"https:\/\/consol.earth\/index.php\/der-eigene-weg\/\" \/>\n<meta property=\"og:locale\" content=\"de_DE\" \/>\n<meta property=\"og:type\" content=\"article\" \/>\n<meta property=\"og:title\" content=\"Der eigene Weg - Consciousness Solutions\" \/>\n<meta property=\"og:description\" content=\"Jeder Mensch ist sich selbst ein grosses Mysterium. Dabei sp\u00fcrt und weiss man schon intuitiv, wie gross das Potential ist, welches einem inne liegt.\" \/>\n<meta property=\"og:url\" content=\"https:\/\/consol.earth\/index.php\/der-eigene-weg\/\" \/>\n<meta property=\"og:site_name\" content=\"Consciousness Solutions\" \/>\n<meta property=\"article:modified_time\" content=\"2022-01-06T16:07:26+00:00\" \/>\n<meta name=\"twitter:card\" content=\"summary_large_image\" \/>\n<meta name=\"twitter:label1\" content=\"Gesch\u00e4tzte Lesezeit\" \/>\n\t<meta name=\"twitter:data1\" content=\"3\u00a0Minuten\" \/>\n<script type=\"application\/ld+json\" class=\"yoast-schema-graph\">{\"@context\":\"https:\/\/schema.org\",\"@graph\":[{\"@type\":\"WebPage\",\"@id\":\"https:\/\/consol.earth\/index.php\/der-eigene-weg\/\",\"url\":\"https:\/\/consol.earth\/index.php\/der-eigene-weg\/\",\"name\":\"Der eigene Weg - Consciousness Solutions\",\"isPartOf\":{\"@id\":\"https:\/\/consol.earth\/#website\"},\"datePublished\":\"2022-01-06T16:07:25+00:00\",\"dateModified\":\"2022-01-06T16:07:26+00:00\",\"description\":\"Jeder Mensch ist sich selbst ein grosses Mysterium. Dabei sp\u00fcrt und weiss man schon intuitiv, wie gross das Potential ist, welches einem inne liegt.\",\"breadcrumb\":{\"@id\":\"https:\/\/consol.earth\/index.php\/der-eigene-weg\/#breadcrumb\"},\"inLanguage\":\"de\",\"potentialAction\":[{\"@type\":\"ReadAction\",\"target\":[\"https:\/\/consol.earth\/index.php\/der-eigene-weg\/\"]}]},{\"@type\":\"BreadcrumbList\",\"@id\":\"https:\/\/consol.earth\/index.php\/der-eigene-weg\/#breadcrumb\",\"itemListElement\":[{\"@type\":\"ListItem\",\"position\":1,\"name\":\"Startseite\",\"item\":\"https:\/\/consol.earth\/\"},{\"@type\":\"ListItem\",\"position\":2,\"name\":\"Der eigene Weg\"}]},{\"@type\":\"WebSite\",\"@id\":\"https:\/\/consol.earth\/#website\",\"url\":\"https:\/\/consol.earth\/\",\"name\":\"Consciousness Solutions\",\"description\":\"Bewusstsein ist die Wachheit, die das Licht ist, die das Innere beleuchtet.\",\"publisher\":{\"@id\":\"https:\/\/consol.earth\/#organization\"},\"potentialAction\":[{\"@type\":\"SearchAction\",\"target\":{\"@type\":\"EntryPoint\",\"urlTemplate\":\"https:\/\/consol.earth\/?s={search_term_string}\"},\"query-input\":\"required name=search_term_string\"}],\"inLanguage\":\"de\"},{\"@type\":\"Organization\",\"@id\":\"https:\/\/consol.earth\/#organization\",\"name\":\"Consciousness Solutions\",\"url\":\"https:\/\/consol.earth\/\",\"logo\":{\"@type\":\"ImageObject\",\"inLanguage\":\"de\",\"@id\":\"https:\/\/consol.earth\/#\/schema\/logo\/image\/\",\"url\":\"https:\/\/i0.wp.com\/consol.earth\/wp-content\/uploads\/2021\/10\/ConSol_Logo_Rings_No_Black_Lines.png?fit=801%2C368&ssl=1\",\"contentUrl\":\"https:\/\/i0.wp.com\/consol.earth\/wp-content\/uploads\/2021\/10\/ConSol_Logo_Rings_No_Black_Lines.png?fit=801%2C368&ssl=1\",\"width\":801,\"height\":368,\"caption\":\"Consciousness Solutions\"},\"image\":{\"@id\":\"https:\/\/consol.earth\/#\/schema\/logo\/image\/\"}}]}<\/script>\n<!-- \/ Yoast SEO plugin. -->","yoast_head_json":{"title":"Der eigene Weg - Consciousness Solutions","description":"Jeder Mensch ist sich selbst ein grosses Mysterium. Dabei sp\u00fcrt und weiss man schon intuitiv, wie gross das Potential ist, welches einem inne liegt.","robots":{"index":"index","follow":"follow","max-snippet":"max-snippet:-1","max-image-preview":"max-image-preview:large","max-video-preview":"max-video-preview:-1"},"canonical":"https:\/\/consol.earth\/index.php\/der-eigene-weg\/","og_locale":"de_DE","og_type":"article","og_title":"Der eigene Weg - Consciousness Solutions","og_description":"Jeder Mensch ist sich selbst ein grosses Mysterium. Dabei sp\u00fcrt und weiss man schon intuitiv, wie gross das Potential ist, welches einem inne liegt.","og_url":"https:\/\/consol.earth\/index.php\/der-eigene-weg\/","og_site_name":"Consciousness Solutions","article_modified_time":"2022-01-06T16:07:26+00:00","twitter_card":"summary_large_image","twitter_misc":{"Gesch\u00e4tzte Lesezeit":"3\u00a0Minuten"},"schema":{"@context":"https:\/\/schema.org","@graph":[{"@type":"WebPage","@id":"https:\/\/consol.earth\/index.php\/der-eigene-weg\/","url":"https:\/\/consol.earth\/index.php\/der-eigene-weg\/","name":"Der eigene Weg - Consciousness Solutions","isPartOf":{"@id":"https:\/\/consol.earth\/#website"},"datePublished":"2022-01-06T16:07:25+00:00","dateModified":"2022-01-06T16:07:26+00:00","description":"Jeder Mensch ist sich selbst ein grosses Mysterium. Dabei sp\u00fcrt und weiss man schon intuitiv, wie gross das Potential ist, welches einem inne liegt.","breadcrumb":{"@id":"https:\/\/consol.earth\/index.php\/der-eigene-weg\/#breadcrumb"},"inLanguage":"de","potentialAction":[{"@type":"ReadAction","target":["https:\/\/consol.earth\/index.php\/der-eigene-weg\/"]}]},{"@type":"BreadcrumbList","@id":"https:\/\/consol.earth\/index.php\/der-eigene-weg\/#breadcrumb","itemListElement":[{"@type":"ListItem","position":1,"name":"Startseite","item":"https:\/\/consol.earth\/"},{"@type":"ListItem","position":2,"name":"Der eigene Weg"}]},{"@type":"WebSite","@id":"https:\/\/consol.earth\/#website","url":"https:\/\/consol.earth\/","name":"Consciousness Solutions","description":"Bewusstsein ist die Wachheit, die das Licht ist, die das Innere beleuchtet.","publisher":{"@id":"https:\/\/consol.earth\/#organization"},"potentialAction":[{"@type":"SearchAction","target":{"@type":"EntryPoint","urlTemplate":"https:\/\/consol.earth\/?s={search_term_string}"},"query-input":"required name=search_term_string"}],"inLanguage":"de"},{"@type":"Organization","@id":"https:\/\/consol.earth\/#organization","name":"Consciousness Solutions","url":"https:\/\/consol.earth\/","logo":{"@type":"ImageObject","inLanguage":"de","@id":"https:\/\/consol.earth\/#\/schema\/logo\/image\/","url":"https:\/\/i0.wp.com\/consol.earth\/wp-content\/uploads\/2021\/10\/ConSol_Logo_Rings_No_Black_Lines.png?fit=801%2C368&ssl=1","contentUrl":"https:\/\/i0.wp.com\/consol.earth\/wp-content\/uploads\/2021\/10\/ConSol_Logo_Rings_No_Black_Lines.png?fit=801%2C368&ssl=1","width":801,"height":368,"caption":"Consciousness Solutions"},"image":{"@id":"https:\/\/consol.earth\/#\/schema\/logo\/image\/"}}]}},"jetpack_sharing_enabled":false,"jetpack_likes_enabled":false,"_links":{"self":[{"href":"https:\/\/consol.earth\/index.php\/wp-json\/wp\/v2\/pages\/6558"}],"collection":[{"href":"https:\/\/consol.earth\/index.php\/wp-json\/wp\/v2\/pages"}],"about":[{"href":"https:\/\/consol.earth\/index.php\/wp-json\/wp\/v2\/types\/page"}],"author":[{"embeddable":true,"href":"https:\/\/consol.earth\/index.php\/wp-json\/wp\/v2\/users\/2"}],"replies":[{"embeddable":true,"href":"https:\/\/consol.earth\/index.php\/wp-json\/wp\/v2\/comments?post=6558"}],"version-history":[{"count":2,"href":"https:\/\/consol.earth\/index.php\/wp-json\/wp\/v2\/pages\/6558\/revisions"}],"predecessor-version":[{"id":6560,"href":"https:\/\/consol.earth\/index.php\/wp-json\/wp\/v2\/pages\/6558\/revisions\/6560"}],"wp:attachment":[{"href":"https:\/\/consol.earth\/index.php\/wp-json\/wp\/v2\/media?parent=6558"}],"curies":[{"name":"wp","href":"https:\/\/api.w.org\/{rel}","templated":true}]}}