{"id":6561,"date":"2022-01-06T16:14:59","date_gmt":"2022-01-06T16:14:59","guid":{"rendered":"https:\/\/consol.earth\/?page_id=6561"},"modified":"2022-01-06T16:15:51","modified_gmt":"2022-01-06T16:15:51","slug":"selbstentwicklung","status":"publish","type":"page","link":"https:\/\/consol.earth\/index.php\/selbstentwicklung\/","title":{"rendered":"Selbstentwicklung"},"content":{"rendered":"<div id=\"pl-6561\"  class=\"panel-layout\" ><div id=\"pg-6561-0\"  class=\"panel-grid panel-no-style\" ><div id=\"pgc-6561-0-0\"  class=\"panel-grid-cell\" ><div id=\"panel-6561-0-0-0\" class=\"so-panel widget widget_spacer panel-first-child panel-last-child\" data-index=\"0\" ><div\n\t\t\t\n\t\t\tclass=\"so-widget-spacer so-widget-spacer-spacer-style-d75171398898-6561\"\n\t\t\t\n\t\t>\r\n\r\n\r\n\r\n\r\n<div class=\"spacer\" style=\"height: 80px\">\r\n<\/div><\/div><\/div><\/div><\/div><div id=\"pg-6561-1\"  class=\"panel-grid panel-no-style\" ><div id=\"pgc-6561-1-0\"  class=\"panel-grid-cell\" ><div id=\"panel-6561-1-0-0\" class=\"so-panel widget widget_sow-icon panel-first-child\" data-index=\"1\" ><div class=\"panel-widget-style panel-widget-style-for-6561-1-0-0\" ><div\n\t\t\t\n\t\t\tclass=\"so-widget-sow-icon so-widget-sow-icon-default-8460aa7b2093-6561\"\n\t\t\t\n\t\t>\n<div class=\"sow-icon-container sow-icon\">\n\t\t\t<span class=\"sow-icon-fontawesome sow-fas\" data-sow-icon=\"&#xf2ce;\"\n\t\t \n\t\taria-hidden=\"true\"><\/span>\t<\/div>\n<\/div><\/div><\/div><div id=\"panel-6561-1-0-1\" class=\"so-panel widget widget_sow-headline panel-last-child\" data-index=\"2\" ><div class=\"panel-widget-style panel-widget-style-for-6561-1-0-1\" ><div\n\t\t\t\n\t\t\tclass=\"so-widget-sow-headline so-widget-sow-headline-default-a586199ec0be-6561\"\n\t\t\t\n\t\t><div class=\"sow-headline-container \">\n\t<h1 class='sow-headline'>Con\u2219Sol Technologie &amp; Methodik \"Selbstentwicklung &amp; Potentialentfaltung\"<\/h1>\t\t\t\t\t<div class=\"decoration\">\n\t\t\t\t\t\t<div class=\"decoration-inside\"><\/div>\n\t\t\t\t\t<\/div>\n\t\t\t\t\t<\/div><\/div><\/div><\/div><\/div><\/div><div id=\"pg-6561-2\"  class=\"panel-grid panel-has-style\" ><div class=\"panel-row-style panel-row-style-for-6561-2\" ><div id=\"pgc-6561-2-0\"  class=\"panel-grid-cell\" ><div id=\"panel-6561-2-0-0\" class=\"so-panel widget widget_sow-editor panel-first-child panel-last-child\" data-index=\"3\" ><div class=\"panel-widget-style panel-widget-style-for-6561-2-0-0\" ><div\n\t\t\t\n\t\t\tclass=\"so-widget-sow-editor so-widget-sow-editor-base\"\n\t\t\t\n\t\t>\n<div class=\"siteorigin-widget-tinymce textwidget\">\n\t<h2 style=\"text-align: left;\">Meditation und Technik zur direkten Erkenntnis und Vertiefung von Selbstentwicklung &amp; Potentialentfaltung durch Bewusstseinsverst\u00e4ndnis<\/h2>\n<p>Selbstentwicklung ist der nat\u00fcrliche Prozess der Erweiterung des umsetzbaren Potentials, anhand des Aufbl\u00fchens der Wachheit im Inneren. Es kann ein beinahe m\u00fcheloser Prozess werden, wenn man diesen Zusammenhang f\u00fcr sich erkennt.<\/p>\n<p>Die Selbstentwicklung ist eigentlich das nat\u00fcrliche Heranwachsen zu vollem Bewusstsein und voller F\u00e4higkeit. Die Ziele, die man sich anf\u00e4nglich vorstellt, sind oft nur klein, im Vergleich zum realen Potential.<\/p>\n<p>Da das innere Potential unbekannt ist, muss man sich dem transformierenden Unbekannten stellen und \u00fcber es hinauswachsen. Der Sinn f\u00fcr sich Selbst ver\u00e4ndert und erweitert sich dabei stetig. Daher ist ersichtlich, dass die Grenzen, in welchen wir geistig leben, den nat\u00fcrlichen Prozess dieses Heranwachsens zur\u00fcckhalten. Entfernt man diese, so str\u00f6mt das Potential wieder in einem frei. Um es verwendbar machen zu k\u00f6nnen, bedarf es einer nachhaltigen Integration dessen in uns Selbst. Heben wir zuletzt unsere Glaubenss\u00e4tze, die dieses Potential als unrealistisch sehen, auf, so wird das Potential nat\u00fcrlich realisiert und umsetzbar.<\/p>\n<\/div>\n<\/div><\/div><\/div><\/div><\/div><\/div><div id=\"pg-6561-3\"  class=\"panel-grid panel-has-style\" ><div class=\"panel-row-style panel-row-style-for-6561-3\" ><div id=\"pgc-6561-3-0\"  class=\"panel-grid-cell\" ><div id=\"panel-6561-3-0-0\" class=\"so-panel widget widget_spacer panel-first-child panel-last-child\" data-index=\"4\" ><div\n\t\t\t\n\t\t\tclass=\"so-widget-spacer so-widget-spacer-spacer-style-d75171398898-6561\"\n\t\t\t\n\t\t>\r\n\r\n\r\n\r\n\r\n<div class=\"spacer\" style=\"height: 264px\">\r\n<\/div><\/div><\/div><\/div><\/div><\/div><div id=\"pg-6561-4\"  class=\"panel-grid panel-has-style\" ><div class=\"panel-row-style panel-row-style-for-6561-4\" ><div id=\"pgc-6561-4-0\"  class=\"panel-grid-cell\" ><div id=\"panel-6561-4-0-0\" class=\"so-panel widget widget_sow-editor panel-first-child panel-last-child\" data-index=\"5\" ><div class=\"panel-widget-style panel-widget-style-for-6561-4-0-0\" ><div\n\t\t\t\n\t\t\tclass=\"so-widget-sow-editor so-widget-sow-editor-base\"\n\t\t\t\n\t\t>\n<div class=\"siteorigin-widget-tinymce textwidget\">\n\t<p>Sich Selbst wirklich wissen zu m\u00f6chten, ist die funktionierende Grundlage zur Erreichung des eigenen Potentials. Es ist einer der sch\u00f6nsten Lebenswege das eigene Potential zu erwecken uns auszu\u00fcben. Belastungen und Selbstunterdr\u00fcckungen schwinden dahin und Freiheit und F\u00e4higkeit finden Platz. Da man sich immer weniger im Weg steht, erreicht man ebenso ein nat\u00fcrliches Verst\u00e4ndnis f\u00fcr Wohl, Harmonie und Freude, welche auf dem Selbstentwicklungsweg immer auftreten.<\/p>\n<p>&nbsp;<\/p>\n<h3><u>Seminare zu Selbstentwicklung und Potentialentfaltung bestehen aus folgenden Inhalten:<\/u><\/h3>\n<ul>\n<li>Grunds\u00e4tze der Bewusstseinsentfaltung und Selbstentwicklung<\/li>\n<li>Entstehungsprozess der verwendbaren Potentiale\n<ul>\n<li>Identifikationsentbindung<\/li>\n<li>Bewusste Integration in sich Selbst<\/li>\n<li>Paradigmenwechsel<\/li>\n<\/ul>\n<\/li>\n<li>Prinzipien der Verhinderung von Selbstentwicklung\n<ul>\n<li>Selbstpr\u00e4gung mit \u201eNein\u201c<\/li>\n<li>Exklusivit\u00e4t von naheliegendem Potential<\/li>\n<li>Widerspr\u00fcchlichkeiten in der Mentalit\u00e4t<\/li>\n<\/ul>\n<\/li>\n<li>Unwohl und Unzufriedenheit als Indikation f\u00fcr unrealisiertes Potential<\/li>\n<li>Bewusstseinspraktik und Meditation\n<ul>\n<li>Realisieren von Potential<\/li>\n<li>Verinnerlichung von Potential<\/li>\n<li>Totalit\u00e4t und Wirklichkeit des Potentials<\/li>\n<\/ul>\n<\/li>\n<li>\u00c4hnlichkeit der Selbstentwicklung und Selbstrealisation\n<ul>\n<li>Verwendbarkeit reiner Bewusstseinspraktiken<\/li>\n<li>Verwendbarkeit des realisierten Potentials zur Selbstrealisation<\/li>\n<\/ul>\n<\/li>\n<li>Garantie des Erfolges, Weiterentwicklung und Lebensweisen<\/li>\n<\/ul>\n<\/div>\n<\/div><\/div><\/div><\/div><\/div><\/div><div id=\"pg-6561-5\"  class=\"panel-grid panel-has-style\" ><div class=\"panel-row-style panel-row-style-for-6561-5\" ><div id=\"pgc-6561-5-0\"  class=\"panel-grid-cell\" ><div id=\"panel-6561-5-0-0\" class=\"so-panel widget widget_sow-button panel-first-child\" data-index=\"6\" ><div class=\"panel-widget-style panel-widget-style-for-6561-5-0-0\" ><div\n\t\t\t\n\t\t\tclass=\"so-widget-sow-button so-widget-sow-button-wire-1025c479d47f-6561\"\n\t\t\t\n\t\t><div class=\"ow-button-base ow-button-align-center\">\n\t<a href=\"https:\/\/consol.earth\/index.php\/solutions\/kalendar\/\" class=\"ow-icon-placement-left ow-button-hover\" target=\"_blank\" rel=\"noopener noreferrer\" \t\t>\n\t\t<span>\n\t\t\t\n\t\t\tKalender\t\t<\/span>\n\t<\/a>\n<\/div>\n<\/div><\/div><\/div><div id=\"panel-6561-5-0-1\" class=\"so-panel widget widget_sow-button panel-last-child\" data-index=\"7\" ><div class=\"panel-widget-style panel-widget-style-for-6561-5-0-1\" ><div\n\t\t\t\n\t\t\tclass=\"so-widget-sow-button so-widget-sow-button-wire-1025c479d47f-6561\"\n\t\t\t\n\t\t><div class=\"ow-button-base ow-button-align-center\">\n\t<a href=\"https:\/\/consol.earth\/index.php\/kontakt\/\" class=\"ow-icon-placement-left ow-button-hover\" target=\"_blank\" rel=\"noopener noreferrer\" \t\t>\n\t\t<span>\n\t\t\t\n\t\t\tKursanfrage\t\t<\/span>\n\t<\/a>\n<\/div>\n<\/div><\/div><\/div><\/div><div id=\"pgc-6561-5-1\"  class=\"panel-grid-cell\" ><div id=\"panel-6561-5-1-0\" class=\"so-panel widget widget_sow-editor panel-first-child panel-last-child\" data-index=\"8\" ><div\n\t\t\t\n\t\t\tclass=\"so-widget-sow-editor so-widget-sow-editor-base\"\n\t\t\t\n\t\t>\n<div class=\"siteorigin-widget-tinymce textwidget\">\n\t<p><strong>Teilnahme Intensiv-Seminar:<\/strong><\/p>\n<ul>\n<li>4,5 h, maximal 10 Teilnehmer<\/li>\n<li>200.- Fr pro Gruppenkursteilnehmer<\/li>\n<li><em>Die n\u00e4chsten freien Seminarpl\u00e4tze findest Du im Kalender.<\/em><\/li>\n<li><em> M\u00f6chtest Du benachrichtigt werden, sobald es Neues zum Thema Energiearbeit gibt, schreibe uns gerne kurz eine <a href=\"hello@consol.earth\">Mail<\/a> oder nutze das <a href=\"https:\/\/consol.earth\/index.php\/kontakt\/\">Kontaktformular<\/a>.<\/em><\/li>\n<\/ul>\n<p><strong>Individuelles Coaching<\/strong><\/p>\n<ul>\n<li>95,- Fr im Einzelcoaching pro Stunde<\/li>\n<li>individuelle Kurszeiten und Pakettarife f\u00fcr Einzel- oder Gruppencoachings auf Anfrage<\/li>\n<\/ul>\n<\/div>\n<\/div><\/div><\/div><\/div><\/div><\/div>","protected":false},"excerpt":{"rendered":"<p>Con\u2219Sol Technologie &amp; Methodik &#8222;Selbstentwicklung &amp; Potentialentfaltung&#8220; Meditation und Technik zur direkten Erkenntnis und Vertiefung von Selbstentwicklung &amp; Potentialentfaltung durch Bewusstseinsverst\u00e4ndnis Selbstentwicklung ist der nat\u00fcrliche Prozess der Erweiterung des umsetzbaren Potentials, anhand des Aufbl\u00fchens der Wachheit im Inneren. Es kann ein beinahe m\u00fcheloser Prozess werden, wenn man diesen Zusammenhang f\u00fcr sich erkennt. Die Selbstentwicklung ist [&hellip;]<\/p>\n","protected":false},"author":2,"featured_media":0,"parent":0,"menu_order":0,"comment_status":"closed","ping_status":"closed","template":"","meta":{"_monsterinsights_skip_tracking":false,"_monsterinsights_sitenote_active":false,"_monsterinsights_sitenote_note":"","_monsterinsights_sitenote_category":0,"jetpack_post_was_ever_published":false},"yoast_head":"<!-- This site is optimized with the Yoast SEO plugin v20.3 - https:\/\/yoast.com\/wordpress\/plugins\/seo\/ -->\n<title>Selbstentwicklung - Consciousness Solutions<\/title>\n<meta name=\"description\" content=\"Selbstentwicklung ist der nat\u00fcrliche Prozess der Erweiterung des umsetzbaren Potentials, anhand des Aufbl\u00fchens der Wachheit im Inneren.\" \/>\n<meta name=\"robots\" content=\"index, follow, max-snippet:-1, max-image-preview:large, max-video-preview:-1\" \/>\n<link rel=\"canonical\" href=\"https:\/\/consol.earth\/index.php\/selbstentwicklung\/\" \/>\n<meta property=\"og:locale\" content=\"de_DE\" \/>\n<meta property=\"og:type\" content=\"article\" \/>\n<meta property=\"og:title\" content=\"Selbstentwicklung - Consciousness Solutions\" \/>\n<meta property=\"og:description\" content=\"Selbstentwicklung ist der nat\u00fcrliche Prozess der Erweiterung des umsetzbaren Potentials, anhand des Aufbl\u00fchens der Wachheit im Inneren.\" \/>\n<meta property=\"og:url\" content=\"https:\/\/consol.earth\/index.php\/selbstentwicklung\/\" \/>\n<meta property=\"og:site_name\" content=\"Consciousness Solutions\" \/>\n<meta property=\"article:modified_time\" content=\"2022-01-06T16:15:51+00:00\" \/>\n<meta name=\"twitter:card\" content=\"summary_large_image\" \/>\n<meta name=\"twitter:label1\" content=\"Gesch\u00e4tzte Lesezeit\" \/>\n\t<meta name=\"twitter:data1\" content=\"2\u00a0Minuten\" \/>\n<script type=\"application\/ld+json\" class=\"yoast-schema-graph\">{\"@context\":\"https:\/\/schema.org\",\"@graph\":[{\"@type\":\"WebPage\",\"@id\":\"https:\/\/consol.earth\/index.php\/selbstentwicklung\/\",\"url\":\"https:\/\/consol.earth\/index.php\/selbstentwicklung\/\",\"name\":\"Selbstentwicklung - Consciousness Solutions\",\"isPartOf\":{\"@id\":\"https:\/\/consol.earth\/#website\"},\"datePublished\":\"2022-01-06T16:14:59+00:00\",\"dateModified\":\"2022-01-06T16:15:51+00:00\",\"description\":\"Selbstentwicklung ist der nat\u00fcrliche Prozess der Erweiterung des umsetzbaren Potentials, anhand des Aufbl\u00fchens der Wachheit im Inneren.\",\"breadcrumb\":{\"@id\":\"https:\/\/consol.earth\/index.php\/selbstentwicklung\/#breadcrumb\"},\"inLanguage\":\"de\",\"potentialAction\":[{\"@type\":\"ReadAction\",\"target\":[\"https:\/\/consol.earth\/index.php\/selbstentwicklung\/\"]}]},{\"@type\":\"BreadcrumbList\",\"@id\":\"https:\/\/consol.earth\/index.php\/selbstentwicklung\/#breadcrumb\",\"itemListElement\":[{\"@type\":\"ListItem\",\"position\":1,\"name\":\"Startseite\",\"item\":\"https:\/\/consol.earth\/\"},{\"@type\":\"ListItem\",\"position\":2,\"name\":\"Selbstentwicklung\"}]},{\"@type\":\"WebSite\",\"@id\":\"https:\/\/consol.earth\/#website\",\"url\":\"https:\/\/consol.earth\/\",\"name\":\"Consciousness Solutions\",\"description\":\"Bewusstsein ist die Wachheit, die das Licht ist, die das Innere beleuchtet.\",\"publisher\":{\"@id\":\"https:\/\/consol.earth\/#organization\"},\"potentialAction\":[{\"@type\":\"SearchAction\",\"target\":{\"@type\":\"EntryPoint\",\"urlTemplate\":\"https:\/\/consol.earth\/?s={search_term_string}\"},\"query-input\":\"required name=search_term_string\"}],\"inLanguage\":\"de\"},{\"@type\":\"Organization\",\"@id\":\"https:\/\/consol.earth\/#organization\",\"name\":\"Consciousness Solutions\",\"url\":\"https:\/\/consol.earth\/\",\"logo\":{\"@type\":\"ImageObject\",\"inLanguage\":\"de\",\"@id\":\"https:\/\/consol.earth\/#\/schema\/logo\/image\/\",\"url\":\"https:\/\/i0.wp.com\/consol.earth\/wp-content\/uploads\/2021\/10\/ConSol_Logo_Rings_No_Black_Lines.png?fit=801%2C368&ssl=1\",\"contentUrl\":\"https:\/\/i0.wp.com\/consol.earth\/wp-content\/uploads\/2021\/10\/ConSol_Logo_Rings_No_Black_Lines.png?fit=801%2C368&ssl=1\",\"width\":801,\"height\":368,\"caption\":\"Consciousness Solutions\"},\"image\":{\"@id\":\"https:\/\/consol.earth\/#\/schema\/logo\/image\/\"}}]}<\/script>\n<!-- \/ Yoast SEO plugin. -->","yoast_head_json":{"title":"Selbstentwicklung - Consciousness Solutions","description":"Selbstentwicklung ist der nat\u00fcrliche Prozess der Erweiterung des umsetzbaren Potentials, anhand des Aufbl\u00fchens der Wachheit im Inneren.","robots":{"index":"index","follow":"follow","max-snippet":"max-snippet:-1","max-image-preview":"max-image-preview:large","max-video-preview":"max-video-preview:-1"},"canonical":"https:\/\/consol.earth\/index.php\/selbstentwicklung\/","og_locale":"de_DE","og_type":"article","og_title":"Selbstentwicklung - Consciousness Solutions","og_description":"Selbstentwicklung ist der nat\u00fcrliche Prozess der Erweiterung des umsetzbaren Potentials, anhand des Aufbl\u00fchens der Wachheit im Inneren.","og_url":"https:\/\/consol.earth\/index.php\/selbstentwicklung\/","og_site_name":"Consciousness Solutions","article_modified_time":"2022-01-06T16:15:51+00:00","twitter_card":"summary_large_image","twitter_misc":{"Gesch\u00e4tzte Lesezeit":"2\u00a0Minuten"},"schema":{"@context":"https:\/\/schema.org","@graph":[{"@type":"WebPage","@id":"https:\/\/consol.earth\/index.php\/selbstentwicklung\/","url":"https:\/\/consol.earth\/index.php\/selbstentwicklung\/","name":"Selbstentwicklung - Consciousness Solutions","isPartOf":{"@id":"https:\/\/consol.earth\/#website"},"datePublished":"2022-01-06T16:14:59+00:00","dateModified":"2022-01-06T16:15:51+00:00","description":"Selbstentwicklung ist der nat\u00fcrliche Prozess der Erweiterung des umsetzbaren Potentials, anhand des Aufbl\u00fchens der Wachheit im Inneren.","breadcrumb":{"@id":"https:\/\/consol.earth\/index.php\/selbstentwicklung\/#breadcrumb"},"inLanguage":"de","potentialAction":[{"@type":"ReadAction","target":["https:\/\/consol.earth\/index.php\/selbstentwicklung\/"]}]},{"@type":"BreadcrumbList","@id":"https:\/\/consol.earth\/index.php\/selbstentwicklung\/#breadcrumb","itemListElement":[{"@type":"ListItem","position":1,"name":"Startseite","item":"https:\/\/consol.earth\/"},{"@type":"ListItem","position":2,"name":"Selbstentwicklung"}]},{"@type":"WebSite","@id":"https:\/\/consol.earth\/#website","url":"https:\/\/consol.earth\/","name":"Consciousness Solutions","description":"Bewusstsein ist die Wachheit, die das Licht ist, die das Innere beleuchtet.","publisher":{"@id":"https:\/\/consol.earth\/#organization"},"potentialAction":[{"@type":"SearchAction","target":{"@type":"EntryPoint","urlTemplate":"https:\/\/consol.earth\/?s={search_term_string}"},"query-input":"required name=search_term_string"}],"inLanguage":"de"},{"@type":"Organization","@id":"https:\/\/consol.earth\/#organization","name":"Consciousness Solutions","url":"https:\/\/consol.earth\/","logo":{"@type":"ImageObject","inLanguage":"de","@id":"https:\/\/consol.earth\/#\/schema\/logo\/image\/","url":"https:\/\/i0.wp.com\/consol.earth\/wp-content\/uploads\/2021\/10\/ConSol_Logo_Rings_No_Black_Lines.png?fit=801%2C368&ssl=1","contentUrl":"https:\/\/i0.wp.com\/consol.earth\/wp-content\/uploads\/2021\/10\/ConSol_Logo_Rings_No_Black_Lines.png?fit=801%2C368&ssl=1","width":801,"height":368,"caption":"Consciousness Solutions"},"image":{"@id":"https:\/\/consol.earth\/#\/schema\/logo\/image\/"}}]}},"jetpack_sharing_enabled":false,"jetpack_likes_enabled":false,"_links":{"self":[{"href":"https:\/\/consol.earth\/index.php\/wp-json\/wp\/v2\/pages\/6561"}],"collection":[{"href":"https:\/\/consol.earth\/index.php\/wp-json\/wp\/v2\/pages"}],"about":[{"href":"https:\/\/consol.earth\/index.php\/wp-json\/wp\/v2\/types\/page"}],"author":[{"embeddable":true,"href":"https:\/\/consol.earth\/index.php\/wp-json\/wp\/v2\/users\/2"}],"replies":[{"embeddable":true,"href":"https:\/\/consol.earth\/index.php\/wp-json\/wp\/v2\/comments?post=6561"}],"version-history":[{"count":3,"href":"https:\/\/consol.earth\/index.php\/wp-json\/wp\/v2\/pages\/6561\/revisions"}],"predecessor-version":[{"id":6564,"href":"https:\/\/consol.earth\/index.php\/wp-json\/wp\/v2\/pages\/6561\/revisions\/6564"}],"wp:attachment":[{"href":"https:\/\/consol.earth\/index.php\/wp-json\/wp\/v2\/media?parent=6561"}],"curies":[{"name":"wp","href":"https:\/\/api.w.org\/{rel}","templated":true}]}}