{"id":6568,"date":"2022-01-06T16:22:00","date_gmt":"2022-01-06T16:22:00","guid":{"rendered":"https:\/\/consol.earth\/?page_id=6568"},"modified":"2022-01-06T16:22:00","modified_gmt":"2022-01-06T16:22:00","slug":"the-power-of-now-in-der-anwendung","status":"publish","type":"page","link":"https:\/\/consol.earth\/index.php\/the-power-of-now-in-der-anwendung\/","title":{"rendered":"the power of now in der Anwendung"},"content":{"rendered":"<div id=\"pl-6568\"  class=\"panel-layout\" ><div id=\"pg-6568-0\"  class=\"panel-grid panel-no-style\" ><div id=\"pgc-6568-0-0\"  class=\"panel-grid-cell\" ><div id=\"panel-6568-0-0-0\" class=\"so-panel widget widget_spacer panel-first-child panel-last-child\" data-index=\"0\" ><div\n\t\t\t\n\t\t\tclass=\"so-widget-spacer so-widget-spacer-spacer-style-d75171398898-6568\"\n\t\t\t\n\t\t>\r\n\r\n\r\n\r\n\r\n<div class=\"spacer\" style=\"height: 80px\">\r\n<\/div><\/div><\/div><\/div><\/div><div id=\"pg-6568-1\"  class=\"panel-grid panel-no-style\" ><div id=\"pgc-6568-1-0\"  class=\"panel-grid-cell\" ><div id=\"panel-6568-1-0-0\" class=\"so-panel widget widget_sow-icon panel-first-child\" data-index=\"1\" ><div class=\"panel-widget-style panel-widget-style-for-6568-1-0-0\" ><div\n\t\t\t\n\t\t\tclass=\"so-widget-sow-icon so-widget-sow-icon-default-8460aa7b2093-6568\"\n\t\t\t\n\t\t>\n<div class=\"sow-icon-container sow-icon\">\n\t\t\t<span class=\"sow-icon-icomoon\" data-sow-icon=\"&#xe982;\"\n\t\t \n\t\taria-hidden=\"true\"><\/span>\t<\/div>\n<\/div><\/div><\/div><div id=\"panel-6568-1-0-1\" class=\"so-panel widget widget_sow-headline panel-last-child\" data-index=\"2\" ><div class=\"panel-widget-style panel-widget-style-for-6568-1-0-1\" ><div\n\t\t\t\n\t\t\tclass=\"so-widget-sow-headline so-widget-sow-headline-default-a586199ec0be-6568\"\n\t\t\t\n\t\t><div class=\"sow-headline-container \">\n\t<h1 class='sow-headline'>Con\u2219Sol Technologie &amp; Methodik \"The power of now in der Anwendung\"<\/h1>\t\t\t\t\t<div class=\"decoration\">\n\t\t\t\t\t\t<div class=\"decoration-inside\"><\/div>\n\t\t\t\t\t<\/div>\n\t\t\t\t\t<\/div><\/div><\/div><\/div><\/div><\/div><div id=\"pg-6568-2\"  class=\"panel-grid panel-has-style\" ><div class=\"panel-row-style panel-row-style-for-6568-2\" ><div id=\"pgc-6568-2-0\"  class=\"panel-grid-cell\" ><div id=\"panel-6568-2-0-0\" class=\"so-panel widget widget_sow-editor panel-first-child panel-last-child\" data-index=\"3\" ><div class=\"panel-widget-style panel-widget-style-for-6568-2-0-0\" ><div\n\t\t\t\n\t\t\tclass=\"so-widget-sow-editor so-widget-sow-editor-base\"\n\t\t\t\n\t\t>\n<div class=\"siteorigin-widget-tinymce textwidget\">\n\t<h2 style=\"text-align: left;\">Meditation und Technik zur direkten Erkenntnis und Vertiefung der Kraft des Jetzt<\/h2>\n<p>In der Gegenw\u00e4rtigkeit liegt eine urspr\u00fcngliche Kraft. Mit ihr im Bewusstsein ist es m\u00f6glich, der existenziellen Freude, die jedem Erlebnis nat\u00fcrlich inne liegt, aufmerksam zu werden und sie ganz f\u00fcr sich zu erleben.<\/p>\n<p>In kompletter Pr\u00e4senz ist der Moment zeitlos und so ohne begrenzenden Anfang und abruptes Ende. Jetzt fliesst keine Zeit. Man ist ganz beim Erlebnis, frei von vergleichenden Gedanken, frei von Erinnerungen an die Vergangenheit, frei von Projektionen in die Zukunft. In Pr\u00e4senz haben die bewertenden, urteilenden gedanklichen Kommentare keinen Anhalts- oder Ausgangspunkt mehr und versiegen. Der Verstand h\u00f6rt auf, sich zu drehen.<\/p>\n<p>Ohne gedankliche Unterscheidung und Auftrennung des Erlebten, tritt die urspr\u00fcngliche Faszination f\u00fcr jedes kleine Detail, f\u00fcr jeden gesch\u00f6pften Aspekt des Erlebnisses hervor. Es macht keinen Unterschied mehr, was man erlebt, denn es ist immer so, als w\u00e4re der jetzige Moment komplett. Als w\u00fcrde das ganze Leben sich genau jetzt hier bei mir, in meinem Bewusstsein abspielen. Man erlebt sich freudvoll, wach und dem Gl\u00fcck nahe, denn es gibt nichts mehr, was einem zum Gl\u00fcck noch fehlt oder dem im Wege steht.<\/p>\n<\/div>\n<\/div><\/div><\/div><\/div><\/div><\/div><div id=\"pg-6568-3\"  class=\"panel-grid panel-has-style\" ><div class=\"panel-row-style panel-row-style-for-6568-3\" ><div id=\"pgc-6568-3-0\"  class=\"panel-grid-cell\" ><div id=\"panel-6568-3-0-0\" class=\"so-panel widget widget_spacer panel-first-child panel-last-child\" data-index=\"4\" ><div\n\t\t\t\n\t\t\tclass=\"so-widget-spacer so-widget-spacer-spacer-style-d75171398898-6568\"\n\t\t\t\n\t\t>\r\n\r\n\r\n\r\n\r\n<div class=\"spacer\" style=\"height: 264px\">\r\n<\/div><\/div><\/div><\/div><\/div><\/div><div id=\"pg-6568-4\"  class=\"panel-grid panel-has-style\" ><div class=\"panel-row-style panel-row-style-for-6568-4\" ><div id=\"pgc-6568-4-0\"  class=\"panel-grid-cell\" ><div id=\"panel-6568-4-0-0\" class=\"so-panel widget widget_sow-editor panel-first-child panel-last-child\" data-index=\"5\" ><div class=\"panel-widget-style panel-widget-style-for-6568-4-0-0\" ><div\n\t\t\t\n\t\t\tclass=\"so-widget-sow-editor so-widget-sow-editor-base\"\n\t\t\t\n\t\t>\n<div class=\"siteorigin-widget-tinymce textwidget\">\n\t<p>Im Buch \u201eThe Power of Now \u2013 Jetzt\u201c vom Spirituellen Eckhart Tolle, wird ein Einblick in die Weisheiten der Gegenw\u00e4rtigkeit gegeben. In diesem Kurs wird der Eintritt in die Chance dieser Kraft alltagsnah erkl\u00e4rt, praktisch angeleitet und meditativ unterst\u00fctzt. Anhand von Meditation und\u00a0<em>ConSol<\/em>\u00a0Bewusstseinstechnologie ist es m\u00f6glich, zum ersten Mal aktiv das Bewusstsein der Pr\u00e4senz, des Jetzt zu erreichen.<\/p>\n<p>Erlernt man die F\u00e4higkeit, sich unabh\u00e4ngig von den Umst\u00e4nden bewusst ins Jetzt bringen zu k\u00f6nnen, erkennt man, dass man immer von einer grossen Kraft umgeben ist. Im Wissen, dass man sich jederzeit von inneren Spannungen abl\u00f6sen kann, verlieren die Unannehmlichkeiten des Alltags ihre Ernsthaftigkeit und Bedr\u00e4ngnis. Beengende Aufgaben und Tagesstrukturen werden weniger intrusiv erlebt und man f\u00fchlt sich allgemein weniger gedr\u00e4ngt, bedr\u00fcckt, gest\u00f6rt und gezwungen.<\/p>\n<p>In bewusster Pr\u00e4senz ist es m\u00f6glich, ganz bei sich zu sein, ungest\u00f6rt, von dem, was ist. Wer bewusst Pr\u00e4sent ist, kann hier seine ganze Natur erkennen und sich ganz wissen.<\/p>\n<p>&nbsp;<\/p>\n<h3><u>Seminare zur Kraft des Jetzt bestehen aus folgenden Inhalten:<\/u><\/h3>\n<ul>\n<li>Grunds\u00e4tze des Ph\u00e4nomens \u00abZeitlichkeit\u00bb\n<ul>\n<li>Der Verstand als Ursprung von Separation, Einteilung und Vergleich<\/li>\n<li>Die Zeit als Verstandesph\u00e4nomen<\/li>\n<\/ul>\n<\/li>\n<li>Mentale Konzepte als Ursprung von Mangel, Ungen\u00fcgsamkeit und Urteil<\/li>\n<li>Eintritt ins Bewusstsein des kompletten Moments\n<ul>\n<li>Selbsterlebnis ohne beschr\u00e4nkende Mentalkonstrukte<\/li>\n<li>Ganz im Jetzt ankommen<\/li>\n<\/ul>\n<\/li>\n<li>Umgang mit der Aufmerksamkeit\n<ul>\n<li>B\u00fcndelungsf\u00e4higkeit und Mechanik der Grenzen der Aufmerksamkeit<\/li>\n<\/ul>\n<\/li>\n<\/ul>\n<\/div>\n<\/div><\/div><\/div><\/div><\/div><\/div><div id=\"pg-6568-5\"  class=\"panel-grid panel-has-style\" ><div class=\"panel-row-style panel-row-style-for-6568-5\" ><div id=\"pgc-6568-5-0\"  class=\"panel-grid-cell\" ><div id=\"panel-6568-5-0-0\" class=\"so-panel widget widget_sow-button panel-first-child\" data-index=\"6\" ><div class=\"panel-widget-style panel-widget-style-for-6568-5-0-0\" ><div\n\t\t\t\n\t\t\tclass=\"so-widget-sow-button so-widget-sow-button-wire-1025c479d47f-6568\"\n\t\t\t\n\t\t><div class=\"ow-button-base ow-button-align-center\">\n\t<a href=\"https:\/\/consol.earth\/index.php\/solutions\/kalendar\/\" class=\"ow-icon-placement-left ow-button-hover\" target=\"_blank\" rel=\"noopener noreferrer\" \t\t>\n\t\t<span>\n\t\t\t\n\t\t\tKalender\t\t<\/span>\n\t<\/a>\n<\/div>\n<\/div><\/div><\/div><div id=\"panel-6568-5-0-1\" class=\"so-panel widget widget_sow-button panel-last-child\" data-index=\"7\" ><div class=\"panel-widget-style panel-widget-style-for-6568-5-0-1\" ><div\n\t\t\t\n\t\t\tclass=\"so-widget-sow-button so-widget-sow-button-wire-1025c479d47f-6568\"\n\t\t\t\n\t\t><div class=\"ow-button-base ow-button-align-center\">\n\t<a href=\"https:\/\/consol.earth\/index.php\/kontakt\/\" class=\"ow-icon-placement-left ow-button-hover\" target=\"_blank\" rel=\"noopener noreferrer\" \t\t>\n\t\t<span>\n\t\t\t\n\t\t\tKursanfrage\t\t<\/span>\n\t<\/a>\n<\/div>\n<\/div><\/div><\/div><\/div><div id=\"pgc-6568-5-1\"  class=\"panel-grid-cell\" ><div id=\"panel-6568-5-1-0\" class=\"so-panel widget widget_sow-editor panel-first-child panel-last-child\" data-index=\"8\" ><div\n\t\t\t\n\t\t\tclass=\"so-widget-sow-editor so-widget-sow-editor-base\"\n\t\t\t\n\t\t>\n<div class=\"siteorigin-widget-tinymce textwidget\">\n\t<p><strong>Teilnahme Intensiv-Seminar:<\/strong><\/p>\n<ul>\n<li>2,5 h, maximal 10 Teilnehmer<\/li>\n<li>120.- Fr pro Gruppenkursteilnehmer<\/li>\n<li><em>Die n\u00e4chsten freien Seminarpl\u00e4tze findest Du im Kalender.<\/em><\/li>\n<li><em> M\u00f6chtest Du benachrichtigt werden, sobald es Neues zum Thema Energiearbeit gibt, schreibe uns gerne kurz eine <a href=\"hello@consol.earth\">Mail<\/a> oder nutze das <a href=\"https:\/\/consol.earth\/index.php\/kontakt\/\">Kontaktformular<\/a>.<\/em><\/li>\n<\/ul>\n<p><strong>Individuelles Coaching<\/strong><\/p>\n<ul>\n<li>95,- Fr im Einzelcoaching pro Stunde<\/li>\n<li>individuelle Kurszeiten und Pakettarife f\u00fcr Einzel- oder Gruppencoachings auf Anfrage<\/li>\n<\/ul>\n<\/div>\n<\/div><\/div><\/div><\/div><\/div><\/div>","protected":false},"excerpt":{"rendered":"<p>Con\u2219Sol Technologie &amp; Methodik &#8222;The power of now in der Anwendung&#8220; Meditation und Technik zur direkten Erkenntnis und Vertiefung der Kraft des Jetzt In der Gegenw\u00e4rtigkeit liegt eine urspr\u00fcngliche Kraft. Mit ihr im Bewusstsein ist es m\u00f6glich, der existenziellen Freude, die jedem Erlebnis nat\u00fcrlich inne liegt, aufmerksam zu werden und sie ganz f\u00fcr sich zu [&hellip;]<\/p>\n","protected":false},"author":2,"featured_media":0,"parent":0,"menu_order":0,"comment_status":"closed","ping_status":"closed","template":"","meta":{"_monsterinsights_skip_tracking":false,"_monsterinsights_sitenote_active":false,"_monsterinsights_sitenote_note":"","_monsterinsights_sitenote_category":0,"jetpack_post_was_ever_published":false},"yoast_head":"<!-- This site is optimized with the Yoast SEO plugin v20.3 - https:\/\/yoast.com\/wordpress\/plugins\/seo\/ -->\n<title>the power of now in der Anwendung - Consciousness Solutions<\/title>\n<meta name=\"description\" content=\"Anhand von Meditation und ConSol Bewusstseinstechnologie ist es m\u00f6glich, zum ersten Mal aktiv das Bewusstsein der Pr\u00e4senz, des Jetzt zu erreichen.\" \/>\n<meta name=\"robots\" content=\"index, follow, max-snippet:-1, max-image-preview:large, max-video-preview:-1\" \/>\n<link rel=\"canonical\" href=\"https:\/\/consol.earth\/index.php\/the-power-of-now-in-der-anwendung\/\" \/>\n<meta property=\"og:locale\" content=\"de_DE\" \/>\n<meta property=\"og:type\" content=\"article\" \/>\n<meta property=\"og:title\" content=\"the power of now in der Anwendung - Consciousness Solutions\" \/>\n<meta property=\"og:description\" content=\"Anhand von Meditation und ConSol Bewusstseinstechnologie ist es m\u00f6glich, zum ersten Mal aktiv das Bewusstsein der Pr\u00e4senz, des Jetzt zu erreichen.\" \/>\n<meta property=\"og:url\" content=\"https:\/\/consol.earth\/index.php\/the-power-of-now-in-der-anwendung\/\" \/>\n<meta property=\"og:site_name\" content=\"Consciousness Solutions\" \/>\n<meta name=\"twitter:card\" content=\"summary_large_image\" \/>\n<meta name=\"twitter:label1\" content=\"Gesch\u00e4tzte Lesezeit\" \/>\n\t<meta name=\"twitter:data1\" content=\"3\u00a0Minuten\" \/>\n<script type=\"application\/ld+json\" class=\"yoast-schema-graph\">{\"@context\":\"https:\/\/schema.org\",\"@graph\":[{\"@type\":\"WebPage\",\"@id\":\"https:\/\/consol.earth\/index.php\/the-power-of-now-in-der-anwendung\/\",\"url\":\"https:\/\/consol.earth\/index.php\/the-power-of-now-in-der-anwendung\/\",\"name\":\"the power of now in der Anwendung - Consciousness Solutions\",\"isPartOf\":{\"@id\":\"https:\/\/consol.earth\/#website\"},\"datePublished\":\"2022-01-06T16:22:00+00:00\",\"dateModified\":\"2022-01-06T16:22:00+00:00\",\"description\":\"Anhand von Meditation und ConSol Bewusstseinstechnologie ist es m\u00f6glich, zum ersten Mal aktiv das Bewusstsein der Pr\u00e4senz, des Jetzt zu erreichen.\",\"breadcrumb\":{\"@id\":\"https:\/\/consol.earth\/index.php\/the-power-of-now-in-der-anwendung\/#breadcrumb\"},\"inLanguage\":\"de\",\"potentialAction\":[{\"@type\":\"ReadAction\",\"target\":[\"https:\/\/consol.earth\/index.php\/the-power-of-now-in-der-anwendung\/\"]}]},{\"@type\":\"BreadcrumbList\",\"@id\":\"https:\/\/consol.earth\/index.php\/the-power-of-now-in-der-anwendung\/#breadcrumb\",\"itemListElement\":[{\"@type\":\"ListItem\",\"position\":1,\"name\":\"Startseite\",\"item\":\"https:\/\/consol.earth\/\"},{\"@type\":\"ListItem\",\"position\":2,\"name\":\"the power of now in der Anwendung\"}]},{\"@type\":\"WebSite\",\"@id\":\"https:\/\/consol.earth\/#website\",\"url\":\"https:\/\/consol.earth\/\",\"name\":\"Consciousness Solutions\",\"description\":\"Bewusstsein ist die Wachheit, die das Licht ist, die das Innere beleuchtet.\",\"publisher\":{\"@id\":\"https:\/\/consol.earth\/#organization\"},\"potentialAction\":[{\"@type\":\"SearchAction\",\"target\":{\"@type\":\"EntryPoint\",\"urlTemplate\":\"https:\/\/consol.earth\/?s={search_term_string}\"},\"query-input\":\"required name=search_term_string\"}],\"inLanguage\":\"de\"},{\"@type\":\"Organization\",\"@id\":\"https:\/\/consol.earth\/#organization\",\"name\":\"Consciousness Solutions\",\"url\":\"https:\/\/consol.earth\/\",\"logo\":{\"@type\":\"ImageObject\",\"inLanguage\":\"de\",\"@id\":\"https:\/\/consol.earth\/#\/schema\/logo\/image\/\",\"url\":\"https:\/\/i0.wp.com\/consol.earth\/wp-content\/uploads\/2021\/10\/ConSol_Logo_Rings_No_Black_Lines.png?fit=801%2C368&ssl=1\",\"contentUrl\":\"https:\/\/i0.wp.com\/consol.earth\/wp-content\/uploads\/2021\/10\/ConSol_Logo_Rings_No_Black_Lines.png?fit=801%2C368&ssl=1\",\"width\":801,\"height\":368,\"caption\":\"Consciousness Solutions\"},\"image\":{\"@id\":\"https:\/\/consol.earth\/#\/schema\/logo\/image\/\"}}]}<\/script>\n<!-- \/ Yoast SEO plugin. -->","yoast_head_json":{"title":"the power of now in der Anwendung - Consciousness Solutions","description":"Anhand von Meditation und ConSol Bewusstseinstechnologie ist es m\u00f6glich, zum ersten Mal aktiv das Bewusstsein der Pr\u00e4senz, des Jetzt zu erreichen.","robots":{"index":"index","follow":"follow","max-snippet":"max-snippet:-1","max-image-preview":"max-image-preview:large","max-video-preview":"max-video-preview:-1"},"canonical":"https:\/\/consol.earth\/index.php\/the-power-of-now-in-der-anwendung\/","og_locale":"de_DE","og_type":"article","og_title":"the power of now in der Anwendung - Consciousness Solutions","og_description":"Anhand von Meditation und ConSol Bewusstseinstechnologie ist es m\u00f6glich, zum ersten Mal aktiv das Bewusstsein der Pr\u00e4senz, des Jetzt zu erreichen.","og_url":"https:\/\/consol.earth\/index.php\/the-power-of-now-in-der-anwendung\/","og_site_name":"Consciousness Solutions","twitter_card":"summary_large_image","twitter_misc":{"Gesch\u00e4tzte Lesezeit":"3\u00a0Minuten"},"schema":{"@context":"https:\/\/schema.org","@graph":[{"@type":"WebPage","@id":"https:\/\/consol.earth\/index.php\/the-power-of-now-in-der-anwendung\/","url":"https:\/\/consol.earth\/index.php\/the-power-of-now-in-der-anwendung\/","name":"the power of now in der Anwendung - Consciousness Solutions","isPartOf":{"@id":"https:\/\/consol.earth\/#website"},"datePublished":"2022-01-06T16:22:00+00:00","dateModified":"2022-01-06T16:22:00+00:00","description":"Anhand von Meditation und ConSol Bewusstseinstechnologie ist es m\u00f6glich, zum ersten Mal aktiv das Bewusstsein der Pr\u00e4senz, des Jetzt zu erreichen.","breadcrumb":{"@id":"https:\/\/consol.earth\/index.php\/the-power-of-now-in-der-anwendung\/#breadcrumb"},"inLanguage":"de","potentialAction":[{"@type":"ReadAction","target":["https:\/\/consol.earth\/index.php\/the-power-of-now-in-der-anwendung\/"]}]},{"@type":"BreadcrumbList","@id":"https:\/\/consol.earth\/index.php\/the-power-of-now-in-der-anwendung\/#breadcrumb","itemListElement":[{"@type":"ListItem","position":1,"name":"Startseite","item":"https:\/\/consol.earth\/"},{"@type":"ListItem","position":2,"name":"the power of now in der Anwendung"}]},{"@type":"WebSite","@id":"https:\/\/consol.earth\/#website","url":"https:\/\/consol.earth\/","name":"Consciousness Solutions","description":"Bewusstsein ist die Wachheit, die das Licht ist, die das Innere beleuchtet.","publisher":{"@id":"https:\/\/consol.earth\/#organization"},"potentialAction":[{"@type":"SearchAction","target":{"@type":"EntryPoint","urlTemplate":"https:\/\/consol.earth\/?s={search_term_string}"},"query-input":"required name=search_term_string"}],"inLanguage":"de"},{"@type":"Organization","@id":"https:\/\/consol.earth\/#organization","name":"Consciousness Solutions","url":"https:\/\/consol.earth\/","logo":{"@type":"ImageObject","inLanguage":"de","@id":"https:\/\/consol.earth\/#\/schema\/logo\/image\/","url":"https:\/\/i0.wp.com\/consol.earth\/wp-content\/uploads\/2021\/10\/ConSol_Logo_Rings_No_Black_Lines.png?fit=801%2C368&ssl=1","contentUrl":"https:\/\/i0.wp.com\/consol.earth\/wp-content\/uploads\/2021\/10\/ConSol_Logo_Rings_No_Black_Lines.png?fit=801%2C368&ssl=1","width":801,"height":368,"caption":"Consciousness Solutions"},"image":{"@id":"https:\/\/consol.earth\/#\/schema\/logo\/image\/"}}]}},"jetpack_sharing_enabled":false,"jetpack_likes_enabled":false,"_links":{"self":[{"href":"https:\/\/consol.earth\/index.php\/wp-json\/wp\/v2\/pages\/6568"}],"collection":[{"href":"https:\/\/consol.earth\/index.php\/wp-json\/wp\/v2\/pages"}],"about":[{"href":"https:\/\/consol.earth\/index.php\/wp-json\/wp\/v2\/types\/page"}],"author":[{"embeddable":true,"href":"https:\/\/consol.earth\/index.php\/wp-json\/wp\/v2\/users\/2"}],"replies":[{"embeddable":true,"href":"https:\/\/consol.earth\/index.php\/wp-json\/wp\/v2\/comments?post=6568"}],"version-history":[{"count":2,"href":"https:\/\/consol.earth\/index.php\/wp-json\/wp\/v2\/pages\/6568\/revisions"}],"predecessor-version":[{"id":6570,"href":"https:\/\/consol.earth\/index.php\/wp-json\/wp\/v2\/pages\/6568\/revisions\/6570"}],"wp:attachment":[{"href":"https:\/\/consol.earth\/index.php\/wp-json\/wp\/v2\/media?parent=6568"}],"curies":[{"name":"wp","href":"https:\/\/api.w.org\/{rel}","templated":true}]}}