{"id":7084,"date":"2022-07-05T13:17:18","date_gmt":"2022-07-05T13:17:18","guid":{"rendered":"https:\/\/consol.earth\/?page_id=7084"},"modified":"2022-07-13T15:54:59","modified_gmt":"2022-07-13T15:54:59","slug":"bewusstsein_ue","status":"publish","type":"page","link":"https:\/\/consol.earth\/index.php\/bewusstsein_ue\/","title":{"rendered":"Bewusstsein \u00dcbersicht"},"content":{"rendered":"<div id=\"pl-7084\"  class=\"panel-layout\" ><div id=\"pg-7084-0\"  class=\"panel-grid panel-no-style\" ><div id=\"pgc-7084-0-0\"  class=\"panel-grid-cell\" ><div id=\"panel-7084-0-0-0\" class=\"so-panel widget widget_spacer panel-first-child panel-last-child\" data-index=\"0\" ><div\n\t\t\t\n\t\t\tclass=\"so-widget-spacer so-widget-spacer-spacer-style-d75171398898-7084\"\n\t\t\t\n\t\t>\r\n\r\n\r\n\r\n\r\n<div class=\"spacer\" style=\"height: 80px\">\r\n<\/div><\/div><\/div><\/div><\/div><div id=\"pg-7084-1\"  class=\"panel-grid panel-no-style\" ><div id=\"pgc-7084-1-0\"  class=\"panel-grid-cell\" ><div id=\"panel-7084-1-0-0\" class=\"so-panel widget widget_sow-icon panel-first-child\" data-index=\"1\" ><div class=\"panel-widget-style panel-widget-style-for-7084-1-0-0\" ><div\n\t\t\t\n\t\t\tclass=\"so-widget-sow-icon so-widget-sow-icon-default-8460aa7b2093-7084\"\n\t\t\t\n\t\t>\n<div class=\"sow-icon-container sow-icon\">\n\t\t\t<span class=\"sow-icon-fontawesome sow-fas\" data-sow-icon=\"&#xf111;\"\n\t\t \n\t\taria-hidden=\"true\"><\/span>\t<\/div>\n<\/div><\/div><\/div><div id=\"panel-7084-1-0-1\" class=\"so-panel widget widget_sow-headline panel-last-child\" data-index=\"2\" ><div class=\"panel-widget-style panel-widget-style-for-7084-1-0-1\" ><div\n\t\t\t\n\t\t\tclass=\"so-widget-sow-headline so-widget-sow-headline-default-3d1f21d1b966-7084\"\n\t\t\t\n\t\t><div class=\"sow-headline-container \">\n\t<h1 class='sow-headline'>Jedes neue Selbstverst\u00e4ndnis und jede neue F\u00e4higkeit <br \/> geht einher, mit einer neuen Selbstwahrnehmung.<\/h1>\t\t\t\t\t<div class=\"decoration\">\n\t\t\t\t\t\t<div class=\"decoration-inside\"><\/div>\n\t\t\t\t\t<\/div>\n\t\t\t\t\t<h2 class='sow-sub-headline'>Erweitert sich der Horizont, ist dies immer begleitet von einem neuen Bewusstsein: <br \/> f\u00fcr sich Selbst, die innere und \u00e4ussere Welt und die M\u00f6glichkeiten des eigenen Potentials.<\/h2><\/div><\/div><\/div><\/div><\/div><\/div><div id=\"pg-7084-2\"  class=\"panel-grid panel-has-style\" ><div class=\"panel-row-style panel-row-style-for-7084-2\" ><div id=\"pgc-7084-2-0\"  class=\"panel-grid-cell\" ><div id=\"panel-7084-2-0-0\" class=\"so-panel widget widget_sow-editor panel-first-child panel-last-child\" data-index=\"3\" ><div class=\"panel-widget-style panel-widget-style-for-7084-2-0-0\" ><div\n\t\t\t\n\t\t\tclass=\"so-widget-sow-editor so-widget-sow-editor-base\"\n\t\t\t\n\t\t>\n<div class=\"siteorigin-widget-tinymce textwidget\">\n\t<p>Der Durchbruch zu einer breiteren und klareren Wahrnehmung resultiert immer in h\u00f6herem Bewusstsein.<\/p>\n<p><em>ConSol<\/em> Bewusstseinsl\u00f6sungen erm\u00f6glichen es, das Bewusstsein mit Meditation und Selbstumgangstechniken so zu f\u00fchren, dass die Grundlage f\u00fcr die gew\u00fcnschten Entwicklungen entsteht.<\/p>\n<p>Der Durchbruch zu gr\u00f6sserem, realisierbaren Potential und harmonischem Dasein wird im Fundament unterst\u00fctzt.<\/p>\n<\/div>\n<\/div><\/div><\/div><\/div><\/div><\/div><div id=\"pg-7084-3\"  class=\"panel-grid panel-has-style\" ><div class=\"panel-row-style panel-row-style-for-7084-3\" ><div id=\"pgc-7084-3-0\"  class=\"panel-grid-cell\" ><div id=\"panel-7084-3-0-0\" class=\"so-panel widget widget_spacer panel-first-child panel-last-child\" data-index=\"4\" ><div\n\t\t\t\n\t\t\tclass=\"so-widget-spacer so-widget-spacer-spacer-style-d75171398898-7084\"\n\t\t\t\n\t\t>\r\n\r\n\r\n\r\n\r\n<div class=\"spacer\" style=\"height: 264px\">\r\n<\/div><\/div><\/div><\/div><\/div><\/div><div id=\"pg-7084-4\"  class=\"panel-grid panel-has-style\" ><div class=\"panel-row-style panel-row-style-for-7084-4\" ><div id=\"pgc-7084-4-0\"  class=\"panel-grid-cell\" ><div id=\"panel-7084-4-0-0\" class=\"so-panel widget widget_sow-editor panel-first-child\" data-index=\"5\" ><div class=\"panel-widget-style panel-widget-style-for-7084-4-0-0\" ><div\n\t\t\t\n\t\t\tclass=\"so-widget-sow-editor so-widget-sow-editor-base\"\n\t\t\t\n\t\t>\n<div class=\"siteorigin-widget-tinymce textwidget\">\n\t<h2>Eine <strong>Bewusstseinsl\u00f6sun<\/strong>g wirkt wie Wasser, Luft und Licht<br \/>\nf\u00fcr den Samen, der schon in dir liegt.<\/h2>\n<p>Eine Bewusstseinsl\u00f6sung enth\u00e4lt die transformativen Faktoren, die gewohnter Weise durch tiefe Selbstreflektion, wachen Selbstumgang, weise Suche und ein harmonisches Umfeld die Kraft zur Entwicklung in unserem Leben b\u00fcndeln.<\/p>\n<p>Das Anwenden und Vertiefen der Bewusstseinsl\u00f6sungen bringt in jedem das Gef\u00fchl der kompletten Selbstbewirkungsf\u00e4higkeit hervor.<\/p>\n<p>Man erkennt f\u00fcr sich, dass man sich aus dem Inneren heraus entwickeln kann und erf\u00e4hrt, dass die Verbindung aus Bewusstsein und dem, was im Inneren alles seit immer vorhanden ist, zur Erweckung des ganzen Potentials geeignet ist.<\/p>\n<p>Damit f\u00f6rdern ConSol Bewusstseinsl\u00f6sungen das Selbstverst\u00e4ndnis hin zur Erkenntnis von sich Selbst als nat\u00fcrlich ganzheitliches Wesen.<\/p>\n<\/div>\n<\/div><\/div><\/div><div id=\"panel-7084-4-0-1\" class=\"so-panel widget widget_sow-button panel-last-child\" data-index=\"6\" ><div class=\"panel-widget-style panel-widget-style-for-7084-4-0-1\" ><div\n\t\t\t\n\t\t\tclass=\"so-widget-sow-button so-widget-sow-button-wire-155f714ad473-7084\"\n\t\t\t\n\t\t><div class=\"ow-button-base ow-button-align-center\">\n\t<a href=\"https:\/\/consol.earth\/index.php\/bewusstsein-allgemeines\/\" class=\"ow-icon-placement-left ow-button-hover\" \t\t>\n\t\t<span>\n\t\t\t\n\t\t\tMehr zum Bewusstsein\t\t<\/span>\n\t<\/a>\n<\/div>\n<\/div><\/div><\/div><\/div><\/div><\/div><div id=\"pg-7084-5\"  class=\"panel-grid panel-has-style\" ><div class=\"panel-row-style panel-row-style-for-7084-5\" ><div id=\"pgc-7084-5-0\"  class=\"panel-grid-cell\" ><div id=\"panel-7084-5-0-0\" class=\"so-panel widget widget_spacer panel-first-child panel-last-child\" data-index=\"7\" ><div class=\"panel-widget-style panel-widget-style-for-7084-5-0-0\" ><div\n\t\t\t\n\t\t\tclass=\"so-widget-spacer so-widget-spacer-spacer-style-d75171398898-7084\"\n\t\t\t\n\t\t>\r\n\r\n\r\n\r\n\r\n<div class=\"spacer\" style=\"height: 316px\">\r\n<\/div><\/div><\/div><\/div><\/div><\/div><\/div><div id=\"pg-7084-6\"  class=\"panel-grid panel-has-style\" ><div class=\"panel-row-style panel-row-style-for-7084-6\" ><div id=\"pgc-7084-6-0\"  class=\"panel-grid-cell\" ><div id=\"panel-7084-6-0-0\" class=\"so-panel widget widget_sow-editor panel-first-child panel-last-child\" data-index=\"8\" ><div class=\"panel-widget-style panel-widget-style-for-7084-6-0-0\" ><div\n\t\t\t\n\t\t\tclass=\"so-widget-sow-editor so-widget-sow-editor-base\"\n\t\t\t\n\t\t>\n<div class=\"siteorigin-widget-tinymce textwidget\">\n\t<h2><strong>Bewusstseinsl\u00f6sungen \u2013 Eine ganzheitliche Technologie<\/strong><\/h2>\n<p>In jeder Bewusstseinsl\u00f6sung werden Verst\u00e4ndnisse \u00fcber den Menschen aus der Philosophie, der Psychologie, der Neurologie und der Spiritualit\u00e4t zusammengebracht, mit der Erforschung des reinen Bewusstseins.<\/p>\n<p>Die daraus resultierenden Meditationstechniken und Selbsttransformationsmethoden widerspiegeln die Zusammenh\u00e4nge des menschlichen Systems mit dem Bewusstsein.<\/p>\n<p>Dabei l\u00e4sst sich eine Umwandlung des <em>Ich-Zustands <\/em>einhergehend mit der Erkennung der Wirkungen des Bewusstseins auf das Leben im individuellen Bewusstsein erwirken.<\/p>\n<p>Man erlangt also nicht nur einen Schl\u00fcssel zur gezielten Selbsttransformation, sondern auch einen direkten Blick auf die Funktion dieses Schl\u00fcssels.<\/p>\n<p>Dadurch erreicht der Mensch sein gew\u00fcnschtes Ziel, sowie auch ein \u00fcbergeordnetes Verst\u00e4ndnis zu sich. Diese Erkenntnisse laden ein und er\u00f6ffnen den Weg, sich selbst als ein ganzheitliches, intrinsisch nat\u00fcrlich bef\u00e4higtes Wesen zu realisieren.<\/p>\n<p><em>\u00dcber welches Thema willst du dich selbst mehr realisieren? Alles was du dir w\u00fcnscht zu transformieren, bietet dir einen Weg, dich vollst\u00e4ndig zu erkennen.<\/em><\/p>\n<\/div>\n<\/div><\/div><\/div><\/div><\/div><\/div><div id=\"pg-7084-7\"  class=\"panel-grid panel-has-style\" ><div class=\"panel-row-style panel-row-style-for-7084-7\" ><div id=\"pgc-7084-7-0\"  class=\"panel-grid-cell\" ><div id=\"panel-7084-7-0-0\" class=\"so-panel widget widget_spacer panel-first-child panel-last-child\" data-index=\"9\" ><div class=\"panel-widget-style panel-widget-style-for-7084-7-0-0\" ><div\n\t\t\t\n\t\t\tclass=\"so-widget-spacer so-widget-spacer-spacer-style-d75171398898-7084\"\n\t\t\t\n\t\t>\r\n\r\n\r\n\r\n\r\n<div class=\"spacer\" style=\"height: 316px\">\r\n<\/div><\/div><\/div><\/div><\/div><\/div><\/div><div id=\"pg-7084-8\"  class=\"panel-grid panel-has-style\" ><div class=\"panel-row-style panel-row-style-for-7084-8\" ><div id=\"pgc-7084-8-0\"  class=\"panel-grid-cell\" ><div id=\"panel-7084-8-0-0\" class=\"so-panel widget widget_sow-editor panel-first-child\" data-index=\"10\" ><div class=\"panel-widget-style panel-widget-style-for-7084-8-0-0\" ><div\n\t\t\t\n\t\t\tclass=\"so-widget-sow-editor so-widget-sow-editor-base\"\n\t\t\t\n\t\t>\n<div class=\"siteorigin-widget-tinymce textwidget\">\n\t<h2><strong>Bewusstseinssprung<\/strong><\/h2>\n<p>Erweitert und kl\u00e4rt sich das eigene Bewusstsein zu einem grossen Thema des Existierens weit genug, so kommt es zu einem durchdringenden Erlebnis von Einsicht und komplettem Verst\u00e4ndnis. Das Licht des eigenen Bewusstseins deckt dann eine ganze Insel oder Dimension des eigenen Seins auf einmal auf.<\/p>\n<p><em>Daraufhin durchdringt das eigene Bewusstsein alle M\u00f6glichkeiten dieser Dimension und wird wunderbar harmonisch und resoniert in sich erweckend \u2013 das ist ein Bewusstseinssprung.<\/em><\/p>\n<p>Ein Bewusstseinssprung kann erreicht werden, durch die Verbindung aus mehreren fundamentalen Bewusstseinsl\u00f6sungen. Einzeln wirken sie simpel, in Verbindung gebracht entfachen sie eine zutiefst erweckende Bewusstseinstransformation.<\/p>\n<p>Das Gesp\u00fcr, welches man von jeder Bewusstseinsentwicklung bekommt, dass einen in die Tiefe und das weite Feld von sich Selbst zieht, leitet einen zu einem Bewusstseinssprung. Erf\u00e4hrt man diese eing\u00e4ngig so ver\u00e4ndert sich das Bewusstsein innerlich zu einer kleinen Erleuchtung.<\/p>\n<p><em>ConSol<\/em> bietet aktuell Bewusstseinssprungprogramme zu vier essentiellen Themen an: Wachheit, Verbindung, Wahrheit und Leben<\/p>\n<p>Vernimmst du den Ruf, dich zu diesen Feldern, die in deinem Inneren liegen oder du vielleicht schon selber aufzudecken begonnen hast, zu begeben und sie ganz ins Licht zu bringen?<\/p>\n<p><a href=\"http:\/\/kontakt\">Melde dich f\u00fcr eine Vorbesprechung.<\/a><\/p>\n<\/div>\n<\/div><\/div><\/div><div id=\"panel-7084-8-0-1\" class=\"so-panel widget widget_sow-button panel-last-child\" data-index=\"11\" ><div class=\"panel-widget-style panel-widget-style-for-7084-8-0-1\" ><div\n\t\t\t\n\t\t\tclass=\"so-widget-sow-button so-widget-sow-button-wire-155f714ad473-7084\"\n\t\t\t\n\t\t><div class=\"ow-button-base ow-button-align-center\">\n\t<a href=\"https:\/\/consol.earth\/index.php\/solutions-bewusstsein\/\" class=\"ow-icon-placement-left ow-button-hover\" \t\t>\n\t\t<span>\n\t\t\t\n\t\t\tBewusstseinssprung Themen\t\t<\/span>\n\t<\/a>\n<\/div>\n<\/div><\/div><\/div><\/div><\/div><\/div><div id=\"pg-7084-9\"  class=\"panel-grid panel-has-style\" ><div class=\"panel-row-style panel-row-style-for-7084-9\" ><div id=\"pgc-7084-9-0\"  class=\"panel-grid-cell\" ><div id=\"panel-7084-9-0-0\" class=\"so-panel widget widget_spacer panel-first-child panel-last-child\" data-index=\"12\" ><div class=\"panel-widget-style panel-widget-style-for-7084-9-0-0\" ><div\n\t\t\t\n\t\t\tclass=\"so-widget-spacer so-widget-spacer-spacer-style-d75171398898-7084\"\n\t\t\t\n\t\t>\r\n\r\n\r\n\r\n\r\n<div class=\"spacer\" style=\"height: 316px\">\r\n<\/div><\/div><\/div><\/div><\/div><\/div><\/div><div id=\"pg-7084-10\"  class=\"panel-grid panel-has-style\" ><div class=\"panel-row-style panel-row-style-for-7084-10\" ><div id=\"pgc-7084-10-0\"  class=\"panel-grid-cell\" ><div id=\"panel-7084-10-0-0\" class=\"so-panel widget widget_sow-editor panel-first-child\" data-index=\"13\" ><div class=\"panel-widget-style panel-widget-style-for-7084-10-0-0\" ><div\n\t\t\t\n\t\t\tclass=\"so-widget-sow-editor so-widget-sow-editor-base\"\n\t\t\t\n\t\t>\n<div class=\"siteorigin-widget-tinymce textwidget\">\n\t<h2>Community<\/h2>\n<p>Wer bewusst wird, ist sich <em>Eins<\/em> klar: <em>Ich bin wach. Wach. Wach.<\/em><\/p>\n<p><em>Alle tragen in sich ein Licht. Das Licht der Wachheit, das mit der Erweckung des Bewusstseins zu strahlen beginnt. Wer sein eigenes Licht zu sehen bekommt, sieht auch das Licht in den anderen.<\/em><\/p>\n<p>Manche Menschen sind auf diesem Weg des Wach-Werdens weiter als andere. Wird man immer bewusster, so kann man sich so f\u00fchlen, dass die Menschen um einem rum schlafen oder unbewusst sind. Sie sind auch auf ihrem Weg, das wollen wir nicht verneinen, denn wir wollen sie mit Mitgef\u00fchl unterst\u00fctzen, sich selbst zu erfahren.<\/p>\n<p>F\u00fcr uns ist klar, niemand der wach wird, soll sich deswegen alleine f\u00fchlen.<\/p>\n<p>Kommen helle Lichter n\u00e4mlich zusammen, gibt es ein Leuchtfeuer. Grosse Freude, ehrliche Zuneigung und selbstverst\u00e4ndliche, liebevolle Annahme sind die nat\u00fcrlichen Geschenke unter wachen Wesen.<\/p>\n<p>Wir sind sowieso alle verbunden und das Erwachen l\u00e4sst uns wache Menschen suchen, um zusammen in Einheit zu sein. Dazu haben wir eine Community erschaffen, in der wir uns treffen zum austauschen, sein, freuen, verbinden, feiern und meditieren.<\/p>\n<p>Du bist willkommen. &lt;3<\/p>\n<\/div>\n<\/div><\/div><\/div><div id=\"panel-7084-10-0-1\" class=\"so-panel widget widget_sow-button panel-last-child\" data-index=\"14\" ><div class=\"panel-widget-style panel-widget-style-for-7084-10-0-1\" ><div\n\t\t\t\n\t\t\tclass=\"so-widget-sow-button so-widget-sow-button-wire-155f714ad473-7084\"\n\t\t\t\n\t\t><div class=\"ow-button-base ow-button-align-center\">\n\t<a href=\"https:\/\/consol.earth\/index.php\/community\/\" class=\"ow-icon-placement-left ow-button-hover\" \t\t>\n\t\t<span>\n\t\t\t\n\t\t\tErfahre mehr\t\t<\/span>\n\t<\/a>\n<\/div>\n<\/div><\/div><\/div><\/div><\/div><\/div><div id=\"pg-7084-11\"  class=\"panel-grid panel-no-style\" ><div id=\"pgc-7084-11-0\"  class=\"panel-grid-cell\" ><div id=\"panel-7084-11-0-0\" class=\"so-panel widget widget_sow-image panel-first-child panel-last-child\" data-index=\"15\" ><div class=\"panel-widget-style panel-widget-style-for-7084-11-0-0\" ><div\n\t\t\t\n\t\t\tclass=\"so-widget-sow-image so-widget-sow-image-default-d6014b76747a-7084\"\n\t\t\t\n\t\t>\n\n<div class=\"sow-image-container\">\n\t\t<img src=\"https:\/\/i0.wp.com\/consol.earth\/wp-content\/uploads\/2022\/01\/ConSol_Logo_Rings_clear-e1642431901777.png?fit=1500%2C676&amp;ssl=1\" width=\"1500\" height=\"676\" title=\"ConSol_Logo_Rings_clear\" alt=\"\" loading=\"lazy\" \t\tclass=\"so-widget-image\"\/>\n\t<\/div>\n\n<\/div><\/div><\/div><\/div><\/div><\/div>","protected":false},"excerpt":{"rendered":"<p>Jedes neue Selbstverst\u00e4ndnis und jede neue F\u00e4higkeit geht einher, mit einer neuen Selbstwahrnehmung. Erweitert sich der Horizont, ist dies immer begleitet von einem neuen Bewusstsein: f\u00fcr sich Selbst, die innere und \u00e4ussere Welt und die M\u00f6glichkeiten des eigenen Potentials. Der Durchbruch zu einer breiteren und klareren Wahrnehmung resultiert immer in h\u00f6herem Bewusstsein. ConSol Bewusstseinsl\u00f6sungen erm\u00f6glichen [&hellip;]<\/p>\n","protected":false},"author":2,"featured_media":0,"parent":0,"menu_order":0,"comment_status":"closed","ping_status":"closed","template":"","meta":{"_monsterinsights_skip_tracking":false,"_monsterinsights_sitenote_active":false,"_monsterinsights_sitenote_note":"","_monsterinsights_sitenote_category":0,"jetpack_post_was_ever_published":false},"yoast_head":"<!-- This site is optimized with the Yoast SEO plugin v20.3 - https:\/\/yoast.com\/wordpress\/plugins\/seo\/ -->\n<title>Bewusstsein \u00dcbersicht - Consciousness Solutions<\/title>\n<meta name=\"robots\" content=\"index, follow, max-snippet:-1, max-image-preview:large, max-video-preview:-1\" \/>\n<link rel=\"canonical\" href=\"https:\/\/consol.earth\/index.php\/bewusstsein_ue\/\" \/>\n<meta property=\"og:locale\" content=\"de_DE\" \/>\n<meta property=\"og:type\" content=\"article\" \/>\n<meta property=\"og:title\" content=\"Bewusstsein \u00dcbersicht - Consciousness Solutions\" \/>\n<meta property=\"og:description\" content=\"Jedes neue Selbstverst\u00e4ndnis und jede neue F\u00e4higkeit geht einher, mit einer neuen Selbstwahrnehmung. Erweitert sich der Horizont, ist dies immer begleitet von einem neuen Bewusstsein: f\u00fcr sich Selbst, die innere und \u00e4ussere Welt und die M\u00f6glichkeiten des eigenen Potentials. Der Durchbruch zu einer breiteren und klareren Wahrnehmung resultiert immer in h\u00f6herem Bewusstsein. ConSol Bewusstseinsl\u00f6sungen erm\u00f6glichen [&hellip;]\" \/>\n<meta property=\"og:url\" content=\"https:\/\/consol.earth\/index.php\/bewusstsein_ue\/\" \/>\n<meta property=\"og:site_name\" content=\"Consciousness Solutions\" \/>\n<meta property=\"article:modified_time\" content=\"2022-07-13T15:54:59+00:00\" \/>\n<meta name=\"twitter:card\" content=\"summary_large_image\" \/>\n<meta name=\"twitter:label1\" content=\"Gesch\u00e4tzte Lesezeit\" \/>\n\t<meta name=\"twitter:data1\" content=\"4\u00a0Minuten\" \/>\n<script type=\"application\/ld+json\" class=\"yoast-schema-graph\">{\"@context\":\"https:\/\/schema.org\",\"@graph\":[{\"@type\":\"WebPage\",\"@id\":\"https:\/\/consol.earth\/index.php\/bewusstsein_ue\/\",\"url\":\"https:\/\/consol.earth\/index.php\/bewusstsein_ue\/\",\"name\":\"Bewusstsein \u00dcbersicht - Consciousness Solutions\",\"isPartOf\":{\"@id\":\"https:\/\/consol.earth\/#website\"},\"datePublished\":\"2022-07-05T13:17:18+00:00\",\"dateModified\":\"2022-07-13T15:54:59+00:00\",\"breadcrumb\":{\"@id\":\"https:\/\/consol.earth\/index.php\/bewusstsein_ue\/#breadcrumb\"},\"inLanguage\":\"de\",\"potentialAction\":[{\"@type\":\"ReadAction\",\"target\":[\"https:\/\/consol.earth\/index.php\/bewusstsein_ue\/\"]}]},{\"@type\":\"BreadcrumbList\",\"@id\":\"https:\/\/consol.earth\/index.php\/bewusstsein_ue\/#breadcrumb\",\"itemListElement\":[{\"@type\":\"ListItem\",\"position\":1,\"name\":\"Startseite\",\"item\":\"https:\/\/consol.earth\/\"},{\"@type\":\"ListItem\",\"position\":2,\"name\":\"Bewusstsein \u00dcbersicht\"}]},{\"@type\":\"WebSite\",\"@id\":\"https:\/\/consol.earth\/#website\",\"url\":\"https:\/\/consol.earth\/\",\"name\":\"Consciousness Solutions\",\"description\":\"Bewusstsein ist die Wachheit, die das Licht ist, die das Innere beleuchtet.\",\"publisher\":{\"@id\":\"https:\/\/consol.earth\/#organization\"},\"potentialAction\":[{\"@type\":\"SearchAction\",\"target\":{\"@type\":\"EntryPoint\",\"urlTemplate\":\"https:\/\/consol.earth\/?s={search_term_string}\"},\"query-input\":\"required name=search_term_string\"}],\"inLanguage\":\"de\"},{\"@type\":\"Organization\",\"@id\":\"https:\/\/consol.earth\/#organization\",\"name\":\"Consciousness Solutions\",\"url\":\"https:\/\/consol.earth\/\",\"logo\":{\"@type\":\"ImageObject\",\"inLanguage\":\"de\",\"@id\":\"https:\/\/consol.earth\/#\/schema\/logo\/image\/\",\"url\":\"https:\/\/i0.wp.com\/consol.earth\/wp-content\/uploads\/2021\/10\/ConSol_Logo_Rings_No_Black_Lines.png?fit=801%2C368&ssl=1\",\"contentUrl\":\"https:\/\/i0.wp.com\/consol.earth\/wp-content\/uploads\/2021\/10\/ConSol_Logo_Rings_No_Black_Lines.png?fit=801%2C368&ssl=1\",\"width\":801,\"height\":368,\"caption\":\"Consciousness Solutions\"},\"image\":{\"@id\":\"https:\/\/consol.earth\/#\/schema\/logo\/image\/\"}}]}<\/script>\n<!-- \/ Yoast SEO plugin. -->","yoast_head_json":{"title":"Bewusstsein \u00dcbersicht - Consciousness Solutions","robots":{"index":"index","follow":"follow","max-snippet":"max-snippet:-1","max-image-preview":"max-image-preview:large","max-video-preview":"max-video-preview:-1"},"canonical":"https:\/\/consol.earth\/index.php\/bewusstsein_ue\/","og_locale":"de_DE","og_type":"article","og_title":"Bewusstsein \u00dcbersicht - Consciousness Solutions","og_description":"Jedes neue Selbstverst\u00e4ndnis und jede neue F\u00e4higkeit geht einher, mit einer neuen Selbstwahrnehmung. Erweitert sich der Horizont, ist dies immer begleitet von einem neuen Bewusstsein: f\u00fcr sich Selbst, die innere und \u00e4ussere Welt und die M\u00f6glichkeiten des eigenen Potentials. Der Durchbruch zu einer breiteren und klareren Wahrnehmung resultiert immer in h\u00f6herem Bewusstsein. ConSol Bewusstseinsl\u00f6sungen erm\u00f6glichen [&hellip;]","og_url":"https:\/\/consol.earth\/index.php\/bewusstsein_ue\/","og_site_name":"Consciousness Solutions","article_modified_time":"2022-07-13T15:54:59+00:00","twitter_card":"summary_large_image","twitter_misc":{"Gesch\u00e4tzte Lesezeit":"4\u00a0Minuten"},"schema":{"@context":"https:\/\/schema.org","@graph":[{"@type":"WebPage","@id":"https:\/\/consol.earth\/index.php\/bewusstsein_ue\/","url":"https:\/\/consol.earth\/index.php\/bewusstsein_ue\/","name":"Bewusstsein \u00dcbersicht - Consciousness Solutions","isPartOf":{"@id":"https:\/\/consol.earth\/#website"},"datePublished":"2022-07-05T13:17:18+00:00","dateModified":"2022-07-13T15:54:59+00:00","breadcrumb":{"@id":"https:\/\/consol.earth\/index.php\/bewusstsein_ue\/#breadcrumb"},"inLanguage":"de","potentialAction":[{"@type":"ReadAction","target":["https:\/\/consol.earth\/index.php\/bewusstsein_ue\/"]}]},{"@type":"BreadcrumbList","@id":"https:\/\/consol.earth\/index.php\/bewusstsein_ue\/#breadcrumb","itemListElement":[{"@type":"ListItem","position":1,"name":"Startseite","item":"https:\/\/consol.earth\/"},{"@type":"ListItem","position":2,"name":"Bewusstsein \u00dcbersicht"}]},{"@type":"WebSite","@id":"https:\/\/consol.earth\/#website","url":"https:\/\/consol.earth\/","name":"Consciousness Solutions","description":"Bewusstsein ist die Wachheit, die das Licht ist, die das Innere beleuchtet.","publisher":{"@id":"https:\/\/consol.earth\/#organization"},"potentialAction":[{"@type":"SearchAction","target":{"@type":"EntryPoint","urlTemplate":"https:\/\/consol.earth\/?s={search_term_string}"},"query-input":"required name=search_term_string"}],"inLanguage":"de"},{"@type":"Organization","@id":"https:\/\/consol.earth\/#organization","name":"Consciousness Solutions","url":"https:\/\/consol.earth\/","logo":{"@type":"ImageObject","inLanguage":"de","@id":"https:\/\/consol.earth\/#\/schema\/logo\/image\/","url":"https:\/\/i0.wp.com\/consol.earth\/wp-content\/uploads\/2021\/10\/ConSol_Logo_Rings_No_Black_Lines.png?fit=801%2C368&ssl=1","contentUrl":"https:\/\/i0.wp.com\/consol.earth\/wp-content\/uploads\/2021\/10\/ConSol_Logo_Rings_No_Black_Lines.png?fit=801%2C368&ssl=1","width":801,"height":368,"caption":"Consciousness Solutions"},"image":{"@id":"https:\/\/consol.earth\/#\/schema\/logo\/image\/"}}]}},"jetpack_sharing_enabled":false,"jetpack_likes_enabled":false,"_links":{"self":[{"href":"https:\/\/consol.earth\/index.php\/wp-json\/wp\/v2\/pages\/7084"}],"collection":[{"href":"https:\/\/consol.earth\/index.php\/wp-json\/wp\/v2\/pages"}],"about":[{"href":"https:\/\/consol.earth\/index.php\/wp-json\/wp\/v2\/types\/page"}],"author":[{"embeddable":true,"href":"https:\/\/consol.earth\/index.php\/wp-json\/wp\/v2\/users\/2"}],"replies":[{"embeddable":true,"href":"https:\/\/consol.earth\/index.php\/wp-json\/wp\/v2\/comments?post=7084"}],"version-history":[{"count":26,"href":"https:\/\/consol.earth\/index.php\/wp-json\/wp\/v2\/pages\/7084\/revisions"}],"predecessor-version":[{"id":7153,"href":"https:\/\/consol.earth\/index.php\/wp-json\/wp\/v2\/pages\/7084\/revisions\/7153"}],"wp:attachment":[{"href":"https:\/\/consol.earth\/index.php\/wp-json\/wp\/v2\/media?parent=7084"}],"curies":[{"name":"wp","href":"https:\/\/api.w.org\/{rel}","templated":true}]}}